{"id":6867,"date":"2019-11-05T14:28:25","date_gmt":"2019-11-05T13:28:25","guid":{"rendered":"http:\/\/chastia.com\/?page_id=6867"},"modified":"2019-12-09T09:56:30","modified_gmt":"2019-12-09T08:56:30","slug":"conferences","status":"publish","type":"page","link":"https:\/\/www.chastia.com\/sk\/our-activities\/conferences\/","title":{"rendered":"Konferencie"},"content":{"rendered":"<p>[vc_row full_width=&#8221;stretch_row&#8221; equal_height=&#8221;yes&#8221; css=&#8221;.vc_custom_1572969511619{background-color: #ef7b0b !important;}&#8221;][vc_column][vc_column_text]<\/p>\n<h1 class=\"headline\">Konferencie<\/h1>\n<p><span style=\"color: #ffffff;\">Spolo\u010dnosti CHASTIA s.r.o. a TERMOKLIMA s.r.o. organizuj\u00fa pravideln\u00e9 dvojd\u0148ov\u00e9 odborn\u00e9 konferencie <strong>FM CAMP<\/strong> a <strong>Energy Camp<\/strong>.<\/span>[\/vc_column_text][\/vc_column][\/vc_row][vc_row][vc_column width=&#8221;1\/2&#8243;][vc_empty_space height=&#8221;50px&#8221;]<h1>FM CAMP<\/h1>[vc_column_text]Hlavnou t\u00e9mou konferencie <strong>FM Camp<\/strong> s\u00fa pr\u00edpadov\u00e9 \u0161t\u00fadie a nov\u00e9 trendy v oblasti Facility a Property managementu na Slovensku. Konferencia FM Camp patr\u00ed medzi najv\u00e4\u010d\u0161ie konferencie v r\u00e1mci \u010ceska a Slovenska, organizovan\u00e1 je v ka\u017edom p\u00e1rnom roku.[\/vc_column_text][vc_btn title=&#8221;Pozri viac&#8221; shape=&#8221;square&#8221; color=&#8221;warning&#8221; align=&#8221;right&#8221; link=&#8221;url:http%3A%2F%2Ffmcamp.sk%2F|||&#8221;][\/vc_column][vc_column width=&#8221;1\/2&#8243;][vc_empty_space height=&#8221;50px&#8221;][vc_single_image image=&#8221;4555&#8243; img_size=&#8221;large&#8221; alignment=&#8221;center&#8221;][\/vc_column][\/vc_row][vc_row full_width=&#8221;stretch_row&#8221; css=&#8221;.vc_custom_1572967283372{background-color: #f0f5f6 !important;}&#8221;][vc_column width=&#8221;1\/2&#8243;][vc_empty_space height=&#8221;50px&#8221;][vc_single_image image=&#8221;4601&#8243; img_size=&#8221;large&#8221; alignment=&#8221;center&#8221;][vc_empty_space height=&#8221;50px&#8221;][\/vc_column][vc_column width=&#8221;1\/2&#8243;][vc_empty_space height=&#8221;50px&#8221;]<h1>ENERGY CAMP<\/h1>[vc_empty_space height=&#8221;20px&#8221;][vc_column_text]Konferencia <strong>EnergyCamp<\/strong> je taktie\u017e dvojd\u0148ovou odbornou konferenciou, ktorej hlavnou t\u00e9mou s\u00fa prezent\u00e1cie nov\u00fdch, inovat\u00edvnych rie\u0161en\u00ed v oblasti energetiky. Konferencia EnergyCamp je organizovan\u00e1 v ka\u017edom nep\u00e1rnom roku.[\/vc_column_text][vc_btn title=&#8221;Pozri viac&#8221; shape=&#8221;square&#8221; color=&#8221;warning&#8221; align=&#8221;right&#8221; link=&#8221;url:http%3A%2F%2Fenergycamp.sk%2F|||&#8221;][\/vc_column][\/vc_row]<\/p>\n","protected":false},"excerpt":{"rendered":"<p>[vc_row full_width=&#8221;stretch_row&#8221; equal_height=&#8221;yes&#8221; css=&#8221;.vc_custom_1572969511619{background-color: #ef7b0b !important;}&#8221;][vc_column][vc_column_text] Konferencie Spolo\u010dnosti CHASTIA s.r.o. a TERMOKLIMA s.r.o. organizuj\u00fa pravideln\u00e9 dvojd\u0148ov\u00e9 odborn\u00e9 konferencie FM CAMP a Energy Camp.[\/vc_column_text][\/vc_column][\/vc_row][vc_row][vc_column width=&#8221;1\/2&#8243;][vc_empty_space height=&#8221;50px&#8221;][vc_column_text]Hlavnou t\u00e9mou konferencie FM Camp s\u00fa pr\u00edpadov\u00e9 \u0161t\u00fadie a nov\u00e9 trendy v oblasti Facility a Property managementu na Slovensku. Konferencia FM Camp patr\u00ed medzi najv\u00e4\u010d\u0161ie konferencie v r\u00e1mci \u010ceska a Slovenska, [&hellip;]<\/p>\n","protected":false},"author":1001011,"featured_media":0,"parent":6861,"menu_order":0,"comment_status":"closed","ping_status":"closed","template":"template-home.php","meta":{"footnotes":""},"yoast_head":"<!-- This site is optimized with the Yoast SEO plugin v22.8 - https:\/\/yoast.com\/wordpress\/plugins\/seo\/ -->\n<title>Konferencie - CHASTIA s.r.o.<\/title>\n<meta name=\"robots\" content=\"index, follow, max-snippet:-1, max-image-preview:large, max-video-preview:-1\" \/>\n<link rel=\"canonical\" href=\"https:\/\/www.chastia.com\/sk\/our-activities\/conferences\/\" \/>\n<meta property=\"og:locale\" content=\"sk_SK\" \/>\n<meta property=\"og:type\" content=\"article\" \/>\n<meta property=\"og:title\" content=\"Konferencie - CHASTIA s.r.o.\" \/>\n<meta property=\"og:description\" content=\"[vc_row full_width=&#8221;stretch_row&#8221; equal_height=&#8221;yes&#8221; css=&#8221;.vc_custom_1572969511619{background-color: #ef7b0b !important;}&#8221;][vc_column][vc_column_text] Konferencie Spolo\u010dnosti CHASTIA s.r.o. a TERMOKLIMA s.r.o. organizuj\u00fa pravideln\u00e9 dvojd\u0148ov\u00e9 odborn\u00e9 konferencie FM CAMP a Energy Camp.[\/vc_column_text][\/vc_column][\/vc_row][vc_row][vc_column width=&#8221;1\/2&#8243;][vc_empty_space height=&#8221;50px&#8221;][vc_column_text]Hlavnou t\u00e9mou konferencie FM Camp s\u00fa pr\u00edpadov\u00e9 \u0161t\u00fadie a nov\u00e9 trendy v oblasti Facility a Property managementu na Slovensku. Konferencia FM Camp patr\u00ed medzi najv\u00e4\u010d\u0161ie konferencie v r\u00e1mci \u010ceska a Slovenska, [&hellip;]\" \/>\n<meta property=\"og:url\" content=\"https:\/\/www.chastia.com\/sk\/our-activities\/conferences\/\" \/>\n<meta property=\"og:site_name\" content=\"CHASTIA s.r.o.\" \/>\n<meta property=\"article:publisher\" content=\"https:\/\/www.facebook.com\/chastia.cz\" \/>\n<meta property=\"article:modified_time\" content=\"2019-12-09T08:56:30+00:00\" \/>\n<meta property=\"og:image\" content=\"https:\/\/www.chastia.com\/wp-content\/uploads\/2024\/05\/chastia_V_T_logo.png\" \/>\n\t<meta property=\"og:image:width\" content=\"1240\" \/>\n\t<meta property=\"og:image:height\" content=\"827\" \/>\n\t<meta property=\"og:image:type\" content=\"image\/png\" \/>\n<meta name=\"twitter:card\" content=\"summary_large_image\" \/>\n<meta name=\"twitter:label1\" content=\"Predpokladan\u00fd \u010das \u010d\u00edtania\" \/>\n\t<meta name=\"twitter:data1\" content=\"1 min\u00fata\" \/>\n<script type=\"application\/ld+json\" class=\"yoast-schema-graph\">{\"@context\":\"https:\/\/schema.org\",\"@graph\":[{\"@type\":\"WebPage\",\"@id\":\"https:\/\/www.chastia.com\/sk\/our-activities\/conferences\/\",\"url\":\"https:\/\/www.chastia.com\/sk\/our-activities\/conferences\/\",\"name\":\"Konferencie - CHASTIA s.r.o.\",\"isPartOf\":{\"@id\":\"https:\/\/www.chastia.com\/sk\/#website\"},\"datePublished\":\"2019-11-05T13:28:25+00:00\",\"dateModified\":\"2019-12-09T08:56:30+00:00\",\"breadcrumb\":{\"@id\":\"https:\/\/www.chastia.com\/sk\/our-activities\/conferences\/#breadcrumb\"},\"inLanguage\":\"sk-SK\",\"potentialAction\":[{\"@type\":\"ReadAction\",\"target\":[\"https:\/\/www.chastia.com\/sk\/our-activities\/conferences\/\"]}]},{\"@type\":\"BreadcrumbList\",\"@id\":\"https:\/\/www.chastia.com\/sk\/our-activities\/conferences\/#breadcrumb\",\"itemListElement\":[{\"@type\":\"ListItem\",\"position\":1,\"name\":\"Home\",\"item\":\"https:\/\/www.chastia.com\/sk\/\"},{\"@type\":\"ListItem\",\"position\":2,\"name\":\"Aktivity\",\"item\":\"https:\/\/www.chastia.com\/sk\/activities\/\"},{\"@type\":\"ListItem\",\"position\":3,\"name\":\"Konferencie\"}]},{\"@type\":\"WebSite\",\"@id\":\"https:\/\/www.chastia.com\/sk\/#website\",\"url\":\"https:\/\/www.chastia.com\/sk\/\",\"name\":\"CHASTIA s.r.o.\",\"description\":\"\",\"publisher\":{\"@id\":\"https:\/\/www.chastia.com\/sk\/#organization\"},\"alternateName\":\"CHASTIA\",\"potentialAction\":[{\"@type\":\"SearchAction\",\"target\":{\"@type\":\"EntryPoint\",\"urlTemplate\":\"https:\/\/www.chastia.com\/sk\/?s={search_term_string}\"},\"query-input\":\"required name=search_term_string\"}],\"inLanguage\":\"sk-SK\"},{\"@type\":\"Organization\",\"@id\":\"https:\/\/www.chastia.com\/sk\/#organization\",\"name\":\"CHASTIA s.r.o.\",\"url\":\"https:\/\/www.chastia.com\/sk\/\",\"logo\":{\"@type\":\"ImageObject\",\"inLanguage\":\"sk-SK\",\"@id\":\"https:\/\/www.chastia.com\/sk\/#\/schema\/logo\/image\/\",\"url\":\"https:\/\/www.chastia.com\/wp-content\/uploads\/2024\/05\/chastia_V_T_logo.png\",\"contentUrl\":\"https:\/\/www.chastia.com\/wp-content\/uploads\/2024\/05\/chastia_V_T_logo.png\",\"width\":1240,\"height\":827,\"caption\":\"CHASTIA s.r.o.\"},\"image\":{\"@id\":\"https:\/\/www.chastia.com\/sk\/#\/schema\/logo\/image\/\"},\"sameAs\":[\"https:\/\/www.facebook.com\/chastia.cz\"]}]}<\/script>\n<!-- \/ Yoast SEO plugin. -->","yoast_head_json":{"title":"Konferencie - CHASTIA s.r.o.","robots":{"index":"index","follow":"follow","max-snippet":"max-snippet:-1","max-image-preview":"max-image-preview:large","max-video-preview":"max-video-preview:-1"},"canonical":"https:\/\/www.chastia.com\/sk\/our-activities\/conferences\/","og_locale":"sk_SK","og_type":"article","og_title":"Konferencie - CHASTIA s.r.o.","og_description":"[vc_row full_width=&#8221;stretch_row&#8221; equal_height=&#8221;yes&#8221; css=&#8221;.vc_custom_1572969511619{background-color: #ef7b0b !important;}&#8221;][vc_column][vc_column_text] Konferencie Spolo\u010dnosti CHASTIA s.r.o. a TERMOKLIMA s.r.o. organizuj\u00fa pravideln\u00e9 dvojd\u0148ov\u00e9 odborn\u00e9 konferencie FM CAMP a Energy Camp.[\/vc_column_text][\/vc_column][\/vc_row][vc_row][vc_column width=&#8221;1\/2&#8243;][vc_empty_space height=&#8221;50px&#8221;][vc_column_text]Hlavnou t\u00e9mou konferencie FM Camp s\u00fa pr\u00edpadov\u00e9 \u0161t\u00fadie a nov\u00e9 trendy v oblasti Facility a Property managementu na Slovensku. Konferencia FM Camp patr\u00ed medzi najv\u00e4\u010d\u0161ie konferencie v r\u00e1mci \u010ceska a Slovenska, [&hellip;]","og_url":"https:\/\/www.chastia.com\/sk\/our-activities\/conferences\/","og_site_name":"CHASTIA s.r.o.","article_publisher":"https:\/\/www.facebook.com\/chastia.cz","article_modified_time":"2019-12-09T08:56:30+00:00","og_image":[{"width":1240,"height":827,"url":"https:\/\/www.chastia.com\/wp-content\/uploads\/2024\/05\/chastia_V_T_logo.png","type":"image\/png"}],"twitter_card":"summary_large_image","twitter_misc":{"Predpokladan\u00fd \u010das \u010d\u00edtania":"1 min\u00fata"},"schema":{"@context":"https:\/\/schema.org","@graph":[{"@type":"WebPage","@id":"https:\/\/www.chastia.com\/sk\/our-activities\/conferences\/","url":"https:\/\/www.chastia.com\/sk\/our-activities\/conferences\/","name":"Konferencie - CHASTIA s.r.o.","isPartOf":{"@id":"https:\/\/www.chastia.com\/sk\/#website"},"datePublished":"2019-11-05T13:28:25+00:00","dateModified":"2019-12-09T08:56:30+00:00","breadcrumb":{"@id":"https:\/\/www.chastia.com\/sk\/our-activities\/conferences\/#breadcrumb"},"inLanguage":"sk-SK","potentialAction":[{"@type":"ReadAction","target":["https:\/\/www.chastia.com\/sk\/our-activities\/conferences\/"]}]},{"@type":"BreadcrumbList","@id":"https:\/\/www.chastia.com\/sk\/our-activities\/conferences\/#breadcrumb","itemListElement":[{"@type":"ListItem","position":1,"name":"Home","item":"https:\/\/www.chastia.com\/sk\/"},{"@type":"ListItem","position":2,"name":"Aktivity","item":"https:\/\/www.chastia.com\/sk\/activities\/"},{"@type":"ListItem","position":3,"name":"Konferencie"}]},{"@type":"WebSite","@id":"https:\/\/www.chastia.com\/sk\/#website","url":"https:\/\/www.chastia.com\/sk\/","name":"CHASTIA s.r.o.","description":"","publisher":{"@id":"https:\/\/www.chastia.com\/sk\/#organization"},"alternateName":"CHASTIA","potentialAction":[{"@type":"SearchAction","target":{"@type":"EntryPoint","urlTemplate":"https:\/\/www.chastia.com\/sk\/?s={search_term_string}"},"query-input":"required name=search_term_string"}],"inLanguage":"sk-SK"},{"@type":"Organization","@id":"https:\/\/www.chastia.com\/sk\/#organization","name":"CHASTIA s.r.o.","url":"https:\/\/www.chastia.com\/sk\/","logo":{"@type":"ImageObject","inLanguage":"sk-SK","@id":"https:\/\/www.chastia.com\/sk\/#\/schema\/logo\/image\/","url":"https:\/\/www.chastia.com\/wp-content\/uploads\/2024\/05\/chastia_V_T_logo.png","contentUrl":"https:\/\/www.chastia.com\/wp-content\/uploads\/2024\/05\/chastia_V_T_logo.png","width":1240,"height":827,"caption":"CHASTIA s.r.o."},"image":{"@id":"https:\/\/www.chastia.com\/sk\/#\/schema\/logo\/image\/"},"sameAs":["https:\/\/www.facebook.com\/chastia.cz"]}]}},"_links":{"self":[{"href":"https:\/\/www.chastia.com\/sk\/wp-json\/wp\/v2\/pages\/6867"}],"collection":[{"href":"https:\/\/www.chastia.com\/sk\/wp-json\/wp\/v2\/pages"}],"about":[{"href":"https:\/\/www.chastia.com\/sk\/wp-json\/wp\/v2\/types\/page"}],"author":[{"embeddable":true,"href":"https:\/\/www.chastia.com\/sk\/wp-json\/wp\/v2\/users\/1001011"}],"replies":[{"embeddable":true,"href":"https:\/\/www.chastia.com\/sk\/wp-json\/wp\/v2\/comments?post=6867"}],"version-history":[{"count":31,"href":"https:\/\/www.chastia.com\/sk\/wp-json\/wp\/v2\/pages\/6867\/revisions"}],"predecessor-version":[{"id":7185,"href":"https:\/\/www.chastia.com\/sk\/wp-json\/wp\/v2\/pages\/6867\/revisions\/7185"}],"up":[{"embeddable":true,"href":"https:\/\/www.chastia.com\/sk\/wp-json\/wp\/v2\/pages\/6861"}],"wp:attachment":[{"href":"https:\/\/www.chastia.com\/sk\/wp-json\/wp\/v2\/media?parent=6867"}],"curies":[{"name":"wp","href":"https:\/\/api.w.org\/{rel}","templated":true}]}}