{"id":5856,"date":"2017-12-05T09:36:58","date_gmt":"2017-12-05T08:36:58","guid":{"rendered":"http:\/\/chastia.pozorradar.sk\/?page_id=5856"},"modified":"2017-12-05T09:38:57","modified_gmt":"2017-12-05T08:38:57","slug":"vyroba-a-dodavka-tepla-a-inych-energii","status":"publish","type":"page","link":"https:\/\/www.chastia.com\/sk\/products\/chastia-fm\/vyroba-a-dodavka-tepla-a-inych-energii\/","title":{"rendered":"V\u00fdroba a dod\u00e1vka tepla a in\u00fdch energi\u00ed"},"content":{"rendered":"<h4>V\u00fdroba a dod\u00e1vka tepla a in\u00fdch energi\u00ed<\/h4>\n<p>Rie\u0161enie pokr\u00fdva kompletn\u00fa agendu v\u00fdrobcu tepla, evidenciu odbern\u00fdch miest, merac\u00edch miest, meradiel, odpo\u010dty meradiel a n\u00e1sledn\u00fa faktur\u00e1ciu za vyroben\u00fa energiu odberate\u013eom.<\/p>\n<p>Energetick\u00fd mana\u017ement zabezpe\u010d\u00ed kvalitn\u00e9 sledovanie a vyhodnocovanie spotrieb energi\u00ed, bilancovanie nak\u00fapen\u00fdch m\u00e9di\u00ed, vyroben\u00e9ho tepla a teplej vody, predan\u00e9ho tepla a teplej vody, v\u00fdpo\u010det \u00fa\u010dinnost\u00ed cel\u00fdch tepelno-technick\u00fdch zariaden\u00ed aj po \u010dastiach, automatick\u00e9 bilancovanie viacpalivov\u00fdch zdrojov tepla, automatick\u00e9 vyhodnocovanie normat\u00edvov a podobne.<\/p>\n","protected":false},"excerpt":{"rendered":"<p>V\u00fdroba a dod\u00e1vka tepla a in\u00fdch energi\u00ed Rie\u0161enie pokr\u00fdva kompletn\u00fa agendu v\u00fdrobcu tepla, evidenciu odbern\u00fdch miest, merac\u00edch miest, meradiel, odpo\u010dty meradiel a n\u00e1sledn\u00fa faktur\u00e1ciu za vyroben\u00fa energiu odberate\u013eom. Energetick\u00fd mana\u017ement zabezpe\u010d\u00ed kvalitn\u00e9 sledovanie a vyhodnocovanie spotrieb energi\u00ed, bilancovanie nak\u00fapen\u00fdch m\u00e9di\u00ed, vyroben\u00e9ho tepla a teplej vody, predan\u00e9ho tepla a teplej vody, v\u00fdpo\u010det \u00fa\u010dinnost\u00ed cel\u00fdch tepelno-technick\u00fdch zariaden\u00ed [&hellip;]<\/p>\n","protected":false},"author":1,"featured_media":0,"parent":3462,"menu_order":0,"comment_status":"closed","ping_status":"closed","template":"","meta":{"footnotes":""},"yoast_head":"<!-- This site is optimized with the Yoast SEO plugin v22.8 - https:\/\/yoast.com\/wordpress\/plugins\/seo\/ -->\n<title>V\u00fdroba a dod\u00e1vka tepla a in\u00fdch energi\u00ed - CHASTIA s.r.o.<\/title>\n<meta name=\"robots\" content=\"index, follow, max-snippet:-1, max-image-preview:large, max-video-preview:-1\" \/>\n<link rel=\"canonical\" href=\"https:\/\/www.chastia.com\/sk\/products\/chastia-fm\/vyroba-a-dodavka-tepla-a-inych-energii\/\" \/>\n<meta property=\"og:locale\" content=\"sk_SK\" \/>\n<meta property=\"og:type\" content=\"article\" \/>\n<meta property=\"og:title\" content=\"V\u00fdroba a dod\u00e1vka tepla a in\u00fdch energi\u00ed - CHASTIA s.r.o.\" \/>\n<meta property=\"og:description\" content=\"V\u00fdroba a dod\u00e1vka tepla a in\u00fdch energi\u00ed Rie\u0161enie pokr\u00fdva kompletn\u00fa agendu v\u00fdrobcu tepla, evidenciu odbern\u00fdch miest, merac\u00edch miest, meradiel, odpo\u010dty meradiel a n\u00e1sledn\u00fa faktur\u00e1ciu za vyroben\u00fa energiu odberate\u013eom. Energetick\u00fd mana\u017ement zabezpe\u010d\u00ed kvalitn\u00e9 sledovanie a vyhodnocovanie spotrieb energi\u00ed, bilancovanie nak\u00fapen\u00fdch m\u00e9di\u00ed, vyroben\u00e9ho tepla a teplej vody, predan\u00e9ho tepla a teplej vody, v\u00fdpo\u010det \u00fa\u010dinnost\u00ed cel\u00fdch tepelno-technick\u00fdch zariaden\u00ed [&hellip;]\" \/>\n<meta property=\"og:url\" content=\"https:\/\/www.chastia.com\/sk\/products\/chastia-fm\/vyroba-a-dodavka-tepla-a-inych-energii\/\" \/>\n<meta property=\"og:site_name\" content=\"CHASTIA s.r.o.\" \/>\n<meta property=\"article:publisher\" content=\"https:\/\/www.facebook.com\/chastia.cz\" \/>\n<meta property=\"article:modified_time\" content=\"2017-12-05T08:38:57+00:00\" \/>\n<meta property=\"og:image\" content=\"https:\/\/www.chastia.com\/wp-content\/uploads\/2024\/05\/chastia_V_T_logo.png\" \/>\n\t<meta property=\"og:image:width\" content=\"1240\" \/>\n\t<meta property=\"og:image:height\" content=\"827\" \/>\n\t<meta property=\"og:image:type\" content=\"image\/png\" \/>\n<meta name=\"twitter:card\" content=\"summary_large_image\" \/>\n<script type=\"application\/ld+json\" class=\"yoast-schema-graph\">{\"@context\":\"https:\/\/schema.org\",\"@graph\":[{\"@type\":\"WebPage\",\"@id\":\"https:\/\/www.chastia.com\/sk\/products\/chastia-fm\/vyroba-a-dodavka-tepla-a-inych-energii\/\",\"url\":\"https:\/\/www.chastia.com\/sk\/products\/chastia-fm\/vyroba-a-dodavka-tepla-a-inych-energii\/\",\"name\":\"V\u00fdroba a dod\u00e1vka tepla a in\u00fdch energi\u00ed - CHASTIA s.r.o.\",\"isPartOf\":{\"@id\":\"https:\/\/www.chastia.com\/sk\/#website\"},\"datePublished\":\"2017-12-05T08:36:58+00:00\",\"dateModified\":\"2017-12-05T08:38:57+00:00\",\"breadcrumb\":{\"@id\":\"https:\/\/www.chastia.com\/sk\/products\/chastia-fm\/vyroba-a-dodavka-tepla-a-inych-energii\/#breadcrumb\"},\"inLanguage\":\"sk-SK\",\"potentialAction\":[{\"@type\":\"ReadAction\",\"target\":[\"https:\/\/www.chastia.com\/sk\/products\/chastia-fm\/vyroba-a-dodavka-tepla-a-inych-energii\/\"]}]},{\"@type\":\"BreadcrumbList\",\"@id\":\"https:\/\/www.chastia.com\/sk\/products\/chastia-fm\/vyroba-a-dodavka-tepla-a-inych-energii\/#breadcrumb\",\"itemListElement\":[{\"@type\":\"ListItem\",\"position\":1,\"name\":\"Home\",\"item\":\"https:\/\/www.chastia.com\/sk\/\"},{\"@type\":\"ListItem\",\"position\":2,\"name\":\"Produkty\",\"item\":\"https:\/\/www.chastia.com\/sk\/products\/\"},{\"@type\":\"ListItem\",\"position\":3,\"name\":\"Chastia FM\",\"item\":\"https:\/\/www.chastia.com\/sk\/products\/chastia-fm\/\"},{\"@type\":\"ListItem\",\"position\":4,\"name\":\"V\u00fdroba a dod\u00e1vka tepla a in\u00fdch energi\u00ed\"}]},{\"@type\":\"WebSite\",\"@id\":\"https:\/\/www.chastia.com\/sk\/#website\",\"url\":\"https:\/\/www.chastia.com\/sk\/\",\"name\":\"CHASTIA s.r.o.\",\"description\":\"\",\"publisher\":{\"@id\":\"https:\/\/www.chastia.com\/sk\/#organization\"},\"alternateName\":\"CHASTIA\",\"potentialAction\":[{\"@type\":\"SearchAction\",\"target\":{\"@type\":\"EntryPoint\",\"urlTemplate\":\"https:\/\/www.chastia.com\/sk\/?s={search_term_string}\"},\"query-input\":\"required name=search_term_string\"}],\"inLanguage\":\"sk-SK\"},{\"@type\":\"Organization\",\"@id\":\"https:\/\/www.chastia.com\/sk\/#organization\",\"name\":\"CHASTIA s.r.o.\",\"url\":\"https:\/\/www.chastia.com\/sk\/\",\"logo\":{\"@type\":\"ImageObject\",\"inLanguage\":\"sk-SK\",\"@id\":\"https:\/\/www.chastia.com\/sk\/#\/schema\/logo\/image\/\",\"url\":\"https:\/\/www.chastia.com\/wp-content\/uploads\/2024\/05\/chastia_V_T_logo.png\",\"contentUrl\":\"https:\/\/www.chastia.com\/wp-content\/uploads\/2024\/05\/chastia_V_T_logo.png\",\"width\":1240,\"height\":827,\"caption\":\"CHASTIA s.r.o.\"},\"image\":{\"@id\":\"https:\/\/www.chastia.com\/sk\/#\/schema\/logo\/image\/\"},\"sameAs\":[\"https:\/\/www.facebook.com\/chastia.cz\"]}]}<\/script>\n<!-- \/ Yoast SEO plugin. -->","yoast_head_json":{"title":"V\u00fdroba a dod\u00e1vka tepla a in\u00fdch energi\u00ed - CHASTIA s.r.o.","robots":{"index":"index","follow":"follow","max-snippet":"max-snippet:-1","max-image-preview":"max-image-preview:large","max-video-preview":"max-video-preview:-1"},"canonical":"https:\/\/www.chastia.com\/sk\/products\/chastia-fm\/vyroba-a-dodavka-tepla-a-inych-energii\/","og_locale":"sk_SK","og_type":"article","og_title":"V\u00fdroba a dod\u00e1vka tepla a in\u00fdch energi\u00ed - CHASTIA s.r.o.","og_description":"V\u00fdroba a dod\u00e1vka tepla a in\u00fdch energi\u00ed Rie\u0161enie pokr\u00fdva kompletn\u00fa agendu v\u00fdrobcu tepla, evidenciu odbern\u00fdch miest, merac\u00edch miest, meradiel, odpo\u010dty meradiel a n\u00e1sledn\u00fa faktur\u00e1ciu za vyroben\u00fa energiu odberate\u013eom. Energetick\u00fd mana\u017ement zabezpe\u010d\u00ed kvalitn\u00e9 sledovanie a vyhodnocovanie spotrieb energi\u00ed, bilancovanie nak\u00fapen\u00fdch m\u00e9di\u00ed, vyroben\u00e9ho tepla a teplej vody, predan\u00e9ho tepla a teplej vody, v\u00fdpo\u010det \u00fa\u010dinnost\u00ed cel\u00fdch tepelno-technick\u00fdch zariaden\u00ed [&hellip;]","og_url":"https:\/\/www.chastia.com\/sk\/products\/chastia-fm\/vyroba-a-dodavka-tepla-a-inych-energii\/","og_site_name":"CHASTIA s.r.o.","article_publisher":"https:\/\/www.facebook.com\/chastia.cz","article_modified_time":"2017-12-05T08:38:57+00:00","og_image":[{"width":1240,"height":827,"url":"https:\/\/www.chastia.com\/wp-content\/uploads\/2024\/05\/chastia_V_T_logo.png","type":"image\/png"}],"twitter_card":"summary_large_image","schema":{"@context":"https:\/\/schema.org","@graph":[{"@type":"WebPage","@id":"https:\/\/www.chastia.com\/sk\/products\/chastia-fm\/vyroba-a-dodavka-tepla-a-inych-energii\/","url":"https:\/\/www.chastia.com\/sk\/products\/chastia-fm\/vyroba-a-dodavka-tepla-a-inych-energii\/","name":"V\u00fdroba a dod\u00e1vka tepla a in\u00fdch energi\u00ed - CHASTIA s.r.o.","isPartOf":{"@id":"https:\/\/www.chastia.com\/sk\/#website"},"datePublished":"2017-12-05T08:36:58+00:00","dateModified":"2017-12-05T08:38:57+00:00","breadcrumb":{"@id":"https:\/\/www.chastia.com\/sk\/products\/chastia-fm\/vyroba-a-dodavka-tepla-a-inych-energii\/#breadcrumb"},"inLanguage":"sk-SK","potentialAction":[{"@type":"ReadAction","target":["https:\/\/www.chastia.com\/sk\/products\/chastia-fm\/vyroba-a-dodavka-tepla-a-inych-energii\/"]}]},{"@type":"BreadcrumbList","@id":"https:\/\/www.chastia.com\/sk\/products\/chastia-fm\/vyroba-a-dodavka-tepla-a-inych-energii\/#breadcrumb","itemListElement":[{"@type":"ListItem","position":1,"name":"Home","item":"https:\/\/www.chastia.com\/sk\/"},{"@type":"ListItem","position":2,"name":"Produkty","item":"https:\/\/www.chastia.com\/sk\/products\/"},{"@type":"ListItem","position":3,"name":"Chastia FM","item":"https:\/\/www.chastia.com\/sk\/products\/chastia-fm\/"},{"@type":"ListItem","position":4,"name":"V\u00fdroba a dod\u00e1vka tepla a in\u00fdch energi\u00ed"}]},{"@type":"WebSite","@id":"https:\/\/www.chastia.com\/sk\/#website","url":"https:\/\/www.chastia.com\/sk\/","name":"CHASTIA s.r.o.","description":"","publisher":{"@id":"https:\/\/www.chastia.com\/sk\/#organization"},"alternateName":"CHASTIA","potentialAction":[{"@type":"SearchAction","target":{"@type":"EntryPoint","urlTemplate":"https:\/\/www.chastia.com\/sk\/?s={search_term_string}"},"query-input":"required name=search_term_string"}],"inLanguage":"sk-SK"},{"@type":"Organization","@id":"https:\/\/www.chastia.com\/sk\/#organization","name":"CHASTIA s.r.o.","url":"https:\/\/www.chastia.com\/sk\/","logo":{"@type":"ImageObject","inLanguage":"sk-SK","@id":"https:\/\/www.chastia.com\/sk\/#\/schema\/logo\/image\/","url":"https:\/\/www.chastia.com\/wp-content\/uploads\/2024\/05\/chastia_V_T_logo.png","contentUrl":"https:\/\/www.chastia.com\/wp-content\/uploads\/2024\/05\/chastia_V_T_logo.png","width":1240,"height":827,"caption":"CHASTIA s.r.o."},"image":{"@id":"https:\/\/www.chastia.com\/sk\/#\/schema\/logo\/image\/"},"sameAs":["https:\/\/www.facebook.com\/chastia.cz"]}]}},"_links":{"self":[{"href":"https:\/\/www.chastia.com\/sk\/wp-json\/wp\/v2\/pages\/5856"}],"collection":[{"href":"https:\/\/www.chastia.com\/sk\/wp-json\/wp\/v2\/pages"}],"about":[{"href":"https:\/\/www.chastia.com\/sk\/wp-json\/wp\/v2\/types\/page"}],"author":[{"embeddable":true,"href":"https:\/\/www.chastia.com\/sk\/wp-json\/wp\/v2\/users\/1"}],"replies":[{"embeddable":true,"href":"https:\/\/www.chastia.com\/sk\/wp-json\/wp\/v2\/comments?post=5856"}],"version-history":[{"count":2,"href":"https:\/\/www.chastia.com\/sk\/wp-json\/wp\/v2\/pages\/5856\/revisions"}],"predecessor-version":[{"id":5859,"href":"https:\/\/www.chastia.com\/sk\/wp-json\/wp\/v2\/pages\/5856\/revisions\/5859"}],"up":[{"embeddable":true,"href":"https:\/\/www.chastia.com\/sk\/wp-json\/wp\/v2\/pages\/3462"}],"wp:attachment":[{"href":"https:\/\/www.chastia.com\/sk\/wp-json\/wp\/v2\/media?parent=5856"}],"curies":[{"name":"wp","href":"https:\/\/api.w.org\/{rel}","templated":true}]}}