{"id":3637,"date":"2016-11-02T15:09:37","date_gmt":"2016-11-02T14:09:37","guid":{"rendered":"http:\/\/chastia.pozorradar.sk\/?page_id=3637"},"modified":"2020-05-14T14:44:38","modified_gmt":"2020-05-14T12:44:38","slug":"basic-module","status":"publish","type":"page","link":"https:\/\/www.chastia.com\/sk\/products\/chastia-fm\/basic-module\/","title":{"rendered":"Z\u00e1kladn\u00fd modul"},"content":{"rendered":"<p>[vc_row][vc_column]<H2>Z\u00e1kladn\u00fd modul<\/H2>[\/vc_column][\/vc_row]<\/p>\n<p>Z\u00e1kladn\u00fd modul tvor\u00ed hlavn\u00fd pilier cel\u00e9ho syst\u00e9mu. Je to jedin\u00fd modul, ktor\u00fd je povinn\u00fd pre vybudovanie \u013eubovo\u013enej podnikovej aplik\u00e1cie.<\/p>\n<p>Modul obsahuje nieko\u013eko podsyst\u00e9mov, ktor\u00e9 zabezpe\u010duj\u00fa jeho \u010dinnos\u0165:<\/p>\n<ul>\n<li><b><span class=\"highl\">Evidencia objektov informa\u010dn\u00e9ho syst\u00e9mu (objektov IS)<\/span><\/b><span class=\"highl\"> &#8211; k<\/span>a\u017ed\u00fd objekt IS m\u00f4\u017ee by\u0165 pop\u00edsan\u00fd svojimi vlastnos\u0165ami, ktor\u00e9 je mo\u017en\u00e9 pre ka\u017ed\u00fd typ objektu IS definova\u0165 vo\u013ene pou\u017e\u00edvate\u013eom.<br \/>\nOkrem popisn\u00fdch \u00fadajov (pasport) m\u00f4\u017ee by\u0165 k objektu pripojen\u00fd obr\u00e1zok a pozn\u00e1mka.<br \/>\nSpolo\u010dn\u00e9 vlastnosti objektov IS je mo\u017en\u00e9 katalogizova\u0165. Katal\u00f3gov\u00e1 polo\u017eka sa pripoj\u00ed k objektu IS.<br \/>\nObjektom informa\u010dn\u00e9ho syst\u00e9mu (Objekt IS) je ka\u017ed\u00fd objekt, stavebn\u00fd diel, zariadenie, nehmotn\u00fd majetok a podobne, ktor\u00fd je predmetom sledovania v informa\u010dnom syst\u00e9me.<\/li>\n<li><span class=\"highl\"><b>\u0160trukt\u00fary <\/b>&#8211; o<\/span>bjekty IS m\u00f4\u017eu by\u0165 logicky usporiadan\u00e9 do hierarchick\u00fdch \u0161trukt\u00far. Po\u010det tak\u00fdchto \u0161trukt\u00far je neobmedzen\u00fd. Typick\u00fdmi \u0161trukt\u00farami m\u00f4\u017ee by\u0165 napr. priestorov\u00e1 \u0161trukt\u00fara, organiza\u010dn\u00e1 \u0161trukt\u00fara, technologick\u00e1 \u0161trukt\u00fara a pod. Ka\u017ed\u00fd objekt IS m\u00f4\u017ee by\u0165 s\u00fa\u010dasne zaraden\u00fd do viacer\u00fdch \u0161trukt\u00far s\u00fa\u010dasne.<br \/>\nV\u0161etky tieto \u0161trukt\u00fary sl\u00fa\u017eia na r\u00fdchle vyh\u013ead\u00e1vanie objektov IS, ich lokaliz\u00e1ciu v r\u00e1mci \u0161trukt\u00far, filtrovanie, zora\u010fovanie a pod. Jednou z mo\u017enost\u00ed ich vyu\u017eitia m\u00f4\u017ee by\u0165 napr. aj kr\u00edzov\u00fd management.<\/li>\n<li><strong>\u010c\u00edseln\u00edky <\/strong>&#8211; s\u00fa\u010das\u0165ou z\u00e1kladn\u00e9ho modulu je mno\u017estvo \u0161tandardn\u00fdch\u00a0i u\u017e\u00edvate\u013esky definovate\u013en\u00fdch \u010d\u00edseln\u00edkov, ktor\u00e9 maj\u00fa vyu\u017eitie vo v\u00e4\u010d\u0161ine ostatn\u00fdch modulov.<\/li>\n<\/ul>\n","protected":false},"excerpt":{"rendered":"<p>[vc_row][vc_column][\/vc_column][\/vc_row] Z\u00e1kladn\u00fd modul tvor\u00ed hlavn\u00fd pilier cel\u00e9ho syst\u00e9mu. Je to jedin\u00fd modul, ktor\u00fd je povinn\u00fd pre vybudovanie \u013eubovo\u013enej podnikovej aplik\u00e1cie. Modul obsahuje nieko\u013eko podsyst\u00e9mov, ktor\u00e9 zabezpe\u010duj\u00fa jeho \u010dinnos\u0165: Evidencia objektov informa\u010dn\u00e9ho syst\u00e9mu (objektov IS) &#8211; ka\u017ed\u00fd objekt IS m\u00f4\u017ee by\u0165 pop\u00edsan\u00fd svojimi vlastnos\u0165ami, ktor\u00e9 je mo\u017en\u00e9 pre ka\u017ed\u00fd typ objektu IS definova\u0165 vo\u013ene pou\u017e\u00edvate\u013eom. Okrem [&hellip;]<\/p>\n","protected":false},"author":1,"featured_media":0,"parent":3462,"menu_order":0,"comment_status":"closed","ping_status":"closed","template":"","meta":{"footnotes":""},"yoast_head":"<!-- This site is optimized with the Yoast SEO plugin v22.8 - https:\/\/yoast.com\/wordpress\/plugins\/seo\/ -->\n<title>Z\u00e1kladn\u00fd modul - CHASTIA s.r.o.<\/title>\n<meta name=\"robots\" content=\"index, follow, max-snippet:-1, max-image-preview:large, max-video-preview:-1\" \/>\n<link rel=\"canonical\" href=\"https:\/\/www.chastia.com\/sk\/products\/chastia-fm\/basic-module\/\" \/>\n<meta property=\"og:locale\" content=\"sk_SK\" \/>\n<meta property=\"og:type\" content=\"article\" \/>\n<meta property=\"og:title\" content=\"Z\u00e1kladn\u00fd modul - CHASTIA s.r.o.\" \/>\n<meta property=\"og:description\" content=\"[vc_row][vc_column][\/vc_column][\/vc_row] Z\u00e1kladn\u00fd modul tvor\u00ed hlavn\u00fd pilier cel\u00e9ho syst\u00e9mu. Je to jedin\u00fd modul, ktor\u00fd je povinn\u00fd pre vybudovanie \u013eubovo\u013enej podnikovej aplik\u00e1cie. Modul obsahuje nieko\u013eko podsyst\u00e9mov, ktor\u00e9 zabezpe\u010duj\u00fa jeho \u010dinnos\u0165: Evidencia objektov informa\u010dn\u00e9ho syst\u00e9mu (objektov IS) &#8211; ka\u017ed\u00fd objekt IS m\u00f4\u017ee by\u0165 pop\u00edsan\u00fd svojimi vlastnos\u0165ami, ktor\u00e9 je mo\u017en\u00e9 pre ka\u017ed\u00fd typ objektu IS definova\u0165 vo\u013ene pou\u017e\u00edvate\u013eom. Okrem [&hellip;]\" \/>\n<meta property=\"og:url\" content=\"https:\/\/www.chastia.com\/sk\/products\/chastia-fm\/basic-module\/\" \/>\n<meta property=\"og:site_name\" content=\"CHASTIA s.r.o.\" \/>\n<meta property=\"article:publisher\" content=\"https:\/\/www.facebook.com\/chastia.cz\" \/>\n<meta property=\"article:modified_time\" content=\"2020-05-14T12:44:38+00:00\" \/>\n<meta property=\"og:image\" content=\"https:\/\/www.chastia.com\/wp-content\/uploads\/2024\/05\/chastia_V_T_logo.png\" \/>\n\t<meta property=\"og:image:width\" content=\"1240\" \/>\n\t<meta property=\"og:image:height\" content=\"827\" \/>\n\t<meta property=\"og:image:type\" content=\"image\/png\" \/>\n<meta name=\"twitter:card\" content=\"summary_large_image\" \/>\n<meta name=\"twitter:label1\" content=\"Predpokladan\u00fd \u010das \u010d\u00edtania\" \/>\n\t<meta name=\"twitter:data1\" content=\"1 min\u00fata\" \/>\n<script type=\"application\/ld+json\" class=\"yoast-schema-graph\">{\"@context\":\"https:\/\/schema.org\",\"@graph\":[{\"@type\":\"WebPage\",\"@id\":\"https:\/\/www.chastia.com\/sk\/products\/chastia-fm\/basic-module\/\",\"url\":\"https:\/\/www.chastia.com\/sk\/products\/chastia-fm\/basic-module\/\",\"name\":\"Z\u00e1kladn\u00fd modul - CHASTIA s.r.o.\",\"isPartOf\":{\"@id\":\"https:\/\/www.chastia.com\/sk\/#website\"},\"datePublished\":\"2016-11-02T14:09:37+00:00\",\"dateModified\":\"2020-05-14T12:44:38+00:00\",\"breadcrumb\":{\"@id\":\"https:\/\/www.chastia.com\/sk\/products\/chastia-fm\/basic-module\/#breadcrumb\"},\"inLanguage\":\"sk-SK\",\"potentialAction\":[{\"@type\":\"ReadAction\",\"target\":[\"https:\/\/www.chastia.com\/sk\/products\/chastia-fm\/basic-module\/\"]}]},{\"@type\":\"BreadcrumbList\",\"@id\":\"https:\/\/www.chastia.com\/sk\/products\/chastia-fm\/basic-module\/#breadcrumb\",\"itemListElement\":[{\"@type\":\"ListItem\",\"position\":1,\"name\":\"Home\",\"item\":\"https:\/\/www.chastia.com\/sk\/\"},{\"@type\":\"ListItem\",\"position\":2,\"name\":\"Produkty\",\"item\":\"https:\/\/www.chastia.com\/sk\/products\/\"},{\"@type\":\"ListItem\",\"position\":3,\"name\":\"Chastia FM\",\"item\":\"https:\/\/www.chastia.com\/sk\/products\/chastia-fm\/\"},{\"@type\":\"ListItem\",\"position\":4,\"name\":\"Z\u00e1kladn\u00fd modul\"}]},{\"@type\":\"WebSite\",\"@id\":\"https:\/\/www.chastia.com\/sk\/#website\",\"url\":\"https:\/\/www.chastia.com\/sk\/\",\"name\":\"CHASTIA s.r.o.\",\"description\":\"\",\"publisher\":{\"@id\":\"https:\/\/www.chastia.com\/sk\/#organization\"},\"alternateName\":\"CHASTIA\",\"potentialAction\":[{\"@type\":\"SearchAction\",\"target\":{\"@type\":\"EntryPoint\",\"urlTemplate\":\"https:\/\/www.chastia.com\/sk\/?s={search_term_string}\"},\"query-input\":\"required name=search_term_string\"}],\"inLanguage\":\"sk-SK\"},{\"@type\":\"Organization\",\"@id\":\"https:\/\/www.chastia.com\/sk\/#organization\",\"name\":\"CHASTIA s.r.o.\",\"url\":\"https:\/\/www.chastia.com\/sk\/\",\"logo\":{\"@type\":\"ImageObject\",\"inLanguage\":\"sk-SK\",\"@id\":\"https:\/\/www.chastia.com\/sk\/#\/schema\/logo\/image\/\",\"url\":\"https:\/\/www.chastia.com\/wp-content\/uploads\/2024\/05\/chastia_V_T_logo.png\",\"contentUrl\":\"https:\/\/www.chastia.com\/wp-content\/uploads\/2024\/05\/chastia_V_T_logo.png\",\"width\":1240,\"height\":827,\"caption\":\"CHASTIA s.r.o.\"},\"image\":{\"@id\":\"https:\/\/www.chastia.com\/sk\/#\/schema\/logo\/image\/\"},\"sameAs\":[\"https:\/\/www.facebook.com\/chastia.cz\"]}]}<\/script>\n<!-- \/ Yoast SEO plugin. -->","yoast_head_json":{"title":"Z\u00e1kladn\u00fd modul - CHASTIA s.r.o.","robots":{"index":"index","follow":"follow","max-snippet":"max-snippet:-1","max-image-preview":"max-image-preview:large","max-video-preview":"max-video-preview:-1"},"canonical":"https:\/\/www.chastia.com\/sk\/products\/chastia-fm\/basic-module\/","og_locale":"sk_SK","og_type":"article","og_title":"Z\u00e1kladn\u00fd modul - CHASTIA s.r.o.","og_description":"[vc_row][vc_column][\/vc_column][\/vc_row] Z\u00e1kladn\u00fd modul tvor\u00ed hlavn\u00fd pilier cel\u00e9ho syst\u00e9mu. Je to jedin\u00fd modul, ktor\u00fd je povinn\u00fd pre vybudovanie \u013eubovo\u013enej podnikovej aplik\u00e1cie. Modul obsahuje nieko\u013eko podsyst\u00e9mov, ktor\u00e9 zabezpe\u010duj\u00fa jeho \u010dinnos\u0165: Evidencia objektov informa\u010dn\u00e9ho syst\u00e9mu (objektov IS) &#8211; ka\u017ed\u00fd objekt IS m\u00f4\u017ee by\u0165 pop\u00edsan\u00fd svojimi vlastnos\u0165ami, ktor\u00e9 je mo\u017en\u00e9 pre ka\u017ed\u00fd typ objektu IS definova\u0165 vo\u013ene pou\u017e\u00edvate\u013eom. Okrem [&hellip;]","og_url":"https:\/\/www.chastia.com\/sk\/products\/chastia-fm\/basic-module\/","og_site_name":"CHASTIA s.r.o.","article_publisher":"https:\/\/www.facebook.com\/chastia.cz","article_modified_time":"2020-05-14T12:44:38+00:00","og_image":[{"width":1240,"height":827,"url":"https:\/\/www.chastia.com\/wp-content\/uploads\/2024\/05\/chastia_V_T_logo.png","type":"image\/png"}],"twitter_card":"summary_large_image","twitter_misc":{"Predpokladan\u00fd \u010das \u010d\u00edtania":"1 min\u00fata"},"schema":{"@context":"https:\/\/schema.org","@graph":[{"@type":"WebPage","@id":"https:\/\/www.chastia.com\/sk\/products\/chastia-fm\/basic-module\/","url":"https:\/\/www.chastia.com\/sk\/products\/chastia-fm\/basic-module\/","name":"Z\u00e1kladn\u00fd modul - CHASTIA s.r.o.","isPartOf":{"@id":"https:\/\/www.chastia.com\/sk\/#website"},"datePublished":"2016-11-02T14:09:37+00:00","dateModified":"2020-05-14T12:44:38+00:00","breadcrumb":{"@id":"https:\/\/www.chastia.com\/sk\/products\/chastia-fm\/basic-module\/#breadcrumb"},"inLanguage":"sk-SK","potentialAction":[{"@type":"ReadAction","target":["https:\/\/www.chastia.com\/sk\/products\/chastia-fm\/basic-module\/"]}]},{"@type":"BreadcrumbList","@id":"https:\/\/www.chastia.com\/sk\/products\/chastia-fm\/basic-module\/#breadcrumb","itemListElement":[{"@type":"ListItem","position":1,"name":"Home","item":"https:\/\/www.chastia.com\/sk\/"},{"@type":"ListItem","position":2,"name":"Produkty","item":"https:\/\/www.chastia.com\/sk\/products\/"},{"@type":"ListItem","position":3,"name":"Chastia FM","item":"https:\/\/www.chastia.com\/sk\/products\/chastia-fm\/"},{"@type":"ListItem","position":4,"name":"Z\u00e1kladn\u00fd modul"}]},{"@type":"WebSite","@id":"https:\/\/www.chastia.com\/sk\/#website","url":"https:\/\/www.chastia.com\/sk\/","name":"CHASTIA s.r.o.","description":"","publisher":{"@id":"https:\/\/www.chastia.com\/sk\/#organization"},"alternateName":"CHASTIA","potentialAction":[{"@type":"SearchAction","target":{"@type":"EntryPoint","urlTemplate":"https:\/\/www.chastia.com\/sk\/?s={search_term_string}"},"query-input":"required name=search_term_string"}],"inLanguage":"sk-SK"},{"@type":"Organization","@id":"https:\/\/www.chastia.com\/sk\/#organization","name":"CHASTIA s.r.o.","url":"https:\/\/www.chastia.com\/sk\/","logo":{"@type":"ImageObject","inLanguage":"sk-SK","@id":"https:\/\/www.chastia.com\/sk\/#\/schema\/logo\/image\/","url":"https:\/\/www.chastia.com\/wp-content\/uploads\/2024\/05\/chastia_V_T_logo.png","contentUrl":"https:\/\/www.chastia.com\/wp-content\/uploads\/2024\/05\/chastia_V_T_logo.png","width":1240,"height":827,"caption":"CHASTIA s.r.o."},"image":{"@id":"https:\/\/www.chastia.com\/sk\/#\/schema\/logo\/image\/"},"sameAs":["https:\/\/www.facebook.com\/chastia.cz"]}]}},"_links":{"self":[{"href":"https:\/\/www.chastia.com\/sk\/wp-json\/wp\/v2\/pages\/3637"}],"collection":[{"href":"https:\/\/www.chastia.com\/sk\/wp-json\/wp\/v2\/pages"}],"about":[{"href":"https:\/\/www.chastia.com\/sk\/wp-json\/wp\/v2\/types\/page"}],"author":[{"embeddable":true,"href":"https:\/\/www.chastia.com\/sk\/wp-json\/wp\/v2\/users\/1"}],"replies":[{"embeddable":true,"href":"https:\/\/www.chastia.com\/sk\/wp-json\/wp\/v2\/comments?post=3637"}],"version-history":[{"count":2,"href":"https:\/\/www.chastia.com\/sk\/wp-json\/wp\/v2\/pages\/3637\/revisions"}],"predecessor-version":[{"id":8144,"href":"https:\/\/www.chastia.com\/sk\/wp-json\/wp\/v2\/pages\/3637\/revisions\/8144"}],"up":[{"embeddable":true,"href":"https:\/\/www.chastia.com\/sk\/wp-json\/wp\/v2\/pages\/3462"}],"wp:attachment":[{"href":"https:\/\/www.chastia.com\/sk\/wp-json\/wp\/v2\/media?parent=3637"}],"curies":[{"name":"wp","href":"https:\/\/api.w.org\/{rel}","templated":true}]}}