{"id":3627,"date":"2016-11-02T11:11:32","date_gmt":"2016-11-02T10:11:32","guid":{"rendered":"http:\/\/chastia.pozorradar.sk\/?page_id=3627"},"modified":"2021-10-29T14:55:29","modified_gmt":"2021-10-29T12:55:29","slug":"module-warehouses","status":"publish","type":"page","link":"https:\/\/www.chastia.com\/sk\/products\/chastia-fm\/module-warehouses\/","title":{"rendered":"Modul Sklady"},"content":{"rendered":"<p>[vc_row][vc_column]<H2>Sklady<\/H2>[\/vc_column][\/vc_row][vc_row][vc_column][vc_column_text]<\/p>\n<div class=\"fl ml20 w645\">\n<p class=\"textContent\">Modul rie\u0161i <strong>kompletn\u00e9 skladov\u00e9ho hospod\u00e1rstvo<\/strong>. Vyu\u017eitie modulu je najm\u00e4 pre spolo\u010dnosti, ktor\u00e9 skladov\u00e9 hospod\u00e1rstvo nemusia rie\u0161i\u0165 v \u00fa\u010dtovnom softv\u00e9ri, ale potrebuj\u00fa ho napr\u00edklad pre moduly \u00fadr\u017eby v Chastii FM.<br \/>\nModul Sklady spolupracuje najm\u00e4 s aplik\u00e1ciou <strong>Chastia ONE<\/strong>.<br \/>\nModul umo\u017e\u0148uje vies\u0165 skladov\u00fa evidenciu prostredn\u00edctvom vo\u013ene definovate\u013en\u00fdch skladov, kme\u0148ov\u00fdch a skladov\u00fdch kariet.<\/p>\n<\/div>\n<div class=\"cl\"><\/div>\n<p>[\/vc_column_text][\/vc_column][\/vc_row]<\/p>\n","protected":false},"excerpt":{"rendered":"<p>[vc_row][vc_column][\/vc_column][\/vc_row][vc_row][vc_column][vc_column_text] Modul rie\u0161i kompletn\u00e9 skladov\u00e9ho hospod\u00e1rstvo. Vyu\u017eitie modulu je najm\u00e4 pre spolo\u010dnosti, ktor\u00e9 skladov\u00e9 hospod\u00e1rstvo nemusia rie\u0161i\u0165 v \u00fa\u010dtovnom softv\u00e9ri, ale potrebuj\u00fa ho napr\u00edklad pre moduly \u00fadr\u017eby v Chastii FM. Modul Sklady spolupracuje najm\u00e4 s aplik\u00e1ciou Chastia ONE. Modul umo\u017e\u0148uje vies\u0165 skladov\u00fa evidenciu prostredn\u00edctvom vo\u013ene definovate\u013en\u00fdch skladov, kme\u0148ov\u00fdch a skladov\u00fdch kariet. [\/vc_column_text][\/vc_column][\/vc_row]<\/p>\n","protected":false},"author":1,"featured_media":0,"parent":3462,"menu_order":0,"comment_status":"closed","ping_status":"closed","template":"","meta":{"footnotes":""},"yoast_head":"<!-- This site is optimized with the Yoast SEO plugin v22.8 - https:\/\/yoast.com\/wordpress\/plugins\/seo\/ -->\n<title>Modul Sklady - CHASTIA s.r.o.<\/title>\n<meta name=\"robots\" content=\"index, follow, max-snippet:-1, max-image-preview:large, max-video-preview:-1\" \/>\n<link rel=\"canonical\" href=\"https:\/\/www.chastia.com\/sk\/products\/chastia-fm\/module-warehouses\/\" \/>\n<meta property=\"og:locale\" content=\"sk_SK\" \/>\n<meta property=\"og:type\" content=\"article\" \/>\n<meta property=\"og:title\" content=\"Modul Sklady - CHASTIA s.r.o.\" \/>\n<meta property=\"og:description\" content=\"[vc_row][vc_column][\/vc_column][\/vc_row][vc_row][vc_column][vc_column_text] Modul rie\u0161i kompletn\u00e9 skladov\u00e9ho hospod\u00e1rstvo. Vyu\u017eitie modulu je najm\u00e4 pre spolo\u010dnosti, ktor\u00e9 skladov\u00e9 hospod\u00e1rstvo nemusia rie\u0161i\u0165 v \u00fa\u010dtovnom softv\u00e9ri, ale potrebuj\u00fa ho napr\u00edklad pre moduly \u00fadr\u017eby v Chastii FM. Modul Sklady spolupracuje najm\u00e4 s aplik\u00e1ciou Chastia ONE. Modul umo\u017e\u0148uje vies\u0165 skladov\u00fa evidenciu prostredn\u00edctvom vo\u013ene definovate\u013en\u00fdch skladov, kme\u0148ov\u00fdch a skladov\u00fdch kariet. [\/vc_column_text][\/vc_column][\/vc_row]\" \/>\n<meta property=\"og:url\" content=\"https:\/\/www.chastia.com\/sk\/products\/chastia-fm\/module-warehouses\/\" \/>\n<meta property=\"og:site_name\" content=\"CHASTIA s.r.o.\" \/>\n<meta property=\"article:publisher\" content=\"https:\/\/www.facebook.com\/chastia.cz\" \/>\n<meta property=\"article:modified_time\" content=\"2021-10-29T12:55:29+00:00\" \/>\n<meta property=\"og:image\" content=\"https:\/\/www.chastia.com\/wp-content\/uploads\/2024\/05\/chastia_V_T_logo.png\" \/>\n\t<meta property=\"og:image:width\" content=\"1240\" \/>\n\t<meta property=\"og:image:height\" content=\"827\" \/>\n\t<meta property=\"og:image:type\" content=\"image\/png\" \/>\n<meta name=\"twitter:card\" content=\"summary_large_image\" \/>\n<script type=\"application\/ld+json\" class=\"yoast-schema-graph\">{\"@context\":\"https:\/\/schema.org\",\"@graph\":[{\"@type\":\"WebPage\",\"@id\":\"https:\/\/www.chastia.com\/sk\/products\/chastia-fm\/module-warehouses\/\",\"url\":\"https:\/\/www.chastia.com\/sk\/products\/chastia-fm\/module-warehouses\/\",\"name\":\"Modul Sklady - CHASTIA s.r.o.\",\"isPartOf\":{\"@id\":\"https:\/\/www.chastia.com\/sk\/#website\"},\"datePublished\":\"2016-11-02T10:11:32+00:00\",\"dateModified\":\"2021-10-29T12:55:29+00:00\",\"breadcrumb\":{\"@id\":\"https:\/\/www.chastia.com\/sk\/products\/chastia-fm\/module-warehouses\/#breadcrumb\"},\"inLanguage\":\"sk-SK\",\"potentialAction\":[{\"@type\":\"ReadAction\",\"target\":[\"https:\/\/www.chastia.com\/sk\/products\/chastia-fm\/module-warehouses\/\"]}]},{\"@type\":\"BreadcrumbList\",\"@id\":\"https:\/\/www.chastia.com\/sk\/products\/chastia-fm\/module-warehouses\/#breadcrumb\",\"itemListElement\":[{\"@type\":\"ListItem\",\"position\":1,\"name\":\"Home\",\"item\":\"https:\/\/www.chastia.com\/sk\/\"},{\"@type\":\"ListItem\",\"position\":2,\"name\":\"Produkty\",\"item\":\"https:\/\/www.chastia.com\/sk\/products\/\"},{\"@type\":\"ListItem\",\"position\":3,\"name\":\"Chastia FM\",\"item\":\"https:\/\/www.chastia.com\/sk\/products\/chastia-fm\/\"},{\"@type\":\"ListItem\",\"position\":4,\"name\":\"Modul Sklady\"}]},{\"@type\":\"WebSite\",\"@id\":\"https:\/\/www.chastia.com\/sk\/#website\",\"url\":\"https:\/\/www.chastia.com\/sk\/\",\"name\":\"CHASTIA s.r.o.\",\"description\":\"\",\"publisher\":{\"@id\":\"https:\/\/www.chastia.com\/sk\/#organization\"},\"alternateName\":\"CHASTIA\",\"potentialAction\":[{\"@type\":\"SearchAction\",\"target\":{\"@type\":\"EntryPoint\",\"urlTemplate\":\"https:\/\/www.chastia.com\/sk\/?s={search_term_string}\"},\"query-input\":\"required name=search_term_string\"}],\"inLanguage\":\"sk-SK\"},{\"@type\":\"Organization\",\"@id\":\"https:\/\/www.chastia.com\/sk\/#organization\",\"name\":\"CHASTIA s.r.o.\",\"url\":\"https:\/\/www.chastia.com\/sk\/\",\"logo\":{\"@type\":\"ImageObject\",\"inLanguage\":\"sk-SK\",\"@id\":\"https:\/\/www.chastia.com\/sk\/#\/schema\/logo\/image\/\",\"url\":\"https:\/\/www.chastia.com\/wp-content\/uploads\/2024\/05\/chastia_V_T_logo.png\",\"contentUrl\":\"https:\/\/www.chastia.com\/wp-content\/uploads\/2024\/05\/chastia_V_T_logo.png\",\"width\":1240,\"height\":827,\"caption\":\"CHASTIA s.r.o.\"},\"image\":{\"@id\":\"https:\/\/www.chastia.com\/sk\/#\/schema\/logo\/image\/\"},\"sameAs\":[\"https:\/\/www.facebook.com\/chastia.cz\"]}]}<\/script>\n<!-- \/ Yoast SEO plugin. -->","yoast_head_json":{"title":"Modul Sklady - CHASTIA s.r.o.","robots":{"index":"index","follow":"follow","max-snippet":"max-snippet:-1","max-image-preview":"max-image-preview:large","max-video-preview":"max-video-preview:-1"},"canonical":"https:\/\/www.chastia.com\/sk\/products\/chastia-fm\/module-warehouses\/","og_locale":"sk_SK","og_type":"article","og_title":"Modul Sklady - CHASTIA s.r.o.","og_description":"[vc_row][vc_column][\/vc_column][\/vc_row][vc_row][vc_column][vc_column_text] Modul rie\u0161i kompletn\u00e9 skladov\u00e9ho hospod\u00e1rstvo. Vyu\u017eitie modulu je najm\u00e4 pre spolo\u010dnosti, ktor\u00e9 skladov\u00e9 hospod\u00e1rstvo nemusia rie\u0161i\u0165 v \u00fa\u010dtovnom softv\u00e9ri, ale potrebuj\u00fa ho napr\u00edklad pre moduly \u00fadr\u017eby v Chastii FM. Modul Sklady spolupracuje najm\u00e4 s aplik\u00e1ciou Chastia ONE. Modul umo\u017e\u0148uje vies\u0165 skladov\u00fa evidenciu prostredn\u00edctvom vo\u013ene definovate\u013en\u00fdch skladov, kme\u0148ov\u00fdch a skladov\u00fdch kariet. [\/vc_column_text][\/vc_column][\/vc_row]","og_url":"https:\/\/www.chastia.com\/sk\/products\/chastia-fm\/module-warehouses\/","og_site_name":"CHASTIA s.r.o.","article_publisher":"https:\/\/www.facebook.com\/chastia.cz","article_modified_time":"2021-10-29T12:55:29+00:00","og_image":[{"width":1240,"height":827,"url":"https:\/\/www.chastia.com\/wp-content\/uploads\/2024\/05\/chastia_V_T_logo.png","type":"image\/png"}],"twitter_card":"summary_large_image","schema":{"@context":"https:\/\/schema.org","@graph":[{"@type":"WebPage","@id":"https:\/\/www.chastia.com\/sk\/products\/chastia-fm\/module-warehouses\/","url":"https:\/\/www.chastia.com\/sk\/products\/chastia-fm\/module-warehouses\/","name":"Modul Sklady - CHASTIA s.r.o.","isPartOf":{"@id":"https:\/\/www.chastia.com\/sk\/#website"},"datePublished":"2016-11-02T10:11:32+00:00","dateModified":"2021-10-29T12:55:29+00:00","breadcrumb":{"@id":"https:\/\/www.chastia.com\/sk\/products\/chastia-fm\/module-warehouses\/#breadcrumb"},"inLanguage":"sk-SK","potentialAction":[{"@type":"ReadAction","target":["https:\/\/www.chastia.com\/sk\/products\/chastia-fm\/module-warehouses\/"]}]},{"@type":"BreadcrumbList","@id":"https:\/\/www.chastia.com\/sk\/products\/chastia-fm\/module-warehouses\/#breadcrumb","itemListElement":[{"@type":"ListItem","position":1,"name":"Home","item":"https:\/\/www.chastia.com\/sk\/"},{"@type":"ListItem","position":2,"name":"Produkty","item":"https:\/\/www.chastia.com\/sk\/products\/"},{"@type":"ListItem","position":3,"name":"Chastia FM","item":"https:\/\/www.chastia.com\/sk\/products\/chastia-fm\/"},{"@type":"ListItem","position":4,"name":"Modul Sklady"}]},{"@type":"WebSite","@id":"https:\/\/www.chastia.com\/sk\/#website","url":"https:\/\/www.chastia.com\/sk\/","name":"CHASTIA s.r.o.","description":"","publisher":{"@id":"https:\/\/www.chastia.com\/sk\/#organization"},"alternateName":"CHASTIA","potentialAction":[{"@type":"SearchAction","target":{"@type":"EntryPoint","urlTemplate":"https:\/\/www.chastia.com\/sk\/?s={search_term_string}"},"query-input":"required name=search_term_string"}],"inLanguage":"sk-SK"},{"@type":"Organization","@id":"https:\/\/www.chastia.com\/sk\/#organization","name":"CHASTIA s.r.o.","url":"https:\/\/www.chastia.com\/sk\/","logo":{"@type":"ImageObject","inLanguage":"sk-SK","@id":"https:\/\/www.chastia.com\/sk\/#\/schema\/logo\/image\/","url":"https:\/\/www.chastia.com\/wp-content\/uploads\/2024\/05\/chastia_V_T_logo.png","contentUrl":"https:\/\/www.chastia.com\/wp-content\/uploads\/2024\/05\/chastia_V_T_logo.png","width":1240,"height":827,"caption":"CHASTIA s.r.o."},"image":{"@id":"https:\/\/www.chastia.com\/sk\/#\/schema\/logo\/image\/"},"sameAs":["https:\/\/www.facebook.com\/chastia.cz"]}]}},"_links":{"self":[{"href":"https:\/\/www.chastia.com\/sk\/wp-json\/wp\/v2\/pages\/3627"}],"collection":[{"href":"https:\/\/www.chastia.com\/sk\/wp-json\/wp\/v2\/pages"}],"about":[{"href":"https:\/\/www.chastia.com\/sk\/wp-json\/wp\/v2\/types\/page"}],"author":[{"embeddable":true,"href":"https:\/\/www.chastia.com\/sk\/wp-json\/wp\/v2\/users\/1"}],"replies":[{"embeddable":true,"href":"https:\/\/www.chastia.com\/sk\/wp-json\/wp\/v2\/comments?post=3627"}],"version-history":[{"count":4,"href":"https:\/\/www.chastia.com\/sk\/wp-json\/wp\/v2\/pages\/3627\/revisions"}],"predecessor-version":[{"id":9722,"href":"https:\/\/www.chastia.com\/sk\/wp-json\/wp\/v2\/pages\/3627\/revisions\/9722"}],"up":[{"embeddable":true,"href":"https:\/\/www.chastia.com\/sk\/wp-json\/wp\/v2\/pages\/3462"}],"wp:attachment":[{"href":"https:\/\/www.chastia.com\/sk\/wp-json\/wp\/v2\/media?parent=3627"}],"curies":[{"name":"wp","href":"https:\/\/api.w.org\/{rel}","templated":true}]}}