{"id":3624,"date":"2016-11-02T11:09:27","date_gmt":"2016-11-02T10:09:27","guid":{"rendered":"http:\/\/chastia.pozorradar.sk\/?page_id=3624"},"modified":"2020-05-14T15:09:18","modified_gmt":"2020-05-14T13:09:18","slug":"module-verification-devices","status":"publish","type":"page","link":"https:\/\/www.chastia.com\/sk\/products\/chastia-fm\/module-verification-devices\/","title":{"rendered":"Modul Overovanie zariaden\u00ed"},"content":{"rendered":"<p>[vc_row][vc_column]<H2>Overovanie zariaden\u00ed <\/H2>[\/vc_column][\/vc_row]<\/p>\n<p>Modul rie\u0161i overovanie r\u00f4znych druhov zariaden\u00ed. Typick\u00fdm vyu\u017eit\u00edm m\u00f4\u017ee by\u0165 ciachovanie mera\u010dov energi\u00ed.<\/p>\n<p>Modul umo\u017e\u0148uje:<\/p>\n<ul>\n<li>Evidova\u0165 zariadenia podliehaj\u00face overovaniu.<\/li>\n<li>Evidova\u0165 miesta, kde sa zariadenia m\u00f4\u017eu po\u010das cel\u00e9ho procesu nach\u00e1dza\u0165.<\/li>\n<li>Prira\u010fova\u0165 zariadeniam aktivity (napr. ciachovanie, kalibr\u00e1cia) a napl\u00e1nova\u0165 ich.<\/li>\n<li>Definova\u0165 zariadeniam r\u00f4zne scen\u00e1re overovania.<\/li>\n<li>Evidova\u0165 priebeh overovania vr\u00e1tane evidencie sledovan\u00fdch technick\u00fdch \u00fadajov zariaden\u00ed.<\/li>\n<li>Evidova\u0165 hist\u00f3riu umiestnenia zariaden\u00ed na miestach (napr. skladoch).<\/li>\n<li>Evidova\u0165 hist\u00f3riu miest (merac\u00edch miest) z poh\u013eadu v\u00fdskytu zariaden\u00ed alebo ich komponentov na mieste po\u010das celej hist\u00f3rie.<\/li>\n<li>Generova\u0165 mont\u00e1\u017ene karty overovan\u00fdch zariaden\u00ed.<\/li>\n<li>Generova\u0165 pl\u00e1ny overovania na zvolen\u00e9 obdobie.<\/li>\n<li>Analyzova\u0165 priebeh overovania v \u010dase.<\/li>\n<\/ul>\n","protected":false},"excerpt":{"rendered":"<p>[vc_row][vc_column][\/vc_column][\/vc_row] Modul rie\u0161i overovanie r\u00f4znych druhov zariaden\u00ed. Typick\u00fdm vyu\u017eit\u00edm m\u00f4\u017ee by\u0165 ciachovanie mera\u010dov energi\u00ed. Modul umo\u017e\u0148uje: Evidova\u0165 zariadenia podliehaj\u00face overovaniu. Evidova\u0165 miesta, kde sa zariadenia m\u00f4\u017eu po\u010das cel\u00e9ho procesu nach\u00e1dza\u0165. Prira\u010fova\u0165 zariadeniam aktivity (napr. ciachovanie, kalibr\u00e1cia) a napl\u00e1nova\u0165 ich. Definova\u0165 zariadeniam r\u00f4zne scen\u00e1re overovania. Evidova\u0165 priebeh overovania vr\u00e1tane evidencie sledovan\u00fdch technick\u00fdch \u00fadajov zariaden\u00ed. Evidova\u0165 hist\u00f3riu [&hellip;]<\/p>\n","protected":false},"author":1,"featured_media":0,"parent":3462,"menu_order":0,"comment_status":"closed","ping_status":"closed","template":"","meta":{"footnotes":""},"yoast_head":"<!-- This site is optimized with the Yoast SEO plugin v22.8 - https:\/\/yoast.com\/wordpress\/plugins\/seo\/ -->\n<title>Modul Overovanie zariaden\u00ed - CHASTIA s.r.o.<\/title>\n<meta name=\"robots\" content=\"index, follow, max-snippet:-1, max-image-preview:large, max-video-preview:-1\" \/>\n<link rel=\"canonical\" href=\"https:\/\/www.chastia.com\/sk\/products\/chastia-fm\/module-verification-devices\/\" \/>\n<meta property=\"og:locale\" content=\"sk_SK\" \/>\n<meta property=\"og:type\" content=\"article\" \/>\n<meta property=\"og:title\" content=\"Modul Overovanie zariaden\u00ed - CHASTIA s.r.o.\" \/>\n<meta property=\"og:description\" content=\"[vc_row][vc_column][\/vc_column][\/vc_row] Modul rie\u0161i overovanie r\u00f4znych druhov zariaden\u00ed. Typick\u00fdm vyu\u017eit\u00edm m\u00f4\u017ee by\u0165 ciachovanie mera\u010dov energi\u00ed. Modul umo\u017e\u0148uje: Evidova\u0165 zariadenia podliehaj\u00face overovaniu. Evidova\u0165 miesta, kde sa zariadenia m\u00f4\u017eu po\u010das cel\u00e9ho procesu nach\u00e1dza\u0165. Prira\u010fova\u0165 zariadeniam aktivity (napr. ciachovanie, kalibr\u00e1cia) a napl\u00e1nova\u0165 ich. Definova\u0165 zariadeniam r\u00f4zne scen\u00e1re overovania. Evidova\u0165 priebeh overovania vr\u00e1tane evidencie sledovan\u00fdch technick\u00fdch \u00fadajov zariaden\u00ed. Evidova\u0165 hist\u00f3riu [&hellip;]\" \/>\n<meta property=\"og:url\" content=\"https:\/\/www.chastia.com\/sk\/products\/chastia-fm\/module-verification-devices\/\" \/>\n<meta property=\"og:site_name\" content=\"CHASTIA s.r.o.\" \/>\n<meta property=\"article:publisher\" content=\"https:\/\/www.facebook.com\/chastia.cz\" \/>\n<meta property=\"article:modified_time\" content=\"2020-05-14T13:09:18+00:00\" \/>\n<meta property=\"og:image\" content=\"https:\/\/www.chastia.com\/wp-content\/uploads\/2024\/05\/chastia_V_T_logo.png\" \/>\n\t<meta property=\"og:image:width\" content=\"1240\" \/>\n\t<meta property=\"og:image:height\" content=\"827\" \/>\n\t<meta property=\"og:image:type\" content=\"image\/png\" \/>\n<meta name=\"twitter:card\" content=\"summary_large_image\" \/>\n<meta name=\"twitter:label1\" content=\"Predpokladan\u00fd \u010das \u010d\u00edtania\" \/>\n\t<meta name=\"twitter:data1\" content=\"1 min\u00fata\" \/>\n<script type=\"application\/ld+json\" class=\"yoast-schema-graph\">{\"@context\":\"https:\/\/schema.org\",\"@graph\":[{\"@type\":\"WebPage\",\"@id\":\"https:\/\/www.chastia.com\/sk\/products\/chastia-fm\/module-verification-devices\/\",\"url\":\"https:\/\/www.chastia.com\/sk\/products\/chastia-fm\/module-verification-devices\/\",\"name\":\"Modul Overovanie zariaden\u00ed - CHASTIA s.r.o.\",\"isPartOf\":{\"@id\":\"https:\/\/www.chastia.com\/sk\/#website\"},\"datePublished\":\"2016-11-02T10:09:27+00:00\",\"dateModified\":\"2020-05-14T13:09:18+00:00\",\"breadcrumb\":{\"@id\":\"https:\/\/www.chastia.com\/sk\/products\/chastia-fm\/module-verification-devices\/#breadcrumb\"},\"inLanguage\":\"sk-SK\",\"potentialAction\":[{\"@type\":\"ReadAction\",\"target\":[\"https:\/\/www.chastia.com\/sk\/products\/chastia-fm\/module-verification-devices\/\"]}]},{\"@type\":\"BreadcrumbList\",\"@id\":\"https:\/\/www.chastia.com\/sk\/products\/chastia-fm\/module-verification-devices\/#breadcrumb\",\"itemListElement\":[{\"@type\":\"ListItem\",\"position\":1,\"name\":\"Home\",\"item\":\"https:\/\/www.chastia.com\/sk\/\"},{\"@type\":\"ListItem\",\"position\":2,\"name\":\"Produkty\",\"item\":\"https:\/\/www.chastia.com\/sk\/products\/\"},{\"@type\":\"ListItem\",\"position\":3,\"name\":\"Chastia FM\",\"item\":\"https:\/\/www.chastia.com\/sk\/products\/chastia-fm\/\"},{\"@type\":\"ListItem\",\"position\":4,\"name\":\"Modul Overovanie zariaden\u00ed\"}]},{\"@type\":\"WebSite\",\"@id\":\"https:\/\/www.chastia.com\/sk\/#website\",\"url\":\"https:\/\/www.chastia.com\/sk\/\",\"name\":\"CHASTIA s.r.o.\",\"description\":\"\",\"publisher\":{\"@id\":\"https:\/\/www.chastia.com\/sk\/#organization\"},\"alternateName\":\"CHASTIA\",\"potentialAction\":[{\"@type\":\"SearchAction\",\"target\":{\"@type\":\"EntryPoint\",\"urlTemplate\":\"https:\/\/www.chastia.com\/sk\/?s={search_term_string}\"},\"query-input\":\"required name=search_term_string\"}],\"inLanguage\":\"sk-SK\"},{\"@type\":\"Organization\",\"@id\":\"https:\/\/www.chastia.com\/sk\/#organization\",\"name\":\"CHASTIA s.r.o.\",\"url\":\"https:\/\/www.chastia.com\/sk\/\",\"logo\":{\"@type\":\"ImageObject\",\"inLanguage\":\"sk-SK\",\"@id\":\"https:\/\/www.chastia.com\/sk\/#\/schema\/logo\/image\/\",\"url\":\"https:\/\/www.chastia.com\/wp-content\/uploads\/2024\/05\/chastia_V_T_logo.png\",\"contentUrl\":\"https:\/\/www.chastia.com\/wp-content\/uploads\/2024\/05\/chastia_V_T_logo.png\",\"width\":1240,\"height\":827,\"caption\":\"CHASTIA s.r.o.\"},\"image\":{\"@id\":\"https:\/\/www.chastia.com\/sk\/#\/schema\/logo\/image\/\"},\"sameAs\":[\"https:\/\/www.facebook.com\/chastia.cz\"]}]}<\/script>\n<!-- \/ Yoast SEO plugin. -->","yoast_head_json":{"title":"Modul Overovanie zariaden\u00ed - CHASTIA s.r.o.","robots":{"index":"index","follow":"follow","max-snippet":"max-snippet:-1","max-image-preview":"max-image-preview:large","max-video-preview":"max-video-preview:-1"},"canonical":"https:\/\/www.chastia.com\/sk\/products\/chastia-fm\/module-verification-devices\/","og_locale":"sk_SK","og_type":"article","og_title":"Modul Overovanie zariaden\u00ed - CHASTIA s.r.o.","og_description":"[vc_row][vc_column][\/vc_column][\/vc_row] Modul rie\u0161i overovanie r\u00f4znych druhov zariaden\u00ed. Typick\u00fdm vyu\u017eit\u00edm m\u00f4\u017ee by\u0165 ciachovanie mera\u010dov energi\u00ed. Modul umo\u017e\u0148uje: Evidova\u0165 zariadenia podliehaj\u00face overovaniu. Evidova\u0165 miesta, kde sa zariadenia m\u00f4\u017eu po\u010das cel\u00e9ho procesu nach\u00e1dza\u0165. Prira\u010fova\u0165 zariadeniam aktivity (napr. ciachovanie, kalibr\u00e1cia) a napl\u00e1nova\u0165 ich. Definova\u0165 zariadeniam r\u00f4zne scen\u00e1re overovania. Evidova\u0165 priebeh overovania vr\u00e1tane evidencie sledovan\u00fdch technick\u00fdch \u00fadajov zariaden\u00ed. Evidova\u0165 hist\u00f3riu [&hellip;]","og_url":"https:\/\/www.chastia.com\/sk\/products\/chastia-fm\/module-verification-devices\/","og_site_name":"CHASTIA s.r.o.","article_publisher":"https:\/\/www.facebook.com\/chastia.cz","article_modified_time":"2020-05-14T13:09:18+00:00","og_image":[{"width":1240,"height":827,"url":"https:\/\/www.chastia.com\/wp-content\/uploads\/2024\/05\/chastia_V_T_logo.png","type":"image\/png"}],"twitter_card":"summary_large_image","twitter_misc":{"Predpokladan\u00fd \u010das \u010d\u00edtania":"1 min\u00fata"},"schema":{"@context":"https:\/\/schema.org","@graph":[{"@type":"WebPage","@id":"https:\/\/www.chastia.com\/sk\/products\/chastia-fm\/module-verification-devices\/","url":"https:\/\/www.chastia.com\/sk\/products\/chastia-fm\/module-verification-devices\/","name":"Modul Overovanie zariaden\u00ed - CHASTIA s.r.o.","isPartOf":{"@id":"https:\/\/www.chastia.com\/sk\/#website"},"datePublished":"2016-11-02T10:09:27+00:00","dateModified":"2020-05-14T13:09:18+00:00","breadcrumb":{"@id":"https:\/\/www.chastia.com\/sk\/products\/chastia-fm\/module-verification-devices\/#breadcrumb"},"inLanguage":"sk-SK","potentialAction":[{"@type":"ReadAction","target":["https:\/\/www.chastia.com\/sk\/products\/chastia-fm\/module-verification-devices\/"]}]},{"@type":"BreadcrumbList","@id":"https:\/\/www.chastia.com\/sk\/products\/chastia-fm\/module-verification-devices\/#breadcrumb","itemListElement":[{"@type":"ListItem","position":1,"name":"Home","item":"https:\/\/www.chastia.com\/sk\/"},{"@type":"ListItem","position":2,"name":"Produkty","item":"https:\/\/www.chastia.com\/sk\/products\/"},{"@type":"ListItem","position":3,"name":"Chastia FM","item":"https:\/\/www.chastia.com\/sk\/products\/chastia-fm\/"},{"@type":"ListItem","position":4,"name":"Modul Overovanie zariaden\u00ed"}]},{"@type":"WebSite","@id":"https:\/\/www.chastia.com\/sk\/#website","url":"https:\/\/www.chastia.com\/sk\/","name":"CHASTIA s.r.o.","description":"","publisher":{"@id":"https:\/\/www.chastia.com\/sk\/#organization"},"alternateName":"CHASTIA","potentialAction":[{"@type":"SearchAction","target":{"@type":"EntryPoint","urlTemplate":"https:\/\/www.chastia.com\/sk\/?s={search_term_string}"},"query-input":"required name=search_term_string"}],"inLanguage":"sk-SK"},{"@type":"Organization","@id":"https:\/\/www.chastia.com\/sk\/#organization","name":"CHASTIA s.r.o.","url":"https:\/\/www.chastia.com\/sk\/","logo":{"@type":"ImageObject","inLanguage":"sk-SK","@id":"https:\/\/www.chastia.com\/sk\/#\/schema\/logo\/image\/","url":"https:\/\/www.chastia.com\/wp-content\/uploads\/2024\/05\/chastia_V_T_logo.png","contentUrl":"https:\/\/www.chastia.com\/wp-content\/uploads\/2024\/05\/chastia_V_T_logo.png","width":1240,"height":827,"caption":"CHASTIA s.r.o."},"image":{"@id":"https:\/\/www.chastia.com\/sk\/#\/schema\/logo\/image\/"},"sameAs":["https:\/\/www.facebook.com\/chastia.cz"]}]}},"_links":{"self":[{"href":"https:\/\/www.chastia.com\/sk\/wp-json\/wp\/v2\/pages\/3624"}],"collection":[{"href":"https:\/\/www.chastia.com\/sk\/wp-json\/wp\/v2\/pages"}],"about":[{"href":"https:\/\/www.chastia.com\/sk\/wp-json\/wp\/v2\/types\/page"}],"author":[{"embeddable":true,"href":"https:\/\/www.chastia.com\/sk\/wp-json\/wp\/v2\/users\/1"}],"replies":[{"embeddable":true,"href":"https:\/\/www.chastia.com\/sk\/wp-json\/wp\/v2\/comments?post=3624"}],"version-history":[{"count":5,"href":"https:\/\/www.chastia.com\/sk\/wp-json\/wp\/v2\/pages\/3624\/revisions"}],"predecessor-version":[{"id":8245,"href":"https:\/\/www.chastia.com\/sk\/wp-json\/wp\/v2\/pages\/3624\/revisions\/8245"}],"up":[{"embeddable":true,"href":"https:\/\/www.chastia.com\/sk\/wp-json\/wp\/v2\/pages\/3462"}],"wp:attachment":[{"href":"https:\/\/www.chastia.com\/sk\/wp-json\/wp\/v2\/media?parent=3624"}],"curies":[{"name":"wp","href":"https:\/\/api.w.org\/{rel}","templated":true}]}}