{"id":3621,"date":"2016-11-02T11:07:57","date_gmt":"2016-11-02T10:07:57","guid":{"rendered":"http:\/\/chastia.pozorradar.sk\/?page_id=3621"},"modified":"2020-05-14T15:02:41","modified_gmt":"2020-05-14T13:02:41","slug":"module-property","status":"publish","type":"page","link":"https:\/\/www.chastia.com\/sk\/products\/chastia-fm\/module-property\/","title":{"rendered":"Modul Majetok"},"content":{"rendered":"<p>[vc_row][vc_column]<H2>Majetok<\/H2>[\/vc_column][\/vc_row]<\/p>\n<p>Modul rie\u0161i efekt\u00edvne sledovanie cel\u00e9ho \u017eivotn\u00e9ho cyklu objektu IS od zaobstarania a zaradenia do majetku, a\u017e po vyradenie z evidencie majetku. Predmetom sledovania s\u00fa listy vlastn\u00edctva, charakteristika objektu IS, \u017eivotnos\u0165, vlastn\u00edk\/n\u00e1jomca, cena, dod\u00e1vate\u013e a z\u00e1ruky, dod\u00e1vatelia servisu, pl\u00e1n \u00fadr\u017eby (prehliadky a rev\u00edzie, prevent\u00edvna \u00fadr\u017eba, sledovanie opotrebenia, &#8230;), hist\u00f3ria \u00fadr\u017eby, zmenov\u00e9 konanie, da\u0148ov\u00e9 a \u00fa\u010dtovn\u00e9 odpisy, at\u010f.<\/p>\n<p>Modul umo\u017e\u0148uje:<\/p>\n<ul>\n<li><strong>Kompletn\u00fa evidenciu listov vlastn\u00edcva v \u0161trukt\u00fare katastr\u00e1lnych \u00fadajov<\/strong>. Samozrejmos\u0165ou je mo\u017enos\u0165 pripojenia k z\u00e1znamu aj oskenovan\u00e9ho origin\u00e1lu listu vlastn\u00edctva. Okrem toho evidovan\u00e9 pozemky, objekty, bytov\u00e9 a nebytov\u00e9 priestory s\u00fa plne synchronizovan\u00e9 s celou Chastiou FM, \u010do znamen\u00e1 napr\u00edklad mo\u017enos\u0165 ich vizualiz\u00e1cie vo v\u00fdkresoch.<\/li>\n<li><strong>Evidenciu dod\u00e1vate\u013eov servisu<\/strong>\u00a0vr\u00e1tane \u0161tandardn\u00fdch dodac\u00edch podmienok, kontaktn\u00fdch \u00fadajov a podobne.<\/li>\n<li><strong>Sledovanie opotrebenia (vybran\u00fdch prev\u00e1dzkov\u00fdch \u00fadajov) <\/strong>sledovan\u00e9ho objektu alebo zariadenia, napr. po\u010det najazden\u00fdch kilometrov, po\u010det odpracovan\u00fdch hod\u00edn zariadenia, hr\u00fabka steny tlakovej n\u00e1doby a pod. Na z\u00e1klade dosiahnutia ur\u010dit\u00e9ho opotrebenia je mo\u017en\u00e9 automaticky pl\u00e1nova\u0165 \u00fadr\u017ebu.<\/li>\n<li><strong>Pl\u00e1nova\u0165 \u00fadr\u017ebu <\/strong>&#8211; modul\u00a0umo\u017e\u0148uje pl\u00e1nova\u0165 \u00fadr\u017ebu r\u00f4znymi sp\u00f4sobmi &#8211; pod\u013ea \u010dasovej periodicity, sez\u00f3nnych term\u00ednov, pod\u013ea dosiahnut\u00e9ho opotrebenia a ich kombin\u00e1ciami.<br \/>\nPolo\u017eky pl\u00e1nu je mo\u017en\u00e9 objektu IS priradi\u0165 z definovan\u00fdch predpisov \u00fadr\u017eby pre jednotliv\u00e9 typy objektov IS (napr. prehliadky a rev\u00edzie vyhraden\u00fdch technick\u00fdch zariaden\u00ed), alebo priamym z\u00e1pisom polo\u017eky \u00fadr\u017eby do pl\u00e1nu &#8211; napr. na z\u00e1klade doporu\u010denia v\u00fdrobcu.<\/li>\n<li><strong>Sledova\u0165 hist\u00f3riu \u00fadr\u017eby\u00a0<\/strong>&#8211; u uskuto\u010dnenej \u00fadr\u017eby sa sleduj\u00fa zisten\u00e9 nedostatky z prehliadok alebo rev\u00edzi\u00ed a priebeh ich odstra\u0148ovania, \u010falej sa sleduje aj opotrebenie, ak bolo po\u010das dan\u00e9ho \u00fakonu \u00fadr\u017eby zis\u0165ovan\u00e9. S\u00fa\u010das\u0165ou z\u00e1znamu o vykonanej \u00fadr\u017ebe je napr. dod\u00e1vate\u013e \u00fadr\u017eby, cena, z\u00e1ru\u010dn\u00e1 doba at\u010f.<br \/>\nNedostatky zisten\u00e9 po\u010das rev\u00edzi\u00ed sa pr\u00edsne sleduj\u00fa &#8211; vyhodnocuj\u00fa sa term\u00edny, zodpovedn\u00e9 osoby at\u010f.<\/li>\n<li>Ku ka\u017edej polo\u017eke \u00fadr\u017eby (servisn\u00e9mu \u00fakonu) je mo\u017en\u00e9 priradi\u0165 podrobn\u00fd <strong>pracovn\u00fd postup<\/strong> pre vykonanie \u00fadr\u017eby.<\/li>\n<li>Ku ka\u017edej polo\u017eke \u00fadr\u017eby je mo\u017en\u00e9<strong> pripoji\u0165 neobmedzen\u00fd po\u010det elektronick\u00fdch dokumentov<\/strong>\u00a0(napr. oskenovan\u00fd origin\u00e1l rev\u00edznej spr\u00e1vy, fotodokument\u00e1ciu a podobne).<\/li>\n<li><strong>Sledova\u0165 zmenov\u00e9 konanie &#8211; <\/strong>po\u010das servisn\u00fdch \u010dinnost\u00ed \u010dasto doch\u00e1dza k po\u017eiadavke \u00fapravy technickej dokument\u00e1cie (v\u00fdkresov, rev\u00edznych kn\u00edh a pod.). Tieto po\u017eiadavky je mo\u017en\u00e9 evidova\u0165 a sledova\u0165 ich vykonanie.<\/li>\n<li><strong>Sledova\u0165 odpisy a poplatky.<\/strong> Pre sledovan\u00e9 objekty informa\u010dn\u00e9ho syst\u00e9mu je mo\u017en\u00e9 evidova\u0165 a spravova\u0165 v\u0161etky druhy administrat\u00edvnych n\u00e1kladov, napr\u00edklad da\u0148ov\u00e9 a \u00fa\u010dtovn\u00e9 odpisy (s mo\u017enos\u0165ou v\u00fdpo\u010dtu alebo importu z \u00fa\u010dtovn\u00fdch programov), evidenciu dan\u00ed z nehnute\u013enost\u00ed, evidenciu poistn\u00fdch zml\u00fav vr\u00e1tane poplatkov, poistn\u00fdch udalost\u00ed a podobne.<\/li>\n<li><strong>Evidova\u0165 a rie\u0161i\u0165 reklam\u00e1cie<\/strong> &#8211; sledovanie r\u00f4znych druhov reklam\u00e1ci\u00ed (napr. pri odovzd\u00e1van\u00ed nov\u00fdch priestorov do u\u017e\u00edvania) umo\u017e\u0148uje presn\u00fa evidenciu, sledovanie po\u017eadovan\u00fdch a skuto\u010dn\u00fdch term\u00ednov odstr\u00e1nenia nedostatkov a pod.<\/li>\n<\/ul>\n<p>Samozrejmos\u0165ou je prepojenie sledovan\u00fdch objektov IS (zariaden\u00ed) na ich grafick\u00fa reprezent\u00e1ciu vo v\u00fdkresoch.<\/p>\n","protected":false},"excerpt":{"rendered":"<p>[vc_row][vc_column][\/vc_column][\/vc_row] Modul rie\u0161i efekt\u00edvne sledovanie cel\u00e9ho \u017eivotn\u00e9ho cyklu objektu IS od zaobstarania a zaradenia do majetku, a\u017e po vyradenie z evidencie majetku. Predmetom sledovania s\u00fa listy vlastn\u00edctva, charakteristika objektu IS, \u017eivotnos\u0165, vlastn\u00edk\/n\u00e1jomca, cena, dod\u00e1vate\u013e a z\u00e1ruky, dod\u00e1vatelia servisu, pl\u00e1n \u00fadr\u017eby (prehliadky a rev\u00edzie, prevent\u00edvna \u00fadr\u017eba, sledovanie opotrebenia, &#8230;), hist\u00f3ria \u00fadr\u017eby, zmenov\u00e9 konanie, da\u0148ov\u00e9 a \u00fa\u010dtovn\u00e9 [&hellip;]<\/p>\n","protected":false},"author":1,"featured_media":0,"parent":3462,"menu_order":0,"comment_status":"closed","ping_status":"closed","template":"","meta":{"footnotes":""},"yoast_head":"<!-- This site is optimized with the Yoast SEO plugin v22.8 - https:\/\/yoast.com\/wordpress\/plugins\/seo\/ -->\n<title>Modul Majetok - CHASTIA s.r.o.<\/title>\n<meta name=\"robots\" content=\"index, follow, max-snippet:-1, max-image-preview:large, max-video-preview:-1\" \/>\n<link rel=\"canonical\" href=\"https:\/\/www.chastia.com\/sk\/products\/chastia-fm\/module-property\/\" \/>\n<meta property=\"og:locale\" content=\"sk_SK\" \/>\n<meta property=\"og:type\" content=\"article\" \/>\n<meta property=\"og:title\" content=\"Modul Majetok - CHASTIA s.r.o.\" \/>\n<meta property=\"og:description\" content=\"[vc_row][vc_column][\/vc_column][\/vc_row] Modul rie\u0161i efekt\u00edvne sledovanie cel\u00e9ho \u017eivotn\u00e9ho cyklu objektu IS od zaobstarania a zaradenia do majetku, a\u017e po vyradenie z evidencie majetku. Predmetom sledovania s\u00fa listy vlastn\u00edctva, charakteristika objektu IS, \u017eivotnos\u0165, vlastn\u00edk\/n\u00e1jomca, cena, dod\u00e1vate\u013e a z\u00e1ruky, dod\u00e1vatelia servisu, pl\u00e1n \u00fadr\u017eby (prehliadky a rev\u00edzie, prevent\u00edvna \u00fadr\u017eba, sledovanie opotrebenia, &#8230;), hist\u00f3ria \u00fadr\u017eby, zmenov\u00e9 konanie, da\u0148ov\u00e9 a \u00fa\u010dtovn\u00e9 [&hellip;]\" \/>\n<meta property=\"og:url\" content=\"https:\/\/www.chastia.com\/sk\/products\/chastia-fm\/module-property\/\" \/>\n<meta property=\"og:site_name\" content=\"CHASTIA s.r.o.\" \/>\n<meta property=\"article:publisher\" content=\"https:\/\/www.facebook.com\/chastia.cz\" \/>\n<meta property=\"article:modified_time\" content=\"2020-05-14T13:02:41+00:00\" \/>\n<meta property=\"og:image\" content=\"https:\/\/www.chastia.com\/wp-content\/uploads\/2024\/05\/chastia_V_T_logo.png\" \/>\n\t<meta property=\"og:image:width\" content=\"1240\" \/>\n\t<meta property=\"og:image:height\" content=\"827\" \/>\n\t<meta property=\"og:image:type\" content=\"image\/png\" \/>\n<meta name=\"twitter:card\" content=\"summary_large_image\" \/>\n<meta name=\"twitter:label1\" content=\"Predpokladan\u00fd \u010das \u010d\u00edtania\" \/>\n\t<meta name=\"twitter:data1\" content=\"3 min\u00faty\" \/>\n<script type=\"application\/ld+json\" class=\"yoast-schema-graph\">{\"@context\":\"https:\/\/schema.org\",\"@graph\":[{\"@type\":\"WebPage\",\"@id\":\"https:\/\/www.chastia.com\/sk\/products\/chastia-fm\/module-property\/\",\"url\":\"https:\/\/www.chastia.com\/sk\/products\/chastia-fm\/module-property\/\",\"name\":\"Modul Majetok - CHASTIA s.r.o.\",\"isPartOf\":{\"@id\":\"https:\/\/www.chastia.com\/sk\/#website\"},\"datePublished\":\"2016-11-02T10:07:57+00:00\",\"dateModified\":\"2020-05-14T13:02:41+00:00\",\"breadcrumb\":{\"@id\":\"https:\/\/www.chastia.com\/sk\/products\/chastia-fm\/module-property\/#breadcrumb\"},\"inLanguage\":\"sk-SK\",\"potentialAction\":[{\"@type\":\"ReadAction\",\"target\":[\"https:\/\/www.chastia.com\/sk\/products\/chastia-fm\/module-property\/\"]}]},{\"@type\":\"BreadcrumbList\",\"@id\":\"https:\/\/www.chastia.com\/sk\/products\/chastia-fm\/module-property\/#breadcrumb\",\"itemListElement\":[{\"@type\":\"ListItem\",\"position\":1,\"name\":\"Home\",\"item\":\"https:\/\/www.chastia.com\/sk\/\"},{\"@type\":\"ListItem\",\"position\":2,\"name\":\"Produkty\",\"item\":\"https:\/\/www.chastia.com\/sk\/products\/\"},{\"@type\":\"ListItem\",\"position\":3,\"name\":\"Chastia FM\",\"item\":\"https:\/\/www.chastia.com\/sk\/products\/chastia-fm\/\"},{\"@type\":\"ListItem\",\"position\":4,\"name\":\"Modul Majetok\"}]},{\"@type\":\"WebSite\",\"@id\":\"https:\/\/www.chastia.com\/sk\/#website\",\"url\":\"https:\/\/www.chastia.com\/sk\/\",\"name\":\"CHASTIA s.r.o.\",\"description\":\"\",\"publisher\":{\"@id\":\"https:\/\/www.chastia.com\/sk\/#organization\"},\"alternateName\":\"CHASTIA\",\"potentialAction\":[{\"@type\":\"SearchAction\",\"target\":{\"@type\":\"EntryPoint\",\"urlTemplate\":\"https:\/\/www.chastia.com\/sk\/?s={search_term_string}\"},\"query-input\":\"required name=search_term_string\"}],\"inLanguage\":\"sk-SK\"},{\"@type\":\"Organization\",\"@id\":\"https:\/\/www.chastia.com\/sk\/#organization\",\"name\":\"CHASTIA s.r.o.\",\"url\":\"https:\/\/www.chastia.com\/sk\/\",\"logo\":{\"@type\":\"ImageObject\",\"inLanguage\":\"sk-SK\",\"@id\":\"https:\/\/www.chastia.com\/sk\/#\/schema\/logo\/image\/\",\"url\":\"https:\/\/www.chastia.com\/wp-content\/uploads\/2024\/05\/chastia_V_T_logo.png\",\"contentUrl\":\"https:\/\/www.chastia.com\/wp-content\/uploads\/2024\/05\/chastia_V_T_logo.png\",\"width\":1240,\"height\":827,\"caption\":\"CHASTIA s.r.o.\"},\"image\":{\"@id\":\"https:\/\/www.chastia.com\/sk\/#\/schema\/logo\/image\/\"},\"sameAs\":[\"https:\/\/www.facebook.com\/chastia.cz\"]}]}<\/script>\n<!-- \/ Yoast SEO plugin. -->","yoast_head_json":{"title":"Modul Majetok - CHASTIA s.r.o.","robots":{"index":"index","follow":"follow","max-snippet":"max-snippet:-1","max-image-preview":"max-image-preview:large","max-video-preview":"max-video-preview:-1"},"canonical":"https:\/\/www.chastia.com\/sk\/products\/chastia-fm\/module-property\/","og_locale":"sk_SK","og_type":"article","og_title":"Modul Majetok - CHASTIA s.r.o.","og_description":"[vc_row][vc_column][\/vc_column][\/vc_row] Modul rie\u0161i efekt\u00edvne sledovanie cel\u00e9ho \u017eivotn\u00e9ho cyklu objektu IS od zaobstarania a zaradenia do majetku, a\u017e po vyradenie z evidencie majetku. Predmetom sledovania s\u00fa listy vlastn\u00edctva, charakteristika objektu IS, \u017eivotnos\u0165, vlastn\u00edk\/n\u00e1jomca, cena, dod\u00e1vate\u013e a z\u00e1ruky, dod\u00e1vatelia servisu, pl\u00e1n \u00fadr\u017eby (prehliadky a rev\u00edzie, prevent\u00edvna \u00fadr\u017eba, sledovanie opotrebenia, &#8230;), hist\u00f3ria \u00fadr\u017eby, zmenov\u00e9 konanie, da\u0148ov\u00e9 a \u00fa\u010dtovn\u00e9 [&hellip;]","og_url":"https:\/\/www.chastia.com\/sk\/products\/chastia-fm\/module-property\/","og_site_name":"CHASTIA s.r.o.","article_publisher":"https:\/\/www.facebook.com\/chastia.cz","article_modified_time":"2020-05-14T13:02:41+00:00","og_image":[{"width":1240,"height":827,"url":"https:\/\/www.chastia.com\/wp-content\/uploads\/2024\/05\/chastia_V_T_logo.png","type":"image\/png"}],"twitter_card":"summary_large_image","twitter_misc":{"Predpokladan\u00fd \u010das \u010d\u00edtania":"3 min\u00faty"},"schema":{"@context":"https:\/\/schema.org","@graph":[{"@type":"WebPage","@id":"https:\/\/www.chastia.com\/sk\/products\/chastia-fm\/module-property\/","url":"https:\/\/www.chastia.com\/sk\/products\/chastia-fm\/module-property\/","name":"Modul Majetok - CHASTIA s.r.o.","isPartOf":{"@id":"https:\/\/www.chastia.com\/sk\/#website"},"datePublished":"2016-11-02T10:07:57+00:00","dateModified":"2020-05-14T13:02:41+00:00","breadcrumb":{"@id":"https:\/\/www.chastia.com\/sk\/products\/chastia-fm\/module-property\/#breadcrumb"},"inLanguage":"sk-SK","potentialAction":[{"@type":"ReadAction","target":["https:\/\/www.chastia.com\/sk\/products\/chastia-fm\/module-property\/"]}]},{"@type":"BreadcrumbList","@id":"https:\/\/www.chastia.com\/sk\/products\/chastia-fm\/module-property\/#breadcrumb","itemListElement":[{"@type":"ListItem","position":1,"name":"Home","item":"https:\/\/www.chastia.com\/sk\/"},{"@type":"ListItem","position":2,"name":"Produkty","item":"https:\/\/www.chastia.com\/sk\/products\/"},{"@type":"ListItem","position":3,"name":"Chastia FM","item":"https:\/\/www.chastia.com\/sk\/products\/chastia-fm\/"},{"@type":"ListItem","position":4,"name":"Modul Majetok"}]},{"@type":"WebSite","@id":"https:\/\/www.chastia.com\/sk\/#website","url":"https:\/\/www.chastia.com\/sk\/","name":"CHASTIA s.r.o.","description":"","publisher":{"@id":"https:\/\/www.chastia.com\/sk\/#organization"},"alternateName":"CHASTIA","potentialAction":[{"@type":"SearchAction","target":{"@type":"EntryPoint","urlTemplate":"https:\/\/www.chastia.com\/sk\/?s={search_term_string}"},"query-input":"required name=search_term_string"}],"inLanguage":"sk-SK"},{"@type":"Organization","@id":"https:\/\/www.chastia.com\/sk\/#organization","name":"CHASTIA s.r.o.","url":"https:\/\/www.chastia.com\/sk\/","logo":{"@type":"ImageObject","inLanguage":"sk-SK","@id":"https:\/\/www.chastia.com\/sk\/#\/schema\/logo\/image\/","url":"https:\/\/www.chastia.com\/wp-content\/uploads\/2024\/05\/chastia_V_T_logo.png","contentUrl":"https:\/\/www.chastia.com\/wp-content\/uploads\/2024\/05\/chastia_V_T_logo.png","width":1240,"height":827,"caption":"CHASTIA s.r.o."},"image":{"@id":"https:\/\/www.chastia.com\/sk\/#\/schema\/logo\/image\/"},"sameAs":["https:\/\/www.facebook.com\/chastia.cz"]}]}},"_links":{"self":[{"href":"https:\/\/www.chastia.com\/sk\/wp-json\/wp\/v2\/pages\/3621"}],"collection":[{"href":"https:\/\/www.chastia.com\/sk\/wp-json\/wp\/v2\/pages"}],"about":[{"href":"https:\/\/www.chastia.com\/sk\/wp-json\/wp\/v2\/types\/page"}],"author":[{"embeddable":true,"href":"https:\/\/www.chastia.com\/sk\/wp-json\/wp\/v2\/users\/1"}],"replies":[{"embeddable":true,"href":"https:\/\/www.chastia.com\/sk\/wp-json\/wp\/v2\/comments?post=3621"}],"version-history":[{"count":5,"href":"https:\/\/www.chastia.com\/sk\/wp-json\/wp\/v2\/pages\/3621\/revisions"}],"predecessor-version":[{"id":8244,"href":"https:\/\/www.chastia.com\/sk\/wp-json\/wp\/v2\/pages\/3621\/revisions\/8244"}],"up":[{"embeddable":true,"href":"https:\/\/www.chastia.com\/sk\/wp-json\/wp\/v2\/pages\/3462"}],"wp:attachment":[{"href":"https:\/\/www.chastia.com\/sk\/wp-json\/wp\/v2\/media?parent=3621"}],"curies":[{"name":"wp","href":"https:\/\/api.w.org\/{rel}","templated":true}]}}