{"id":3615,"date":"2016-11-02T11:04:03","date_gmt":"2016-11-02T10:04:03","guid":{"rendered":"http:\/\/chastia.pozorradar.sk\/?page_id=3615"},"modified":"2017-01-11T12:11:37","modified_gmt":"2017-01-11T11:11:37","slug":"module-economic","status":"publish","type":"page","link":"https:\/\/www.chastia.com\/sk\/products\/chastia-fm\/module-economic\/","title":{"rendered":"Modul Ekonomika"},"content":{"rendered":"<p>[vc_row][vc_column]<H2>Ekonomika<\/H2>[\/vc_column][\/vc_row]<\/p>\n<p>Predmetom rie\u0161enia modulu je evidencia do\u0161l\u00fdch \u00fahrad za vystaven\u00e9 fakt\u00fary z Chastie FM, ich p\u00e1rovanie na vystaven\u00e9 doklady a sledovanie poh\u013ead\u00e1vok a\u017e po ich \u00fapln\u00e9 vyrie\u0161enie.<\/p>\n<p>Modul umo\u017e\u0148uje najm\u00e4:<\/p>\n<ul>\n<li><strong>Evidova\u0165 do\u0161l\u00e9 \u00fahrady <\/strong>&#8211; ru\u010dn\u00fdm zadan\u00edm, importom z \u00fa\u010dtovn\u00edctva alebo importom elektronick\u00fdch bankov\u00fdch v\u00fdpisov.<\/li>\n<li><strong>P\u00e1rovanie \u00fahrad <\/strong>na vystaven\u00e9 doklady alebo partnera (automaticky, poloautomaticky, ru\u010dne).<\/li>\n<li><strong>Sledovanie poh\u013ead\u00e1vok <\/strong>&#8211; pod\u013ea u\u017e\u00edvate\u013esky definovate\u013en\u00e9ho &#8220;workflow&#8221; sleduje platenie \u00fahrad za vystaven\u00e9 doklady, vypo\u010d\u00edtava dobu ome\u0161kania, pen\u00e1le a rie\u0161i generovanie upomienok.<\/li>\n<li><strong>Anal\u00fdzu poh\u013ead\u00e1vok <\/strong>prostredn\u00edctvom r\u00f4znych poh\u013eadov.<\/li>\n<\/ul>\n","protected":false},"excerpt":{"rendered":"<p>[vc_row][vc_column][\/vc_column][\/vc_row] Predmetom rie\u0161enia modulu je evidencia do\u0161l\u00fdch \u00fahrad za vystaven\u00e9 fakt\u00fary z Chastie FM, ich p\u00e1rovanie na vystaven\u00e9 doklady a sledovanie poh\u013ead\u00e1vok a\u017e po ich \u00fapln\u00e9 vyrie\u0161enie. Modul umo\u017e\u0148uje najm\u00e4: Evidova\u0165 do\u0161l\u00e9 \u00fahrady &#8211; ru\u010dn\u00fdm zadan\u00edm, importom z \u00fa\u010dtovn\u00edctva alebo importom elektronick\u00fdch bankov\u00fdch v\u00fdpisov. P\u00e1rovanie \u00fahrad na vystaven\u00e9 doklady alebo partnera (automaticky, poloautomaticky, ru\u010dne). Sledovanie [&hellip;]<\/p>\n","protected":false},"author":1,"featured_media":0,"parent":3462,"menu_order":0,"comment_status":"closed","ping_status":"closed","template":"","meta":{"footnotes":""},"yoast_head":"<!-- This site is optimized with the Yoast SEO plugin v22.8 - https:\/\/yoast.com\/wordpress\/plugins\/seo\/ -->\n<title>Modul Ekonomika - CHASTIA s.r.o.<\/title>\n<meta name=\"robots\" content=\"index, follow, max-snippet:-1, max-image-preview:large, max-video-preview:-1\" \/>\n<link rel=\"canonical\" href=\"https:\/\/www.chastia.com\/sk\/products\/chastia-fm\/module-economic\/\" \/>\n<meta property=\"og:locale\" content=\"sk_SK\" \/>\n<meta property=\"og:type\" content=\"article\" \/>\n<meta property=\"og:title\" content=\"Modul Ekonomika - CHASTIA s.r.o.\" \/>\n<meta property=\"og:description\" content=\"[vc_row][vc_column][\/vc_column][\/vc_row] Predmetom rie\u0161enia modulu je evidencia do\u0161l\u00fdch \u00fahrad za vystaven\u00e9 fakt\u00fary z Chastie FM, ich p\u00e1rovanie na vystaven\u00e9 doklady a sledovanie poh\u013ead\u00e1vok a\u017e po ich \u00fapln\u00e9 vyrie\u0161enie. Modul umo\u017e\u0148uje najm\u00e4: Evidova\u0165 do\u0161l\u00e9 \u00fahrady &#8211; ru\u010dn\u00fdm zadan\u00edm, importom z \u00fa\u010dtovn\u00edctva alebo importom elektronick\u00fdch bankov\u00fdch v\u00fdpisov. P\u00e1rovanie \u00fahrad na vystaven\u00e9 doklady alebo partnera (automaticky, poloautomaticky, ru\u010dne). Sledovanie [&hellip;]\" \/>\n<meta property=\"og:url\" content=\"https:\/\/www.chastia.com\/sk\/products\/chastia-fm\/module-economic\/\" \/>\n<meta property=\"og:site_name\" content=\"CHASTIA s.r.o.\" \/>\n<meta property=\"article:publisher\" content=\"https:\/\/www.facebook.com\/chastia.cz\" \/>\n<meta property=\"article:modified_time\" content=\"2017-01-11T11:11:37+00:00\" \/>\n<meta property=\"og:image\" content=\"https:\/\/www.chastia.com\/wp-content\/uploads\/2024\/05\/chastia_V_T_logo.png\" \/>\n\t<meta property=\"og:image:width\" content=\"1240\" \/>\n\t<meta property=\"og:image:height\" content=\"827\" \/>\n\t<meta property=\"og:image:type\" content=\"image\/png\" \/>\n<meta name=\"twitter:card\" content=\"summary_large_image\" \/>\n<meta name=\"twitter:label1\" content=\"Predpokladan\u00fd \u010das \u010d\u00edtania\" \/>\n\t<meta name=\"twitter:data1\" content=\"1 min\u00fata\" \/>\n<script type=\"application\/ld+json\" class=\"yoast-schema-graph\">{\"@context\":\"https:\/\/schema.org\",\"@graph\":[{\"@type\":\"WebPage\",\"@id\":\"https:\/\/www.chastia.com\/sk\/products\/chastia-fm\/module-economic\/\",\"url\":\"https:\/\/www.chastia.com\/sk\/products\/chastia-fm\/module-economic\/\",\"name\":\"Modul Ekonomika - CHASTIA s.r.o.\",\"isPartOf\":{\"@id\":\"https:\/\/www.chastia.com\/sk\/#website\"},\"datePublished\":\"2016-11-02T10:04:03+00:00\",\"dateModified\":\"2017-01-11T11:11:37+00:00\",\"breadcrumb\":{\"@id\":\"https:\/\/www.chastia.com\/sk\/products\/chastia-fm\/module-economic\/#breadcrumb\"},\"inLanguage\":\"sk-SK\",\"potentialAction\":[{\"@type\":\"ReadAction\",\"target\":[\"https:\/\/www.chastia.com\/sk\/products\/chastia-fm\/module-economic\/\"]}]},{\"@type\":\"BreadcrumbList\",\"@id\":\"https:\/\/www.chastia.com\/sk\/products\/chastia-fm\/module-economic\/#breadcrumb\",\"itemListElement\":[{\"@type\":\"ListItem\",\"position\":1,\"name\":\"Home\",\"item\":\"https:\/\/www.chastia.com\/sk\/\"},{\"@type\":\"ListItem\",\"position\":2,\"name\":\"Produkty\",\"item\":\"https:\/\/www.chastia.com\/sk\/products\/\"},{\"@type\":\"ListItem\",\"position\":3,\"name\":\"Chastia FM\",\"item\":\"https:\/\/www.chastia.com\/sk\/products\/chastia-fm\/\"},{\"@type\":\"ListItem\",\"position\":4,\"name\":\"Modul Ekonomika\"}]},{\"@type\":\"WebSite\",\"@id\":\"https:\/\/www.chastia.com\/sk\/#website\",\"url\":\"https:\/\/www.chastia.com\/sk\/\",\"name\":\"CHASTIA s.r.o.\",\"description\":\"\",\"publisher\":{\"@id\":\"https:\/\/www.chastia.com\/sk\/#organization\"},\"alternateName\":\"CHASTIA\",\"potentialAction\":[{\"@type\":\"SearchAction\",\"target\":{\"@type\":\"EntryPoint\",\"urlTemplate\":\"https:\/\/www.chastia.com\/sk\/?s={search_term_string}\"},\"query-input\":\"required name=search_term_string\"}],\"inLanguage\":\"sk-SK\"},{\"@type\":\"Organization\",\"@id\":\"https:\/\/www.chastia.com\/sk\/#organization\",\"name\":\"CHASTIA s.r.o.\",\"url\":\"https:\/\/www.chastia.com\/sk\/\",\"logo\":{\"@type\":\"ImageObject\",\"inLanguage\":\"sk-SK\",\"@id\":\"https:\/\/www.chastia.com\/sk\/#\/schema\/logo\/image\/\",\"url\":\"https:\/\/www.chastia.com\/wp-content\/uploads\/2024\/05\/chastia_V_T_logo.png\",\"contentUrl\":\"https:\/\/www.chastia.com\/wp-content\/uploads\/2024\/05\/chastia_V_T_logo.png\",\"width\":1240,\"height\":827,\"caption\":\"CHASTIA s.r.o.\"},\"image\":{\"@id\":\"https:\/\/www.chastia.com\/sk\/#\/schema\/logo\/image\/\"},\"sameAs\":[\"https:\/\/www.facebook.com\/chastia.cz\"]}]}<\/script>\n<!-- \/ Yoast SEO plugin. -->","yoast_head_json":{"title":"Modul Ekonomika - CHASTIA s.r.o.","robots":{"index":"index","follow":"follow","max-snippet":"max-snippet:-1","max-image-preview":"max-image-preview:large","max-video-preview":"max-video-preview:-1"},"canonical":"https:\/\/www.chastia.com\/sk\/products\/chastia-fm\/module-economic\/","og_locale":"sk_SK","og_type":"article","og_title":"Modul Ekonomika - CHASTIA s.r.o.","og_description":"[vc_row][vc_column][\/vc_column][\/vc_row] Predmetom rie\u0161enia modulu je evidencia do\u0161l\u00fdch \u00fahrad za vystaven\u00e9 fakt\u00fary z Chastie FM, ich p\u00e1rovanie na vystaven\u00e9 doklady a sledovanie poh\u013ead\u00e1vok a\u017e po ich \u00fapln\u00e9 vyrie\u0161enie. Modul umo\u017e\u0148uje najm\u00e4: Evidova\u0165 do\u0161l\u00e9 \u00fahrady &#8211; ru\u010dn\u00fdm zadan\u00edm, importom z \u00fa\u010dtovn\u00edctva alebo importom elektronick\u00fdch bankov\u00fdch v\u00fdpisov. P\u00e1rovanie \u00fahrad na vystaven\u00e9 doklady alebo partnera (automaticky, poloautomaticky, ru\u010dne). Sledovanie [&hellip;]","og_url":"https:\/\/www.chastia.com\/sk\/products\/chastia-fm\/module-economic\/","og_site_name":"CHASTIA s.r.o.","article_publisher":"https:\/\/www.facebook.com\/chastia.cz","article_modified_time":"2017-01-11T11:11:37+00:00","og_image":[{"width":1240,"height":827,"url":"https:\/\/www.chastia.com\/wp-content\/uploads\/2024\/05\/chastia_V_T_logo.png","type":"image\/png"}],"twitter_card":"summary_large_image","twitter_misc":{"Predpokladan\u00fd \u010das \u010d\u00edtania":"1 min\u00fata"},"schema":{"@context":"https:\/\/schema.org","@graph":[{"@type":"WebPage","@id":"https:\/\/www.chastia.com\/sk\/products\/chastia-fm\/module-economic\/","url":"https:\/\/www.chastia.com\/sk\/products\/chastia-fm\/module-economic\/","name":"Modul Ekonomika - CHASTIA s.r.o.","isPartOf":{"@id":"https:\/\/www.chastia.com\/sk\/#website"},"datePublished":"2016-11-02T10:04:03+00:00","dateModified":"2017-01-11T11:11:37+00:00","breadcrumb":{"@id":"https:\/\/www.chastia.com\/sk\/products\/chastia-fm\/module-economic\/#breadcrumb"},"inLanguage":"sk-SK","potentialAction":[{"@type":"ReadAction","target":["https:\/\/www.chastia.com\/sk\/products\/chastia-fm\/module-economic\/"]}]},{"@type":"BreadcrumbList","@id":"https:\/\/www.chastia.com\/sk\/products\/chastia-fm\/module-economic\/#breadcrumb","itemListElement":[{"@type":"ListItem","position":1,"name":"Home","item":"https:\/\/www.chastia.com\/sk\/"},{"@type":"ListItem","position":2,"name":"Produkty","item":"https:\/\/www.chastia.com\/sk\/products\/"},{"@type":"ListItem","position":3,"name":"Chastia FM","item":"https:\/\/www.chastia.com\/sk\/products\/chastia-fm\/"},{"@type":"ListItem","position":4,"name":"Modul Ekonomika"}]},{"@type":"WebSite","@id":"https:\/\/www.chastia.com\/sk\/#website","url":"https:\/\/www.chastia.com\/sk\/","name":"CHASTIA s.r.o.","description":"","publisher":{"@id":"https:\/\/www.chastia.com\/sk\/#organization"},"alternateName":"CHASTIA","potentialAction":[{"@type":"SearchAction","target":{"@type":"EntryPoint","urlTemplate":"https:\/\/www.chastia.com\/sk\/?s={search_term_string}"},"query-input":"required name=search_term_string"}],"inLanguage":"sk-SK"},{"@type":"Organization","@id":"https:\/\/www.chastia.com\/sk\/#organization","name":"CHASTIA s.r.o.","url":"https:\/\/www.chastia.com\/sk\/","logo":{"@type":"ImageObject","inLanguage":"sk-SK","@id":"https:\/\/www.chastia.com\/sk\/#\/schema\/logo\/image\/","url":"https:\/\/www.chastia.com\/wp-content\/uploads\/2024\/05\/chastia_V_T_logo.png","contentUrl":"https:\/\/www.chastia.com\/wp-content\/uploads\/2024\/05\/chastia_V_T_logo.png","width":1240,"height":827,"caption":"CHASTIA s.r.o."},"image":{"@id":"https:\/\/www.chastia.com\/sk\/#\/schema\/logo\/image\/"},"sameAs":["https:\/\/www.facebook.com\/chastia.cz"]}]}},"_links":{"self":[{"href":"https:\/\/www.chastia.com\/sk\/wp-json\/wp\/v2\/pages\/3615"}],"collection":[{"href":"https:\/\/www.chastia.com\/sk\/wp-json\/wp\/v2\/pages"}],"about":[{"href":"https:\/\/www.chastia.com\/sk\/wp-json\/wp\/v2\/types\/page"}],"author":[{"embeddable":true,"href":"https:\/\/www.chastia.com\/sk\/wp-json\/wp\/v2\/users\/1"}],"replies":[{"embeddable":true,"href":"https:\/\/www.chastia.com\/sk\/wp-json\/wp\/v2\/comments?post=3615"}],"version-history":[{"count":1,"href":"https:\/\/www.chastia.com\/sk\/wp-json\/wp\/v2\/pages\/3615\/revisions"}],"predecessor-version":[{"id":3616,"href":"https:\/\/www.chastia.com\/sk\/wp-json\/wp\/v2\/pages\/3615\/revisions\/3616"}],"up":[{"embeddable":true,"href":"https:\/\/www.chastia.com\/sk\/wp-json\/wp\/v2\/pages\/3462"}],"wp:attachment":[{"href":"https:\/\/www.chastia.com\/sk\/wp-json\/wp\/v2\/media?parent=3615"}],"curies":[{"name":"wp","href":"https:\/\/api.w.org\/{rel}","templated":true}]}}