{"id":3612,"date":"2016-11-02T11:01:23","date_gmt":"2016-11-02T10:01:23","guid":{"rendered":"http:\/\/chastia.pozorradar.sk\/?page_id=3612"},"modified":"2020-05-14T14:57:05","modified_gmt":"2020-05-14T12:57:05","slug":"module-management-and-rentals","status":"publish","type":"page","link":"https:\/\/www.chastia.com\/sk\/products\/chastia-fm\/module-management-and-rentals\/","title":{"rendered":"Modul Spr\u00e1va a n\u00e1jmy"},"content":{"rendered":"<p>[vc_row][vc_column]<H2>Spr\u00e1va a n\u00e1jmy <\/H2>[\/vc_column][\/vc_row]<\/p>\n<p>Modul umo\u017e\u0148uje majite\u013eom a spr\u00e1vcom nehnute\u013enost\u00ed sledova\u0165 v\u0161etky inform\u00e1cie viazan\u00e9 na spravovan\u00fd alebo prenaj\u00edman\u00fd majetok. Umo\u017e\u0148uje vies\u0165 evidenciu o spr\u00e1ve alebo n\u00e1jmoch pl\u00f4ch a zariaden\u00ed, o poskytovan\u00fdch slu\u017eb\u00e1ch, o zmluv\u00e1ch, vyu\u017e\u00edvan\u00ed pl\u00f4ch, o tr\u017eb\u00e1ch za spr\u00e1vu alebo n\u00e1jmy a podobne. \u00dadaje v datab\u00e1ze maj\u00fa priame prepojenie na zobrazenie priestorov a zariaden\u00ed vo v\u00fdkresoch v re\u00e1lnom \u010dase.<\/p>\n<p>Modul rozli\u0161uje \u0161tyri z\u00e1kladn\u00e9 druhy spr\u00e1vcovsk\u00fdch \u010dinnost\u00ed :<\/p>\n<ol>\n<li>Spr\u00e1va majetku<\/li>\n<li>Pride\u013eovanie vlastn\u00fdm oddeleniam<\/li>\n<li>N\u00e1jmy cudz\u00edm firm\u00e1m<\/li>\n<li>Dod\u00e1vka energi\u00ed a slu\u017eieb<\/li>\n<\/ol>\n<div>\u010eal\u0161ie druhy \u010dinnost\u00ed s\u00fa vo\u013ene definovate\u013en\u00e9 pou\u017e\u00edvate\u013eom.<\/div>\n<p>Modul umo\u017e\u0148uje rie\u0161i\u0165 najm\u00e4:<\/p>\n<ul>\n<li><strong>Zmluvn\u00e9 vz\u0165ahy<\/strong> (o v\u00fdkone spr\u00e1vy, o n\u00e1jme, o dod\u00e1vke energi\u00ed a slu\u017eieb a pod., sledovanie predmetu zmluvy po\u010das celej \u017eivotnosti zmluvn\u00e9ho vz\u0165ahu, faktur\u00e1cia, vy\u00fa\u010dtovanie a pod.<br \/>\nPlochy, odbern\u00e9 miesta a zariadenia je mo\u017en\u00e9 zad\u00e1va\u0165 do zmluvn\u00e9ho vz\u0165ahu pomocou <span class=\"highl\">v\u00fdberu <\/span>vo\u013en\u00fdch pl\u00f4ch alebo nepridelen\u00fdch odbern\u00fdch miest a zariaden\u00ed <span class=\"highl\">vo v\u00fdkresoch alebo v datab\u00e1ze<\/span>. Vo\u013en\u00e9 plochy je mo\u017en\u00e9 vo v\u00fdkresoch odl\u00ed\u0161i\u0165 farebne pre r\u00fdchlej\u0161iu orient\u00e1ciu vo v\u00fdkrese.<\/li>\n<li><span class=\"highl\"><strong>Automatick\u00e9 generovanie dokumentov <\/strong>&#8211; <\/span>zml\u00fav, dodatkov ku zmluv\u00e1m, predpisov n\u00e1jomn\u00e9ho a v\u00fdpoved\u00ed pomocou pou\u017e\u00edvate\u013esky preddefinovan\u00fdch \u0161abl\u00f3n a fakt\u00far (spl\u00e1tkov\u00fdch kalend\u00e1rov, z\u00e1lohov\u00fdch predpisov, z\u00e1lohov\u00fdch a riadnych fakt\u00far, vy\u00fa\u010dtovania).<\/li>\n<li>V\u0161etky generovan\u00e9 podp\u00edsan\u00e9<strong> dokumenty sa ukladaj\u00fa do centr\u00e1lneho \u00falo\u017eiska dokumentov <\/strong>Chastie FM (pozri modul Dokumenty) vo form\u00e1te PDF &#8211; s\u00fa dostupn\u00e9 k nahliadnutiu aj mimo tohto modulu jednoduch\u00fdm kliknut\u00edm my\u0161ou na \u013eubovo\u013en\u00fd objekt IS (ktor\u00fd sa nach\u00e1dza v danom zmluvnom vz\u0165ahu) vo v\u00fdkrese alebo v datab\u00e1ze.<\/li>\n<li><strong>V\u00fdstupn\u00e9 zostavy<\/strong>, ktor\u00e9 s\u00fa mo\u017en\u00e9 v tabu\u013ekovej a textovej forme alebo pomocou farebnej klasifik\u00e1cie vo v\u00fdkresoch.<\/li>\n<\/ul>\n<p>Pr\u00edklady textov\u00fdch a tabu\u013ekov\u00fdch v\u00fdstupn\u00fdch zost\u00e1v:<\/p>\n<ul>\n<li>preh\u013ead zmluvn\u00fdch vz\u0165ahov,<\/li>\n<li>extern\u00e9 mesa\u010dn\u00e9 n\u00e1jomn\u00e9,<\/li>\n<li>kniha fakt\u00far,<\/li>\n<li>pl\u00e1n tr\u017eieb,<\/li>\n<li>preh\u013ead mesa\u010dn\u00e9ho n\u00e1jomn\u00e9ho,<\/li>\n<li>percentu\u00e1lna obsadenos\u0165 pl\u00f4ch,<\/li>\n<li>obsadenos\u0165 parkovac\u00edch miest,<\/li>\n<li>&#8230;<\/li>\n<\/ul>\n<p>Pr\u00edklady farebn\u00fdch klasifik\u00e1ci\u00ed vo v\u00fdkresoch:<\/p>\n<ul>\n<li>pod\u013ea prenaj\u00edmate\u013enosti pl\u00f4ch,<\/li>\n<li>vypr\u0161anie v\u00fdpovednej lehoty,<\/li>\n<li>pod\u013ea v\u00fd\u0161ky rozpo\u010d\u00edtan\u00fdch n\u00e1kladov,<\/li>\n<li>pod\u013ea met\u00f3dy rozpo\u010d\u00edtania,<\/li>\n<li>pod\u013ea n\u00e1jomcov,<\/li>\n<li>rezerv\u00e1cie,<\/li>\n<li>&#8230;<\/li>\n<\/ul>\n","protected":false},"excerpt":{"rendered":"<p>[vc_row][vc_column][\/vc_column][\/vc_row] Modul umo\u017e\u0148uje majite\u013eom a spr\u00e1vcom nehnute\u013enost\u00ed sledova\u0165 v\u0161etky inform\u00e1cie viazan\u00e9 na spravovan\u00fd alebo prenaj\u00edman\u00fd majetok. Umo\u017e\u0148uje vies\u0165 evidenciu o spr\u00e1ve alebo n\u00e1jmoch pl\u00f4ch a zariaden\u00ed, o poskytovan\u00fdch slu\u017eb\u00e1ch, o zmluv\u00e1ch, vyu\u017e\u00edvan\u00ed pl\u00f4ch, o tr\u017eb\u00e1ch za spr\u00e1vu alebo n\u00e1jmy a podobne. \u00dadaje v datab\u00e1ze maj\u00fa priame prepojenie na zobrazenie priestorov a zariaden\u00ed vo v\u00fdkresoch v [&hellip;]<\/p>\n","protected":false},"author":1,"featured_media":0,"parent":3462,"menu_order":0,"comment_status":"closed","ping_status":"closed","template":"","meta":{"footnotes":""},"yoast_head":"<!-- This site is optimized with the Yoast SEO plugin v22.8 - https:\/\/yoast.com\/wordpress\/plugins\/seo\/ -->\n<title>Modul Spr\u00e1va a n\u00e1jmy - CHASTIA s.r.o.<\/title>\n<meta name=\"robots\" content=\"index, follow, max-snippet:-1, max-image-preview:large, max-video-preview:-1\" \/>\n<link rel=\"canonical\" href=\"https:\/\/www.chastia.com\/sk\/products\/chastia-fm\/module-management-and-rentals\/\" \/>\n<meta property=\"og:locale\" content=\"sk_SK\" \/>\n<meta property=\"og:type\" content=\"article\" \/>\n<meta property=\"og:title\" content=\"Modul Spr\u00e1va a n\u00e1jmy - CHASTIA s.r.o.\" \/>\n<meta property=\"og:description\" content=\"[vc_row][vc_column][\/vc_column][\/vc_row] Modul umo\u017e\u0148uje majite\u013eom a spr\u00e1vcom nehnute\u013enost\u00ed sledova\u0165 v\u0161etky inform\u00e1cie viazan\u00e9 na spravovan\u00fd alebo prenaj\u00edman\u00fd majetok. Umo\u017e\u0148uje vies\u0165 evidenciu o spr\u00e1ve alebo n\u00e1jmoch pl\u00f4ch a zariaden\u00ed, o poskytovan\u00fdch slu\u017eb\u00e1ch, o zmluv\u00e1ch, vyu\u017e\u00edvan\u00ed pl\u00f4ch, o tr\u017eb\u00e1ch za spr\u00e1vu alebo n\u00e1jmy a podobne. \u00dadaje v datab\u00e1ze maj\u00fa priame prepojenie na zobrazenie priestorov a zariaden\u00ed vo v\u00fdkresoch v [&hellip;]\" \/>\n<meta property=\"og:url\" content=\"https:\/\/www.chastia.com\/sk\/products\/chastia-fm\/module-management-and-rentals\/\" \/>\n<meta property=\"og:site_name\" content=\"CHASTIA s.r.o.\" \/>\n<meta property=\"article:publisher\" content=\"https:\/\/www.facebook.com\/chastia.cz\" \/>\n<meta property=\"article:modified_time\" content=\"2020-05-14T12:57:05+00:00\" \/>\n<meta property=\"og:image\" content=\"https:\/\/www.chastia.com\/wp-content\/uploads\/2024\/05\/chastia_V_T_logo.png\" \/>\n\t<meta property=\"og:image:width\" content=\"1240\" \/>\n\t<meta property=\"og:image:height\" content=\"827\" \/>\n\t<meta property=\"og:image:type\" content=\"image\/png\" \/>\n<meta name=\"twitter:card\" content=\"summary_large_image\" \/>\n<meta name=\"twitter:label1\" content=\"Predpokladan\u00fd \u010das \u010d\u00edtania\" \/>\n\t<meta name=\"twitter:data1\" content=\"2 min\u00faty\" \/>\n<script type=\"application\/ld+json\" class=\"yoast-schema-graph\">{\"@context\":\"https:\/\/schema.org\",\"@graph\":[{\"@type\":\"WebPage\",\"@id\":\"https:\/\/www.chastia.com\/sk\/products\/chastia-fm\/module-management-and-rentals\/\",\"url\":\"https:\/\/www.chastia.com\/sk\/products\/chastia-fm\/module-management-and-rentals\/\",\"name\":\"Modul Spr\u00e1va a n\u00e1jmy - CHASTIA s.r.o.\",\"isPartOf\":{\"@id\":\"https:\/\/www.chastia.com\/sk\/#website\"},\"datePublished\":\"2016-11-02T10:01:23+00:00\",\"dateModified\":\"2020-05-14T12:57:05+00:00\",\"breadcrumb\":{\"@id\":\"https:\/\/www.chastia.com\/sk\/products\/chastia-fm\/module-management-and-rentals\/#breadcrumb\"},\"inLanguage\":\"sk-SK\",\"potentialAction\":[{\"@type\":\"ReadAction\",\"target\":[\"https:\/\/www.chastia.com\/sk\/products\/chastia-fm\/module-management-and-rentals\/\"]}]},{\"@type\":\"BreadcrumbList\",\"@id\":\"https:\/\/www.chastia.com\/sk\/products\/chastia-fm\/module-management-and-rentals\/#breadcrumb\",\"itemListElement\":[{\"@type\":\"ListItem\",\"position\":1,\"name\":\"Home\",\"item\":\"https:\/\/www.chastia.com\/sk\/\"},{\"@type\":\"ListItem\",\"position\":2,\"name\":\"Produkty\",\"item\":\"https:\/\/www.chastia.com\/sk\/products\/\"},{\"@type\":\"ListItem\",\"position\":3,\"name\":\"Chastia FM\",\"item\":\"https:\/\/www.chastia.com\/sk\/products\/chastia-fm\/\"},{\"@type\":\"ListItem\",\"position\":4,\"name\":\"Modul Spr\u00e1va a n\u00e1jmy\"}]},{\"@type\":\"WebSite\",\"@id\":\"https:\/\/www.chastia.com\/sk\/#website\",\"url\":\"https:\/\/www.chastia.com\/sk\/\",\"name\":\"CHASTIA s.r.o.\",\"description\":\"\",\"publisher\":{\"@id\":\"https:\/\/www.chastia.com\/sk\/#organization\"},\"alternateName\":\"CHASTIA\",\"potentialAction\":[{\"@type\":\"SearchAction\",\"target\":{\"@type\":\"EntryPoint\",\"urlTemplate\":\"https:\/\/www.chastia.com\/sk\/?s={search_term_string}\"},\"query-input\":\"required name=search_term_string\"}],\"inLanguage\":\"sk-SK\"},{\"@type\":\"Organization\",\"@id\":\"https:\/\/www.chastia.com\/sk\/#organization\",\"name\":\"CHASTIA s.r.o.\",\"url\":\"https:\/\/www.chastia.com\/sk\/\",\"logo\":{\"@type\":\"ImageObject\",\"inLanguage\":\"sk-SK\",\"@id\":\"https:\/\/www.chastia.com\/sk\/#\/schema\/logo\/image\/\",\"url\":\"https:\/\/www.chastia.com\/wp-content\/uploads\/2024\/05\/chastia_V_T_logo.png\",\"contentUrl\":\"https:\/\/www.chastia.com\/wp-content\/uploads\/2024\/05\/chastia_V_T_logo.png\",\"width\":1240,\"height\":827,\"caption\":\"CHASTIA s.r.o.\"},\"image\":{\"@id\":\"https:\/\/www.chastia.com\/sk\/#\/schema\/logo\/image\/\"},\"sameAs\":[\"https:\/\/www.facebook.com\/chastia.cz\"]}]}<\/script>\n<!-- \/ Yoast SEO plugin. -->","yoast_head_json":{"title":"Modul Spr\u00e1va a n\u00e1jmy - CHASTIA s.r.o.","robots":{"index":"index","follow":"follow","max-snippet":"max-snippet:-1","max-image-preview":"max-image-preview:large","max-video-preview":"max-video-preview:-1"},"canonical":"https:\/\/www.chastia.com\/sk\/products\/chastia-fm\/module-management-and-rentals\/","og_locale":"sk_SK","og_type":"article","og_title":"Modul Spr\u00e1va a n\u00e1jmy - CHASTIA s.r.o.","og_description":"[vc_row][vc_column][\/vc_column][\/vc_row] Modul umo\u017e\u0148uje majite\u013eom a spr\u00e1vcom nehnute\u013enost\u00ed sledova\u0165 v\u0161etky inform\u00e1cie viazan\u00e9 na spravovan\u00fd alebo prenaj\u00edman\u00fd majetok. Umo\u017e\u0148uje vies\u0165 evidenciu o spr\u00e1ve alebo n\u00e1jmoch pl\u00f4ch a zariaden\u00ed, o poskytovan\u00fdch slu\u017eb\u00e1ch, o zmluv\u00e1ch, vyu\u017e\u00edvan\u00ed pl\u00f4ch, o tr\u017eb\u00e1ch za spr\u00e1vu alebo n\u00e1jmy a podobne. \u00dadaje v datab\u00e1ze maj\u00fa priame prepojenie na zobrazenie priestorov a zariaden\u00ed vo v\u00fdkresoch v [&hellip;]","og_url":"https:\/\/www.chastia.com\/sk\/products\/chastia-fm\/module-management-and-rentals\/","og_site_name":"CHASTIA s.r.o.","article_publisher":"https:\/\/www.facebook.com\/chastia.cz","article_modified_time":"2020-05-14T12:57:05+00:00","og_image":[{"width":1240,"height":827,"url":"https:\/\/www.chastia.com\/wp-content\/uploads\/2024\/05\/chastia_V_T_logo.png","type":"image\/png"}],"twitter_card":"summary_large_image","twitter_misc":{"Predpokladan\u00fd \u010das \u010d\u00edtania":"2 min\u00faty"},"schema":{"@context":"https:\/\/schema.org","@graph":[{"@type":"WebPage","@id":"https:\/\/www.chastia.com\/sk\/products\/chastia-fm\/module-management-and-rentals\/","url":"https:\/\/www.chastia.com\/sk\/products\/chastia-fm\/module-management-and-rentals\/","name":"Modul Spr\u00e1va a n\u00e1jmy - CHASTIA s.r.o.","isPartOf":{"@id":"https:\/\/www.chastia.com\/sk\/#website"},"datePublished":"2016-11-02T10:01:23+00:00","dateModified":"2020-05-14T12:57:05+00:00","breadcrumb":{"@id":"https:\/\/www.chastia.com\/sk\/products\/chastia-fm\/module-management-and-rentals\/#breadcrumb"},"inLanguage":"sk-SK","potentialAction":[{"@type":"ReadAction","target":["https:\/\/www.chastia.com\/sk\/products\/chastia-fm\/module-management-and-rentals\/"]}]},{"@type":"BreadcrumbList","@id":"https:\/\/www.chastia.com\/sk\/products\/chastia-fm\/module-management-and-rentals\/#breadcrumb","itemListElement":[{"@type":"ListItem","position":1,"name":"Home","item":"https:\/\/www.chastia.com\/sk\/"},{"@type":"ListItem","position":2,"name":"Produkty","item":"https:\/\/www.chastia.com\/sk\/products\/"},{"@type":"ListItem","position":3,"name":"Chastia FM","item":"https:\/\/www.chastia.com\/sk\/products\/chastia-fm\/"},{"@type":"ListItem","position":4,"name":"Modul Spr\u00e1va a n\u00e1jmy"}]},{"@type":"WebSite","@id":"https:\/\/www.chastia.com\/sk\/#website","url":"https:\/\/www.chastia.com\/sk\/","name":"CHASTIA s.r.o.","description":"","publisher":{"@id":"https:\/\/www.chastia.com\/sk\/#organization"},"alternateName":"CHASTIA","potentialAction":[{"@type":"SearchAction","target":{"@type":"EntryPoint","urlTemplate":"https:\/\/www.chastia.com\/sk\/?s={search_term_string}"},"query-input":"required name=search_term_string"}],"inLanguage":"sk-SK"},{"@type":"Organization","@id":"https:\/\/www.chastia.com\/sk\/#organization","name":"CHASTIA s.r.o.","url":"https:\/\/www.chastia.com\/sk\/","logo":{"@type":"ImageObject","inLanguage":"sk-SK","@id":"https:\/\/www.chastia.com\/sk\/#\/schema\/logo\/image\/","url":"https:\/\/www.chastia.com\/wp-content\/uploads\/2024\/05\/chastia_V_T_logo.png","contentUrl":"https:\/\/www.chastia.com\/wp-content\/uploads\/2024\/05\/chastia_V_T_logo.png","width":1240,"height":827,"caption":"CHASTIA s.r.o."},"image":{"@id":"https:\/\/www.chastia.com\/sk\/#\/schema\/logo\/image\/"},"sameAs":["https:\/\/www.facebook.com\/chastia.cz"]}]}},"_links":{"self":[{"href":"https:\/\/www.chastia.com\/sk\/wp-json\/wp\/v2\/pages\/3612"}],"collection":[{"href":"https:\/\/www.chastia.com\/sk\/wp-json\/wp\/v2\/pages"}],"about":[{"href":"https:\/\/www.chastia.com\/sk\/wp-json\/wp\/v2\/types\/page"}],"author":[{"embeddable":true,"href":"https:\/\/www.chastia.com\/sk\/wp-json\/wp\/v2\/users\/1"}],"replies":[{"embeddable":true,"href":"https:\/\/www.chastia.com\/sk\/wp-json\/wp\/v2\/comments?post=3612"}],"version-history":[{"count":3,"href":"https:\/\/www.chastia.com\/sk\/wp-json\/wp\/v2\/pages\/3612\/revisions"}],"predecessor-version":[{"id":8241,"href":"https:\/\/www.chastia.com\/sk\/wp-json\/wp\/v2\/pages\/3612\/revisions\/8241"}],"up":[{"embeddable":true,"href":"https:\/\/www.chastia.com\/sk\/wp-json\/wp\/v2\/pages\/3462"}],"wp:attachment":[{"href":"https:\/\/www.chastia.com\/sk\/wp-json\/wp\/v2\/media?parent=3612"}],"curies":[{"name":"wp","href":"https:\/\/api.w.org\/{rel}","templated":true}]}}