{"id":3609,"date":"2016-11-02T10:56:27","date_gmt":"2016-11-02T09:56:27","guid":{"rendered":"http:\/\/chastia.pozorradar.sk\/?page_id=3609"},"modified":"2020-05-14T14:59:01","modified_gmt":"2020-05-14T12:59:01","slug":"module-energy-and-service","status":"publish","type":"page","link":"https:\/\/www.chastia.com\/sk\/products\/chastia-fm\/module-energy-and-service\/","title":{"rendered":"Modul Energie a slu\u017eby"},"content":{"rendered":"<p>[vc_row][vc_column]<H2>Energie a slu\u017eby<\/H2>[\/vc_column][\/vc_row]<\/p>\n<p>Modul rie\u0161i podporu pre tri hlavn\u00e9 oblasti spr\u00e1vcovsk\u00fdch \u010dinnost\u00ed &#8211; evidenciu spotrieb energi\u00ed, rozpo\u010d\u00edtanie energi\u00ed a slu\u017eieb (v technick\u00fdch a cenov\u00fdch jednotk\u00e1ch) a energetick\u00fd management.<\/p>\n<p>Modul umo\u017e\u0148uje najm\u00e4:<\/p>\n<ul>\n<li>Rie\u0161i\u0165 <strong>evidenciu, rozpo\u010d\u00edtanie energi\u00ed a slu\u017eieb<\/strong>.<br \/>\nTento modul sleduje odpo\u010dty spotrieb v\u0161etk\u00fdch druhov energi\u00ed a slu\u017eieb i n\u00e1klady z prijat\u00fdch fakt\u00far v pravideln\u00fdch aj nepravideln\u00fdch \u010dasov\u00fdch intervaloch a roz\u00fa\u010dtovanie t\u00fdchto spotrieb jednotliv\u00fdm odberate\u013eom, n\u00e1jomn\u00edkom a podobne.<br \/>\nV\u00fdsledky rozpo\u010d\u00edtania sl\u00fa\u017eia ako podklad pre faktur\u00e1ciu za energie a slu\u017eby v module &#8220;Spr\u00e1va a n\u00e1jmy&#8221;.<br \/>\nModul umo\u017e\u0148uje pracova\u0165 s tak\u00fdmi pojmami ako je odbern\u00e9 miesto, meracie miesto, typ merania, odberov\u00fd diagram, vykurovacia krivka, at\u010f..<br \/>\nUniverz\u00e1lnos\u0165 a maxim\u00e1lnu prisp\u00f4sobivos\u0165 modulu podporuj\u00fa tak\u00e9 vlastnosti ako s\u00fa &#8211; neobmedzen\u00e9 mno\u017estvo pravidelne sa opakuj\u00facich i nepravideln\u00fdch z\u00fa\u010dtovac\u00edch obdob\u00ed, u\u017e\u00edvate\u013esky definovate\u013en\u00e9 v\u00fdpo\u010dtov\u00e9 stromov\u00e9 \u0161trukt\u00fary met\u00f3dou drag and drop, u\u017e\u00edvate\u013esky definovate\u013en\u00e9 met\u00f3dy rozpo\u010d\u00edtania, mo\u017enos\u0165 definovania vlastn\u00fdch vzorcov (tak jednoducho ako v tabu\u013ekovom kalkul\u00e1tore) a pod.<\/li>\n<li><strong>Vyhodnocovanie spotrieb energi\u00ed a n\u00e1kladov na energie a slu\u017eby<\/strong>.<br \/>\nT\u00e1to \u010das\u0165 modulu rie\u0161i sledovanie klimatick\u00fdch podmienok, v\u00fdhrevnost\u00ed pal\u00edv a prev\u00e1dzkov\u00fdch spotrieb energi\u00ed za \u00fa\u010delom ich podrobnej anal\u00fdzy &#8211; napr. pre \u00fa\u010dely zis\u0165ovania hospod\u00e1rnosti nakladania s energiami v budove, anal\u00fdzu \u00fa\u010dinnosti v\u00fdroby tepla a pod., a to v pravideln\u00fdch \u010dasov\u00fdch intervaloch. Pre tieto anal\u00fdzy je mo\u017en\u00e9 vyu\u017ei\u0165 aj d\u00e1ta z\u00edskan\u00e9 v \u010dasti roz\u00fa\u010dtovania energi\u00ed.<br \/>\nVyhodnocovanie sa uskuto\u010d\u0148uje pod\u013ea mnoh\u00fdch krit\u00e9ri\u00ed &#8211; priebeh spotreby na meracom mieste v \u010dase, \u010falej spotreba energie vztiahnut\u00e1 k mernej ploche, vykurovanej ploche, po\u010dtu os\u00f4b, po\u010dtu klimatick\u00fdch dennostup\u0148ov, at\u010f.<br \/>\nVe\u013emi d\u00f4le\u017eitou vlastnos\u0165ou je mo\u017enos\u0165 farebn\u00e9ho vyhodnocovania spotrieb energi\u00ed vo v\u00fdkresoch a vyhodnocovanie spotrieb energi\u00ed pomocou parametrick\u00fdch grafov.<\/li>\n<li>Vyu\u017e\u00edva\u0165 met\u00f3du <strong>Monitoring &amp; Targeting, <\/strong>ktor\u00e1<strong>\u00a0<\/strong>umo\u017e\u0148uje sledova\u0165 spotreby energi\u00ed systematicky vo\u00a0vz\u0165ahu k vybran\u00fdm parametrom (po\u010dtu v\u00fdrobkov, klimatick\u00fdm podmienkam a pod.).<br \/>\nNa z\u00e1klade zberu d\u00e1t o spotreb\u00e1ch a ich anal\u00fdzy (monitoringu) poskytuje dostato\u010dn\u00e9 podklady pre rozhodovanie o realiz\u00e1cii \u00fasporn\u00fdch opatren\u00ed (stanovenie cie\u013ea z h\u013eadiska dosiahnutia \u00faspor) a n\u00e1sledne aj pre vyhodnotenie \u00fa\u010dinnosti prijat\u00fdch opatren\u00ed objekt\u00edvne vyjadren\u00fdch v kumulat\u00edvnej \u00faspore energie v technick\u00fdch aj cenov\u00fdch jednotk\u00e1ch.<br \/>\nPo prvotnom nastaven\u00ed je mo\u017en\u00e9 t\u00fdmto n\u00e1strojom v Chastii FM kedyko\u013evek z\u00edska\u0165 komplexn\u00fa anal\u00fdzu danej energie pre v\u0161etky sledovan\u00e9 odbern\u00e9 miesta spusten\u00edm jedn\u00e9ho pr\u00edkazu.<\/li>\n<li><strong>Importova\u0165 spotreby energi\u00ed.<\/strong> Zdrojov\u00e9 d\u00e1ta pre roz\u00fa\u010dtovanie energi\u00ed je mo\u017en\u00e9 zada\u0165 v module jednak ru\u010dne alebo importom z \u013eubovo\u013en\u00e9ho zdroja \u00fadajov. Naj\u010dastej\u0161\u00edm zdrojom b\u00fdvaj\u00fa \u00fadaje o spotreb\u00e1ch z dia\u013ekov\u00fdch odpo\u010dtov mera\u010dov energi\u00ed alebo z centr\u00e1lneho dispe\u010dingu riadenia energetick\u00e9ho hospod\u00e1rstva v podniku.<br \/>\nPre tento \u00fa\u010del bol v Chastii FM vyvinut\u00fd komfortn\u00fd parametrick\u00fd n\u00e1stroj na importovanie spotrieb energi\u00ed. Pomocou tohto n\u00e1stroja je mo\u017en\u00e9 naimportova\u0165 spotreby v \u013eubovo\u013enom \u010dase za ak\u00e9ko\u013evek obdobie na jedno kliknutie my\u0161ou. Mo\u017en\u00fd je aj automatick\u00fd import d\u00e1t v zvolenom \u010dasovom intervale.<\/li>\n<\/ul>\n","protected":false},"excerpt":{"rendered":"<p>[vc_row][vc_column][\/vc_column][\/vc_row] Modul rie\u0161i podporu pre tri hlavn\u00e9 oblasti spr\u00e1vcovsk\u00fdch \u010dinnost\u00ed &#8211; evidenciu spotrieb energi\u00ed, rozpo\u010d\u00edtanie energi\u00ed a slu\u017eieb (v technick\u00fdch a cenov\u00fdch jednotk\u00e1ch) a energetick\u00fd management. Modul umo\u017e\u0148uje najm\u00e4: Rie\u0161i\u0165 evidenciu, rozpo\u010d\u00edtanie energi\u00ed a slu\u017eieb. Tento modul sleduje odpo\u010dty spotrieb v\u0161etk\u00fdch druhov energi\u00ed a slu\u017eieb i n\u00e1klady z prijat\u00fdch fakt\u00far v pravideln\u00fdch aj nepravideln\u00fdch \u010dasov\u00fdch [&hellip;]<\/p>\n","protected":false},"author":1,"featured_media":0,"parent":3462,"menu_order":0,"comment_status":"closed","ping_status":"closed","template":"","meta":{"footnotes":""},"yoast_head":"<!-- This site is optimized with the Yoast SEO plugin v22.8 - https:\/\/yoast.com\/wordpress\/plugins\/seo\/ -->\n<title>Modul Energie a slu\u017eby - CHASTIA s.r.o.<\/title>\n<meta name=\"robots\" content=\"index, follow, max-snippet:-1, max-image-preview:large, max-video-preview:-1\" \/>\n<link rel=\"canonical\" href=\"https:\/\/www.chastia.com\/sk\/products\/chastia-fm\/module-energy-and-service\/\" \/>\n<meta property=\"og:locale\" content=\"sk_SK\" \/>\n<meta property=\"og:type\" content=\"article\" \/>\n<meta property=\"og:title\" content=\"Modul Energie a slu\u017eby - CHASTIA s.r.o.\" \/>\n<meta property=\"og:description\" content=\"[vc_row][vc_column][\/vc_column][\/vc_row] Modul rie\u0161i podporu pre tri hlavn\u00e9 oblasti spr\u00e1vcovsk\u00fdch \u010dinnost\u00ed &#8211; evidenciu spotrieb energi\u00ed, rozpo\u010d\u00edtanie energi\u00ed a slu\u017eieb (v technick\u00fdch a cenov\u00fdch jednotk\u00e1ch) a energetick\u00fd management. Modul umo\u017e\u0148uje najm\u00e4: Rie\u0161i\u0165 evidenciu, rozpo\u010d\u00edtanie energi\u00ed a slu\u017eieb. Tento modul sleduje odpo\u010dty spotrieb v\u0161etk\u00fdch druhov energi\u00ed a slu\u017eieb i n\u00e1klady z prijat\u00fdch fakt\u00far v pravideln\u00fdch aj nepravideln\u00fdch \u010dasov\u00fdch [&hellip;]\" \/>\n<meta property=\"og:url\" content=\"https:\/\/www.chastia.com\/sk\/products\/chastia-fm\/module-energy-and-service\/\" \/>\n<meta property=\"og:site_name\" content=\"CHASTIA s.r.o.\" \/>\n<meta property=\"article:publisher\" content=\"https:\/\/www.facebook.com\/chastia.cz\" \/>\n<meta property=\"article:modified_time\" content=\"2020-05-14T12:59:01+00:00\" \/>\n<meta property=\"og:image\" content=\"https:\/\/www.chastia.com\/wp-content\/uploads\/2024\/05\/chastia_V_T_logo.png\" \/>\n\t<meta property=\"og:image:width\" content=\"1240\" \/>\n\t<meta property=\"og:image:height\" content=\"827\" \/>\n\t<meta property=\"og:image:type\" content=\"image\/png\" \/>\n<meta name=\"twitter:card\" content=\"summary_large_image\" \/>\n<meta name=\"twitter:label1\" content=\"Predpokladan\u00fd \u010das \u010d\u00edtania\" \/>\n\t<meta name=\"twitter:data1\" content=\"3 min\u00faty\" \/>\n<script type=\"application\/ld+json\" class=\"yoast-schema-graph\">{\"@context\":\"https:\/\/schema.org\",\"@graph\":[{\"@type\":\"WebPage\",\"@id\":\"https:\/\/www.chastia.com\/sk\/products\/chastia-fm\/module-energy-and-service\/\",\"url\":\"https:\/\/www.chastia.com\/sk\/products\/chastia-fm\/module-energy-and-service\/\",\"name\":\"Modul Energie a slu\u017eby - CHASTIA s.r.o.\",\"isPartOf\":{\"@id\":\"https:\/\/www.chastia.com\/sk\/#website\"},\"datePublished\":\"2016-11-02T09:56:27+00:00\",\"dateModified\":\"2020-05-14T12:59:01+00:00\",\"breadcrumb\":{\"@id\":\"https:\/\/www.chastia.com\/sk\/products\/chastia-fm\/module-energy-and-service\/#breadcrumb\"},\"inLanguage\":\"sk-SK\",\"potentialAction\":[{\"@type\":\"ReadAction\",\"target\":[\"https:\/\/www.chastia.com\/sk\/products\/chastia-fm\/module-energy-and-service\/\"]}]},{\"@type\":\"BreadcrumbList\",\"@id\":\"https:\/\/www.chastia.com\/sk\/products\/chastia-fm\/module-energy-and-service\/#breadcrumb\",\"itemListElement\":[{\"@type\":\"ListItem\",\"position\":1,\"name\":\"Home\",\"item\":\"https:\/\/www.chastia.com\/sk\/\"},{\"@type\":\"ListItem\",\"position\":2,\"name\":\"Produkty\",\"item\":\"https:\/\/www.chastia.com\/sk\/products\/\"},{\"@type\":\"ListItem\",\"position\":3,\"name\":\"Chastia FM\",\"item\":\"https:\/\/www.chastia.com\/sk\/products\/chastia-fm\/\"},{\"@type\":\"ListItem\",\"position\":4,\"name\":\"Modul Energie a slu\u017eby\"}]},{\"@type\":\"WebSite\",\"@id\":\"https:\/\/www.chastia.com\/sk\/#website\",\"url\":\"https:\/\/www.chastia.com\/sk\/\",\"name\":\"CHASTIA s.r.o.\",\"description\":\"\",\"publisher\":{\"@id\":\"https:\/\/www.chastia.com\/sk\/#organization\"},\"alternateName\":\"CHASTIA\",\"potentialAction\":[{\"@type\":\"SearchAction\",\"target\":{\"@type\":\"EntryPoint\",\"urlTemplate\":\"https:\/\/www.chastia.com\/sk\/?s={search_term_string}\"},\"query-input\":\"required name=search_term_string\"}],\"inLanguage\":\"sk-SK\"},{\"@type\":\"Organization\",\"@id\":\"https:\/\/www.chastia.com\/sk\/#organization\",\"name\":\"CHASTIA s.r.o.\",\"url\":\"https:\/\/www.chastia.com\/sk\/\",\"logo\":{\"@type\":\"ImageObject\",\"inLanguage\":\"sk-SK\",\"@id\":\"https:\/\/www.chastia.com\/sk\/#\/schema\/logo\/image\/\",\"url\":\"https:\/\/www.chastia.com\/wp-content\/uploads\/2024\/05\/chastia_V_T_logo.png\",\"contentUrl\":\"https:\/\/www.chastia.com\/wp-content\/uploads\/2024\/05\/chastia_V_T_logo.png\",\"width\":1240,\"height\":827,\"caption\":\"CHASTIA s.r.o.\"},\"image\":{\"@id\":\"https:\/\/www.chastia.com\/sk\/#\/schema\/logo\/image\/\"},\"sameAs\":[\"https:\/\/www.facebook.com\/chastia.cz\"]}]}<\/script>\n<!-- \/ Yoast SEO plugin. -->","yoast_head_json":{"title":"Modul Energie a slu\u017eby - CHASTIA s.r.o.","robots":{"index":"index","follow":"follow","max-snippet":"max-snippet:-1","max-image-preview":"max-image-preview:large","max-video-preview":"max-video-preview:-1"},"canonical":"https:\/\/www.chastia.com\/sk\/products\/chastia-fm\/module-energy-and-service\/","og_locale":"sk_SK","og_type":"article","og_title":"Modul Energie a slu\u017eby - CHASTIA s.r.o.","og_description":"[vc_row][vc_column][\/vc_column][\/vc_row] Modul rie\u0161i podporu pre tri hlavn\u00e9 oblasti spr\u00e1vcovsk\u00fdch \u010dinnost\u00ed &#8211; evidenciu spotrieb energi\u00ed, rozpo\u010d\u00edtanie energi\u00ed a slu\u017eieb (v technick\u00fdch a cenov\u00fdch jednotk\u00e1ch) a energetick\u00fd management. Modul umo\u017e\u0148uje najm\u00e4: Rie\u0161i\u0165 evidenciu, rozpo\u010d\u00edtanie energi\u00ed a slu\u017eieb. Tento modul sleduje odpo\u010dty spotrieb v\u0161etk\u00fdch druhov energi\u00ed a slu\u017eieb i n\u00e1klady z prijat\u00fdch fakt\u00far v pravideln\u00fdch aj nepravideln\u00fdch \u010dasov\u00fdch [&hellip;]","og_url":"https:\/\/www.chastia.com\/sk\/products\/chastia-fm\/module-energy-and-service\/","og_site_name":"CHASTIA s.r.o.","article_publisher":"https:\/\/www.facebook.com\/chastia.cz","article_modified_time":"2020-05-14T12:59:01+00:00","og_image":[{"width":1240,"height":827,"url":"https:\/\/www.chastia.com\/wp-content\/uploads\/2024\/05\/chastia_V_T_logo.png","type":"image\/png"}],"twitter_card":"summary_large_image","twitter_misc":{"Predpokladan\u00fd \u010das \u010d\u00edtania":"3 min\u00faty"},"schema":{"@context":"https:\/\/schema.org","@graph":[{"@type":"WebPage","@id":"https:\/\/www.chastia.com\/sk\/products\/chastia-fm\/module-energy-and-service\/","url":"https:\/\/www.chastia.com\/sk\/products\/chastia-fm\/module-energy-and-service\/","name":"Modul Energie a slu\u017eby - CHASTIA s.r.o.","isPartOf":{"@id":"https:\/\/www.chastia.com\/sk\/#website"},"datePublished":"2016-11-02T09:56:27+00:00","dateModified":"2020-05-14T12:59:01+00:00","breadcrumb":{"@id":"https:\/\/www.chastia.com\/sk\/products\/chastia-fm\/module-energy-and-service\/#breadcrumb"},"inLanguage":"sk-SK","potentialAction":[{"@type":"ReadAction","target":["https:\/\/www.chastia.com\/sk\/products\/chastia-fm\/module-energy-and-service\/"]}]},{"@type":"BreadcrumbList","@id":"https:\/\/www.chastia.com\/sk\/products\/chastia-fm\/module-energy-and-service\/#breadcrumb","itemListElement":[{"@type":"ListItem","position":1,"name":"Home","item":"https:\/\/www.chastia.com\/sk\/"},{"@type":"ListItem","position":2,"name":"Produkty","item":"https:\/\/www.chastia.com\/sk\/products\/"},{"@type":"ListItem","position":3,"name":"Chastia FM","item":"https:\/\/www.chastia.com\/sk\/products\/chastia-fm\/"},{"@type":"ListItem","position":4,"name":"Modul Energie a slu\u017eby"}]},{"@type":"WebSite","@id":"https:\/\/www.chastia.com\/sk\/#website","url":"https:\/\/www.chastia.com\/sk\/","name":"CHASTIA s.r.o.","description":"","publisher":{"@id":"https:\/\/www.chastia.com\/sk\/#organization"},"alternateName":"CHASTIA","potentialAction":[{"@type":"SearchAction","target":{"@type":"EntryPoint","urlTemplate":"https:\/\/www.chastia.com\/sk\/?s={search_term_string}"},"query-input":"required name=search_term_string"}],"inLanguage":"sk-SK"},{"@type":"Organization","@id":"https:\/\/www.chastia.com\/sk\/#organization","name":"CHASTIA s.r.o.","url":"https:\/\/www.chastia.com\/sk\/","logo":{"@type":"ImageObject","inLanguage":"sk-SK","@id":"https:\/\/www.chastia.com\/sk\/#\/schema\/logo\/image\/","url":"https:\/\/www.chastia.com\/wp-content\/uploads\/2024\/05\/chastia_V_T_logo.png","contentUrl":"https:\/\/www.chastia.com\/wp-content\/uploads\/2024\/05\/chastia_V_T_logo.png","width":1240,"height":827,"caption":"CHASTIA s.r.o."},"image":{"@id":"https:\/\/www.chastia.com\/sk\/#\/schema\/logo\/image\/"},"sameAs":["https:\/\/www.facebook.com\/chastia.cz"]}]}},"_links":{"self":[{"href":"https:\/\/www.chastia.com\/sk\/wp-json\/wp\/v2\/pages\/3609"}],"collection":[{"href":"https:\/\/www.chastia.com\/sk\/wp-json\/wp\/v2\/pages"}],"about":[{"href":"https:\/\/www.chastia.com\/sk\/wp-json\/wp\/v2\/types\/page"}],"author":[{"embeddable":true,"href":"https:\/\/www.chastia.com\/sk\/wp-json\/wp\/v2\/users\/1"}],"replies":[{"embeddable":true,"href":"https:\/\/www.chastia.com\/sk\/wp-json\/wp\/v2\/comments?post=3609"}],"version-history":[{"count":4,"href":"https:\/\/www.chastia.com\/sk\/wp-json\/wp\/v2\/pages\/3609\/revisions"}],"predecessor-version":[{"id":8243,"href":"https:\/\/www.chastia.com\/sk\/wp-json\/wp\/v2\/pages\/3609\/revisions\/8243"}],"up":[{"embeddable":true,"href":"https:\/\/www.chastia.com\/sk\/wp-json\/wp\/v2\/pages\/3462"}],"wp:attachment":[{"href":"https:\/\/www.chastia.com\/sk\/wp-json\/wp\/v2\/media?parent=3609"}],"curies":[{"name":"wp","href":"https:\/\/api.w.org\/{rel}","templated":true}]}}