{"id":3599,"date":"2016-11-02T10:52:37","date_gmt":"2016-11-02T09:52:37","guid":{"rendered":"http:\/\/chastia.pozorradar.sk\/?page_id=3599"},"modified":"2020-05-14T14:50:57","modified_gmt":"2020-05-14T12:50:57","slug":"module-documents","status":"publish","type":"page","link":"https:\/\/www.chastia.com\/sk\/products\/chastia-fm\/module-documents\/","title":{"rendered":"Modul Dokumenty"},"content":{"rendered":"<p>[vc_row][vc_column]<H2>Dokumenty<\/H2>[\/vc_column][\/vc_row]<\/p>\n<p>Ku ka\u017ed\u00e9mu objektu IS je mo\u017en\u00e9 pripoji\u0165 \u013eubovo\u013en\u00fd po\u010det elektronick\u00fdch dokumentov. Tento modul umo\u017e\u0148uje vytv\u00e1ra\u0165 elektronick\u00fd arch\u00edv v\u0161etk\u00fdch dokumentov vz\u0165ahuj\u00facich sa ku konkr\u00e9tnym objektom IS definovan\u00fdm v syst\u00e9me <strong><span class=\"highl\">Chastia FM<\/span><\/strong><span style=\"color: #696969;\">. <\/span>Multimedi\u00e1lne schopnosti tohto arch\u00edvu dokumentov s\u00fa prakticky neobmedzen\u00e9.<\/p>\n<p>Modul dokumenty umo\u017e\u0148uje:<\/p>\n<ul>\n<li>Integr\u00e1ciu dokumentov do hierarchie majetku (are\u00e1ly, budovy, zariadenia, &#8230;) ich priraden\u00edm ku konkr\u00e9tnemu objektu IS.<\/li>\n<li>Extr\u00e9mne r\u00fdchle vyh\u013ead\u00e1vanie dokumentov a okam\u017eit\u00fd pr\u00edstup k ich prezeraniu, edit\u00e1cii a vyh\u013ead\u00e1van\u00ed cez objekty IS.<\/li>\n<li>Vytvorenie centr\u00e1lneho arch\u00edvu dokumentov nez\u00e1visl\u00fdch na objektoch IS. Dokumenty s\u00fa v syst\u00e9me trieden\u00e9 do skup\u00edn (adres\u00e1rov) v stromovej \u0161trukt\u00fare.<\/li>\n<li>Pripoji\u0165 aj dokumenty, ktor\u00e9 nie s\u00fa pripojen\u00e9 k \u017eiadnemu objektu IS &#8211; t.j. na \u00farovni celej firmy. Tieto dokumenty s\u00fa pr\u00edstupn\u00e9 z ka\u017ed\u00e9ho miesta projektu <strong><span class=\"highl\">Chastie FM<\/span><\/strong>.<\/li>\n<li>Vyu\u017eitie modulu ako \u00falo\u017eisko pre automaticky generovan\u00e9 dokumenty z ostatn\u00fdch modulov syst\u00e9mu <strong><span class=\"highl\">Chastia FM <\/span><\/strong>&#8211; napr\u00edklad zmluvy, dodatky ku zmluv\u00e1m, fakt\u00fary, vy\u00fa\u010dtovania a pod.<\/li>\n<li>Do arch\u00edvu dokumentov je mo\u017en\u00e9 pripoji\u0165 \u013eubovo\u013en\u00fd dokument z v\u00e1\u0161ho lok\u00e1lneho disku vo forme s\u00faboru. Tieto dokumenty je mo\u017en\u00e9 triedi\u0165 a usporiada\u0165 do zlo\u017eiek podobne ako je to v syst\u00e9me Microsoft Windows.<\/li>\n<\/ul>\n<p>Pr\u00edklady evidovan\u00fdch dokumentov:<\/p>\n<ul>\n<li>v\u00fdkresy vo form\u00e1toch CAD,<\/li>\n<li>textov\u00e9 a tabu\u013ekov\u00e9 dokumenty,<\/li>\n<li>internetov\u00e9 str\u00e1nky,<\/li>\n<li>rastrov\u00e9 obr\u00e1zky,<\/li>\n<li>fotografie,<\/li>\n<li>zvukov\u00e9 nahr\u00e1vky,<\/li>\n<li>videoz\u00e1znamy,<\/li>\n<li>a v\u0161etky ostatn\u00e9 elektronick\u00e9 dokumenty.<\/li>\n<\/ul>\n","protected":false},"excerpt":{"rendered":"<p>[vc_row][vc_column][\/vc_column][\/vc_row] Ku ka\u017ed\u00e9mu objektu IS je mo\u017en\u00e9 pripoji\u0165 \u013eubovo\u013en\u00fd po\u010det elektronick\u00fdch dokumentov. Tento modul umo\u017e\u0148uje vytv\u00e1ra\u0165 elektronick\u00fd arch\u00edv v\u0161etk\u00fdch dokumentov vz\u0165ahuj\u00facich sa ku konkr\u00e9tnym objektom IS definovan\u00fdm v syst\u00e9me Chastia FM. Multimedi\u00e1lne schopnosti tohto arch\u00edvu dokumentov s\u00fa prakticky neobmedzen\u00e9. Modul dokumenty umo\u017e\u0148uje: Integr\u00e1ciu dokumentov do hierarchie majetku (are\u00e1ly, budovy, zariadenia, &#8230;) ich priraden\u00edm ku konkr\u00e9tnemu [&hellip;]<\/p>\n","protected":false},"author":1,"featured_media":0,"parent":3462,"menu_order":0,"comment_status":"closed","ping_status":"closed","template":"","meta":{"footnotes":""},"yoast_head":"<!-- This site is optimized with the Yoast SEO plugin v22.8 - https:\/\/yoast.com\/wordpress\/plugins\/seo\/ -->\n<title>Modul Dokumenty - CHASTIA s.r.o.<\/title>\n<meta name=\"robots\" content=\"index, follow, max-snippet:-1, max-image-preview:large, max-video-preview:-1\" \/>\n<link rel=\"canonical\" href=\"https:\/\/www.chastia.com\/sk\/products\/chastia-fm\/module-documents\/\" \/>\n<meta property=\"og:locale\" content=\"sk_SK\" \/>\n<meta property=\"og:type\" content=\"article\" \/>\n<meta property=\"og:title\" content=\"Modul Dokumenty - CHASTIA s.r.o.\" \/>\n<meta property=\"og:description\" content=\"[vc_row][vc_column][\/vc_column][\/vc_row] Ku ka\u017ed\u00e9mu objektu IS je mo\u017en\u00e9 pripoji\u0165 \u013eubovo\u013en\u00fd po\u010det elektronick\u00fdch dokumentov. Tento modul umo\u017e\u0148uje vytv\u00e1ra\u0165 elektronick\u00fd arch\u00edv v\u0161etk\u00fdch dokumentov vz\u0165ahuj\u00facich sa ku konkr\u00e9tnym objektom IS definovan\u00fdm v syst\u00e9me Chastia FM. Multimedi\u00e1lne schopnosti tohto arch\u00edvu dokumentov s\u00fa prakticky neobmedzen\u00e9. Modul dokumenty umo\u017e\u0148uje: Integr\u00e1ciu dokumentov do hierarchie majetku (are\u00e1ly, budovy, zariadenia, &#8230;) ich priraden\u00edm ku konkr\u00e9tnemu [&hellip;]\" \/>\n<meta property=\"og:url\" content=\"https:\/\/www.chastia.com\/sk\/products\/chastia-fm\/module-documents\/\" \/>\n<meta property=\"og:site_name\" content=\"CHASTIA s.r.o.\" \/>\n<meta property=\"article:publisher\" content=\"https:\/\/www.facebook.com\/chastia.cz\" \/>\n<meta property=\"article:modified_time\" content=\"2020-05-14T12:50:57+00:00\" \/>\n<meta property=\"og:image\" content=\"https:\/\/www.chastia.com\/wp-content\/uploads\/2024\/05\/chastia_V_T_logo.png\" \/>\n\t<meta property=\"og:image:width\" content=\"1240\" \/>\n\t<meta property=\"og:image:height\" content=\"827\" \/>\n\t<meta property=\"og:image:type\" content=\"image\/png\" \/>\n<meta name=\"twitter:card\" content=\"summary_large_image\" \/>\n<meta name=\"twitter:label1\" content=\"Predpokladan\u00fd \u010das \u010d\u00edtania\" \/>\n\t<meta name=\"twitter:data1\" content=\"1 min\u00fata\" \/>\n<script type=\"application\/ld+json\" class=\"yoast-schema-graph\">{\"@context\":\"https:\/\/schema.org\",\"@graph\":[{\"@type\":\"WebPage\",\"@id\":\"https:\/\/www.chastia.com\/sk\/products\/chastia-fm\/module-documents\/\",\"url\":\"https:\/\/www.chastia.com\/sk\/products\/chastia-fm\/module-documents\/\",\"name\":\"Modul Dokumenty - CHASTIA s.r.o.\",\"isPartOf\":{\"@id\":\"https:\/\/www.chastia.com\/sk\/#website\"},\"datePublished\":\"2016-11-02T09:52:37+00:00\",\"dateModified\":\"2020-05-14T12:50:57+00:00\",\"breadcrumb\":{\"@id\":\"https:\/\/www.chastia.com\/sk\/products\/chastia-fm\/module-documents\/#breadcrumb\"},\"inLanguage\":\"sk-SK\",\"potentialAction\":[{\"@type\":\"ReadAction\",\"target\":[\"https:\/\/www.chastia.com\/sk\/products\/chastia-fm\/module-documents\/\"]}]},{\"@type\":\"BreadcrumbList\",\"@id\":\"https:\/\/www.chastia.com\/sk\/products\/chastia-fm\/module-documents\/#breadcrumb\",\"itemListElement\":[{\"@type\":\"ListItem\",\"position\":1,\"name\":\"Home\",\"item\":\"https:\/\/www.chastia.com\/sk\/\"},{\"@type\":\"ListItem\",\"position\":2,\"name\":\"Produkty\",\"item\":\"https:\/\/www.chastia.com\/sk\/products\/\"},{\"@type\":\"ListItem\",\"position\":3,\"name\":\"Chastia FM\",\"item\":\"https:\/\/www.chastia.com\/sk\/products\/chastia-fm\/\"},{\"@type\":\"ListItem\",\"position\":4,\"name\":\"Modul Dokumenty\"}]},{\"@type\":\"WebSite\",\"@id\":\"https:\/\/www.chastia.com\/sk\/#website\",\"url\":\"https:\/\/www.chastia.com\/sk\/\",\"name\":\"CHASTIA s.r.o.\",\"description\":\"\",\"publisher\":{\"@id\":\"https:\/\/www.chastia.com\/sk\/#organization\"},\"alternateName\":\"CHASTIA\",\"potentialAction\":[{\"@type\":\"SearchAction\",\"target\":{\"@type\":\"EntryPoint\",\"urlTemplate\":\"https:\/\/www.chastia.com\/sk\/?s={search_term_string}\"},\"query-input\":\"required name=search_term_string\"}],\"inLanguage\":\"sk-SK\"},{\"@type\":\"Organization\",\"@id\":\"https:\/\/www.chastia.com\/sk\/#organization\",\"name\":\"CHASTIA s.r.o.\",\"url\":\"https:\/\/www.chastia.com\/sk\/\",\"logo\":{\"@type\":\"ImageObject\",\"inLanguage\":\"sk-SK\",\"@id\":\"https:\/\/www.chastia.com\/sk\/#\/schema\/logo\/image\/\",\"url\":\"https:\/\/www.chastia.com\/wp-content\/uploads\/2024\/05\/chastia_V_T_logo.png\",\"contentUrl\":\"https:\/\/www.chastia.com\/wp-content\/uploads\/2024\/05\/chastia_V_T_logo.png\",\"width\":1240,\"height\":827,\"caption\":\"CHASTIA s.r.o.\"},\"image\":{\"@id\":\"https:\/\/www.chastia.com\/sk\/#\/schema\/logo\/image\/\"},\"sameAs\":[\"https:\/\/www.facebook.com\/chastia.cz\"]}]}<\/script>\n<!-- \/ Yoast SEO plugin. -->","yoast_head_json":{"title":"Modul Dokumenty - CHASTIA s.r.o.","robots":{"index":"index","follow":"follow","max-snippet":"max-snippet:-1","max-image-preview":"max-image-preview:large","max-video-preview":"max-video-preview:-1"},"canonical":"https:\/\/www.chastia.com\/sk\/products\/chastia-fm\/module-documents\/","og_locale":"sk_SK","og_type":"article","og_title":"Modul Dokumenty - CHASTIA s.r.o.","og_description":"[vc_row][vc_column][\/vc_column][\/vc_row] Ku ka\u017ed\u00e9mu objektu IS je mo\u017en\u00e9 pripoji\u0165 \u013eubovo\u013en\u00fd po\u010det elektronick\u00fdch dokumentov. Tento modul umo\u017e\u0148uje vytv\u00e1ra\u0165 elektronick\u00fd arch\u00edv v\u0161etk\u00fdch dokumentov vz\u0165ahuj\u00facich sa ku konkr\u00e9tnym objektom IS definovan\u00fdm v syst\u00e9me Chastia FM. Multimedi\u00e1lne schopnosti tohto arch\u00edvu dokumentov s\u00fa prakticky neobmedzen\u00e9. Modul dokumenty umo\u017e\u0148uje: Integr\u00e1ciu dokumentov do hierarchie majetku (are\u00e1ly, budovy, zariadenia, &#8230;) ich priraden\u00edm ku konkr\u00e9tnemu [&hellip;]","og_url":"https:\/\/www.chastia.com\/sk\/products\/chastia-fm\/module-documents\/","og_site_name":"CHASTIA s.r.o.","article_publisher":"https:\/\/www.facebook.com\/chastia.cz","article_modified_time":"2020-05-14T12:50:57+00:00","og_image":[{"width":1240,"height":827,"url":"https:\/\/www.chastia.com\/wp-content\/uploads\/2024\/05\/chastia_V_T_logo.png","type":"image\/png"}],"twitter_card":"summary_large_image","twitter_misc":{"Predpokladan\u00fd \u010das \u010d\u00edtania":"1 min\u00fata"},"schema":{"@context":"https:\/\/schema.org","@graph":[{"@type":"WebPage","@id":"https:\/\/www.chastia.com\/sk\/products\/chastia-fm\/module-documents\/","url":"https:\/\/www.chastia.com\/sk\/products\/chastia-fm\/module-documents\/","name":"Modul Dokumenty - CHASTIA s.r.o.","isPartOf":{"@id":"https:\/\/www.chastia.com\/sk\/#website"},"datePublished":"2016-11-02T09:52:37+00:00","dateModified":"2020-05-14T12:50:57+00:00","breadcrumb":{"@id":"https:\/\/www.chastia.com\/sk\/products\/chastia-fm\/module-documents\/#breadcrumb"},"inLanguage":"sk-SK","potentialAction":[{"@type":"ReadAction","target":["https:\/\/www.chastia.com\/sk\/products\/chastia-fm\/module-documents\/"]}]},{"@type":"BreadcrumbList","@id":"https:\/\/www.chastia.com\/sk\/products\/chastia-fm\/module-documents\/#breadcrumb","itemListElement":[{"@type":"ListItem","position":1,"name":"Home","item":"https:\/\/www.chastia.com\/sk\/"},{"@type":"ListItem","position":2,"name":"Produkty","item":"https:\/\/www.chastia.com\/sk\/products\/"},{"@type":"ListItem","position":3,"name":"Chastia FM","item":"https:\/\/www.chastia.com\/sk\/products\/chastia-fm\/"},{"@type":"ListItem","position":4,"name":"Modul Dokumenty"}]},{"@type":"WebSite","@id":"https:\/\/www.chastia.com\/sk\/#website","url":"https:\/\/www.chastia.com\/sk\/","name":"CHASTIA s.r.o.","description":"","publisher":{"@id":"https:\/\/www.chastia.com\/sk\/#organization"},"alternateName":"CHASTIA","potentialAction":[{"@type":"SearchAction","target":{"@type":"EntryPoint","urlTemplate":"https:\/\/www.chastia.com\/sk\/?s={search_term_string}"},"query-input":"required name=search_term_string"}],"inLanguage":"sk-SK"},{"@type":"Organization","@id":"https:\/\/www.chastia.com\/sk\/#organization","name":"CHASTIA s.r.o.","url":"https:\/\/www.chastia.com\/sk\/","logo":{"@type":"ImageObject","inLanguage":"sk-SK","@id":"https:\/\/www.chastia.com\/sk\/#\/schema\/logo\/image\/","url":"https:\/\/www.chastia.com\/wp-content\/uploads\/2024\/05\/chastia_V_T_logo.png","contentUrl":"https:\/\/www.chastia.com\/wp-content\/uploads\/2024\/05\/chastia_V_T_logo.png","width":1240,"height":827,"caption":"CHASTIA s.r.o."},"image":{"@id":"https:\/\/www.chastia.com\/sk\/#\/schema\/logo\/image\/"},"sameAs":["https:\/\/www.facebook.com\/chastia.cz"]}]}},"_links":{"self":[{"href":"https:\/\/www.chastia.com\/sk\/wp-json\/wp\/v2\/pages\/3599"}],"collection":[{"href":"https:\/\/www.chastia.com\/sk\/wp-json\/wp\/v2\/pages"}],"about":[{"href":"https:\/\/www.chastia.com\/sk\/wp-json\/wp\/v2\/types\/page"}],"author":[{"embeddable":true,"href":"https:\/\/www.chastia.com\/sk\/wp-json\/wp\/v2\/users\/1"}],"replies":[{"embeddable":true,"href":"https:\/\/www.chastia.com\/sk\/wp-json\/wp\/v2\/comments?post=3599"}],"version-history":[{"count":6,"href":"https:\/\/www.chastia.com\/sk\/wp-json\/wp\/v2\/pages\/3599\/revisions"}],"predecessor-version":[{"id":8235,"href":"https:\/\/www.chastia.com\/sk\/wp-json\/wp\/v2\/pages\/3599\/revisions\/8235"}],"up":[{"embeddable":true,"href":"https:\/\/www.chastia.com\/sk\/wp-json\/wp\/v2\/pages\/3462"}],"wp:attachment":[{"href":"https:\/\/www.chastia.com\/sk\/wp-json\/wp\/v2\/media?parent=3599"}],"curies":[{"name":"wp","href":"https:\/\/api.w.org\/{rel}","templated":true}]}}