{"id":3594,"date":"2016-11-02T10:50:25","date_gmt":"2016-11-02T09:50:25","guid":{"rendered":"http:\/\/chastia.pozorradar.sk\/?page_id=3594"},"modified":"2020-05-14T14:51:50","modified_gmt":"2020-05-14T12:51:50","slug":"module-catalogs","status":"publish","type":"page","link":"https:\/\/www.chastia.com\/sk\/products\/chastia-fm\/module-catalogs\/","title":{"rendered":"Modul Katal\u00f3gy"},"content":{"rendered":"<p>[vc_row][vc_column]<H2>Katal\u00f3gy<\/H2>[\/vc_column][\/vc_row]<\/p>\n<p>V\u0161etky zariadenia, ktor\u00e9 s\u00fa evidovan\u00e9 v informa\u010dnom syst\u00e9me m\u00f4\u017eu by\u0165 zapracovan\u00e9 do katal\u00f3gov, ktor\u00e9 obsahuj\u00fa v\u0161etky potrebn\u00e9 technick\u00e9 inform\u00e1cie pre prev\u00e1dzku a \u00fadr\u017ebu, vr\u00e1tane obr\u00e1zku alebo fotografie. Pr\u00ed\u00adkladom m\u00f4\u017eu by\u0165 katal\u00f3gy stavebn\u00fdch s\u00fastav, vykurovac\u00edch telies, vodomerov, mera\u010dov tepla, kotlov, v\u00fd\u0165ahov, n\u00e1bytku a pod.<\/p>\n<p>Katal\u00f3gy s\u00fa samostatn\u00fdm programom, ktor\u00fd sl\u00fa\u017ei na defin\u00edciu spravidla technick\u00fdch vlastnost\u00ed \u010dasto sa opakuj\u00facich objektov IS v <strong><span class=\"highl\">Chastii FM<\/span><\/strong>. Tieto vlastnosti sa prip\u00e1jaj\u00fa\u00a0k Objektu IS pomocou katal\u00f3gov\u00e9ho \u010d\u00edsla. Obsahuj\u00fa textov\u00e9 a \u010d\u00edseln\u00e9 inform\u00e1cie, fotografie, rozmerov\u00e9 n\u00e1\u010drtky, zna\u010dky pre kreslenie v grafickom editore a pozn\u00e1mku.<br \/>\nV\u00fdhodou tak\u00e9hoto rie\u0161enia je odstr\u00e1nenie duplicity inform\u00e1ci\u00ed a mo\u017enos\u0165 ich defin\u00edcie a editovania na jednom mieste.<br \/>\nProgram Katal\u00f3gy je mo\u017en\u00e9 spusti\u0165 aj samostatne pre pou\u017eitie v in\u00fdch aplik\u00e1ci\u00e1ch.<\/p>\n","protected":false},"excerpt":{"rendered":"<p>[vc_row][vc_column][\/vc_column][\/vc_row] V\u0161etky zariadenia, ktor\u00e9 s\u00fa evidovan\u00e9 v informa\u010dnom syst\u00e9me m\u00f4\u017eu by\u0165 zapracovan\u00e9 do katal\u00f3gov, ktor\u00e9 obsahuj\u00fa v\u0161etky potrebn\u00e9 technick\u00e9 inform\u00e1cie pre prev\u00e1dzku a \u00fadr\u017ebu, vr\u00e1tane obr\u00e1zku alebo fotografie. Pr\u00ed\u00adkladom m\u00f4\u017eu by\u0165 katal\u00f3gy stavebn\u00fdch s\u00fastav, vykurovac\u00edch telies, vodomerov, mera\u010dov tepla, kotlov, v\u00fd\u0165ahov, n\u00e1bytku a pod. Katal\u00f3gy s\u00fa samostatn\u00fdm programom, ktor\u00fd sl\u00fa\u017ei na defin\u00edciu spravidla technick\u00fdch vlastnost\u00ed [&hellip;]<\/p>\n","protected":false},"author":1,"featured_media":0,"parent":3462,"menu_order":0,"comment_status":"closed","ping_status":"closed","template":"","meta":{"footnotes":""},"yoast_head":"<!-- This site is optimized with the Yoast SEO plugin v22.8 - https:\/\/yoast.com\/wordpress\/plugins\/seo\/ -->\n<title>Modul Katal\u00f3gy - CHASTIA s.r.o.<\/title>\n<meta name=\"robots\" content=\"index, follow, max-snippet:-1, max-image-preview:large, max-video-preview:-1\" \/>\n<link rel=\"canonical\" href=\"https:\/\/www.chastia.com\/sk\/products\/chastia-fm\/module-catalogs\/\" \/>\n<meta property=\"og:locale\" content=\"sk_SK\" \/>\n<meta property=\"og:type\" content=\"article\" \/>\n<meta property=\"og:title\" content=\"Modul Katal\u00f3gy - CHASTIA s.r.o.\" \/>\n<meta property=\"og:description\" content=\"[vc_row][vc_column][\/vc_column][\/vc_row] V\u0161etky zariadenia, ktor\u00e9 s\u00fa evidovan\u00e9 v informa\u010dnom syst\u00e9me m\u00f4\u017eu by\u0165 zapracovan\u00e9 do katal\u00f3gov, ktor\u00e9 obsahuj\u00fa v\u0161etky potrebn\u00e9 technick\u00e9 inform\u00e1cie pre prev\u00e1dzku a \u00fadr\u017ebu, vr\u00e1tane obr\u00e1zku alebo fotografie. Pr\u00ed\u00adkladom m\u00f4\u017eu by\u0165 katal\u00f3gy stavebn\u00fdch s\u00fastav, vykurovac\u00edch telies, vodomerov, mera\u010dov tepla, kotlov, v\u00fd\u0165ahov, n\u00e1bytku a pod. Katal\u00f3gy s\u00fa samostatn\u00fdm programom, ktor\u00fd sl\u00fa\u017ei na defin\u00edciu spravidla technick\u00fdch vlastnost\u00ed [&hellip;]\" \/>\n<meta property=\"og:url\" content=\"https:\/\/www.chastia.com\/sk\/products\/chastia-fm\/module-catalogs\/\" \/>\n<meta property=\"og:site_name\" content=\"CHASTIA s.r.o.\" \/>\n<meta property=\"article:publisher\" content=\"https:\/\/www.facebook.com\/chastia.cz\" \/>\n<meta property=\"article:modified_time\" content=\"2020-05-14T12:51:50+00:00\" \/>\n<meta property=\"og:image\" content=\"https:\/\/www.chastia.com\/wp-content\/uploads\/2024\/05\/chastia_V_T_logo.png\" \/>\n\t<meta property=\"og:image:width\" content=\"1240\" \/>\n\t<meta property=\"og:image:height\" content=\"827\" \/>\n\t<meta property=\"og:image:type\" content=\"image\/png\" \/>\n<meta name=\"twitter:card\" content=\"summary_large_image\" \/>\n<meta name=\"twitter:label1\" content=\"Predpokladan\u00fd \u010das \u010d\u00edtania\" \/>\n\t<meta name=\"twitter:data1\" content=\"1 min\u00fata\" \/>\n<script type=\"application\/ld+json\" class=\"yoast-schema-graph\">{\"@context\":\"https:\/\/schema.org\",\"@graph\":[{\"@type\":\"WebPage\",\"@id\":\"https:\/\/www.chastia.com\/sk\/products\/chastia-fm\/module-catalogs\/\",\"url\":\"https:\/\/www.chastia.com\/sk\/products\/chastia-fm\/module-catalogs\/\",\"name\":\"Modul Katal\u00f3gy - CHASTIA s.r.o.\",\"isPartOf\":{\"@id\":\"https:\/\/www.chastia.com\/sk\/#website\"},\"datePublished\":\"2016-11-02T09:50:25+00:00\",\"dateModified\":\"2020-05-14T12:51:50+00:00\",\"breadcrumb\":{\"@id\":\"https:\/\/www.chastia.com\/sk\/products\/chastia-fm\/module-catalogs\/#breadcrumb\"},\"inLanguage\":\"sk-SK\",\"potentialAction\":[{\"@type\":\"ReadAction\",\"target\":[\"https:\/\/www.chastia.com\/sk\/products\/chastia-fm\/module-catalogs\/\"]}]},{\"@type\":\"BreadcrumbList\",\"@id\":\"https:\/\/www.chastia.com\/sk\/products\/chastia-fm\/module-catalogs\/#breadcrumb\",\"itemListElement\":[{\"@type\":\"ListItem\",\"position\":1,\"name\":\"Home\",\"item\":\"https:\/\/www.chastia.com\/sk\/\"},{\"@type\":\"ListItem\",\"position\":2,\"name\":\"Produkty\",\"item\":\"https:\/\/www.chastia.com\/sk\/products\/\"},{\"@type\":\"ListItem\",\"position\":3,\"name\":\"Chastia FM\",\"item\":\"https:\/\/www.chastia.com\/sk\/products\/chastia-fm\/\"},{\"@type\":\"ListItem\",\"position\":4,\"name\":\"Modul Katal\u00f3gy\"}]},{\"@type\":\"WebSite\",\"@id\":\"https:\/\/www.chastia.com\/sk\/#website\",\"url\":\"https:\/\/www.chastia.com\/sk\/\",\"name\":\"CHASTIA s.r.o.\",\"description\":\"\",\"publisher\":{\"@id\":\"https:\/\/www.chastia.com\/sk\/#organization\"},\"alternateName\":\"CHASTIA\",\"potentialAction\":[{\"@type\":\"SearchAction\",\"target\":{\"@type\":\"EntryPoint\",\"urlTemplate\":\"https:\/\/www.chastia.com\/sk\/?s={search_term_string}\"},\"query-input\":\"required name=search_term_string\"}],\"inLanguage\":\"sk-SK\"},{\"@type\":\"Organization\",\"@id\":\"https:\/\/www.chastia.com\/sk\/#organization\",\"name\":\"CHASTIA s.r.o.\",\"url\":\"https:\/\/www.chastia.com\/sk\/\",\"logo\":{\"@type\":\"ImageObject\",\"inLanguage\":\"sk-SK\",\"@id\":\"https:\/\/www.chastia.com\/sk\/#\/schema\/logo\/image\/\",\"url\":\"https:\/\/www.chastia.com\/wp-content\/uploads\/2024\/05\/chastia_V_T_logo.png\",\"contentUrl\":\"https:\/\/www.chastia.com\/wp-content\/uploads\/2024\/05\/chastia_V_T_logo.png\",\"width\":1240,\"height\":827,\"caption\":\"CHASTIA s.r.o.\"},\"image\":{\"@id\":\"https:\/\/www.chastia.com\/sk\/#\/schema\/logo\/image\/\"},\"sameAs\":[\"https:\/\/www.facebook.com\/chastia.cz\"]}]}<\/script>\n<!-- \/ Yoast SEO plugin. -->","yoast_head_json":{"title":"Modul Katal\u00f3gy - CHASTIA s.r.o.","robots":{"index":"index","follow":"follow","max-snippet":"max-snippet:-1","max-image-preview":"max-image-preview:large","max-video-preview":"max-video-preview:-1"},"canonical":"https:\/\/www.chastia.com\/sk\/products\/chastia-fm\/module-catalogs\/","og_locale":"sk_SK","og_type":"article","og_title":"Modul Katal\u00f3gy - CHASTIA s.r.o.","og_description":"[vc_row][vc_column][\/vc_column][\/vc_row] V\u0161etky zariadenia, ktor\u00e9 s\u00fa evidovan\u00e9 v informa\u010dnom syst\u00e9me m\u00f4\u017eu by\u0165 zapracovan\u00e9 do katal\u00f3gov, ktor\u00e9 obsahuj\u00fa v\u0161etky potrebn\u00e9 technick\u00e9 inform\u00e1cie pre prev\u00e1dzku a \u00fadr\u017ebu, vr\u00e1tane obr\u00e1zku alebo fotografie. Pr\u00ed\u00adkladom m\u00f4\u017eu by\u0165 katal\u00f3gy stavebn\u00fdch s\u00fastav, vykurovac\u00edch telies, vodomerov, mera\u010dov tepla, kotlov, v\u00fd\u0165ahov, n\u00e1bytku a pod. Katal\u00f3gy s\u00fa samostatn\u00fdm programom, ktor\u00fd sl\u00fa\u017ei na defin\u00edciu spravidla technick\u00fdch vlastnost\u00ed [&hellip;]","og_url":"https:\/\/www.chastia.com\/sk\/products\/chastia-fm\/module-catalogs\/","og_site_name":"CHASTIA s.r.o.","article_publisher":"https:\/\/www.facebook.com\/chastia.cz","article_modified_time":"2020-05-14T12:51:50+00:00","og_image":[{"width":1240,"height":827,"url":"https:\/\/www.chastia.com\/wp-content\/uploads\/2024\/05\/chastia_V_T_logo.png","type":"image\/png"}],"twitter_card":"summary_large_image","twitter_misc":{"Predpokladan\u00fd \u010das \u010d\u00edtania":"1 min\u00fata"},"schema":{"@context":"https:\/\/schema.org","@graph":[{"@type":"WebPage","@id":"https:\/\/www.chastia.com\/sk\/products\/chastia-fm\/module-catalogs\/","url":"https:\/\/www.chastia.com\/sk\/products\/chastia-fm\/module-catalogs\/","name":"Modul Katal\u00f3gy - CHASTIA s.r.o.","isPartOf":{"@id":"https:\/\/www.chastia.com\/sk\/#website"},"datePublished":"2016-11-02T09:50:25+00:00","dateModified":"2020-05-14T12:51:50+00:00","breadcrumb":{"@id":"https:\/\/www.chastia.com\/sk\/products\/chastia-fm\/module-catalogs\/#breadcrumb"},"inLanguage":"sk-SK","potentialAction":[{"@type":"ReadAction","target":["https:\/\/www.chastia.com\/sk\/products\/chastia-fm\/module-catalogs\/"]}]},{"@type":"BreadcrumbList","@id":"https:\/\/www.chastia.com\/sk\/products\/chastia-fm\/module-catalogs\/#breadcrumb","itemListElement":[{"@type":"ListItem","position":1,"name":"Home","item":"https:\/\/www.chastia.com\/sk\/"},{"@type":"ListItem","position":2,"name":"Produkty","item":"https:\/\/www.chastia.com\/sk\/products\/"},{"@type":"ListItem","position":3,"name":"Chastia FM","item":"https:\/\/www.chastia.com\/sk\/products\/chastia-fm\/"},{"@type":"ListItem","position":4,"name":"Modul Katal\u00f3gy"}]},{"@type":"WebSite","@id":"https:\/\/www.chastia.com\/sk\/#website","url":"https:\/\/www.chastia.com\/sk\/","name":"CHASTIA s.r.o.","description":"","publisher":{"@id":"https:\/\/www.chastia.com\/sk\/#organization"},"alternateName":"CHASTIA","potentialAction":[{"@type":"SearchAction","target":{"@type":"EntryPoint","urlTemplate":"https:\/\/www.chastia.com\/sk\/?s={search_term_string}"},"query-input":"required name=search_term_string"}],"inLanguage":"sk-SK"},{"@type":"Organization","@id":"https:\/\/www.chastia.com\/sk\/#organization","name":"CHASTIA s.r.o.","url":"https:\/\/www.chastia.com\/sk\/","logo":{"@type":"ImageObject","inLanguage":"sk-SK","@id":"https:\/\/www.chastia.com\/sk\/#\/schema\/logo\/image\/","url":"https:\/\/www.chastia.com\/wp-content\/uploads\/2024\/05\/chastia_V_T_logo.png","contentUrl":"https:\/\/www.chastia.com\/wp-content\/uploads\/2024\/05\/chastia_V_T_logo.png","width":1240,"height":827,"caption":"CHASTIA s.r.o."},"image":{"@id":"https:\/\/www.chastia.com\/sk\/#\/schema\/logo\/image\/"},"sameAs":["https:\/\/www.facebook.com\/chastia.cz"]}]}},"_links":{"self":[{"href":"https:\/\/www.chastia.com\/sk\/wp-json\/wp\/v2\/pages\/3594"}],"collection":[{"href":"https:\/\/www.chastia.com\/sk\/wp-json\/wp\/v2\/pages"}],"about":[{"href":"https:\/\/www.chastia.com\/sk\/wp-json\/wp\/v2\/types\/page"}],"author":[{"embeddable":true,"href":"https:\/\/www.chastia.com\/sk\/wp-json\/wp\/v2\/users\/1"}],"replies":[{"embeddable":true,"href":"https:\/\/www.chastia.com\/sk\/wp-json\/wp\/v2\/comments?post=3594"}],"version-history":[{"count":3,"href":"https:\/\/www.chastia.com\/sk\/wp-json\/wp\/v2\/pages\/3594\/revisions"}],"predecessor-version":[{"id":8236,"href":"https:\/\/www.chastia.com\/sk\/wp-json\/wp\/v2\/pages\/3594\/revisions\/8236"}],"up":[{"embeddable":true,"href":"https:\/\/www.chastia.com\/sk\/wp-json\/wp\/v2\/pages\/3462"}],"wp:attachment":[{"href":"https:\/\/www.chastia.com\/sk\/wp-json\/wp\/v2\/media?parent=3594"}],"curies":[{"name":"wp","href":"https:\/\/api.w.org\/{rel}","templated":true}]}}