{"id":3590,"date":"2016-11-02T10:48:37","date_gmt":"2016-11-02T09:48:37","guid":{"rendered":"http:\/\/chastia.pozorradar.sk\/?page_id=3590"},"modified":"2020-05-14T14:49:02","modified_gmt":"2020-05-14T12:49:02","slug":"module-graphic","status":"publish","type":"page","link":"https:\/\/www.chastia.com\/sk\/products\/chastia-fm\/module-graphic\/","title":{"rendered":"Modul Grafika"},"content":{"rendered":"<p>[vc_row][vc_column]<H2>Grafika<\/H2>[\/vc_column][\/vc_row]<\/p>\n<div class=\"textContent\">\n<p>Grafick\u00fd modul je tvoren\u00fd tromi z\u00e1kladn\u00fdmi objektami \u2013 grafick\u00fdm editorom, grafick\u00fdm prehliada\u010dom, editorom v\u00fdkresov\u00fdch tla\u010dov\u00fdch zost\u00e1v a cel\u00fdm apar\u00e1tom n\u00e1strojov a pr\u00edkazov pre pr\u00e1cu s v\u00fdkresmi pre tvorbu a edit\u00e1ciu projektu.<\/p>\n<p>Modul umo\u017e\u0148uje:<\/p>\n<ul>\n<li>umo\u017e\u0148uje vytv\u00e1ra\u0165 vektorov\u00e9 v\u00fdkresy a pracova\u0165 s nimi,<\/li>\n<li>importova\u0165 v\u00fdkresy z CAD a GIS syst\u00e9mov,<\/li>\n<li>prep\u00e1ja\u0165 jednotliv\u00e9 grafick\u00e9 prvky medzi sebou navz\u00e1jom a s \u00fadajmi\u00a0v datab\u00e1ze,<\/li>\n<li>vytv\u00e1ra\u0165 tematick\u00e9 mapy a v\u00fdkresy pod\u013ea po\u017eiadaviek ostatn\u00fdch modulov Chastie FM,<\/li>\n<li>modul v\u00a0kombin\u00e1cii s \u00fadajmi v datab\u00e1ze ve\u013emi \u00fa\u010dinne nahr\u00e1dza v spr\u00e1vcovsk\u00fdch spolo\u010dnostiach geografick\u00e9 informa\u010dn\u00e9 syst\u00e9my.<\/li>\n<\/ul>\n<p>Grafick\u00fd modul obsahuje najm\u00e4:<\/p>\n<ul>\n<li><strong>Vektorov\u00fd grafick\u00fd editor &#8211; <\/strong>sl\u00fa\u017ei pre pr\u00edpravu a edit\u00e1ciu v\u00fdkresov pre projekt. Pomocou neho s\u00fa tie\u017e mo\u017en\u00e9 r\u00fdchle edit\u00e1cie v\u00fdkresov (zmeny v priebehu \u017eivotnosti objektov &#8211; posunutie prie\u010dky, dver\u00ed, presun n\u00e1bytku a pod.). Samozrejmos\u0165ou je jednoduch\u00e9 kreslenie v\u00fdkresov a pr\u00edprava v\u00fdkresov pre projekt Chastia pomocou \u0161abl\u00f3n v\u00fdkresov. Prostredie programu je ve\u013emi intuit\u00edvne a podob\u00e1 sa na \u0161tandardn\u00e9 CAD aplik\u00e1cie.<br \/>\nProgram umo\u017e\u0148uje import v\u00fdkresov z CAD aplik\u00e1ci\u00ed, kreslenie vo vlastnom grafickom prostred\u00ed, definovanie \u0161abl\u00f3n v\u00fdkresov a pod. Editor tie\u017e umo\u017e\u0148uje vklada\u0165 do v\u00fdkresov rastrov\u00e9 obr\u00e1zky &#8211; napr. skenovan\u00e9 v\u00fdkresy, fotografie a podobne.<\/li>\n<li><strong>Grafick\u00fd prehliada\u010d &#8211;<\/strong> sl\u00fa\u017ei prednostne pre zobrazovanie grafick\u00fdch inform\u00e1ci\u00ed (spravidla v\u00fdkresov) s prepojen\u00edm jej prvkov (ent\u00edt) na datab\u00e1zov\u00e9 z\u00e1znamy.<\/li>\n<li><strong>Editor v\u00fdkresov\u00fdch tla\u010dov\u00fdch zost\u00e1v &#8211;<\/strong>\u00a0je ur\u010den\u00fd\u00a0pre defin\u00edciu prezeranie a tla\u010d v\u00fdkresov\u00fdch zost\u00e1v. Hlavnou komponentou tla\u010dov\u00fdch zost\u00e1v s\u00fa v\u00fdkresy <span class=\"highl\"><strong>Chastie FM<\/strong><\/span> &#8211; tie v\u0161ak nutne nemusia by\u0165 povinn\u00e9. Okrem v\u00fdkresov <strong><span class=\"highl\">Chastie FM <\/span><\/strong>je mo\u017en\u00e9 do v\u00fdkresov\u00fdch zost\u00e1v vklada\u0165 obr\u00e1zky, textov\u00e9 r\u00e1m\u010deky a pod. Editor je rie\u0161en\u00fd objektovo, kde ka\u017ed\u00fd prvok zostavy sa chov\u00e1 \u00faplne samostatne &#8211; m\u00f4\u017ee ma\u0165 svoju vlastn\u00fa ve\u013ekos\u0165, mer\u00edtko, tvar a in\u00e9 vlastnosti.<br \/>\nTla\u010dov\u00e1 zostava sa d\u00e1 ulo\u017ei\u0165 na disk pre \u010fal\u0161ie pou\u017eitie vo viacer\u00fdch form\u00e1toch.<br \/>\nEditor umo\u017e\u0148uje tla\u010d na ve\u013ek\u00e9 form\u00e1ty papiera, pr\u00edpadne je mo\u017en\u00e9 rozdeli\u0165 ve\u013ek\u00fd v\u00fdkres na nieko\u013eko men\u0161\u00edch str\u00e1n (napr\u00edklad v\u00fdkres A0 vytla\u010di\u0165 na tla\u010diarni A4).<\/li>\n<li><strong>N\u00e1stroje pre pr\u00e1cu s v\u00fdkresmi. <\/strong><span class=\"highl\"><strong>Chastia FM<\/strong><\/span> obsahuje mno\u017estvo podporn\u00fdch n\u00e1strojov na pr\u00e1cu s v\u00fdkresmi &#8211; napr. n\u00e1stroj na prep\u00e1janie v\u00fdkresov medzi sebou, n\u00e1stroj na generovanie z\u00e1znamov do datab\u00e1zy z objektov vo v\u00fdkrese, n\u00e1stroj pre generovanie d\u013a\u017eok, obvodov a pl\u00f4ch z v\u00fdkresov a pod. Tak\u00e9to n\u00e1stroje robia pr\u00e1cu s <span class=\"highl\"><strong>Chastiou FM<\/strong><\/span> ve\u013emi komfortnou. Zna\u010dne u\u013eah\u010duj\u00fa pr\u00e1cu pri pr\u00edprave projektu a v\u00fdrazne tieto \u010dinnosti zr\u00fdch\u013euj\u00fa a zlac\u0148uj\u00fa.<\/li>\n<\/ul>\n<\/div>\n","protected":false},"excerpt":{"rendered":"<p>[vc_row][vc_column][\/vc_column][\/vc_row] Grafick\u00fd modul je tvoren\u00fd tromi z\u00e1kladn\u00fdmi objektami \u2013 grafick\u00fdm editorom, grafick\u00fdm prehliada\u010dom, editorom v\u00fdkresov\u00fdch tla\u010dov\u00fdch zost\u00e1v a cel\u00fdm apar\u00e1tom n\u00e1strojov a pr\u00edkazov pre pr\u00e1cu s v\u00fdkresmi pre tvorbu a edit\u00e1ciu projektu. Modul umo\u017e\u0148uje: umo\u017e\u0148uje vytv\u00e1ra\u0165 vektorov\u00e9 v\u00fdkresy a pracova\u0165 s nimi, importova\u0165 v\u00fdkresy z CAD a GIS syst\u00e9mov, prep\u00e1ja\u0165 jednotliv\u00e9 grafick\u00e9 prvky medzi sebou [&hellip;]<\/p>\n","protected":false},"author":1,"featured_media":0,"parent":3462,"menu_order":0,"comment_status":"closed","ping_status":"closed","template":"","meta":{"footnotes":""},"yoast_head":"<!-- This site is optimized with the Yoast SEO plugin v22.8 - https:\/\/yoast.com\/wordpress\/plugins\/seo\/ -->\n<title>Modul Grafika - CHASTIA s.r.o.<\/title>\n<meta name=\"robots\" content=\"index, follow, max-snippet:-1, max-image-preview:large, max-video-preview:-1\" \/>\n<link rel=\"canonical\" href=\"https:\/\/www.chastia.com\/sk\/products\/chastia-fm\/module-graphic\/\" \/>\n<meta property=\"og:locale\" content=\"sk_SK\" \/>\n<meta property=\"og:type\" content=\"article\" \/>\n<meta property=\"og:title\" content=\"Modul Grafika - CHASTIA s.r.o.\" \/>\n<meta property=\"og:description\" content=\"[vc_row][vc_column][\/vc_column][\/vc_row] Grafick\u00fd modul je tvoren\u00fd tromi z\u00e1kladn\u00fdmi objektami \u2013 grafick\u00fdm editorom, grafick\u00fdm prehliada\u010dom, editorom v\u00fdkresov\u00fdch tla\u010dov\u00fdch zost\u00e1v a cel\u00fdm apar\u00e1tom n\u00e1strojov a pr\u00edkazov pre pr\u00e1cu s v\u00fdkresmi pre tvorbu a edit\u00e1ciu projektu. Modul umo\u017e\u0148uje: umo\u017e\u0148uje vytv\u00e1ra\u0165 vektorov\u00e9 v\u00fdkresy a pracova\u0165 s nimi, importova\u0165 v\u00fdkresy z CAD a GIS syst\u00e9mov, prep\u00e1ja\u0165 jednotliv\u00e9 grafick\u00e9 prvky medzi sebou [&hellip;]\" \/>\n<meta property=\"og:url\" content=\"https:\/\/www.chastia.com\/sk\/products\/chastia-fm\/module-graphic\/\" \/>\n<meta property=\"og:site_name\" content=\"CHASTIA s.r.o.\" \/>\n<meta property=\"article:publisher\" content=\"https:\/\/www.facebook.com\/chastia.cz\" \/>\n<meta property=\"article:modified_time\" content=\"2020-05-14T12:49:02+00:00\" \/>\n<meta property=\"og:image\" content=\"https:\/\/www.chastia.com\/wp-content\/uploads\/2024\/05\/chastia_V_T_logo.png\" \/>\n\t<meta property=\"og:image:width\" content=\"1240\" \/>\n\t<meta property=\"og:image:height\" content=\"827\" \/>\n\t<meta property=\"og:image:type\" content=\"image\/png\" \/>\n<meta name=\"twitter:card\" content=\"summary_large_image\" \/>\n<meta name=\"twitter:label1\" content=\"Predpokladan\u00fd \u010das \u010d\u00edtania\" \/>\n\t<meta name=\"twitter:data1\" content=\"3 min\u00faty\" \/>\n<script type=\"application\/ld+json\" class=\"yoast-schema-graph\">{\"@context\":\"https:\/\/schema.org\",\"@graph\":[{\"@type\":\"WebPage\",\"@id\":\"https:\/\/www.chastia.com\/sk\/products\/chastia-fm\/module-graphic\/\",\"url\":\"https:\/\/www.chastia.com\/sk\/products\/chastia-fm\/module-graphic\/\",\"name\":\"Modul Grafika - CHASTIA s.r.o.\",\"isPartOf\":{\"@id\":\"https:\/\/www.chastia.com\/sk\/#website\"},\"datePublished\":\"2016-11-02T09:48:37+00:00\",\"dateModified\":\"2020-05-14T12:49:02+00:00\",\"breadcrumb\":{\"@id\":\"https:\/\/www.chastia.com\/sk\/products\/chastia-fm\/module-graphic\/#breadcrumb\"},\"inLanguage\":\"sk-SK\",\"potentialAction\":[{\"@type\":\"ReadAction\",\"target\":[\"https:\/\/www.chastia.com\/sk\/products\/chastia-fm\/module-graphic\/\"]}]},{\"@type\":\"BreadcrumbList\",\"@id\":\"https:\/\/www.chastia.com\/sk\/products\/chastia-fm\/module-graphic\/#breadcrumb\",\"itemListElement\":[{\"@type\":\"ListItem\",\"position\":1,\"name\":\"Home\",\"item\":\"https:\/\/www.chastia.com\/sk\/\"},{\"@type\":\"ListItem\",\"position\":2,\"name\":\"Produkty\",\"item\":\"https:\/\/www.chastia.com\/sk\/products\/\"},{\"@type\":\"ListItem\",\"position\":3,\"name\":\"Chastia FM\",\"item\":\"https:\/\/www.chastia.com\/sk\/products\/chastia-fm\/\"},{\"@type\":\"ListItem\",\"position\":4,\"name\":\"Modul Grafika\"}]},{\"@type\":\"WebSite\",\"@id\":\"https:\/\/www.chastia.com\/sk\/#website\",\"url\":\"https:\/\/www.chastia.com\/sk\/\",\"name\":\"CHASTIA s.r.o.\",\"description\":\"\",\"publisher\":{\"@id\":\"https:\/\/www.chastia.com\/sk\/#organization\"},\"alternateName\":\"CHASTIA\",\"potentialAction\":[{\"@type\":\"SearchAction\",\"target\":{\"@type\":\"EntryPoint\",\"urlTemplate\":\"https:\/\/www.chastia.com\/sk\/?s={search_term_string}\"},\"query-input\":\"required name=search_term_string\"}],\"inLanguage\":\"sk-SK\"},{\"@type\":\"Organization\",\"@id\":\"https:\/\/www.chastia.com\/sk\/#organization\",\"name\":\"CHASTIA s.r.o.\",\"url\":\"https:\/\/www.chastia.com\/sk\/\",\"logo\":{\"@type\":\"ImageObject\",\"inLanguage\":\"sk-SK\",\"@id\":\"https:\/\/www.chastia.com\/sk\/#\/schema\/logo\/image\/\",\"url\":\"https:\/\/www.chastia.com\/wp-content\/uploads\/2024\/05\/chastia_V_T_logo.png\",\"contentUrl\":\"https:\/\/www.chastia.com\/wp-content\/uploads\/2024\/05\/chastia_V_T_logo.png\",\"width\":1240,\"height\":827,\"caption\":\"CHASTIA s.r.o.\"},\"image\":{\"@id\":\"https:\/\/www.chastia.com\/sk\/#\/schema\/logo\/image\/\"},\"sameAs\":[\"https:\/\/www.facebook.com\/chastia.cz\"]}]}<\/script>\n<!-- \/ Yoast SEO plugin. -->","yoast_head_json":{"title":"Modul Grafika - CHASTIA s.r.o.","robots":{"index":"index","follow":"follow","max-snippet":"max-snippet:-1","max-image-preview":"max-image-preview:large","max-video-preview":"max-video-preview:-1"},"canonical":"https:\/\/www.chastia.com\/sk\/products\/chastia-fm\/module-graphic\/","og_locale":"sk_SK","og_type":"article","og_title":"Modul Grafika - CHASTIA s.r.o.","og_description":"[vc_row][vc_column][\/vc_column][\/vc_row] Grafick\u00fd modul je tvoren\u00fd tromi z\u00e1kladn\u00fdmi objektami \u2013 grafick\u00fdm editorom, grafick\u00fdm prehliada\u010dom, editorom v\u00fdkresov\u00fdch tla\u010dov\u00fdch zost\u00e1v a cel\u00fdm apar\u00e1tom n\u00e1strojov a pr\u00edkazov pre pr\u00e1cu s v\u00fdkresmi pre tvorbu a edit\u00e1ciu projektu. Modul umo\u017e\u0148uje: umo\u017e\u0148uje vytv\u00e1ra\u0165 vektorov\u00e9 v\u00fdkresy a pracova\u0165 s nimi, importova\u0165 v\u00fdkresy z CAD a GIS syst\u00e9mov, prep\u00e1ja\u0165 jednotliv\u00e9 grafick\u00e9 prvky medzi sebou [&hellip;]","og_url":"https:\/\/www.chastia.com\/sk\/products\/chastia-fm\/module-graphic\/","og_site_name":"CHASTIA s.r.o.","article_publisher":"https:\/\/www.facebook.com\/chastia.cz","article_modified_time":"2020-05-14T12:49:02+00:00","og_image":[{"width":1240,"height":827,"url":"https:\/\/www.chastia.com\/wp-content\/uploads\/2024\/05\/chastia_V_T_logo.png","type":"image\/png"}],"twitter_card":"summary_large_image","twitter_misc":{"Predpokladan\u00fd \u010das \u010d\u00edtania":"3 min\u00faty"},"schema":{"@context":"https:\/\/schema.org","@graph":[{"@type":"WebPage","@id":"https:\/\/www.chastia.com\/sk\/products\/chastia-fm\/module-graphic\/","url":"https:\/\/www.chastia.com\/sk\/products\/chastia-fm\/module-graphic\/","name":"Modul Grafika - CHASTIA s.r.o.","isPartOf":{"@id":"https:\/\/www.chastia.com\/sk\/#website"},"datePublished":"2016-11-02T09:48:37+00:00","dateModified":"2020-05-14T12:49:02+00:00","breadcrumb":{"@id":"https:\/\/www.chastia.com\/sk\/products\/chastia-fm\/module-graphic\/#breadcrumb"},"inLanguage":"sk-SK","potentialAction":[{"@type":"ReadAction","target":["https:\/\/www.chastia.com\/sk\/products\/chastia-fm\/module-graphic\/"]}]},{"@type":"BreadcrumbList","@id":"https:\/\/www.chastia.com\/sk\/products\/chastia-fm\/module-graphic\/#breadcrumb","itemListElement":[{"@type":"ListItem","position":1,"name":"Home","item":"https:\/\/www.chastia.com\/sk\/"},{"@type":"ListItem","position":2,"name":"Produkty","item":"https:\/\/www.chastia.com\/sk\/products\/"},{"@type":"ListItem","position":3,"name":"Chastia FM","item":"https:\/\/www.chastia.com\/sk\/products\/chastia-fm\/"},{"@type":"ListItem","position":4,"name":"Modul Grafika"}]},{"@type":"WebSite","@id":"https:\/\/www.chastia.com\/sk\/#website","url":"https:\/\/www.chastia.com\/sk\/","name":"CHASTIA s.r.o.","description":"","publisher":{"@id":"https:\/\/www.chastia.com\/sk\/#organization"},"alternateName":"CHASTIA","potentialAction":[{"@type":"SearchAction","target":{"@type":"EntryPoint","urlTemplate":"https:\/\/www.chastia.com\/sk\/?s={search_term_string}"},"query-input":"required name=search_term_string"}],"inLanguage":"sk-SK"},{"@type":"Organization","@id":"https:\/\/www.chastia.com\/sk\/#organization","name":"CHASTIA s.r.o.","url":"https:\/\/www.chastia.com\/sk\/","logo":{"@type":"ImageObject","inLanguage":"sk-SK","@id":"https:\/\/www.chastia.com\/sk\/#\/schema\/logo\/image\/","url":"https:\/\/www.chastia.com\/wp-content\/uploads\/2024\/05\/chastia_V_T_logo.png","contentUrl":"https:\/\/www.chastia.com\/wp-content\/uploads\/2024\/05\/chastia_V_T_logo.png","width":1240,"height":827,"caption":"CHASTIA s.r.o."},"image":{"@id":"https:\/\/www.chastia.com\/sk\/#\/schema\/logo\/image\/"},"sameAs":["https:\/\/www.facebook.com\/chastia.cz"]}]}},"_links":{"self":[{"href":"https:\/\/www.chastia.com\/sk\/wp-json\/wp\/v2\/pages\/3590"}],"collection":[{"href":"https:\/\/www.chastia.com\/sk\/wp-json\/wp\/v2\/pages"}],"about":[{"href":"https:\/\/www.chastia.com\/sk\/wp-json\/wp\/v2\/types\/page"}],"author":[{"embeddable":true,"href":"https:\/\/www.chastia.com\/sk\/wp-json\/wp\/v2\/users\/1"}],"replies":[{"embeddable":true,"href":"https:\/\/www.chastia.com\/sk\/wp-json\/wp\/v2\/comments?post=3590"}],"version-history":[{"count":4,"href":"https:\/\/www.chastia.com\/sk\/wp-json\/wp\/v2\/pages\/3590\/revisions"}],"predecessor-version":[{"id":8234,"href":"https:\/\/www.chastia.com\/sk\/wp-json\/wp\/v2\/pages\/3590\/revisions\/8234"}],"up":[{"embeddable":true,"href":"https:\/\/www.chastia.com\/sk\/wp-json\/wp\/v2\/pages\/3462"}],"wp:attachment":[{"href":"https:\/\/www.chastia.com\/sk\/wp-json\/wp\/v2\/media?parent=3590"}],"curies":[{"name":"wp","href":"https:\/\/api.w.org\/{rel}","templated":true}]}}