{"id":3078,"date":"2016-10-06T12:54:02","date_gmt":"2016-10-06T10:54:02","guid":{"rendered":"http:\/\/chastia.pozorradar.sk\/?page_id=3078"},"modified":"2017-01-11T12:16:36","modified_gmt":"2017-01-11T11:16:36","slug":"received-payments-and-receivables","status":"publish","type":"page","link":"https:\/\/www.chastia.com\/sk\/solutions\/fm-companies\/received-payments-and-receivables\/","title":{"rendered":"Do\u0161l\u00e9 platby a poh\u013ead\u00e1vky"},"content":{"rendered":"<div class=\"fl ml20 w645\">\n<h1>Do\u0161l\u00e9 platby a poh\u013ead\u00e1vky<\/h1>\n<div class=\"textContent\">\n<p>V nadv\u00e4znosti na faktur\u00e1ciu Chastia FM umo\u017e\u0148uje evidova\u0165 do\u0161l\u00e9 platby a na ich z\u00e1klade porovnan\u00edm s vystaven\u00fdmi fakt\u00farami detailne sledova\u0165 poh\u013ead\u00e1vky.<\/p>\n<p>Evidencia do\u0161l\u00fdch platieb umo\u017e\u0148uje:<\/p>\n<ul>\n<li><strong>Import do\u0161l\u00fdch \u00fahrad <\/strong>z elektronick\u00fdch bankov\u00fdch v\u00fdpisov alebo z \u00fa\u010dtovn\u00e9ho syst\u00e9mu.<\/li>\n<li><strong>Manu\u00e1lne <\/strong>zad\u00e1vanie \u00fahrad.<\/li>\n<li><strong>P\u00e1rovanie \u00fahrad <\/strong>automatick\u00e9, poloautomatick\u00e9 a manu\u00e1lne.<\/li>\n<li><strong>Odp\u00e1rovanie \u00fahrad<\/strong>.<\/li>\n<li>P\u00e1rovanie \u00fahrad <strong>na doklad alebo na partnera<\/strong>.<\/li>\n<li><strong>Sledovanie salda<\/strong>.<\/li>\n<\/ul>\n<p>Sledovanie poh\u013ead\u00e1vok umo\u017e\u0148uje:<\/p>\n<ul>\n<li>Vo\u013en\u00fa <strong>defin\u00edciu stavov <\/strong>rie\u0161enia poh\u013ead\u00e1vok.<\/li>\n<li>Vo\u013ene definovate\u013en\u00e9 &#8220;<strong>workflow<\/strong>&#8221; pre rie\u0161enie poh\u013ead\u00e1vok.<\/li>\n<li><strong>Automatick\u00fd v\u00fdpo\u010det \u010dasu <\/strong>po splatnosti fakt\u00far.<\/li>\n<li><strong>Automatick\u00fd v\u00fdpo\u010det pen\u00e1le <\/strong>k dan\u00e9mu d\u0148u.<\/li>\n<li>R\u00fdchle odhalenie &#8220;<strong>neplati\u010dov<\/strong>&#8220;.<\/li>\n<li>Pre vybran\u00e9 poh\u013ead\u00e1vky <strong>automatick\u00e9 generovanie upomienok <\/strong>(alebo inej koren\u0161pondencie).<\/li>\n<\/ul>\n<\/div>\n<\/div>\n","protected":false},"excerpt":{"rendered":"<p>Do\u0161l\u00e9 platby a poh\u013ead\u00e1vky V nadv\u00e4znosti na faktur\u00e1ciu Chastia FM umo\u017e\u0148uje evidova\u0165 do\u0161l\u00e9 platby a na ich z\u00e1klade porovnan\u00edm s vystaven\u00fdmi fakt\u00farami detailne sledova\u0165 poh\u013ead\u00e1vky. Evidencia do\u0161l\u00fdch platieb umo\u017e\u0148uje: Import do\u0161l\u00fdch \u00fahrad z elektronick\u00fdch bankov\u00fdch v\u00fdpisov alebo z \u00fa\u010dtovn\u00e9ho syst\u00e9mu. Manu\u00e1lne zad\u00e1vanie \u00fahrad. P\u00e1rovanie \u00fahrad automatick\u00e9, poloautomatick\u00e9 a manu\u00e1lne. Odp\u00e1rovanie \u00fahrad. P\u00e1rovanie \u00fahrad na doklad [&hellip;]<\/p>\n","protected":false},"author":1,"featured_media":0,"parent":2922,"menu_order":0,"comment_status":"closed","ping_status":"closed","template":"","meta":{"footnotes":""},"yoast_head":"<!-- This site is optimized with the Yoast SEO plugin v22.8 - https:\/\/yoast.com\/wordpress\/plugins\/seo\/ -->\n<title>Do\u0161l\u00e9 platby a poh\u013ead\u00e1vky - CHASTIA s.r.o.<\/title>\n<meta name=\"robots\" content=\"index, follow, max-snippet:-1, max-image-preview:large, max-video-preview:-1\" \/>\n<link rel=\"canonical\" href=\"https:\/\/www.chastia.com\/sk\/solutions\/fm-companies\/received-payments-and-receivables\/\" \/>\n<meta property=\"og:locale\" content=\"sk_SK\" \/>\n<meta property=\"og:type\" content=\"article\" \/>\n<meta property=\"og:title\" content=\"Do\u0161l\u00e9 platby a poh\u013ead\u00e1vky - CHASTIA s.r.o.\" \/>\n<meta property=\"og:description\" content=\"Do\u0161l\u00e9 platby a poh\u013ead\u00e1vky V nadv\u00e4znosti na faktur\u00e1ciu Chastia FM umo\u017e\u0148uje evidova\u0165 do\u0161l\u00e9 platby a na ich z\u00e1klade porovnan\u00edm s vystaven\u00fdmi fakt\u00farami detailne sledova\u0165 poh\u013ead\u00e1vky. Evidencia do\u0161l\u00fdch platieb umo\u017e\u0148uje: Import do\u0161l\u00fdch \u00fahrad z elektronick\u00fdch bankov\u00fdch v\u00fdpisov alebo z \u00fa\u010dtovn\u00e9ho syst\u00e9mu. Manu\u00e1lne zad\u00e1vanie \u00fahrad. P\u00e1rovanie \u00fahrad automatick\u00e9, poloautomatick\u00e9 a manu\u00e1lne. Odp\u00e1rovanie \u00fahrad. P\u00e1rovanie \u00fahrad na doklad [&hellip;]\" \/>\n<meta property=\"og:url\" content=\"https:\/\/www.chastia.com\/sk\/solutions\/fm-companies\/received-payments-and-receivables\/\" \/>\n<meta property=\"og:site_name\" content=\"CHASTIA s.r.o.\" \/>\n<meta property=\"article:publisher\" content=\"https:\/\/www.facebook.com\/chastia.cz\" \/>\n<meta property=\"article:modified_time\" content=\"2017-01-11T11:16:36+00:00\" \/>\n<meta property=\"og:image\" content=\"https:\/\/www.chastia.com\/wp-content\/uploads\/2024\/05\/chastia_V_T_logo.png\" \/>\n\t<meta property=\"og:image:width\" content=\"1240\" \/>\n\t<meta property=\"og:image:height\" content=\"827\" \/>\n\t<meta property=\"og:image:type\" content=\"image\/png\" \/>\n<meta name=\"twitter:card\" content=\"summary_large_image\" \/>\n<meta name=\"twitter:label1\" content=\"Predpokladan\u00fd \u010das \u010d\u00edtania\" \/>\n\t<meta name=\"twitter:data1\" content=\"1 min\u00fata\" \/>\n<script type=\"application\/ld+json\" class=\"yoast-schema-graph\">{\"@context\":\"https:\/\/schema.org\",\"@graph\":[{\"@type\":\"WebPage\",\"@id\":\"https:\/\/www.chastia.com\/sk\/solutions\/fm-companies\/received-payments-and-receivables\/\",\"url\":\"https:\/\/www.chastia.com\/sk\/solutions\/fm-companies\/received-payments-and-receivables\/\",\"name\":\"Do\u0161l\u00e9 platby a poh\u013ead\u00e1vky - CHASTIA s.r.o.\",\"isPartOf\":{\"@id\":\"https:\/\/www.chastia.com\/sk\/#website\"},\"datePublished\":\"2016-10-06T10:54:02+00:00\",\"dateModified\":\"2017-01-11T11:16:36+00:00\",\"breadcrumb\":{\"@id\":\"https:\/\/www.chastia.com\/sk\/solutions\/fm-companies\/received-payments-and-receivables\/#breadcrumb\"},\"inLanguage\":\"sk-SK\",\"potentialAction\":[{\"@type\":\"ReadAction\",\"target\":[\"https:\/\/www.chastia.com\/sk\/solutions\/fm-companies\/received-payments-and-receivables\/\"]}]},{\"@type\":\"BreadcrumbList\",\"@id\":\"https:\/\/www.chastia.com\/sk\/solutions\/fm-companies\/received-payments-and-receivables\/#breadcrumb\",\"itemListElement\":[{\"@type\":\"ListItem\",\"position\":1,\"name\":\"Home\",\"item\":\"https:\/\/www.chastia.com\/sk\/\"},{\"@type\":\"ListItem\",\"position\":2,\"name\":\"Rie\u0161enia\",\"item\":\"https:\/\/www.chastia.com\/sk\/solutions\/\"},{\"@type\":\"ListItem\",\"position\":3,\"name\":\"Facility Management spolo\u010dnosti\",\"item\":\"https:\/\/www.chastia.com\/sk\/solutions\/company-facility-management\/\"},{\"@type\":\"ListItem\",\"position\":4,\"name\":\"Do\u0161l\u00e9 platby a poh\u013ead\u00e1vky\"}]},{\"@type\":\"WebSite\",\"@id\":\"https:\/\/www.chastia.com\/sk\/#website\",\"url\":\"https:\/\/www.chastia.com\/sk\/\",\"name\":\"CHASTIA s.r.o.\",\"description\":\"\",\"publisher\":{\"@id\":\"https:\/\/www.chastia.com\/sk\/#organization\"},\"alternateName\":\"CHASTIA\",\"potentialAction\":[{\"@type\":\"SearchAction\",\"target\":{\"@type\":\"EntryPoint\",\"urlTemplate\":\"https:\/\/www.chastia.com\/sk\/?s={search_term_string}\"},\"query-input\":\"required name=search_term_string\"}],\"inLanguage\":\"sk-SK\"},{\"@type\":\"Organization\",\"@id\":\"https:\/\/www.chastia.com\/sk\/#organization\",\"name\":\"CHASTIA s.r.o.\",\"url\":\"https:\/\/www.chastia.com\/sk\/\",\"logo\":{\"@type\":\"ImageObject\",\"inLanguage\":\"sk-SK\",\"@id\":\"https:\/\/www.chastia.com\/sk\/#\/schema\/logo\/image\/\",\"url\":\"https:\/\/www.chastia.com\/wp-content\/uploads\/2024\/05\/chastia_V_T_logo.png\",\"contentUrl\":\"https:\/\/www.chastia.com\/wp-content\/uploads\/2024\/05\/chastia_V_T_logo.png\",\"width\":1240,\"height\":827,\"caption\":\"CHASTIA s.r.o.\"},\"image\":{\"@id\":\"https:\/\/www.chastia.com\/sk\/#\/schema\/logo\/image\/\"},\"sameAs\":[\"https:\/\/www.facebook.com\/chastia.cz\"]}]}<\/script>\n<!-- \/ Yoast SEO plugin. -->","yoast_head_json":{"title":"Do\u0161l\u00e9 platby a poh\u013ead\u00e1vky - CHASTIA s.r.o.","robots":{"index":"index","follow":"follow","max-snippet":"max-snippet:-1","max-image-preview":"max-image-preview:large","max-video-preview":"max-video-preview:-1"},"canonical":"https:\/\/www.chastia.com\/sk\/solutions\/fm-companies\/received-payments-and-receivables\/","og_locale":"sk_SK","og_type":"article","og_title":"Do\u0161l\u00e9 platby a poh\u013ead\u00e1vky - CHASTIA s.r.o.","og_description":"Do\u0161l\u00e9 platby a poh\u013ead\u00e1vky V nadv\u00e4znosti na faktur\u00e1ciu Chastia FM umo\u017e\u0148uje evidova\u0165 do\u0161l\u00e9 platby a na ich z\u00e1klade porovnan\u00edm s vystaven\u00fdmi fakt\u00farami detailne sledova\u0165 poh\u013ead\u00e1vky. Evidencia do\u0161l\u00fdch platieb umo\u017e\u0148uje: Import do\u0161l\u00fdch \u00fahrad z elektronick\u00fdch bankov\u00fdch v\u00fdpisov alebo z \u00fa\u010dtovn\u00e9ho syst\u00e9mu. Manu\u00e1lne zad\u00e1vanie \u00fahrad. P\u00e1rovanie \u00fahrad automatick\u00e9, poloautomatick\u00e9 a manu\u00e1lne. Odp\u00e1rovanie \u00fahrad. P\u00e1rovanie \u00fahrad na doklad [&hellip;]","og_url":"https:\/\/www.chastia.com\/sk\/solutions\/fm-companies\/received-payments-and-receivables\/","og_site_name":"CHASTIA s.r.o.","article_publisher":"https:\/\/www.facebook.com\/chastia.cz","article_modified_time":"2017-01-11T11:16:36+00:00","og_image":[{"width":1240,"height":827,"url":"https:\/\/www.chastia.com\/wp-content\/uploads\/2024\/05\/chastia_V_T_logo.png","type":"image\/png"}],"twitter_card":"summary_large_image","twitter_misc":{"Predpokladan\u00fd \u010das \u010d\u00edtania":"1 min\u00fata"},"schema":{"@context":"https:\/\/schema.org","@graph":[{"@type":"WebPage","@id":"https:\/\/www.chastia.com\/sk\/solutions\/fm-companies\/received-payments-and-receivables\/","url":"https:\/\/www.chastia.com\/sk\/solutions\/fm-companies\/received-payments-and-receivables\/","name":"Do\u0161l\u00e9 platby a poh\u013ead\u00e1vky - CHASTIA s.r.o.","isPartOf":{"@id":"https:\/\/www.chastia.com\/sk\/#website"},"datePublished":"2016-10-06T10:54:02+00:00","dateModified":"2017-01-11T11:16:36+00:00","breadcrumb":{"@id":"https:\/\/www.chastia.com\/sk\/solutions\/fm-companies\/received-payments-and-receivables\/#breadcrumb"},"inLanguage":"sk-SK","potentialAction":[{"@type":"ReadAction","target":["https:\/\/www.chastia.com\/sk\/solutions\/fm-companies\/received-payments-and-receivables\/"]}]},{"@type":"BreadcrumbList","@id":"https:\/\/www.chastia.com\/sk\/solutions\/fm-companies\/received-payments-and-receivables\/#breadcrumb","itemListElement":[{"@type":"ListItem","position":1,"name":"Home","item":"https:\/\/www.chastia.com\/sk\/"},{"@type":"ListItem","position":2,"name":"Rie\u0161enia","item":"https:\/\/www.chastia.com\/sk\/solutions\/"},{"@type":"ListItem","position":3,"name":"Facility Management spolo\u010dnosti","item":"https:\/\/www.chastia.com\/sk\/solutions\/company-facility-management\/"},{"@type":"ListItem","position":4,"name":"Do\u0161l\u00e9 platby a poh\u013ead\u00e1vky"}]},{"@type":"WebSite","@id":"https:\/\/www.chastia.com\/sk\/#website","url":"https:\/\/www.chastia.com\/sk\/","name":"CHASTIA s.r.o.","description":"","publisher":{"@id":"https:\/\/www.chastia.com\/sk\/#organization"},"alternateName":"CHASTIA","potentialAction":[{"@type":"SearchAction","target":{"@type":"EntryPoint","urlTemplate":"https:\/\/www.chastia.com\/sk\/?s={search_term_string}"},"query-input":"required name=search_term_string"}],"inLanguage":"sk-SK"},{"@type":"Organization","@id":"https:\/\/www.chastia.com\/sk\/#organization","name":"CHASTIA s.r.o.","url":"https:\/\/www.chastia.com\/sk\/","logo":{"@type":"ImageObject","inLanguage":"sk-SK","@id":"https:\/\/www.chastia.com\/sk\/#\/schema\/logo\/image\/","url":"https:\/\/www.chastia.com\/wp-content\/uploads\/2024\/05\/chastia_V_T_logo.png","contentUrl":"https:\/\/www.chastia.com\/wp-content\/uploads\/2024\/05\/chastia_V_T_logo.png","width":1240,"height":827,"caption":"CHASTIA s.r.o."},"image":{"@id":"https:\/\/www.chastia.com\/sk\/#\/schema\/logo\/image\/"},"sameAs":["https:\/\/www.facebook.com\/chastia.cz"]}]}},"_links":{"self":[{"href":"https:\/\/www.chastia.com\/sk\/wp-json\/wp\/v2\/pages\/3078"}],"collection":[{"href":"https:\/\/www.chastia.com\/sk\/wp-json\/wp\/v2\/pages"}],"about":[{"href":"https:\/\/www.chastia.com\/sk\/wp-json\/wp\/v2\/types\/page"}],"author":[{"embeddable":true,"href":"https:\/\/www.chastia.com\/sk\/wp-json\/wp\/v2\/users\/1"}],"replies":[{"embeddable":true,"href":"https:\/\/www.chastia.com\/sk\/wp-json\/wp\/v2\/comments?post=3078"}],"version-history":[{"count":2,"href":"https:\/\/www.chastia.com\/sk\/wp-json\/wp\/v2\/pages\/3078\/revisions"}],"predecessor-version":[{"id":3117,"href":"https:\/\/www.chastia.com\/sk\/wp-json\/wp\/v2\/pages\/3078\/revisions\/3117"}],"up":[{"embeddable":true,"href":"https:\/\/www.chastia.com\/sk\/wp-json\/wp\/v2\/pages\/2922"}],"wp:attachment":[{"href":"https:\/\/www.chastia.com\/sk\/wp-json\/wp\/v2\/media?parent=3078"}],"curies":[{"name":"wp","href":"https:\/\/api.w.org\/{rel}","templated":true}]}}