{"id":3076,"date":"2016-10-06T12:53:48","date_gmt":"2016-10-06T10:53:48","guid":{"rendered":"http:\/\/chastia.pozorradar.sk\/?page_id=3076"},"modified":"2019-10-08T09:08:41","modified_gmt":"2019-10-08T07:08:41","slug":"plan-sales","status":"publish","type":"page","link":"https:\/\/www.chastia.com\/sk\/solutions\/fm-companies\/plan-sales\/","title":{"rendered":"Pl\u00e1n tr\u017eieb"},"content":{"rendered":"<div class=\"fl ml20 w645\">\n<h1>Pl\u00e1n tr\u017eieb<\/h1>\n<div class=\"textContent\">\n<p>Pl\u00e1n tr\u017eieb predstavuje porovn\u00e1vaciu tabu\u013eku pl\u00e1novan\u00fdch a skuto\u010dn\u00fdch tr\u017eieb za spr\u00e1vu, n\u00e1jmy alebo dod\u00e1vku energi\u00ed a slu\u017eieb.<\/p>\n<p>Pl\u00e1n sa m\u00f4\u017ee robi\u0165 na rok pod\u013ea n\u00e1kladov\u00fdch stred\u00edsk.<\/p>\n<p>V pl\u00e1ne tr\u017eieb sa pre ka\u017ed\u00fd typ n\u00e1kladov &#8211; Plochy a priestory, Parkovisk\u00e1, Slu\u017eby-pau\u0161\u00e1l, Slu\u017eby-skuto\u010dnos\u0165 (Fixn\u00e1 zlo\u017eka), Slu\u017eby-skuto\u010dnos\u0165 (Variabiln\u00e1 zlo\u017eka) a zariadenia sleduj\u00fa pl\u00e1novan\u00e9 n\u00e1klady, ktor\u00e9 treba zada\u0165 ru\u010dne a skuto\u010dn\u00e9 n\u00e1klady, ktor\u00e9 nabiehaj\u00fa automaticky pod\u013ea faktur\u00e1cie.<\/p>\n<p>Okrem \u0161tandardn\u00fdch typov n\u00e1kladov je mo\u017en\u00e9 sledova\u0165 aj in\u00e9 n\u00e1klady, av\u0161ak u nich je potrebn\u00e9 zad\u00e1va\u0165 ru\u010dne aj skuto\u010dn\u00e9 tr\u017eby.<\/p>\n<\/div>\n<\/div>\n<div class=\"cl\"><\/div>\n","protected":false},"excerpt":{"rendered":"<p>Pl\u00e1n tr\u017eieb Pl\u00e1n tr\u017eieb predstavuje porovn\u00e1vaciu tabu\u013eku pl\u00e1novan\u00fdch a skuto\u010dn\u00fdch tr\u017eieb za spr\u00e1vu, n\u00e1jmy alebo dod\u00e1vku energi\u00ed a slu\u017eieb. Pl\u00e1n sa m\u00f4\u017ee robi\u0165 na rok pod\u013ea n\u00e1kladov\u00fdch stred\u00edsk. V pl\u00e1ne tr\u017eieb sa pre ka\u017ed\u00fd typ n\u00e1kladov &#8211; Plochy a priestory, Parkovisk\u00e1, Slu\u017eby-pau\u0161\u00e1l, Slu\u017eby-skuto\u010dnos\u0165 (Fixn\u00e1 zlo\u017eka), Slu\u017eby-skuto\u010dnos\u0165 (Variabiln\u00e1 zlo\u017eka) a zariadenia sleduj\u00fa pl\u00e1novan\u00e9 n\u00e1klady, ktor\u00e9 treba [&hellip;]<\/p>\n","protected":false},"author":1,"featured_media":0,"parent":2922,"menu_order":0,"comment_status":"closed","ping_status":"closed","template":"","meta":{"footnotes":""},"yoast_head":"<!-- This site is optimized with the Yoast SEO plugin v22.8 - https:\/\/yoast.com\/wordpress\/plugins\/seo\/ -->\n<title>Pl\u00e1n tr\u017eieb - CHASTIA s.r.o.<\/title>\n<meta name=\"robots\" content=\"index, follow, max-snippet:-1, max-image-preview:large, max-video-preview:-1\" \/>\n<link rel=\"canonical\" href=\"https:\/\/www.chastia.com\/sk\/solutions\/fm-companies\/plan-sales\/\" \/>\n<meta property=\"og:locale\" content=\"sk_SK\" \/>\n<meta property=\"og:type\" content=\"article\" \/>\n<meta property=\"og:title\" content=\"Pl\u00e1n tr\u017eieb - CHASTIA s.r.o.\" \/>\n<meta property=\"og:description\" content=\"Pl\u00e1n tr\u017eieb Pl\u00e1n tr\u017eieb predstavuje porovn\u00e1vaciu tabu\u013eku pl\u00e1novan\u00fdch a skuto\u010dn\u00fdch tr\u017eieb za spr\u00e1vu, n\u00e1jmy alebo dod\u00e1vku energi\u00ed a slu\u017eieb. Pl\u00e1n sa m\u00f4\u017ee robi\u0165 na rok pod\u013ea n\u00e1kladov\u00fdch stred\u00edsk. V pl\u00e1ne tr\u017eieb sa pre ka\u017ed\u00fd typ n\u00e1kladov &#8211; Plochy a priestory, Parkovisk\u00e1, Slu\u017eby-pau\u0161\u00e1l, Slu\u017eby-skuto\u010dnos\u0165 (Fixn\u00e1 zlo\u017eka), Slu\u017eby-skuto\u010dnos\u0165 (Variabiln\u00e1 zlo\u017eka) a zariadenia sleduj\u00fa pl\u00e1novan\u00e9 n\u00e1klady, ktor\u00e9 treba [&hellip;]\" \/>\n<meta property=\"og:url\" content=\"https:\/\/www.chastia.com\/sk\/solutions\/fm-companies\/plan-sales\/\" \/>\n<meta property=\"og:site_name\" content=\"CHASTIA s.r.o.\" \/>\n<meta property=\"article:publisher\" content=\"https:\/\/www.facebook.com\/chastia.cz\" \/>\n<meta property=\"article:modified_time\" content=\"2019-10-08T07:08:41+00:00\" \/>\n<meta property=\"og:image\" content=\"https:\/\/www.chastia.com\/wp-content\/uploads\/2024\/05\/chastia_V_T_logo.png\" \/>\n\t<meta property=\"og:image:width\" content=\"1240\" \/>\n\t<meta property=\"og:image:height\" content=\"827\" \/>\n\t<meta property=\"og:image:type\" content=\"image\/png\" \/>\n<meta name=\"twitter:card\" content=\"summary_large_image\" \/>\n<meta name=\"twitter:label1\" content=\"Predpokladan\u00fd \u010das \u010d\u00edtania\" \/>\n\t<meta name=\"twitter:data1\" content=\"1 min\u00fata\" \/>\n<script type=\"application\/ld+json\" class=\"yoast-schema-graph\">{\"@context\":\"https:\/\/schema.org\",\"@graph\":[{\"@type\":\"WebPage\",\"@id\":\"https:\/\/www.chastia.com\/sk\/solutions\/fm-companies\/plan-sales\/\",\"url\":\"https:\/\/www.chastia.com\/sk\/solutions\/fm-companies\/plan-sales\/\",\"name\":\"Pl\u00e1n tr\u017eieb - CHASTIA s.r.o.\",\"isPartOf\":{\"@id\":\"https:\/\/www.chastia.com\/sk\/#website\"},\"datePublished\":\"2016-10-06T10:53:48+00:00\",\"dateModified\":\"2019-10-08T07:08:41+00:00\",\"breadcrumb\":{\"@id\":\"https:\/\/www.chastia.com\/sk\/solutions\/fm-companies\/plan-sales\/#breadcrumb\"},\"inLanguage\":\"sk-SK\",\"potentialAction\":[{\"@type\":\"ReadAction\",\"target\":[\"https:\/\/www.chastia.com\/sk\/solutions\/fm-companies\/plan-sales\/\"]}]},{\"@type\":\"BreadcrumbList\",\"@id\":\"https:\/\/www.chastia.com\/sk\/solutions\/fm-companies\/plan-sales\/#breadcrumb\",\"itemListElement\":[{\"@type\":\"ListItem\",\"position\":1,\"name\":\"Home\",\"item\":\"https:\/\/www.chastia.com\/sk\/\"},{\"@type\":\"ListItem\",\"position\":2,\"name\":\"Rie\u0161enia\",\"item\":\"https:\/\/www.chastia.com\/sk\/solutions\/\"},{\"@type\":\"ListItem\",\"position\":3,\"name\":\"Facility Management spolo\u010dnosti\",\"item\":\"https:\/\/www.chastia.com\/sk\/solutions\/company-facility-management\/\"},{\"@type\":\"ListItem\",\"position\":4,\"name\":\"Pl\u00e1n tr\u017eieb\"}]},{\"@type\":\"WebSite\",\"@id\":\"https:\/\/www.chastia.com\/sk\/#website\",\"url\":\"https:\/\/www.chastia.com\/sk\/\",\"name\":\"CHASTIA s.r.o.\",\"description\":\"\",\"publisher\":{\"@id\":\"https:\/\/www.chastia.com\/sk\/#organization\"},\"alternateName\":\"CHASTIA\",\"potentialAction\":[{\"@type\":\"SearchAction\",\"target\":{\"@type\":\"EntryPoint\",\"urlTemplate\":\"https:\/\/www.chastia.com\/sk\/?s={search_term_string}\"},\"query-input\":\"required name=search_term_string\"}],\"inLanguage\":\"sk-SK\"},{\"@type\":\"Organization\",\"@id\":\"https:\/\/www.chastia.com\/sk\/#organization\",\"name\":\"CHASTIA s.r.o.\",\"url\":\"https:\/\/www.chastia.com\/sk\/\",\"logo\":{\"@type\":\"ImageObject\",\"inLanguage\":\"sk-SK\",\"@id\":\"https:\/\/www.chastia.com\/sk\/#\/schema\/logo\/image\/\",\"url\":\"https:\/\/www.chastia.com\/wp-content\/uploads\/2024\/05\/chastia_V_T_logo.png\",\"contentUrl\":\"https:\/\/www.chastia.com\/wp-content\/uploads\/2024\/05\/chastia_V_T_logo.png\",\"width\":1240,\"height\":827,\"caption\":\"CHASTIA s.r.o.\"},\"image\":{\"@id\":\"https:\/\/www.chastia.com\/sk\/#\/schema\/logo\/image\/\"},\"sameAs\":[\"https:\/\/www.facebook.com\/chastia.cz\"]}]}<\/script>\n<!-- \/ Yoast SEO plugin. -->","yoast_head_json":{"title":"Pl\u00e1n tr\u017eieb - CHASTIA s.r.o.","robots":{"index":"index","follow":"follow","max-snippet":"max-snippet:-1","max-image-preview":"max-image-preview:large","max-video-preview":"max-video-preview:-1"},"canonical":"https:\/\/www.chastia.com\/sk\/solutions\/fm-companies\/plan-sales\/","og_locale":"sk_SK","og_type":"article","og_title":"Pl\u00e1n tr\u017eieb - CHASTIA s.r.o.","og_description":"Pl\u00e1n tr\u017eieb Pl\u00e1n tr\u017eieb predstavuje porovn\u00e1vaciu tabu\u013eku pl\u00e1novan\u00fdch a skuto\u010dn\u00fdch tr\u017eieb za spr\u00e1vu, n\u00e1jmy alebo dod\u00e1vku energi\u00ed a slu\u017eieb. Pl\u00e1n sa m\u00f4\u017ee robi\u0165 na rok pod\u013ea n\u00e1kladov\u00fdch stred\u00edsk. V pl\u00e1ne tr\u017eieb sa pre ka\u017ed\u00fd typ n\u00e1kladov &#8211; Plochy a priestory, Parkovisk\u00e1, Slu\u017eby-pau\u0161\u00e1l, Slu\u017eby-skuto\u010dnos\u0165 (Fixn\u00e1 zlo\u017eka), Slu\u017eby-skuto\u010dnos\u0165 (Variabiln\u00e1 zlo\u017eka) a zariadenia sleduj\u00fa pl\u00e1novan\u00e9 n\u00e1klady, ktor\u00e9 treba [&hellip;]","og_url":"https:\/\/www.chastia.com\/sk\/solutions\/fm-companies\/plan-sales\/","og_site_name":"CHASTIA s.r.o.","article_publisher":"https:\/\/www.facebook.com\/chastia.cz","article_modified_time":"2019-10-08T07:08:41+00:00","og_image":[{"width":1240,"height":827,"url":"https:\/\/www.chastia.com\/wp-content\/uploads\/2024\/05\/chastia_V_T_logo.png","type":"image\/png"}],"twitter_card":"summary_large_image","twitter_misc":{"Predpokladan\u00fd \u010das \u010d\u00edtania":"1 min\u00fata"},"schema":{"@context":"https:\/\/schema.org","@graph":[{"@type":"WebPage","@id":"https:\/\/www.chastia.com\/sk\/solutions\/fm-companies\/plan-sales\/","url":"https:\/\/www.chastia.com\/sk\/solutions\/fm-companies\/plan-sales\/","name":"Pl\u00e1n tr\u017eieb - CHASTIA s.r.o.","isPartOf":{"@id":"https:\/\/www.chastia.com\/sk\/#website"},"datePublished":"2016-10-06T10:53:48+00:00","dateModified":"2019-10-08T07:08:41+00:00","breadcrumb":{"@id":"https:\/\/www.chastia.com\/sk\/solutions\/fm-companies\/plan-sales\/#breadcrumb"},"inLanguage":"sk-SK","potentialAction":[{"@type":"ReadAction","target":["https:\/\/www.chastia.com\/sk\/solutions\/fm-companies\/plan-sales\/"]}]},{"@type":"BreadcrumbList","@id":"https:\/\/www.chastia.com\/sk\/solutions\/fm-companies\/plan-sales\/#breadcrumb","itemListElement":[{"@type":"ListItem","position":1,"name":"Home","item":"https:\/\/www.chastia.com\/sk\/"},{"@type":"ListItem","position":2,"name":"Rie\u0161enia","item":"https:\/\/www.chastia.com\/sk\/solutions\/"},{"@type":"ListItem","position":3,"name":"Facility Management spolo\u010dnosti","item":"https:\/\/www.chastia.com\/sk\/solutions\/company-facility-management\/"},{"@type":"ListItem","position":4,"name":"Pl\u00e1n tr\u017eieb"}]},{"@type":"WebSite","@id":"https:\/\/www.chastia.com\/sk\/#website","url":"https:\/\/www.chastia.com\/sk\/","name":"CHASTIA s.r.o.","description":"","publisher":{"@id":"https:\/\/www.chastia.com\/sk\/#organization"},"alternateName":"CHASTIA","potentialAction":[{"@type":"SearchAction","target":{"@type":"EntryPoint","urlTemplate":"https:\/\/www.chastia.com\/sk\/?s={search_term_string}"},"query-input":"required name=search_term_string"}],"inLanguage":"sk-SK"},{"@type":"Organization","@id":"https:\/\/www.chastia.com\/sk\/#organization","name":"CHASTIA s.r.o.","url":"https:\/\/www.chastia.com\/sk\/","logo":{"@type":"ImageObject","inLanguage":"sk-SK","@id":"https:\/\/www.chastia.com\/sk\/#\/schema\/logo\/image\/","url":"https:\/\/www.chastia.com\/wp-content\/uploads\/2024\/05\/chastia_V_T_logo.png","contentUrl":"https:\/\/www.chastia.com\/wp-content\/uploads\/2024\/05\/chastia_V_T_logo.png","width":1240,"height":827,"caption":"CHASTIA s.r.o."},"image":{"@id":"https:\/\/www.chastia.com\/sk\/#\/schema\/logo\/image\/"},"sameAs":["https:\/\/www.facebook.com\/chastia.cz"]}]}},"_links":{"self":[{"href":"https:\/\/www.chastia.com\/sk\/wp-json\/wp\/v2\/pages\/3076"}],"collection":[{"href":"https:\/\/www.chastia.com\/sk\/wp-json\/wp\/v2\/pages"}],"about":[{"href":"https:\/\/www.chastia.com\/sk\/wp-json\/wp\/v2\/types\/page"}],"author":[{"embeddable":true,"href":"https:\/\/www.chastia.com\/sk\/wp-json\/wp\/v2\/users\/1"}],"replies":[{"embeddable":true,"href":"https:\/\/www.chastia.com\/sk\/wp-json\/wp\/v2\/comments?post=3076"}],"version-history":[{"count":3,"href":"https:\/\/www.chastia.com\/sk\/wp-json\/wp\/v2\/pages\/3076\/revisions"}],"predecessor-version":[{"id":5891,"href":"https:\/\/www.chastia.com\/sk\/wp-json\/wp\/v2\/pages\/3076\/revisions\/5891"}],"up":[{"embeddable":true,"href":"https:\/\/www.chastia.com\/sk\/wp-json\/wp\/v2\/pages\/2922"}],"wp:attachment":[{"href":"https:\/\/www.chastia.com\/sk\/wp-json\/wp\/v2\/media?parent=3076"}],"curies":[{"name":"wp","href":"https:\/\/api.w.org\/{rel}","templated":true}]}}