{"id":3074,"date":"2016-10-06T12:53:26","date_gmt":"2016-10-06T10:53:26","guid":{"rendered":"http:\/\/chastia.pozorradar.sk\/?page_id=3074"},"modified":"2020-05-14T14:17:57","modified_gmt":"2020-05-14T12:17:57","slug":"energy-management","status":"publish","type":"page","link":"https:\/\/www.chastia.com\/sk\/solutions\/fm-companies\/energy-management\/","title":{"rendered":"Energetick\u00fd mana\u017ement"},"content":{"rendered":"<div class=\"fl ml20 w645\">\n<h1>Energetick\u00fd mana\u017ement<\/h1>\n<div class=\"textContent\">\n<p>Pre spr\u00e1vcov budov je ve\u013emi d\u00f4le\u017eit\u00e9 sledovanie efekt\u00edvnosti spotrieb energi\u00ed v budov\u00e1ch. Z tohto d\u00f4vodu Chastia FM disponuje siln\u00fdm n\u00e1strojom pre podporu vyhodnocovania a anal\u00fdz v oblasti v\u00fdroby, distrib\u00facie i spotrieb energi\u00ed za jednotliv\u00e9 budovy i za jednotliv\u00fdch koncov\u00fdch z\u00e1kazn\u00edkov.<\/p>\n<p><strong>Chastia FM<\/strong> v tejto oblasti umo\u017e\u0148uje najm\u00e4:<\/p>\n<ul>\n<li><strong>Evidova\u0165 klimatick\u00e9 podmienky <\/strong>(vonkaj\u0161ie teploty a dennostupne).<\/li>\n<li><strong>Automaticky generova\u0165 r\u00f4zne bilan\u010dn\u00e9 v\u00fdstupy <\/strong>&#8211; od n\u00e1kupu pal\u00edv a \u010fal\u0161\u00edch pomocn\u00fdch m\u00e9di\u00ed, cez v\u00fdrobu tepla a teplej vody a\u00a0distrib\u00faciu ku koncov\u00fdm z\u00e1kazn\u00edkom a\u017e na odbern\u00e9 miesta.<\/li>\n<li><strong>Automatick\u00fa anal\u00fdzu viacpalivov\u00fdch zdrojov tepla <\/strong>(plyn-uhlie-biomasa-tepeln\u00e9 \u010derpadlo-kogenera\u010dn\u00e1 jednotka-OST a podobne) &#8211; tak\u00e9to anal\u00fdzy b\u00fdvaj\u00fa v\u00e4\u010d\u0161inou pri klasickom vyhodnocovan\u00ed ve\u013emi zd\u013ahav\u00e9. Prednastaven\u00e9 algoritmy umo\u017e\u0148uj\u00fa v Chastii FM zvl\u00e1dnu\u0165 anal\u00fdzy plne automaticky.<\/li>\n<li><strong>Automatick\u00e9 vyhodnotenie normat\u00edvov<\/strong>.<\/li>\n<li><strong>Automatick\u00fd v\u00fdpo\u010det skuto\u010dnej \u00fa\u010dinnosti <\/strong>tepeln\u00fdch zariaden\u00ed.<\/li>\n<li><strong>Automatick\u00fd v\u00fdpo\u010det normat\u00edvnej \u00fa\u010dinnosti <\/strong>tepeln\u00fdch zariaden\u00ed a porovnanie so skuto\u010dnou \u00fa\u010dinnos\u0165ou.<\/li>\n<li><strong>Automatick\u00fd v\u00fdpo\u010det dodatkov\u00e9ho zisku<\/strong>.<\/li>\n<li><strong>Automatick\u00fd v\u00fdpo\u010det skuto\u010dnej variabilnej zlo\u017eky ceny tepla<\/strong>.<\/li>\n<li><strong>Generova\u0165 podklady pre v\u00fdpo\u010det ceny tepla<\/strong>.<\/li>\n<li><strong>Vyhodnocova\u0165 energetick\u00fa efekt\u00edvnos\u0165 prev\u00e1dzky, invest\u00edci\u00ed a podobne, met\u00f3dou Monitoring &amp; Targeting<\/strong>.<\/li>\n<li><strong>Analyzova\u0165 hospod\u00e1renie s energiami <\/strong>prostredn\u00edctvom parametrick\u00fdch reportov a grafov.<\/li>\n<li><strong>Definova\u0165\u00a0vlastn\u00e9 analytick\u00e9 v\u00fdstupy<\/strong>.<\/li>\n<\/ul>\n<\/div>\n<\/div>\n","protected":false},"excerpt":{"rendered":"<p>Energetick\u00fd mana\u017ement Pre spr\u00e1vcov budov je ve\u013emi d\u00f4le\u017eit\u00e9 sledovanie efekt\u00edvnosti spotrieb energi\u00ed v budov\u00e1ch. Z tohto d\u00f4vodu Chastia FM disponuje siln\u00fdm n\u00e1strojom pre podporu vyhodnocovania a anal\u00fdz v oblasti v\u00fdroby, distrib\u00facie i spotrieb energi\u00ed za jednotliv\u00e9 budovy i za jednotliv\u00fdch koncov\u00fdch z\u00e1kazn\u00edkov. Chastia FM v tejto oblasti umo\u017e\u0148uje najm\u00e4: Evidova\u0165 klimatick\u00e9 podmienky (vonkaj\u0161ie teploty a [&hellip;]<\/p>\n","protected":false},"author":1,"featured_media":0,"parent":2922,"menu_order":0,"comment_status":"closed","ping_status":"closed","template":"","meta":{"footnotes":""},"yoast_head":"<!-- This site is optimized with the Yoast SEO plugin v22.8 - https:\/\/yoast.com\/wordpress\/plugins\/seo\/ -->\n<title>Energetick\u00fd mana\u017ement - CHASTIA s.r.o.<\/title>\n<meta name=\"robots\" content=\"index, follow, max-snippet:-1, max-image-preview:large, max-video-preview:-1\" \/>\n<link rel=\"canonical\" href=\"https:\/\/www.chastia.com\/sk\/solutions\/fm-companies\/energy-management\/\" \/>\n<meta property=\"og:locale\" content=\"sk_SK\" \/>\n<meta property=\"og:type\" content=\"article\" \/>\n<meta property=\"og:title\" content=\"Energetick\u00fd mana\u017ement - CHASTIA s.r.o.\" \/>\n<meta property=\"og:description\" content=\"Energetick\u00fd mana\u017ement Pre spr\u00e1vcov budov je ve\u013emi d\u00f4le\u017eit\u00e9 sledovanie efekt\u00edvnosti spotrieb energi\u00ed v budov\u00e1ch. Z tohto d\u00f4vodu Chastia FM disponuje siln\u00fdm n\u00e1strojom pre podporu vyhodnocovania a anal\u00fdz v oblasti v\u00fdroby, distrib\u00facie i spotrieb energi\u00ed za jednotliv\u00e9 budovy i za jednotliv\u00fdch koncov\u00fdch z\u00e1kazn\u00edkov. Chastia FM v tejto oblasti umo\u017e\u0148uje najm\u00e4: Evidova\u0165 klimatick\u00e9 podmienky (vonkaj\u0161ie teploty a [&hellip;]\" \/>\n<meta property=\"og:url\" content=\"https:\/\/www.chastia.com\/sk\/solutions\/fm-companies\/energy-management\/\" \/>\n<meta property=\"og:site_name\" content=\"CHASTIA s.r.o.\" \/>\n<meta property=\"article:publisher\" content=\"https:\/\/www.facebook.com\/chastia.cz\" \/>\n<meta property=\"article:modified_time\" content=\"2020-05-14T12:17:57+00:00\" \/>\n<meta property=\"og:image\" content=\"https:\/\/www.chastia.com\/wp-content\/uploads\/2024\/05\/chastia_V_T_logo.png\" \/>\n\t<meta property=\"og:image:width\" content=\"1240\" \/>\n\t<meta property=\"og:image:height\" content=\"827\" \/>\n\t<meta property=\"og:image:type\" content=\"image\/png\" \/>\n<meta name=\"twitter:card\" content=\"summary_large_image\" \/>\n<meta name=\"twitter:label1\" content=\"Predpokladan\u00fd \u010das \u010d\u00edtania\" \/>\n\t<meta name=\"twitter:data1\" content=\"1 min\u00fata\" \/>\n<script type=\"application\/ld+json\" class=\"yoast-schema-graph\">{\"@context\":\"https:\/\/schema.org\",\"@graph\":[{\"@type\":\"WebPage\",\"@id\":\"https:\/\/www.chastia.com\/sk\/solutions\/fm-companies\/energy-management\/\",\"url\":\"https:\/\/www.chastia.com\/sk\/solutions\/fm-companies\/energy-management\/\",\"name\":\"Energetick\u00fd mana\u017ement - CHASTIA s.r.o.\",\"isPartOf\":{\"@id\":\"https:\/\/www.chastia.com\/sk\/#website\"},\"datePublished\":\"2016-10-06T10:53:26+00:00\",\"dateModified\":\"2020-05-14T12:17:57+00:00\",\"breadcrumb\":{\"@id\":\"https:\/\/www.chastia.com\/sk\/solutions\/fm-companies\/energy-management\/#breadcrumb\"},\"inLanguage\":\"sk-SK\",\"potentialAction\":[{\"@type\":\"ReadAction\",\"target\":[\"https:\/\/www.chastia.com\/sk\/solutions\/fm-companies\/energy-management\/\"]}]},{\"@type\":\"BreadcrumbList\",\"@id\":\"https:\/\/www.chastia.com\/sk\/solutions\/fm-companies\/energy-management\/#breadcrumb\",\"itemListElement\":[{\"@type\":\"ListItem\",\"position\":1,\"name\":\"Home\",\"item\":\"https:\/\/www.chastia.com\/sk\/\"},{\"@type\":\"ListItem\",\"position\":2,\"name\":\"Rie\u0161enia\",\"item\":\"https:\/\/www.chastia.com\/sk\/solutions\/\"},{\"@type\":\"ListItem\",\"position\":3,\"name\":\"Facility Management spolo\u010dnosti\",\"item\":\"https:\/\/www.chastia.com\/sk\/solutions\/company-facility-management\/\"},{\"@type\":\"ListItem\",\"position\":4,\"name\":\"Energetick\u00fd mana\u017ement\"}]},{\"@type\":\"WebSite\",\"@id\":\"https:\/\/www.chastia.com\/sk\/#website\",\"url\":\"https:\/\/www.chastia.com\/sk\/\",\"name\":\"CHASTIA s.r.o.\",\"description\":\"\",\"publisher\":{\"@id\":\"https:\/\/www.chastia.com\/sk\/#organization\"},\"alternateName\":\"CHASTIA\",\"potentialAction\":[{\"@type\":\"SearchAction\",\"target\":{\"@type\":\"EntryPoint\",\"urlTemplate\":\"https:\/\/www.chastia.com\/sk\/?s={search_term_string}\"},\"query-input\":\"required name=search_term_string\"}],\"inLanguage\":\"sk-SK\"},{\"@type\":\"Organization\",\"@id\":\"https:\/\/www.chastia.com\/sk\/#organization\",\"name\":\"CHASTIA s.r.o.\",\"url\":\"https:\/\/www.chastia.com\/sk\/\",\"logo\":{\"@type\":\"ImageObject\",\"inLanguage\":\"sk-SK\",\"@id\":\"https:\/\/www.chastia.com\/sk\/#\/schema\/logo\/image\/\",\"url\":\"https:\/\/www.chastia.com\/wp-content\/uploads\/2024\/05\/chastia_V_T_logo.png\",\"contentUrl\":\"https:\/\/www.chastia.com\/wp-content\/uploads\/2024\/05\/chastia_V_T_logo.png\",\"width\":1240,\"height\":827,\"caption\":\"CHASTIA s.r.o.\"},\"image\":{\"@id\":\"https:\/\/www.chastia.com\/sk\/#\/schema\/logo\/image\/\"},\"sameAs\":[\"https:\/\/www.facebook.com\/chastia.cz\"]}]}<\/script>\n<!-- \/ Yoast SEO plugin. -->","yoast_head_json":{"title":"Energetick\u00fd mana\u017ement - CHASTIA s.r.o.","robots":{"index":"index","follow":"follow","max-snippet":"max-snippet:-1","max-image-preview":"max-image-preview:large","max-video-preview":"max-video-preview:-1"},"canonical":"https:\/\/www.chastia.com\/sk\/solutions\/fm-companies\/energy-management\/","og_locale":"sk_SK","og_type":"article","og_title":"Energetick\u00fd mana\u017ement - CHASTIA s.r.o.","og_description":"Energetick\u00fd mana\u017ement Pre spr\u00e1vcov budov je ve\u013emi d\u00f4le\u017eit\u00e9 sledovanie efekt\u00edvnosti spotrieb energi\u00ed v budov\u00e1ch. Z tohto d\u00f4vodu Chastia FM disponuje siln\u00fdm n\u00e1strojom pre podporu vyhodnocovania a anal\u00fdz v oblasti v\u00fdroby, distrib\u00facie i spotrieb energi\u00ed za jednotliv\u00e9 budovy i za jednotliv\u00fdch koncov\u00fdch z\u00e1kazn\u00edkov. Chastia FM v tejto oblasti umo\u017e\u0148uje najm\u00e4: Evidova\u0165 klimatick\u00e9 podmienky (vonkaj\u0161ie teploty a [&hellip;]","og_url":"https:\/\/www.chastia.com\/sk\/solutions\/fm-companies\/energy-management\/","og_site_name":"CHASTIA s.r.o.","article_publisher":"https:\/\/www.facebook.com\/chastia.cz","article_modified_time":"2020-05-14T12:17:57+00:00","og_image":[{"width":1240,"height":827,"url":"https:\/\/www.chastia.com\/wp-content\/uploads\/2024\/05\/chastia_V_T_logo.png","type":"image\/png"}],"twitter_card":"summary_large_image","twitter_misc":{"Predpokladan\u00fd \u010das \u010d\u00edtania":"1 min\u00fata"},"schema":{"@context":"https:\/\/schema.org","@graph":[{"@type":"WebPage","@id":"https:\/\/www.chastia.com\/sk\/solutions\/fm-companies\/energy-management\/","url":"https:\/\/www.chastia.com\/sk\/solutions\/fm-companies\/energy-management\/","name":"Energetick\u00fd mana\u017ement - CHASTIA s.r.o.","isPartOf":{"@id":"https:\/\/www.chastia.com\/sk\/#website"},"datePublished":"2016-10-06T10:53:26+00:00","dateModified":"2020-05-14T12:17:57+00:00","breadcrumb":{"@id":"https:\/\/www.chastia.com\/sk\/solutions\/fm-companies\/energy-management\/#breadcrumb"},"inLanguage":"sk-SK","potentialAction":[{"@type":"ReadAction","target":["https:\/\/www.chastia.com\/sk\/solutions\/fm-companies\/energy-management\/"]}]},{"@type":"BreadcrumbList","@id":"https:\/\/www.chastia.com\/sk\/solutions\/fm-companies\/energy-management\/#breadcrumb","itemListElement":[{"@type":"ListItem","position":1,"name":"Home","item":"https:\/\/www.chastia.com\/sk\/"},{"@type":"ListItem","position":2,"name":"Rie\u0161enia","item":"https:\/\/www.chastia.com\/sk\/solutions\/"},{"@type":"ListItem","position":3,"name":"Facility Management spolo\u010dnosti","item":"https:\/\/www.chastia.com\/sk\/solutions\/company-facility-management\/"},{"@type":"ListItem","position":4,"name":"Energetick\u00fd mana\u017ement"}]},{"@type":"WebSite","@id":"https:\/\/www.chastia.com\/sk\/#website","url":"https:\/\/www.chastia.com\/sk\/","name":"CHASTIA s.r.o.","description":"","publisher":{"@id":"https:\/\/www.chastia.com\/sk\/#organization"},"alternateName":"CHASTIA","potentialAction":[{"@type":"SearchAction","target":{"@type":"EntryPoint","urlTemplate":"https:\/\/www.chastia.com\/sk\/?s={search_term_string}"},"query-input":"required name=search_term_string"}],"inLanguage":"sk-SK"},{"@type":"Organization","@id":"https:\/\/www.chastia.com\/sk\/#organization","name":"CHASTIA s.r.o.","url":"https:\/\/www.chastia.com\/sk\/","logo":{"@type":"ImageObject","inLanguage":"sk-SK","@id":"https:\/\/www.chastia.com\/sk\/#\/schema\/logo\/image\/","url":"https:\/\/www.chastia.com\/wp-content\/uploads\/2024\/05\/chastia_V_T_logo.png","contentUrl":"https:\/\/www.chastia.com\/wp-content\/uploads\/2024\/05\/chastia_V_T_logo.png","width":1240,"height":827,"caption":"CHASTIA s.r.o."},"image":{"@id":"https:\/\/www.chastia.com\/sk\/#\/schema\/logo\/image\/"},"sameAs":["https:\/\/www.facebook.com\/chastia.cz"]}]}},"_links":{"self":[{"href":"https:\/\/www.chastia.com\/sk\/wp-json\/wp\/v2\/pages\/3074"}],"collection":[{"href":"https:\/\/www.chastia.com\/sk\/wp-json\/wp\/v2\/pages"}],"about":[{"href":"https:\/\/www.chastia.com\/sk\/wp-json\/wp\/v2\/types\/page"}],"author":[{"embeddable":true,"href":"https:\/\/www.chastia.com\/sk\/wp-json\/wp\/v2\/users\/1"}],"replies":[{"embeddable":true,"href":"https:\/\/www.chastia.com\/sk\/wp-json\/wp\/v2\/comments?post=3074"}],"version-history":[{"count":4,"href":"https:\/\/www.chastia.com\/sk\/wp-json\/wp\/v2\/pages\/3074\/revisions"}],"predecessor-version":[{"id":8216,"href":"https:\/\/www.chastia.com\/sk\/wp-json\/wp\/v2\/pages\/3074\/revisions\/8216"}],"up":[{"embeddable":true,"href":"https:\/\/www.chastia.com\/sk\/wp-json\/wp\/v2\/pages\/2922"}],"wp:attachment":[{"href":"https:\/\/www.chastia.com\/sk\/wp-json\/wp\/v2\/media?parent=3074"}],"curies":[{"name":"wp","href":"https:\/\/api.w.org\/{rel}","templated":true}]}}