{"id":3072,"date":"2016-10-06T12:53:07","date_gmt":"2016-10-06T10:53:07","guid":{"rendered":"http:\/\/chastia.pozorradar.sk\/?page_id=3072"},"modified":"2020-05-14T14:17:04","modified_gmt":"2020-05-14T12:17:04","slug":"energy-supply-and-services","status":"publish","type":"page","link":"https:\/\/www.chastia.com\/sk\/solutions\/fm-companies\/energy-supply-and-services\/","title":{"rendered":"Dod\u00e1vka energi\u00ed a slu\u017eieb"},"content":{"rendered":"<div class=\"fl ml20 w645\">\n<h1>Dod\u00e1vka energi\u00ed a slu\u017eieb<\/h1>\n<div class=\"textContent\">\n<p>Evidencia a rozpo\u010d\u00edtanie spotrieb energi\u00ed predstavuje jednu z najd\u00f4le\u017eitej\u0161\u00edch \u010dinnost\u00ed pre v\u0161etk\u00fdch spr\u00e1vcov budov. Rie\u0161enie tejto problematiky v Chastii FM je ve\u013emi komplexn\u00e9 a u\u017e\u00edvate\u013esky pr\u00edjemn\u00e9.<\/p>\n<p>Rie\u0161enie umo\u017e\u0148uje jednak evidenciu a sledovanie v\u0161etk\u00fdch energi\u00ed a slu\u017eieb na vstupe, t.j. od dod\u00e1vate\u013eov a jednak rozpo\u010d\u00edtanie n\u00e1kladov na energie a slu\u017eby v r\u00e1mci budov na v\u00fdstupe &#8211; t.j. na jednotliv\u00e9 oddelenia vlastnej spolo\u010dnosti alebo\u00a0n\u00e1jomcov. Umo\u017e\u0148uje tie\u017e pr\u00edpravu energi\u00ed v technick\u00fdch jednotk\u00e1ch aj cen\u00e1ch ako podklad pre samotn\u00fd predaj energi\u00ed pre svojich klientov.<\/p>\n<p>Rie\u0161enie umo\u017e\u0148uje najm\u00e4:<\/p>\n<ul>\n<li><strong>Evidenciu odbern\u00fdch miest <\/strong>&#8211; dod\u00e1vate\u013esk\u00fdch, odberate\u013esk\u00fdch, vlastn\u00fdch.<\/li>\n<li><strong>Evidenciu parametrov <\/strong>odbern\u00fdch miest &#8211; napr.\u00a0plochy, objemy, po\u010det os\u00f4b,\u00a0osobomesiace, regula\u010dn\u00fd pr\u00edkon, at\u010f.<\/li>\n<li><strong>Evidenciu merac\u00edch miest<\/strong>\n<ul>\n<li>evidencia spotrieb,<\/li>\n<li>import spotrieb,<\/li>\n<li>ru\u010dn\u00e9 zad\u00e1vanie spotrieb,<\/li>\n<li>v\u00fdpo\u010det spotrieb v pr\u00edpade rozpo\u010d\u00edtania,<\/li>\n<li>automatick\u00e1 valid\u00e1cia spotrieb,<\/li>\n<li>automatick\u00fd v\u00fdpo\u010det spochybnen\u00fdch spotrieb n\u00e1hradn\u00fdmi met\u00f3dami,<\/li>\n<li>v\u00fdpo\u010det cien energi\u00ed pomocou zabudovan\u00e9ho cenn\u00edka, alebo individu\u00e1lne.<\/li>\n<\/ul>\n<\/li>\n<li><strong>Evidenciu pal\u00edv <\/strong>&#8211; v\u00fdhrevnos\u0165, spa\u013eovacie teplo, mno\u017estvo, &#8230;<\/li>\n<li><strong>Evidenciu odberov\u00fdch diagramov <\/strong>a ich vyu\u017eitie pri rozpo\u010d\u00edtavan\u00ed spotrieb<\/li>\n<li><strong>Evidenciu vykurovac\u00edch kriviek<\/strong><\/li>\n<li>Vies\u0165 a udr\u017eiava\u0165<strong> cenn\u00edky energi\u00ed<\/strong><\/li>\n<li><strong>V\u00fdpo\u010det (rozpo\u010d\u00edtanie) spotrieb energi\u00ed ako podklad pre faktur\u00e1ciu<\/strong><\/li>\n<li><strong>Evidova\u0165 komponenty merac\u00edch miest <\/strong>(mera\u010de energi\u00ed)<\/li>\n<li><strong>Pl\u00e1nova\u0165 ciachovanie <\/strong>a opravy mera\u010dov<\/li>\n<li><strong>Evidova\u0165 cel\u00fa hist\u00f3riu komponentov merac\u00edch miest <\/strong>z poh\u013eadu ciachovania a opr\u00e1v<\/li>\n<li><strong>Evidova\u0165 cel\u00fa hist\u00f3riu merac\u00edch miest <\/strong>z poh\u013eadu pr\u00edtomnosti jednotliv\u00fdch komponentov mera\u010dov na meracom mieste<\/li>\n<\/ul>\n<p>Rie\u0161enie Chastia FM v oblasti evidencie a rozpo\u010d\u00edtania spotrieb energi\u00ed predstavuje sol\u00eddny z\u00e1klad jednak pre energetick\u00fd mana\u017ement a jednak pre faktur\u00e1ciu za energie a slu\u017eby svojim odberate\u013eom.<\/p>\n<\/div>\n<\/div>\n","protected":false},"excerpt":{"rendered":"<p>Dod\u00e1vka energi\u00ed a slu\u017eieb Evidencia a rozpo\u010d\u00edtanie spotrieb energi\u00ed predstavuje jednu z najd\u00f4le\u017eitej\u0161\u00edch \u010dinnost\u00ed pre v\u0161etk\u00fdch spr\u00e1vcov budov. Rie\u0161enie tejto problematiky v Chastii FM je ve\u013emi komplexn\u00e9 a u\u017e\u00edvate\u013esky pr\u00edjemn\u00e9. Rie\u0161enie umo\u017e\u0148uje jednak evidenciu a sledovanie v\u0161etk\u00fdch energi\u00ed a slu\u017eieb na vstupe, t.j. od dod\u00e1vate\u013eov a jednak rozpo\u010d\u00edtanie n\u00e1kladov na energie a slu\u017eby v r\u00e1mci [&hellip;]<\/p>\n","protected":false},"author":1,"featured_media":0,"parent":2922,"menu_order":0,"comment_status":"closed","ping_status":"closed","template":"","meta":{"footnotes":""},"yoast_head":"<!-- This site is optimized with the Yoast SEO plugin v22.8 - https:\/\/yoast.com\/wordpress\/plugins\/seo\/ -->\n<title>Dod\u00e1vka energi\u00ed a slu\u017eieb - CHASTIA s.r.o.<\/title>\n<meta name=\"robots\" content=\"index, follow, max-snippet:-1, max-image-preview:large, max-video-preview:-1\" \/>\n<link rel=\"canonical\" href=\"https:\/\/www.chastia.com\/sk\/solutions\/fm-companies\/energy-supply-and-services\/\" \/>\n<meta property=\"og:locale\" content=\"sk_SK\" \/>\n<meta property=\"og:type\" content=\"article\" \/>\n<meta property=\"og:title\" content=\"Dod\u00e1vka energi\u00ed a slu\u017eieb - CHASTIA s.r.o.\" \/>\n<meta property=\"og:description\" content=\"Dod\u00e1vka energi\u00ed a slu\u017eieb Evidencia a rozpo\u010d\u00edtanie spotrieb energi\u00ed predstavuje jednu z najd\u00f4le\u017eitej\u0161\u00edch \u010dinnost\u00ed pre v\u0161etk\u00fdch spr\u00e1vcov budov. Rie\u0161enie tejto problematiky v Chastii FM je ve\u013emi komplexn\u00e9 a u\u017e\u00edvate\u013esky pr\u00edjemn\u00e9. Rie\u0161enie umo\u017e\u0148uje jednak evidenciu a sledovanie v\u0161etk\u00fdch energi\u00ed a slu\u017eieb na vstupe, t.j. od dod\u00e1vate\u013eov a jednak rozpo\u010d\u00edtanie n\u00e1kladov na energie a slu\u017eby v r\u00e1mci [&hellip;]\" \/>\n<meta property=\"og:url\" content=\"https:\/\/www.chastia.com\/sk\/solutions\/fm-companies\/energy-supply-and-services\/\" \/>\n<meta property=\"og:site_name\" content=\"CHASTIA s.r.o.\" \/>\n<meta property=\"article:publisher\" content=\"https:\/\/www.facebook.com\/chastia.cz\" \/>\n<meta property=\"article:modified_time\" content=\"2020-05-14T12:17:04+00:00\" \/>\n<meta property=\"og:image\" content=\"https:\/\/www.chastia.com\/wp-content\/uploads\/2024\/05\/chastia_V_T_logo.png\" \/>\n\t<meta property=\"og:image:width\" content=\"1240\" \/>\n\t<meta property=\"og:image:height\" content=\"827\" \/>\n\t<meta property=\"og:image:type\" content=\"image\/png\" \/>\n<meta name=\"twitter:card\" content=\"summary_large_image\" \/>\n<meta name=\"twitter:label1\" content=\"Predpokladan\u00fd \u010das \u010d\u00edtania\" \/>\n\t<meta name=\"twitter:data1\" content=\"2 min\u00faty\" \/>\n<script type=\"application\/ld+json\" class=\"yoast-schema-graph\">{\"@context\":\"https:\/\/schema.org\",\"@graph\":[{\"@type\":\"WebPage\",\"@id\":\"https:\/\/www.chastia.com\/sk\/solutions\/fm-companies\/energy-supply-and-services\/\",\"url\":\"https:\/\/www.chastia.com\/sk\/solutions\/fm-companies\/energy-supply-and-services\/\",\"name\":\"Dod\u00e1vka energi\u00ed a slu\u017eieb - CHASTIA s.r.o.\",\"isPartOf\":{\"@id\":\"https:\/\/www.chastia.com\/sk\/#website\"},\"datePublished\":\"2016-10-06T10:53:07+00:00\",\"dateModified\":\"2020-05-14T12:17:04+00:00\",\"breadcrumb\":{\"@id\":\"https:\/\/www.chastia.com\/sk\/solutions\/fm-companies\/energy-supply-and-services\/#breadcrumb\"},\"inLanguage\":\"sk-SK\",\"potentialAction\":[{\"@type\":\"ReadAction\",\"target\":[\"https:\/\/www.chastia.com\/sk\/solutions\/fm-companies\/energy-supply-and-services\/\"]}]},{\"@type\":\"BreadcrumbList\",\"@id\":\"https:\/\/www.chastia.com\/sk\/solutions\/fm-companies\/energy-supply-and-services\/#breadcrumb\",\"itemListElement\":[{\"@type\":\"ListItem\",\"position\":1,\"name\":\"Home\",\"item\":\"https:\/\/www.chastia.com\/sk\/\"},{\"@type\":\"ListItem\",\"position\":2,\"name\":\"Rie\u0161enia\",\"item\":\"https:\/\/www.chastia.com\/sk\/solutions\/\"},{\"@type\":\"ListItem\",\"position\":3,\"name\":\"Facility Management spolo\u010dnosti\",\"item\":\"https:\/\/www.chastia.com\/sk\/solutions\/company-facility-management\/\"},{\"@type\":\"ListItem\",\"position\":4,\"name\":\"Dod\u00e1vka energi\u00ed a slu\u017eieb\"}]},{\"@type\":\"WebSite\",\"@id\":\"https:\/\/www.chastia.com\/sk\/#website\",\"url\":\"https:\/\/www.chastia.com\/sk\/\",\"name\":\"CHASTIA s.r.o.\",\"description\":\"\",\"publisher\":{\"@id\":\"https:\/\/www.chastia.com\/sk\/#organization\"},\"alternateName\":\"CHASTIA\",\"potentialAction\":[{\"@type\":\"SearchAction\",\"target\":{\"@type\":\"EntryPoint\",\"urlTemplate\":\"https:\/\/www.chastia.com\/sk\/?s={search_term_string}\"},\"query-input\":\"required name=search_term_string\"}],\"inLanguage\":\"sk-SK\"},{\"@type\":\"Organization\",\"@id\":\"https:\/\/www.chastia.com\/sk\/#organization\",\"name\":\"CHASTIA s.r.o.\",\"url\":\"https:\/\/www.chastia.com\/sk\/\",\"logo\":{\"@type\":\"ImageObject\",\"inLanguage\":\"sk-SK\",\"@id\":\"https:\/\/www.chastia.com\/sk\/#\/schema\/logo\/image\/\",\"url\":\"https:\/\/www.chastia.com\/wp-content\/uploads\/2024\/05\/chastia_V_T_logo.png\",\"contentUrl\":\"https:\/\/www.chastia.com\/wp-content\/uploads\/2024\/05\/chastia_V_T_logo.png\",\"width\":1240,\"height\":827,\"caption\":\"CHASTIA s.r.o.\"},\"image\":{\"@id\":\"https:\/\/www.chastia.com\/sk\/#\/schema\/logo\/image\/\"},\"sameAs\":[\"https:\/\/www.facebook.com\/chastia.cz\"]}]}<\/script>\n<!-- \/ Yoast SEO plugin. -->","yoast_head_json":{"title":"Dod\u00e1vka energi\u00ed a slu\u017eieb - CHASTIA s.r.o.","robots":{"index":"index","follow":"follow","max-snippet":"max-snippet:-1","max-image-preview":"max-image-preview:large","max-video-preview":"max-video-preview:-1"},"canonical":"https:\/\/www.chastia.com\/sk\/solutions\/fm-companies\/energy-supply-and-services\/","og_locale":"sk_SK","og_type":"article","og_title":"Dod\u00e1vka energi\u00ed a slu\u017eieb - CHASTIA s.r.o.","og_description":"Dod\u00e1vka energi\u00ed a slu\u017eieb Evidencia a rozpo\u010d\u00edtanie spotrieb energi\u00ed predstavuje jednu z najd\u00f4le\u017eitej\u0161\u00edch \u010dinnost\u00ed pre v\u0161etk\u00fdch spr\u00e1vcov budov. Rie\u0161enie tejto problematiky v Chastii FM je ve\u013emi komplexn\u00e9 a u\u017e\u00edvate\u013esky pr\u00edjemn\u00e9. Rie\u0161enie umo\u017e\u0148uje jednak evidenciu a sledovanie v\u0161etk\u00fdch energi\u00ed a slu\u017eieb na vstupe, t.j. od dod\u00e1vate\u013eov a jednak rozpo\u010d\u00edtanie n\u00e1kladov na energie a slu\u017eby v r\u00e1mci [&hellip;]","og_url":"https:\/\/www.chastia.com\/sk\/solutions\/fm-companies\/energy-supply-and-services\/","og_site_name":"CHASTIA s.r.o.","article_publisher":"https:\/\/www.facebook.com\/chastia.cz","article_modified_time":"2020-05-14T12:17:04+00:00","og_image":[{"width":1240,"height":827,"url":"https:\/\/www.chastia.com\/wp-content\/uploads\/2024\/05\/chastia_V_T_logo.png","type":"image\/png"}],"twitter_card":"summary_large_image","twitter_misc":{"Predpokladan\u00fd \u010das \u010d\u00edtania":"2 min\u00faty"},"schema":{"@context":"https:\/\/schema.org","@graph":[{"@type":"WebPage","@id":"https:\/\/www.chastia.com\/sk\/solutions\/fm-companies\/energy-supply-and-services\/","url":"https:\/\/www.chastia.com\/sk\/solutions\/fm-companies\/energy-supply-and-services\/","name":"Dod\u00e1vka energi\u00ed a slu\u017eieb - CHASTIA s.r.o.","isPartOf":{"@id":"https:\/\/www.chastia.com\/sk\/#website"},"datePublished":"2016-10-06T10:53:07+00:00","dateModified":"2020-05-14T12:17:04+00:00","breadcrumb":{"@id":"https:\/\/www.chastia.com\/sk\/solutions\/fm-companies\/energy-supply-and-services\/#breadcrumb"},"inLanguage":"sk-SK","potentialAction":[{"@type":"ReadAction","target":["https:\/\/www.chastia.com\/sk\/solutions\/fm-companies\/energy-supply-and-services\/"]}]},{"@type":"BreadcrumbList","@id":"https:\/\/www.chastia.com\/sk\/solutions\/fm-companies\/energy-supply-and-services\/#breadcrumb","itemListElement":[{"@type":"ListItem","position":1,"name":"Home","item":"https:\/\/www.chastia.com\/sk\/"},{"@type":"ListItem","position":2,"name":"Rie\u0161enia","item":"https:\/\/www.chastia.com\/sk\/solutions\/"},{"@type":"ListItem","position":3,"name":"Facility Management spolo\u010dnosti","item":"https:\/\/www.chastia.com\/sk\/solutions\/company-facility-management\/"},{"@type":"ListItem","position":4,"name":"Dod\u00e1vka energi\u00ed a slu\u017eieb"}]},{"@type":"WebSite","@id":"https:\/\/www.chastia.com\/sk\/#website","url":"https:\/\/www.chastia.com\/sk\/","name":"CHASTIA s.r.o.","description":"","publisher":{"@id":"https:\/\/www.chastia.com\/sk\/#organization"},"alternateName":"CHASTIA","potentialAction":[{"@type":"SearchAction","target":{"@type":"EntryPoint","urlTemplate":"https:\/\/www.chastia.com\/sk\/?s={search_term_string}"},"query-input":"required name=search_term_string"}],"inLanguage":"sk-SK"},{"@type":"Organization","@id":"https:\/\/www.chastia.com\/sk\/#organization","name":"CHASTIA s.r.o.","url":"https:\/\/www.chastia.com\/sk\/","logo":{"@type":"ImageObject","inLanguage":"sk-SK","@id":"https:\/\/www.chastia.com\/sk\/#\/schema\/logo\/image\/","url":"https:\/\/www.chastia.com\/wp-content\/uploads\/2024\/05\/chastia_V_T_logo.png","contentUrl":"https:\/\/www.chastia.com\/wp-content\/uploads\/2024\/05\/chastia_V_T_logo.png","width":1240,"height":827,"caption":"CHASTIA s.r.o."},"image":{"@id":"https:\/\/www.chastia.com\/sk\/#\/schema\/logo\/image\/"},"sameAs":["https:\/\/www.facebook.com\/chastia.cz"]}]}},"_links":{"self":[{"href":"https:\/\/www.chastia.com\/sk\/wp-json\/wp\/v2\/pages\/3072"}],"collection":[{"href":"https:\/\/www.chastia.com\/sk\/wp-json\/wp\/v2\/pages"}],"about":[{"href":"https:\/\/www.chastia.com\/sk\/wp-json\/wp\/v2\/types\/page"}],"author":[{"embeddable":true,"href":"https:\/\/www.chastia.com\/sk\/wp-json\/wp\/v2\/users\/1"}],"replies":[{"embeddable":true,"href":"https:\/\/www.chastia.com\/sk\/wp-json\/wp\/v2\/comments?post=3072"}],"version-history":[{"count":5,"href":"https:\/\/www.chastia.com\/sk\/wp-json\/wp\/v2\/pages\/3072\/revisions"}],"predecessor-version":[{"id":8215,"href":"https:\/\/www.chastia.com\/sk\/wp-json\/wp\/v2\/pages\/3072\/revisions\/8215"}],"up":[{"embeddable":true,"href":"https:\/\/www.chastia.com\/sk\/wp-json\/wp\/v2\/pages\/2922"}],"wp:attachment":[{"href":"https:\/\/www.chastia.com\/sk\/wp-json\/wp\/v2\/media?parent=3072"}],"curies":[{"name":"wp","href":"https:\/\/api.w.org\/{rel}","templated":true}]}}