{"id":3070,"date":"2016-10-06T12:52:50","date_gmt":"2016-10-06T10:52:50","guid":{"rendered":"http:\/\/chastia.pozorradar.sk\/?page_id=3070"},"modified":"2020-05-14T14:15:00","modified_gmt":"2020-05-14T12:15:00","slug":"rentals","status":"publish","type":"page","link":"https:\/\/www.chastia.com\/sk\/solutions\/fm-companies\/rentals\/","title":{"rendered":"Pren\u00e1jmy"},"content":{"rendered":"<div class=\"fl ml20 w645\">\n<h1>Pren\u00e1jmy<\/h1>\n<div class=\"textContent\">\n<p>D\u00f4le\u017eitou \u010dinnos\u0165ou property mana\u017ementu je aj spr\u00e1va n\u00e1jomn\u00fdch zmluvn\u00fdch vz\u0165ahov.<\/p>\n<p>Rie\u0161enie <strong>Chastia FM<\/strong> pon\u00faka automatizovan\u00e9 n\u00e1stroje na hromadn\u00fa pr\u00e1cu s n\u00e1jomn\u00fdmi vz\u0165ahmi, automatizovan\u00e9 generovanie zml\u00fav (na z\u00e1klade vo\u013ene definovate\u013en\u00fdch \u0161abl\u00f3n), dodatkov, v\u00fdpoved\u00ed. Pon\u00faka taktie\u017e automatizovan\u00e9 generovanie a spr\u00e1vu spl\u00e1tkov\u00fdch kalend\u00e1rov, z\u00e1lohov\u00fdch predpisov, fakt\u00far a vy\u00fa\u010dtovan\u00ed.<\/p>\n<p>Samozrejmos\u0165ou je n\u00e1sledn\u00e9 prepojenie rie\u0161enia na ERP\/ekonomick\u00fd syst\u00e9m spolo\u010dnosti pre jednoduch\u00e9 za\u00fa\u010dtovanie dokladov resp. sledovanie poh\u013ead\u00e1vok.<\/p>\n<\/div>\n<\/div>\n","protected":false},"excerpt":{"rendered":"<p>Pren\u00e1jmy D\u00f4le\u017eitou \u010dinnos\u0165ou property mana\u017ementu je aj spr\u00e1va n\u00e1jomn\u00fdch zmluvn\u00fdch vz\u0165ahov. Rie\u0161enie Chastia FM pon\u00faka automatizovan\u00e9 n\u00e1stroje na hromadn\u00fa pr\u00e1cu s n\u00e1jomn\u00fdmi vz\u0165ahmi, automatizovan\u00e9 generovanie zml\u00fav (na z\u00e1klade vo\u013ene definovate\u013en\u00fdch \u0161abl\u00f3n), dodatkov, v\u00fdpoved\u00ed. Pon\u00faka taktie\u017e automatizovan\u00e9 generovanie a spr\u00e1vu spl\u00e1tkov\u00fdch kalend\u00e1rov, z\u00e1lohov\u00fdch predpisov, fakt\u00far a vy\u00fa\u010dtovan\u00ed. Samozrejmos\u0165ou je n\u00e1sledn\u00e9 prepojenie rie\u0161enia na ERP\/ekonomick\u00fd syst\u00e9m spolo\u010dnosti [&hellip;]<\/p>\n","protected":false},"author":1,"featured_media":0,"parent":2922,"menu_order":0,"comment_status":"closed","ping_status":"closed","template":"","meta":{"footnotes":""},"yoast_head":"<!-- This site is optimized with the Yoast SEO plugin v22.8 - https:\/\/yoast.com\/wordpress\/plugins\/seo\/ -->\n<title>Pren\u00e1jmy - CHASTIA s.r.o.<\/title>\n<meta name=\"robots\" content=\"index, follow, max-snippet:-1, max-image-preview:large, max-video-preview:-1\" \/>\n<link rel=\"canonical\" href=\"https:\/\/www.chastia.com\/sk\/solutions\/fm-companies\/rentals\/\" \/>\n<meta property=\"og:locale\" content=\"sk_SK\" \/>\n<meta property=\"og:type\" content=\"article\" \/>\n<meta property=\"og:title\" content=\"Pren\u00e1jmy - CHASTIA s.r.o.\" \/>\n<meta property=\"og:description\" content=\"Pren\u00e1jmy D\u00f4le\u017eitou \u010dinnos\u0165ou property mana\u017ementu je aj spr\u00e1va n\u00e1jomn\u00fdch zmluvn\u00fdch vz\u0165ahov. Rie\u0161enie Chastia FM pon\u00faka automatizovan\u00e9 n\u00e1stroje na hromadn\u00fa pr\u00e1cu s n\u00e1jomn\u00fdmi vz\u0165ahmi, automatizovan\u00e9 generovanie zml\u00fav (na z\u00e1klade vo\u013ene definovate\u013en\u00fdch \u0161abl\u00f3n), dodatkov, v\u00fdpoved\u00ed. Pon\u00faka taktie\u017e automatizovan\u00e9 generovanie a spr\u00e1vu spl\u00e1tkov\u00fdch kalend\u00e1rov, z\u00e1lohov\u00fdch predpisov, fakt\u00far a vy\u00fa\u010dtovan\u00ed. Samozrejmos\u0165ou je n\u00e1sledn\u00e9 prepojenie rie\u0161enia na ERP\/ekonomick\u00fd syst\u00e9m spolo\u010dnosti [&hellip;]\" \/>\n<meta property=\"og:url\" content=\"https:\/\/www.chastia.com\/sk\/solutions\/fm-companies\/rentals\/\" \/>\n<meta property=\"og:site_name\" content=\"CHASTIA s.r.o.\" \/>\n<meta property=\"article:publisher\" content=\"https:\/\/www.facebook.com\/chastia.cz\" \/>\n<meta property=\"article:modified_time\" content=\"2020-05-14T12:15:00+00:00\" \/>\n<meta property=\"og:image\" content=\"https:\/\/www.chastia.com\/wp-content\/uploads\/2024\/05\/chastia_V_T_logo.png\" \/>\n\t<meta property=\"og:image:width\" content=\"1240\" \/>\n\t<meta property=\"og:image:height\" content=\"827\" \/>\n\t<meta property=\"og:image:type\" content=\"image\/png\" \/>\n<meta name=\"twitter:card\" content=\"summary_large_image\" \/>\n<meta name=\"twitter:label1\" content=\"Predpokladan\u00fd \u010das \u010d\u00edtania\" \/>\n\t<meta name=\"twitter:data1\" content=\"1 min\u00fata\" \/>\n<script type=\"application\/ld+json\" class=\"yoast-schema-graph\">{\"@context\":\"https:\/\/schema.org\",\"@graph\":[{\"@type\":\"WebPage\",\"@id\":\"https:\/\/www.chastia.com\/sk\/solutions\/fm-companies\/rentals\/\",\"url\":\"https:\/\/www.chastia.com\/sk\/solutions\/fm-companies\/rentals\/\",\"name\":\"Pren\u00e1jmy - CHASTIA s.r.o.\",\"isPartOf\":{\"@id\":\"https:\/\/www.chastia.com\/sk\/#website\"},\"datePublished\":\"2016-10-06T10:52:50+00:00\",\"dateModified\":\"2020-05-14T12:15:00+00:00\",\"breadcrumb\":{\"@id\":\"https:\/\/www.chastia.com\/sk\/solutions\/fm-companies\/rentals\/#breadcrumb\"},\"inLanguage\":\"sk-SK\",\"potentialAction\":[{\"@type\":\"ReadAction\",\"target\":[\"https:\/\/www.chastia.com\/sk\/solutions\/fm-companies\/rentals\/\"]}]},{\"@type\":\"BreadcrumbList\",\"@id\":\"https:\/\/www.chastia.com\/sk\/solutions\/fm-companies\/rentals\/#breadcrumb\",\"itemListElement\":[{\"@type\":\"ListItem\",\"position\":1,\"name\":\"Home\",\"item\":\"https:\/\/www.chastia.com\/sk\/\"},{\"@type\":\"ListItem\",\"position\":2,\"name\":\"Rie\u0161enia\",\"item\":\"https:\/\/www.chastia.com\/sk\/solutions\/\"},{\"@type\":\"ListItem\",\"position\":3,\"name\":\"Facility Management spolo\u010dnosti\",\"item\":\"https:\/\/www.chastia.com\/sk\/solutions\/company-facility-management\/\"},{\"@type\":\"ListItem\",\"position\":4,\"name\":\"Pren\u00e1jmy\"}]},{\"@type\":\"WebSite\",\"@id\":\"https:\/\/www.chastia.com\/sk\/#website\",\"url\":\"https:\/\/www.chastia.com\/sk\/\",\"name\":\"CHASTIA s.r.o.\",\"description\":\"\",\"publisher\":{\"@id\":\"https:\/\/www.chastia.com\/sk\/#organization\"},\"alternateName\":\"CHASTIA\",\"potentialAction\":[{\"@type\":\"SearchAction\",\"target\":{\"@type\":\"EntryPoint\",\"urlTemplate\":\"https:\/\/www.chastia.com\/sk\/?s={search_term_string}\"},\"query-input\":\"required name=search_term_string\"}],\"inLanguage\":\"sk-SK\"},{\"@type\":\"Organization\",\"@id\":\"https:\/\/www.chastia.com\/sk\/#organization\",\"name\":\"CHASTIA s.r.o.\",\"url\":\"https:\/\/www.chastia.com\/sk\/\",\"logo\":{\"@type\":\"ImageObject\",\"inLanguage\":\"sk-SK\",\"@id\":\"https:\/\/www.chastia.com\/sk\/#\/schema\/logo\/image\/\",\"url\":\"https:\/\/www.chastia.com\/wp-content\/uploads\/2024\/05\/chastia_V_T_logo.png\",\"contentUrl\":\"https:\/\/www.chastia.com\/wp-content\/uploads\/2024\/05\/chastia_V_T_logo.png\",\"width\":1240,\"height\":827,\"caption\":\"CHASTIA s.r.o.\"},\"image\":{\"@id\":\"https:\/\/www.chastia.com\/sk\/#\/schema\/logo\/image\/\"},\"sameAs\":[\"https:\/\/www.facebook.com\/chastia.cz\"]}]}<\/script>\n<!-- \/ Yoast SEO plugin. -->","yoast_head_json":{"title":"Pren\u00e1jmy - CHASTIA s.r.o.","robots":{"index":"index","follow":"follow","max-snippet":"max-snippet:-1","max-image-preview":"max-image-preview:large","max-video-preview":"max-video-preview:-1"},"canonical":"https:\/\/www.chastia.com\/sk\/solutions\/fm-companies\/rentals\/","og_locale":"sk_SK","og_type":"article","og_title":"Pren\u00e1jmy - CHASTIA s.r.o.","og_description":"Pren\u00e1jmy D\u00f4le\u017eitou \u010dinnos\u0165ou property mana\u017ementu je aj spr\u00e1va n\u00e1jomn\u00fdch zmluvn\u00fdch vz\u0165ahov. Rie\u0161enie Chastia FM pon\u00faka automatizovan\u00e9 n\u00e1stroje na hromadn\u00fa pr\u00e1cu s n\u00e1jomn\u00fdmi vz\u0165ahmi, automatizovan\u00e9 generovanie zml\u00fav (na z\u00e1klade vo\u013ene definovate\u013en\u00fdch \u0161abl\u00f3n), dodatkov, v\u00fdpoved\u00ed. Pon\u00faka taktie\u017e automatizovan\u00e9 generovanie a spr\u00e1vu spl\u00e1tkov\u00fdch kalend\u00e1rov, z\u00e1lohov\u00fdch predpisov, fakt\u00far a vy\u00fa\u010dtovan\u00ed. Samozrejmos\u0165ou je n\u00e1sledn\u00e9 prepojenie rie\u0161enia na ERP\/ekonomick\u00fd syst\u00e9m spolo\u010dnosti [&hellip;]","og_url":"https:\/\/www.chastia.com\/sk\/solutions\/fm-companies\/rentals\/","og_site_name":"CHASTIA s.r.o.","article_publisher":"https:\/\/www.facebook.com\/chastia.cz","article_modified_time":"2020-05-14T12:15:00+00:00","og_image":[{"width":1240,"height":827,"url":"https:\/\/www.chastia.com\/wp-content\/uploads\/2024\/05\/chastia_V_T_logo.png","type":"image\/png"}],"twitter_card":"summary_large_image","twitter_misc":{"Predpokladan\u00fd \u010das \u010d\u00edtania":"1 min\u00fata"},"schema":{"@context":"https:\/\/schema.org","@graph":[{"@type":"WebPage","@id":"https:\/\/www.chastia.com\/sk\/solutions\/fm-companies\/rentals\/","url":"https:\/\/www.chastia.com\/sk\/solutions\/fm-companies\/rentals\/","name":"Pren\u00e1jmy - CHASTIA s.r.o.","isPartOf":{"@id":"https:\/\/www.chastia.com\/sk\/#website"},"datePublished":"2016-10-06T10:52:50+00:00","dateModified":"2020-05-14T12:15:00+00:00","breadcrumb":{"@id":"https:\/\/www.chastia.com\/sk\/solutions\/fm-companies\/rentals\/#breadcrumb"},"inLanguage":"sk-SK","potentialAction":[{"@type":"ReadAction","target":["https:\/\/www.chastia.com\/sk\/solutions\/fm-companies\/rentals\/"]}]},{"@type":"BreadcrumbList","@id":"https:\/\/www.chastia.com\/sk\/solutions\/fm-companies\/rentals\/#breadcrumb","itemListElement":[{"@type":"ListItem","position":1,"name":"Home","item":"https:\/\/www.chastia.com\/sk\/"},{"@type":"ListItem","position":2,"name":"Rie\u0161enia","item":"https:\/\/www.chastia.com\/sk\/solutions\/"},{"@type":"ListItem","position":3,"name":"Facility Management spolo\u010dnosti","item":"https:\/\/www.chastia.com\/sk\/solutions\/company-facility-management\/"},{"@type":"ListItem","position":4,"name":"Pren\u00e1jmy"}]},{"@type":"WebSite","@id":"https:\/\/www.chastia.com\/sk\/#website","url":"https:\/\/www.chastia.com\/sk\/","name":"CHASTIA s.r.o.","description":"","publisher":{"@id":"https:\/\/www.chastia.com\/sk\/#organization"},"alternateName":"CHASTIA","potentialAction":[{"@type":"SearchAction","target":{"@type":"EntryPoint","urlTemplate":"https:\/\/www.chastia.com\/sk\/?s={search_term_string}"},"query-input":"required name=search_term_string"}],"inLanguage":"sk-SK"},{"@type":"Organization","@id":"https:\/\/www.chastia.com\/sk\/#organization","name":"CHASTIA s.r.o.","url":"https:\/\/www.chastia.com\/sk\/","logo":{"@type":"ImageObject","inLanguage":"sk-SK","@id":"https:\/\/www.chastia.com\/sk\/#\/schema\/logo\/image\/","url":"https:\/\/www.chastia.com\/wp-content\/uploads\/2024\/05\/chastia_V_T_logo.png","contentUrl":"https:\/\/www.chastia.com\/wp-content\/uploads\/2024\/05\/chastia_V_T_logo.png","width":1240,"height":827,"caption":"CHASTIA s.r.o."},"image":{"@id":"https:\/\/www.chastia.com\/sk\/#\/schema\/logo\/image\/"},"sameAs":["https:\/\/www.facebook.com\/chastia.cz"]}]}},"_links":{"self":[{"href":"https:\/\/www.chastia.com\/sk\/wp-json\/wp\/v2\/pages\/3070"}],"collection":[{"href":"https:\/\/www.chastia.com\/sk\/wp-json\/wp\/v2\/pages"}],"about":[{"href":"https:\/\/www.chastia.com\/sk\/wp-json\/wp\/v2\/types\/page"}],"author":[{"embeddable":true,"href":"https:\/\/www.chastia.com\/sk\/wp-json\/wp\/v2\/users\/1"}],"replies":[{"embeddable":true,"href":"https:\/\/www.chastia.com\/sk\/wp-json\/wp\/v2\/comments?post=3070"}],"version-history":[{"count":5,"href":"https:\/\/www.chastia.com\/sk\/wp-json\/wp\/v2\/pages\/3070\/revisions"}],"predecessor-version":[{"id":8212,"href":"https:\/\/www.chastia.com\/sk\/wp-json\/wp\/v2\/pages\/3070\/revisions\/8212"}],"up":[{"embeddable":true,"href":"https:\/\/www.chastia.com\/sk\/wp-json\/wp\/v2\/pages\/2922"}],"wp:attachment":[{"href":"https:\/\/www.chastia.com\/sk\/wp-json\/wp\/v2\/media?parent=3070"}],"curies":[{"name":"wp","href":"https:\/\/api.w.org\/{rel}","templated":true}]}}