{"id":3068,"date":"2016-10-06T12:52:36","date_gmt":"2016-10-06T10:52:36","guid":{"rendered":"http:\/\/chastia.pozorradar.sk\/?page_id=3068"},"modified":"2020-05-14T14:14:12","modified_gmt":"2020-05-14T12:14:12","slug":"contractual-relations-and-billing","status":"publish","type":"page","link":"https:\/\/www.chastia.com\/sk\/solutions\/fm-companies\/contractual-relations-and-billing\/","title":{"rendered":"Zmluvn\u00e9 vz\u0165ahy a faktur\u00e1cia"},"content":{"rendered":"<div class=\"fl ml20 w645\">\n<h1>Zmluvn\u00e9 vz\u0165ahy a faktur\u00e1cia<\/h1>\n<div class=\"textContent\">\n<p>Rie\u0161enie pon\u00faka detailn\u00fa evidenciu zml\u00fav a ich dodatkov a pr\u00edloh o v\u00fdkone spr\u00e1vy majetku, pren\u00e1jmy pl\u00f4ch a priestorov a automatick\u00e9 generovanie fakt\u00far za tieto \u010dinnosti.<\/p>\n<p>Rie\u0161enie umo\u017e\u0148uje:<\/p>\n<ul>\n<li>generova\u0165 a evidova\u0165 <strong>n\u00e1jomn\u00e9 zmluvy <\/strong>(vr\u00e1tane pripojenia oskenovan\u00e9ho origin\u00e1lu);<\/li>\n<li>generova\u0165 a evidova\u0165 <strong>zmluvy o spr\u00e1ve majetku <\/strong>(vr\u00e1tane pripojenia oskenovan\u00e9ho origin\u00e1lu);<\/li>\n<li>generova\u0165 a evidova\u0165 <strong>zmluvy o dod\u00e1vke energi\u00ed a slu\u017eieb <\/strong>(vr\u00e1tane pripojenia oskenovan\u00e9ho origin\u00e1lu);<\/li>\n<li>generova\u0165 a evidova\u0165 <strong>zmluvy o pridelen\u00ed priestorov vlastn\u00fdm oddeleniam alebo organiza\u010dn\u00fdm \u00fatvarom <\/strong>(vr\u00e1tane pripojenia oskenovan\u00e9ho origin\u00e1lu);<\/li>\n<li>generova\u0165 <strong>v\u0161etky druhy zml\u00fav a dodatkov;<\/strong><\/li>\n<li>generova\u0165 <strong>mesa\u010dn\u00e9 fakt\u00fary;<\/strong><\/li>\n<li>generova\u0165 <strong>z\u00e1lohov\u00e9 predpisy;<\/strong><\/li>\n<li>generova\u0165 <strong>spl\u00e1tkov\u00e9 kalend\u00e1re;<\/strong><\/li>\n<li>generova\u0165 <strong>vy\u00fa\u010dtovacie fakt\u00fary;<\/strong><\/li>\n<li><strong>hromadn\u00e9 zasielanie fakt\u00far e-mailom;<\/strong><\/li>\n<li><strong>import do\u0161l\u00fdch \u00fahrad <\/strong>z elektronick\u00fdch bankov\u00fdch v\u00fdpisov alebo z \u00fa\u010dtovn\u00edctva;<\/li>\n<li><strong>automatick\u00e9 p\u00e1rovanie \u00fahrad <\/strong>(alt. poloautomaticky alebo ru\u010dne) na vystaven\u00fd doklad alebo partnera;<\/li>\n<li><strong>sledovanie poh\u013ead\u00e1vok <\/strong>&#8211; doba po splatnosti, v\u00fdpo\u010det pen\u00e1le, &#8230;<\/li>\n<li><strong>automatick\u00e9 generovanie upomienok;<\/strong><\/li>\n<li><strong>prip\u00e1ja\u0165 k zmluvn\u00fdm vz\u0165ahom r\u00f4zne dokumenty <\/strong>(origin\u00e1l zmluvy, kore\u0161pondencia,&#8230;);<\/li>\n<li><strong>automatick\u00e9 generovanie reportov <\/strong>napr.: Zoznam aktu\u00e1lnych zmluvn\u00fdch vz\u0165ahov, Knihu fakt\u00far a podobne.<\/li>\n<\/ul>\n<\/div>\n<\/div>\n","protected":false},"excerpt":{"rendered":"<p>Zmluvn\u00e9 vz\u0165ahy a faktur\u00e1cia Rie\u0161enie pon\u00faka detailn\u00fa evidenciu zml\u00fav a ich dodatkov a pr\u00edloh o v\u00fdkone spr\u00e1vy majetku, pren\u00e1jmy pl\u00f4ch a priestorov a automatick\u00e9 generovanie fakt\u00far za tieto \u010dinnosti. Rie\u0161enie umo\u017e\u0148uje: generova\u0165 a evidova\u0165 n\u00e1jomn\u00e9 zmluvy (vr\u00e1tane pripojenia oskenovan\u00e9ho origin\u00e1lu); generova\u0165 a evidova\u0165 zmluvy o spr\u00e1ve majetku (vr\u00e1tane pripojenia oskenovan\u00e9ho origin\u00e1lu); generova\u0165 a evidova\u0165 zmluvy [&hellip;]<\/p>\n","protected":false},"author":1,"featured_media":0,"parent":2922,"menu_order":0,"comment_status":"closed","ping_status":"closed","template":"","meta":{"footnotes":""},"yoast_head":"<!-- This site is optimized with the Yoast SEO plugin v22.8 - https:\/\/yoast.com\/wordpress\/plugins\/seo\/ -->\n<title>Zmluvn\u00e9 vz\u0165ahy a faktur\u00e1cia - CHASTIA s.r.o.<\/title>\n<meta name=\"robots\" content=\"index, follow, max-snippet:-1, max-image-preview:large, max-video-preview:-1\" \/>\n<link rel=\"canonical\" href=\"https:\/\/www.chastia.com\/sk\/solutions\/fm-companies\/contractual-relations-and-billing\/\" \/>\n<meta property=\"og:locale\" content=\"sk_SK\" \/>\n<meta property=\"og:type\" content=\"article\" \/>\n<meta property=\"og:title\" content=\"Zmluvn\u00e9 vz\u0165ahy a faktur\u00e1cia - CHASTIA s.r.o.\" \/>\n<meta property=\"og:description\" content=\"Zmluvn\u00e9 vz\u0165ahy a faktur\u00e1cia Rie\u0161enie pon\u00faka detailn\u00fa evidenciu zml\u00fav a ich dodatkov a pr\u00edloh o v\u00fdkone spr\u00e1vy majetku, pren\u00e1jmy pl\u00f4ch a priestorov a automatick\u00e9 generovanie fakt\u00far za tieto \u010dinnosti. Rie\u0161enie umo\u017e\u0148uje: generova\u0165 a evidova\u0165 n\u00e1jomn\u00e9 zmluvy (vr\u00e1tane pripojenia oskenovan\u00e9ho origin\u00e1lu); generova\u0165 a evidova\u0165 zmluvy o spr\u00e1ve majetku (vr\u00e1tane pripojenia oskenovan\u00e9ho origin\u00e1lu); generova\u0165 a evidova\u0165 zmluvy [&hellip;]\" \/>\n<meta property=\"og:url\" content=\"https:\/\/www.chastia.com\/sk\/solutions\/fm-companies\/contractual-relations-and-billing\/\" \/>\n<meta property=\"og:site_name\" content=\"CHASTIA s.r.o.\" \/>\n<meta property=\"article:publisher\" content=\"https:\/\/www.facebook.com\/chastia.cz\" \/>\n<meta property=\"article:modified_time\" content=\"2020-05-14T12:14:12+00:00\" \/>\n<meta property=\"og:image\" content=\"https:\/\/www.chastia.com\/wp-content\/uploads\/2024\/05\/chastia_V_T_logo.png\" \/>\n\t<meta property=\"og:image:width\" content=\"1240\" \/>\n\t<meta property=\"og:image:height\" content=\"827\" \/>\n\t<meta property=\"og:image:type\" content=\"image\/png\" \/>\n<meta name=\"twitter:card\" content=\"summary_large_image\" \/>\n<meta name=\"twitter:label1\" content=\"Predpokladan\u00fd \u010das \u010d\u00edtania\" \/>\n\t<meta name=\"twitter:data1\" content=\"1 min\u00fata\" \/>\n<script type=\"application\/ld+json\" class=\"yoast-schema-graph\">{\"@context\":\"https:\/\/schema.org\",\"@graph\":[{\"@type\":\"WebPage\",\"@id\":\"https:\/\/www.chastia.com\/sk\/solutions\/fm-companies\/contractual-relations-and-billing\/\",\"url\":\"https:\/\/www.chastia.com\/sk\/solutions\/fm-companies\/contractual-relations-and-billing\/\",\"name\":\"Zmluvn\u00e9 vz\u0165ahy a faktur\u00e1cia - CHASTIA s.r.o.\",\"isPartOf\":{\"@id\":\"https:\/\/www.chastia.com\/sk\/#website\"},\"datePublished\":\"2016-10-06T10:52:36+00:00\",\"dateModified\":\"2020-05-14T12:14:12+00:00\",\"breadcrumb\":{\"@id\":\"https:\/\/www.chastia.com\/sk\/solutions\/fm-companies\/contractual-relations-and-billing\/#breadcrumb\"},\"inLanguage\":\"sk-SK\",\"potentialAction\":[{\"@type\":\"ReadAction\",\"target\":[\"https:\/\/www.chastia.com\/sk\/solutions\/fm-companies\/contractual-relations-and-billing\/\"]}]},{\"@type\":\"BreadcrumbList\",\"@id\":\"https:\/\/www.chastia.com\/sk\/solutions\/fm-companies\/contractual-relations-and-billing\/#breadcrumb\",\"itemListElement\":[{\"@type\":\"ListItem\",\"position\":1,\"name\":\"Home\",\"item\":\"https:\/\/www.chastia.com\/sk\/\"},{\"@type\":\"ListItem\",\"position\":2,\"name\":\"Rie\u0161enia\",\"item\":\"https:\/\/www.chastia.com\/sk\/solutions\/\"},{\"@type\":\"ListItem\",\"position\":3,\"name\":\"Facility Management spolo\u010dnosti\",\"item\":\"https:\/\/www.chastia.com\/sk\/solutions\/company-facility-management\/\"},{\"@type\":\"ListItem\",\"position\":4,\"name\":\"Zmluvn\u00e9 vz\u0165ahy a faktur\u00e1cia\"}]},{\"@type\":\"WebSite\",\"@id\":\"https:\/\/www.chastia.com\/sk\/#website\",\"url\":\"https:\/\/www.chastia.com\/sk\/\",\"name\":\"CHASTIA s.r.o.\",\"description\":\"\",\"publisher\":{\"@id\":\"https:\/\/www.chastia.com\/sk\/#organization\"},\"alternateName\":\"CHASTIA\",\"potentialAction\":[{\"@type\":\"SearchAction\",\"target\":{\"@type\":\"EntryPoint\",\"urlTemplate\":\"https:\/\/www.chastia.com\/sk\/?s={search_term_string}\"},\"query-input\":\"required name=search_term_string\"}],\"inLanguage\":\"sk-SK\"},{\"@type\":\"Organization\",\"@id\":\"https:\/\/www.chastia.com\/sk\/#organization\",\"name\":\"CHASTIA s.r.o.\",\"url\":\"https:\/\/www.chastia.com\/sk\/\",\"logo\":{\"@type\":\"ImageObject\",\"inLanguage\":\"sk-SK\",\"@id\":\"https:\/\/www.chastia.com\/sk\/#\/schema\/logo\/image\/\",\"url\":\"https:\/\/www.chastia.com\/wp-content\/uploads\/2024\/05\/chastia_V_T_logo.png\",\"contentUrl\":\"https:\/\/www.chastia.com\/wp-content\/uploads\/2024\/05\/chastia_V_T_logo.png\",\"width\":1240,\"height\":827,\"caption\":\"CHASTIA s.r.o.\"},\"image\":{\"@id\":\"https:\/\/www.chastia.com\/sk\/#\/schema\/logo\/image\/\"},\"sameAs\":[\"https:\/\/www.facebook.com\/chastia.cz\"]}]}<\/script>\n<!-- \/ Yoast SEO plugin. -->","yoast_head_json":{"title":"Zmluvn\u00e9 vz\u0165ahy a faktur\u00e1cia - CHASTIA s.r.o.","robots":{"index":"index","follow":"follow","max-snippet":"max-snippet:-1","max-image-preview":"max-image-preview:large","max-video-preview":"max-video-preview:-1"},"canonical":"https:\/\/www.chastia.com\/sk\/solutions\/fm-companies\/contractual-relations-and-billing\/","og_locale":"sk_SK","og_type":"article","og_title":"Zmluvn\u00e9 vz\u0165ahy a faktur\u00e1cia - CHASTIA s.r.o.","og_description":"Zmluvn\u00e9 vz\u0165ahy a faktur\u00e1cia Rie\u0161enie pon\u00faka detailn\u00fa evidenciu zml\u00fav a ich dodatkov a pr\u00edloh o v\u00fdkone spr\u00e1vy majetku, pren\u00e1jmy pl\u00f4ch a priestorov a automatick\u00e9 generovanie fakt\u00far za tieto \u010dinnosti. Rie\u0161enie umo\u017e\u0148uje: generova\u0165 a evidova\u0165 n\u00e1jomn\u00e9 zmluvy (vr\u00e1tane pripojenia oskenovan\u00e9ho origin\u00e1lu); generova\u0165 a evidova\u0165 zmluvy o spr\u00e1ve majetku (vr\u00e1tane pripojenia oskenovan\u00e9ho origin\u00e1lu); generova\u0165 a evidova\u0165 zmluvy [&hellip;]","og_url":"https:\/\/www.chastia.com\/sk\/solutions\/fm-companies\/contractual-relations-and-billing\/","og_site_name":"CHASTIA s.r.o.","article_publisher":"https:\/\/www.facebook.com\/chastia.cz","article_modified_time":"2020-05-14T12:14:12+00:00","og_image":[{"width":1240,"height":827,"url":"https:\/\/www.chastia.com\/wp-content\/uploads\/2024\/05\/chastia_V_T_logo.png","type":"image\/png"}],"twitter_card":"summary_large_image","twitter_misc":{"Predpokladan\u00fd \u010das \u010d\u00edtania":"1 min\u00fata"},"schema":{"@context":"https:\/\/schema.org","@graph":[{"@type":"WebPage","@id":"https:\/\/www.chastia.com\/sk\/solutions\/fm-companies\/contractual-relations-and-billing\/","url":"https:\/\/www.chastia.com\/sk\/solutions\/fm-companies\/contractual-relations-and-billing\/","name":"Zmluvn\u00e9 vz\u0165ahy a faktur\u00e1cia - CHASTIA s.r.o.","isPartOf":{"@id":"https:\/\/www.chastia.com\/sk\/#website"},"datePublished":"2016-10-06T10:52:36+00:00","dateModified":"2020-05-14T12:14:12+00:00","breadcrumb":{"@id":"https:\/\/www.chastia.com\/sk\/solutions\/fm-companies\/contractual-relations-and-billing\/#breadcrumb"},"inLanguage":"sk-SK","potentialAction":[{"@type":"ReadAction","target":["https:\/\/www.chastia.com\/sk\/solutions\/fm-companies\/contractual-relations-and-billing\/"]}]},{"@type":"BreadcrumbList","@id":"https:\/\/www.chastia.com\/sk\/solutions\/fm-companies\/contractual-relations-and-billing\/#breadcrumb","itemListElement":[{"@type":"ListItem","position":1,"name":"Home","item":"https:\/\/www.chastia.com\/sk\/"},{"@type":"ListItem","position":2,"name":"Rie\u0161enia","item":"https:\/\/www.chastia.com\/sk\/solutions\/"},{"@type":"ListItem","position":3,"name":"Facility Management spolo\u010dnosti","item":"https:\/\/www.chastia.com\/sk\/solutions\/company-facility-management\/"},{"@type":"ListItem","position":4,"name":"Zmluvn\u00e9 vz\u0165ahy a faktur\u00e1cia"}]},{"@type":"WebSite","@id":"https:\/\/www.chastia.com\/sk\/#website","url":"https:\/\/www.chastia.com\/sk\/","name":"CHASTIA s.r.o.","description":"","publisher":{"@id":"https:\/\/www.chastia.com\/sk\/#organization"},"alternateName":"CHASTIA","potentialAction":[{"@type":"SearchAction","target":{"@type":"EntryPoint","urlTemplate":"https:\/\/www.chastia.com\/sk\/?s={search_term_string}"},"query-input":"required name=search_term_string"}],"inLanguage":"sk-SK"},{"@type":"Organization","@id":"https:\/\/www.chastia.com\/sk\/#organization","name":"CHASTIA s.r.o.","url":"https:\/\/www.chastia.com\/sk\/","logo":{"@type":"ImageObject","inLanguage":"sk-SK","@id":"https:\/\/www.chastia.com\/sk\/#\/schema\/logo\/image\/","url":"https:\/\/www.chastia.com\/wp-content\/uploads\/2024\/05\/chastia_V_T_logo.png","contentUrl":"https:\/\/www.chastia.com\/wp-content\/uploads\/2024\/05\/chastia_V_T_logo.png","width":1240,"height":827,"caption":"CHASTIA s.r.o."},"image":{"@id":"https:\/\/www.chastia.com\/sk\/#\/schema\/logo\/image\/"},"sameAs":["https:\/\/www.facebook.com\/chastia.cz"]}]}},"_links":{"self":[{"href":"https:\/\/www.chastia.com\/sk\/wp-json\/wp\/v2\/pages\/3068"}],"collection":[{"href":"https:\/\/www.chastia.com\/sk\/wp-json\/wp\/v2\/pages"}],"about":[{"href":"https:\/\/www.chastia.com\/sk\/wp-json\/wp\/v2\/types\/page"}],"author":[{"embeddable":true,"href":"https:\/\/www.chastia.com\/sk\/wp-json\/wp\/v2\/users\/1"}],"replies":[{"embeddable":true,"href":"https:\/\/www.chastia.com\/sk\/wp-json\/wp\/v2\/comments?post=3068"}],"version-history":[{"count":5,"href":"https:\/\/www.chastia.com\/sk\/wp-json\/wp\/v2\/pages\/3068\/revisions"}],"predecessor-version":[{"id":8211,"href":"https:\/\/www.chastia.com\/sk\/wp-json\/wp\/v2\/pages\/3068\/revisions\/8211"}],"up":[{"embeddable":true,"href":"https:\/\/www.chastia.com\/sk\/wp-json\/wp\/v2\/pages\/2922"}],"wp:attachment":[{"href":"https:\/\/www.chastia.com\/sk\/wp-json\/wp\/v2\/media?parent=3068"}],"curies":[{"name":"wp","href":"https:\/\/api.w.org\/{rel}","templated":true}]}}