{"id":3066,"date":"2016-10-06T12:52:19","date_gmt":"2016-10-06T10:52:19","guid":{"rendered":"http:\/\/chastia.pozorradar.sk\/?page_id=3066"},"modified":"2020-05-14T14:11:57","modified_gmt":"2020-05-14T12:11:57","slug":"document-management","status":"publish","type":"page","link":"https:\/\/www.chastia.com\/sk\/solutions\/fm-companies\/document-management\/","title":{"rendered":"Spr\u00e1va dokumentov"},"content":{"rendered":"<div class=\"fl ml20 w645\">\n<h1>Spr\u00e1va dokumentov<\/h1>\n<div class=\"textContent\">\n<p><strong>Chastia FM <\/strong>umo\u017e\u0148uje centralizovan\u00fa spr\u00e1vu v\u0161etk\u00fdch dokumentov potrebn\u00fdch pre \u010dinnos\u0165 spolo\u010dnosti.<\/p>\n<p>Dokumenty sa prip\u00e1jaj\u00fa ku ka\u017ed\u00e9mu objektu informa\u010dn\u00e9ho syst\u00e9mu (objekt IS) a s\u00fa pr\u00edstupn\u00e9 z \u013eubovo\u013en\u00e9ho miesta v Chastii FM jednoduch\u00fdm kliknut\u00edm na dan\u00fd objekt IS.<\/p>\n<p>Typick\u00fdmi pr\u00edkladmi dokumentov m\u00f4\u017eu by\u0165:<\/p>\n<ul>\n<li>mapy,<\/li>\n<li>listy vlastn\u00edctva, parcely, nehnute\u013enosti,<\/li>\n<li>technick\u00e9 v\u00fdkresy (napr. arch\u00edv projektovej dokument\u00e1cie),<\/li>\n<li>elektronick\u00e9 dokumenty &#8211; textov\u00e9, tabu\u013ekov\u00e9, fotodokument\u00e1cia a podobne,<\/li>\n<li>energetick\u00e9 certifik\u00e1ty budov,<\/li>\n<li>rev\u00edzne spr\u00e1vy,<\/li>\n<li>technick\u00e1 dokument\u00e1cia zariaden\u00ed od v\u00fdrobcov zariaden\u00ed,<\/li>\n<li>zmluvy a dodatky k zmluv\u00e1m,<\/li>\n<li>fakt\u00fary,<\/li>\n<li>kore\u0161pondencia,<\/li>\n<li>at\u010f.<\/li>\n<\/ul>\n<p>Dokumenty sa do centr\u00e1lneho \u00falo\u017eiska dokumentov m\u00f4\u017eu zad\u00e1va\u0165 ru\u010dne &#8211; spravidla cez dan\u00fd profesn\u00fd modul alebo plne automaticky (napr. zmluvy, fakt\u00fary, rev\u00edzne spr\u00e1vy&#8230;).<\/p>\n<p>V\u00fdhodou centralizovan\u00e9ho skladu dokumentov je zaistenie diferencovan\u00e9ho pr\u00edstupu k dokumentom, zabezpe\u010denie dokumentov proti neopr\u00e1vnen\u00fdm zmen\u00e1m a mazaniu.<\/p>\n<\/div>\n<\/div>\n","protected":false},"excerpt":{"rendered":"<p>Spr\u00e1va dokumentov Chastia FM umo\u017e\u0148uje centralizovan\u00fa spr\u00e1vu v\u0161etk\u00fdch dokumentov potrebn\u00fdch pre \u010dinnos\u0165 spolo\u010dnosti. Dokumenty sa prip\u00e1jaj\u00fa ku ka\u017ed\u00e9mu objektu informa\u010dn\u00e9ho syst\u00e9mu (objekt IS) a s\u00fa pr\u00edstupn\u00e9 z \u013eubovo\u013en\u00e9ho miesta v Chastii FM jednoduch\u00fdm kliknut\u00edm na dan\u00fd objekt IS. Typick\u00fdmi pr\u00edkladmi dokumentov m\u00f4\u017eu by\u0165: mapy, listy vlastn\u00edctva, parcely, nehnute\u013enosti, technick\u00e9 v\u00fdkresy (napr. arch\u00edv projektovej dokument\u00e1cie), elektronick\u00e9 [&hellip;]<\/p>\n","protected":false},"author":1,"featured_media":0,"parent":2922,"menu_order":0,"comment_status":"closed","ping_status":"closed","template":"","meta":{"footnotes":""},"yoast_head":"<!-- This site is optimized with the Yoast SEO plugin v22.8 - https:\/\/yoast.com\/wordpress\/plugins\/seo\/ -->\n<title>Spr\u00e1va dokumentov - CHASTIA s.r.o.<\/title>\n<meta name=\"robots\" content=\"index, follow, max-snippet:-1, max-image-preview:large, max-video-preview:-1\" \/>\n<link rel=\"canonical\" href=\"https:\/\/www.chastia.com\/sk\/solutions\/fm-companies\/document-management\/\" \/>\n<meta property=\"og:locale\" content=\"sk_SK\" \/>\n<meta property=\"og:type\" content=\"article\" \/>\n<meta property=\"og:title\" content=\"Spr\u00e1va dokumentov - CHASTIA s.r.o.\" \/>\n<meta property=\"og:description\" content=\"Spr\u00e1va dokumentov Chastia FM umo\u017e\u0148uje centralizovan\u00fa spr\u00e1vu v\u0161etk\u00fdch dokumentov potrebn\u00fdch pre \u010dinnos\u0165 spolo\u010dnosti. Dokumenty sa prip\u00e1jaj\u00fa ku ka\u017ed\u00e9mu objektu informa\u010dn\u00e9ho syst\u00e9mu (objekt IS) a s\u00fa pr\u00edstupn\u00e9 z \u013eubovo\u013en\u00e9ho miesta v Chastii FM jednoduch\u00fdm kliknut\u00edm na dan\u00fd objekt IS. Typick\u00fdmi pr\u00edkladmi dokumentov m\u00f4\u017eu by\u0165: mapy, listy vlastn\u00edctva, parcely, nehnute\u013enosti, technick\u00e9 v\u00fdkresy (napr. arch\u00edv projektovej dokument\u00e1cie), elektronick\u00e9 [&hellip;]\" \/>\n<meta property=\"og:url\" content=\"https:\/\/www.chastia.com\/sk\/solutions\/fm-companies\/document-management\/\" \/>\n<meta property=\"og:site_name\" content=\"CHASTIA s.r.o.\" \/>\n<meta property=\"article:publisher\" content=\"https:\/\/www.facebook.com\/chastia.cz\" \/>\n<meta property=\"article:modified_time\" content=\"2020-05-14T12:11:57+00:00\" \/>\n<meta property=\"og:image\" content=\"https:\/\/www.chastia.com\/wp-content\/uploads\/2024\/05\/chastia_V_T_logo.png\" \/>\n\t<meta property=\"og:image:width\" content=\"1240\" \/>\n\t<meta property=\"og:image:height\" content=\"827\" \/>\n\t<meta property=\"og:image:type\" content=\"image\/png\" \/>\n<meta name=\"twitter:card\" content=\"summary_large_image\" \/>\n<meta name=\"twitter:label1\" content=\"Predpokladan\u00fd \u010das \u010d\u00edtania\" \/>\n\t<meta name=\"twitter:data1\" content=\"1 min\u00fata\" \/>\n<script type=\"application\/ld+json\" class=\"yoast-schema-graph\">{\"@context\":\"https:\/\/schema.org\",\"@graph\":[{\"@type\":\"WebPage\",\"@id\":\"https:\/\/www.chastia.com\/sk\/solutions\/fm-companies\/document-management\/\",\"url\":\"https:\/\/www.chastia.com\/sk\/solutions\/fm-companies\/document-management\/\",\"name\":\"Spr\u00e1va dokumentov - CHASTIA s.r.o.\",\"isPartOf\":{\"@id\":\"https:\/\/www.chastia.com\/sk\/#website\"},\"datePublished\":\"2016-10-06T10:52:19+00:00\",\"dateModified\":\"2020-05-14T12:11:57+00:00\",\"breadcrumb\":{\"@id\":\"https:\/\/www.chastia.com\/sk\/solutions\/fm-companies\/document-management\/#breadcrumb\"},\"inLanguage\":\"sk-SK\",\"potentialAction\":[{\"@type\":\"ReadAction\",\"target\":[\"https:\/\/www.chastia.com\/sk\/solutions\/fm-companies\/document-management\/\"]}]},{\"@type\":\"BreadcrumbList\",\"@id\":\"https:\/\/www.chastia.com\/sk\/solutions\/fm-companies\/document-management\/#breadcrumb\",\"itemListElement\":[{\"@type\":\"ListItem\",\"position\":1,\"name\":\"Home\",\"item\":\"https:\/\/www.chastia.com\/sk\/\"},{\"@type\":\"ListItem\",\"position\":2,\"name\":\"Rie\u0161enia\",\"item\":\"https:\/\/www.chastia.com\/sk\/solutions\/\"},{\"@type\":\"ListItem\",\"position\":3,\"name\":\"Facility Management spolo\u010dnosti\",\"item\":\"https:\/\/www.chastia.com\/sk\/solutions\/company-facility-management\/\"},{\"@type\":\"ListItem\",\"position\":4,\"name\":\"Spr\u00e1va dokumentov\"}]},{\"@type\":\"WebSite\",\"@id\":\"https:\/\/www.chastia.com\/sk\/#website\",\"url\":\"https:\/\/www.chastia.com\/sk\/\",\"name\":\"CHASTIA s.r.o.\",\"description\":\"\",\"publisher\":{\"@id\":\"https:\/\/www.chastia.com\/sk\/#organization\"},\"alternateName\":\"CHASTIA\",\"potentialAction\":[{\"@type\":\"SearchAction\",\"target\":{\"@type\":\"EntryPoint\",\"urlTemplate\":\"https:\/\/www.chastia.com\/sk\/?s={search_term_string}\"},\"query-input\":\"required name=search_term_string\"}],\"inLanguage\":\"sk-SK\"},{\"@type\":\"Organization\",\"@id\":\"https:\/\/www.chastia.com\/sk\/#organization\",\"name\":\"CHASTIA s.r.o.\",\"url\":\"https:\/\/www.chastia.com\/sk\/\",\"logo\":{\"@type\":\"ImageObject\",\"inLanguage\":\"sk-SK\",\"@id\":\"https:\/\/www.chastia.com\/sk\/#\/schema\/logo\/image\/\",\"url\":\"https:\/\/www.chastia.com\/wp-content\/uploads\/2024\/05\/chastia_V_T_logo.png\",\"contentUrl\":\"https:\/\/www.chastia.com\/wp-content\/uploads\/2024\/05\/chastia_V_T_logo.png\",\"width\":1240,\"height\":827,\"caption\":\"CHASTIA s.r.o.\"},\"image\":{\"@id\":\"https:\/\/www.chastia.com\/sk\/#\/schema\/logo\/image\/\"},\"sameAs\":[\"https:\/\/www.facebook.com\/chastia.cz\"]}]}<\/script>\n<!-- \/ Yoast SEO plugin. -->","yoast_head_json":{"title":"Spr\u00e1va dokumentov - CHASTIA s.r.o.","robots":{"index":"index","follow":"follow","max-snippet":"max-snippet:-1","max-image-preview":"max-image-preview:large","max-video-preview":"max-video-preview:-1"},"canonical":"https:\/\/www.chastia.com\/sk\/solutions\/fm-companies\/document-management\/","og_locale":"sk_SK","og_type":"article","og_title":"Spr\u00e1va dokumentov - CHASTIA s.r.o.","og_description":"Spr\u00e1va dokumentov Chastia FM umo\u017e\u0148uje centralizovan\u00fa spr\u00e1vu v\u0161etk\u00fdch dokumentov potrebn\u00fdch pre \u010dinnos\u0165 spolo\u010dnosti. Dokumenty sa prip\u00e1jaj\u00fa ku ka\u017ed\u00e9mu objektu informa\u010dn\u00e9ho syst\u00e9mu (objekt IS) a s\u00fa pr\u00edstupn\u00e9 z \u013eubovo\u013en\u00e9ho miesta v Chastii FM jednoduch\u00fdm kliknut\u00edm na dan\u00fd objekt IS. Typick\u00fdmi pr\u00edkladmi dokumentov m\u00f4\u017eu by\u0165: mapy, listy vlastn\u00edctva, parcely, nehnute\u013enosti, technick\u00e9 v\u00fdkresy (napr. arch\u00edv projektovej dokument\u00e1cie), elektronick\u00e9 [&hellip;]","og_url":"https:\/\/www.chastia.com\/sk\/solutions\/fm-companies\/document-management\/","og_site_name":"CHASTIA s.r.o.","article_publisher":"https:\/\/www.facebook.com\/chastia.cz","article_modified_time":"2020-05-14T12:11:57+00:00","og_image":[{"width":1240,"height":827,"url":"https:\/\/www.chastia.com\/wp-content\/uploads\/2024\/05\/chastia_V_T_logo.png","type":"image\/png"}],"twitter_card":"summary_large_image","twitter_misc":{"Predpokladan\u00fd \u010das \u010d\u00edtania":"1 min\u00fata"},"schema":{"@context":"https:\/\/schema.org","@graph":[{"@type":"WebPage","@id":"https:\/\/www.chastia.com\/sk\/solutions\/fm-companies\/document-management\/","url":"https:\/\/www.chastia.com\/sk\/solutions\/fm-companies\/document-management\/","name":"Spr\u00e1va dokumentov - CHASTIA s.r.o.","isPartOf":{"@id":"https:\/\/www.chastia.com\/sk\/#website"},"datePublished":"2016-10-06T10:52:19+00:00","dateModified":"2020-05-14T12:11:57+00:00","breadcrumb":{"@id":"https:\/\/www.chastia.com\/sk\/solutions\/fm-companies\/document-management\/#breadcrumb"},"inLanguage":"sk-SK","potentialAction":[{"@type":"ReadAction","target":["https:\/\/www.chastia.com\/sk\/solutions\/fm-companies\/document-management\/"]}]},{"@type":"BreadcrumbList","@id":"https:\/\/www.chastia.com\/sk\/solutions\/fm-companies\/document-management\/#breadcrumb","itemListElement":[{"@type":"ListItem","position":1,"name":"Home","item":"https:\/\/www.chastia.com\/sk\/"},{"@type":"ListItem","position":2,"name":"Rie\u0161enia","item":"https:\/\/www.chastia.com\/sk\/solutions\/"},{"@type":"ListItem","position":3,"name":"Facility Management spolo\u010dnosti","item":"https:\/\/www.chastia.com\/sk\/solutions\/company-facility-management\/"},{"@type":"ListItem","position":4,"name":"Spr\u00e1va dokumentov"}]},{"@type":"WebSite","@id":"https:\/\/www.chastia.com\/sk\/#website","url":"https:\/\/www.chastia.com\/sk\/","name":"CHASTIA s.r.o.","description":"","publisher":{"@id":"https:\/\/www.chastia.com\/sk\/#organization"},"alternateName":"CHASTIA","potentialAction":[{"@type":"SearchAction","target":{"@type":"EntryPoint","urlTemplate":"https:\/\/www.chastia.com\/sk\/?s={search_term_string}"},"query-input":"required name=search_term_string"}],"inLanguage":"sk-SK"},{"@type":"Organization","@id":"https:\/\/www.chastia.com\/sk\/#organization","name":"CHASTIA s.r.o.","url":"https:\/\/www.chastia.com\/sk\/","logo":{"@type":"ImageObject","inLanguage":"sk-SK","@id":"https:\/\/www.chastia.com\/sk\/#\/schema\/logo\/image\/","url":"https:\/\/www.chastia.com\/wp-content\/uploads\/2024\/05\/chastia_V_T_logo.png","contentUrl":"https:\/\/www.chastia.com\/wp-content\/uploads\/2024\/05\/chastia_V_T_logo.png","width":1240,"height":827,"caption":"CHASTIA s.r.o."},"image":{"@id":"https:\/\/www.chastia.com\/sk\/#\/schema\/logo\/image\/"},"sameAs":["https:\/\/www.facebook.com\/chastia.cz"]}]}},"_links":{"self":[{"href":"https:\/\/www.chastia.com\/sk\/wp-json\/wp\/v2\/pages\/3066"}],"collection":[{"href":"https:\/\/www.chastia.com\/sk\/wp-json\/wp\/v2\/pages"}],"about":[{"href":"https:\/\/www.chastia.com\/sk\/wp-json\/wp\/v2\/types\/page"}],"author":[{"embeddable":true,"href":"https:\/\/www.chastia.com\/sk\/wp-json\/wp\/v2\/users\/1"}],"replies":[{"embeddable":true,"href":"https:\/\/www.chastia.com\/sk\/wp-json\/wp\/v2\/comments?post=3066"}],"version-history":[{"count":6,"href":"https:\/\/www.chastia.com\/sk\/wp-json\/wp\/v2\/pages\/3066\/revisions"}],"predecessor-version":[{"id":8210,"href":"https:\/\/www.chastia.com\/sk\/wp-json\/wp\/v2\/pages\/3066\/revisions\/8210"}],"up":[{"embeddable":true,"href":"https:\/\/www.chastia.com\/sk\/wp-json\/wp\/v2\/pages\/2922"}],"wp:attachment":[{"href":"https:\/\/www.chastia.com\/sk\/wp-json\/wp\/v2\/media?parent=3066"}],"curies":[{"name":"wp","href":"https:\/\/api.w.org\/{rel}","templated":true}]}}