{"id":3064,"date":"2016-10-06T12:51:59","date_gmt":"2016-10-06T10:51:59","guid":{"rendered":"http:\/\/chastia.pozorradar.sk\/?page_id=3064"},"modified":"2020-05-14T14:09:10","modified_gmt":"2020-05-14T12:09:10","slug":"registry-areas","status":"publish","type":"page","link":"https:\/\/www.chastia.com\/sk\/solutions\/fm-companies\/registry-areas\/","title":{"rendered":"Evidencia pl\u00f4ch a priestorov"},"content":{"rendered":"<div class=\"fl ml20 w645\">\n<h1>Evidencia pl\u00f4ch a priestorov<\/h1>\n<div class=\"textContent\">\n<p>Ve\u013emi d\u00f4le\u017eitou \u010dinnos\u0165ou pri spr\u00e1ve majetku je efekt\u00edvna evidencia pl\u00f4ch a priestorov.<\/p>\n<p>Rie\u0161enie pon\u00faka evidenciu v\u0161etk\u00fdch z\u00e1kladn\u00fdch \u00fadajov o v\u0161etk\u00fdch:<\/p>\n<ul>\n<li>stavebn\u00fdch priestoroch a ploch\u00e1ch,<\/li>\n<li>\u00fazemiach,<\/li>\n<li>pozemkoch,<\/li>\n<li>objektoch,<\/li>\n<li>podla\u017eiach,<\/li>\n<li>sekci\u00e1ch budov,<\/li>\n<li>miestnostiach<\/li>\n<li>a pod&#8230;<\/li>\n<\/ul>\n<p>Evidencia pl\u00f4ch a priestorov je zalo\u017een\u00e1 na kategoriz\u00e1ci\u00ed pl\u00f4ch pod\u013ea:<\/p>\n<ul>\n<li>typov a kateg\u00f3rie priestorov,<\/li>\n<li>vyu\u017eite\u013enosti pl\u00f4ch,<\/li>\n<li>prenaj\u00edmate\u013enosti pl\u00f4ch,<\/li>\n<li>sp\u00f4sobu rozpo\u010d\u00edtavania n\u00e1kladov,<\/li>\n<li>cenov\u00fdch kateg\u00f3ri\u00ed.<\/li>\n<\/ul>\n<\/div>\n<\/div>\n","protected":false},"excerpt":{"rendered":"<p>Evidencia pl\u00f4ch a priestorov Ve\u013emi d\u00f4le\u017eitou \u010dinnos\u0165ou pri spr\u00e1ve majetku je efekt\u00edvna evidencia pl\u00f4ch a priestorov. Rie\u0161enie pon\u00faka evidenciu v\u0161etk\u00fdch z\u00e1kladn\u00fdch \u00fadajov o v\u0161etk\u00fdch: stavebn\u00fdch priestoroch a ploch\u00e1ch, \u00fazemiach, pozemkoch, objektoch, podla\u017eiach, sekci\u00e1ch budov, miestnostiach a pod&#8230; Evidencia pl\u00f4ch a priestorov je zalo\u017een\u00e1 na kategoriz\u00e1ci\u00ed pl\u00f4ch pod\u013ea: typov a kateg\u00f3rie priestorov, vyu\u017eite\u013enosti pl\u00f4ch, prenaj\u00edmate\u013enosti pl\u00f4ch, [&hellip;]<\/p>\n","protected":false},"author":1,"featured_media":0,"parent":2922,"menu_order":0,"comment_status":"closed","ping_status":"closed","template":"","meta":{"footnotes":""},"yoast_head":"<!-- This site is optimized with the Yoast SEO plugin v22.8 - https:\/\/yoast.com\/wordpress\/plugins\/seo\/ -->\n<title>Evidencia pl\u00f4ch a priestorov - CHASTIA s.r.o.<\/title>\n<meta name=\"robots\" content=\"index, follow, max-snippet:-1, max-image-preview:large, max-video-preview:-1\" \/>\n<link rel=\"canonical\" href=\"https:\/\/www.chastia.com\/sk\/solutions\/fm-companies\/registry-areas\/\" \/>\n<meta property=\"og:locale\" content=\"sk_SK\" \/>\n<meta property=\"og:type\" content=\"article\" \/>\n<meta property=\"og:title\" content=\"Evidencia pl\u00f4ch a priestorov - CHASTIA s.r.o.\" \/>\n<meta property=\"og:description\" content=\"Evidencia pl\u00f4ch a priestorov Ve\u013emi d\u00f4le\u017eitou \u010dinnos\u0165ou pri spr\u00e1ve majetku je efekt\u00edvna evidencia pl\u00f4ch a priestorov. Rie\u0161enie pon\u00faka evidenciu v\u0161etk\u00fdch z\u00e1kladn\u00fdch \u00fadajov o v\u0161etk\u00fdch: stavebn\u00fdch priestoroch a ploch\u00e1ch, \u00fazemiach, pozemkoch, objektoch, podla\u017eiach, sekci\u00e1ch budov, miestnostiach a pod&#8230; Evidencia pl\u00f4ch a priestorov je zalo\u017een\u00e1 na kategoriz\u00e1ci\u00ed pl\u00f4ch pod\u013ea: typov a kateg\u00f3rie priestorov, vyu\u017eite\u013enosti pl\u00f4ch, prenaj\u00edmate\u013enosti pl\u00f4ch, [&hellip;]\" \/>\n<meta property=\"og:url\" content=\"https:\/\/www.chastia.com\/sk\/solutions\/fm-companies\/registry-areas\/\" \/>\n<meta property=\"og:site_name\" content=\"CHASTIA s.r.o.\" \/>\n<meta property=\"article:publisher\" content=\"https:\/\/www.facebook.com\/chastia.cz\" \/>\n<meta property=\"article:modified_time\" content=\"2020-05-14T12:09:10+00:00\" \/>\n<meta property=\"og:image\" content=\"https:\/\/www.chastia.com\/wp-content\/uploads\/2024\/05\/chastia_V_T_logo.png\" \/>\n\t<meta property=\"og:image:width\" content=\"1240\" \/>\n\t<meta property=\"og:image:height\" content=\"827\" \/>\n\t<meta property=\"og:image:type\" content=\"image\/png\" \/>\n<meta name=\"twitter:card\" content=\"summary_large_image\" \/>\n<script type=\"application\/ld+json\" class=\"yoast-schema-graph\">{\"@context\":\"https:\/\/schema.org\",\"@graph\":[{\"@type\":\"WebPage\",\"@id\":\"https:\/\/www.chastia.com\/sk\/solutions\/fm-companies\/registry-areas\/\",\"url\":\"https:\/\/www.chastia.com\/sk\/solutions\/fm-companies\/registry-areas\/\",\"name\":\"Evidencia pl\u00f4ch a priestorov - CHASTIA s.r.o.\",\"isPartOf\":{\"@id\":\"https:\/\/www.chastia.com\/sk\/#website\"},\"datePublished\":\"2016-10-06T10:51:59+00:00\",\"dateModified\":\"2020-05-14T12:09:10+00:00\",\"breadcrumb\":{\"@id\":\"https:\/\/www.chastia.com\/sk\/solutions\/fm-companies\/registry-areas\/#breadcrumb\"},\"inLanguage\":\"sk-SK\",\"potentialAction\":[{\"@type\":\"ReadAction\",\"target\":[\"https:\/\/www.chastia.com\/sk\/solutions\/fm-companies\/registry-areas\/\"]}]},{\"@type\":\"BreadcrumbList\",\"@id\":\"https:\/\/www.chastia.com\/sk\/solutions\/fm-companies\/registry-areas\/#breadcrumb\",\"itemListElement\":[{\"@type\":\"ListItem\",\"position\":1,\"name\":\"Home\",\"item\":\"https:\/\/www.chastia.com\/sk\/\"},{\"@type\":\"ListItem\",\"position\":2,\"name\":\"Rie\u0161enia\",\"item\":\"https:\/\/www.chastia.com\/sk\/solutions\/\"},{\"@type\":\"ListItem\",\"position\":3,\"name\":\"Facility Management spolo\u010dnosti\",\"item\":\"https:\/\/www.chastia.com\/sk\/solutions\/company-facility-management\/\"},{\"@type\":\"ListItem\",\"position\":4,\"name\":\"Evidencia pl\u00f4ch a priestorov\"}]},{\"@type\":\"WebSite\",\"@id\":\"https:\/\/www.chastia.com\/sk\/#website\",\"url\":\"https:\/\/www.chastia.com\/sk\/\",\"name\":\"CHASTIA s.r.o.\",\"description\":\"\",\"publisher\":{\"@id\":\"https:\/\/www.chastia.com\/sk\/#organization\"},\"alternateName\":\"CHASTIA\",\"potentialAction\":[{\"@type\":\"SearchAction\",\"target\":{\"@type\":\"EntryPoint\",\"urlTemplate\":\"https:\/\/www.chastia.com\/sk\/?s={search_term_string}\"},\"query-input\":\"required name=search_term_string\"}],\"inLanguage\":\"sk-SK\"},{\"@type\":\"Organization\",\"@id\":\"https:\/\/www.chastia.com\/sk\/#organization\",\"name\":\"CHASTIA s.r.o.\",\"url\":\"https:\/\/www.chastia.com\/sk\/\",\"logo\":{\"@type\":\"ImageObject\",\"inLanguage\":\"sk-SK\",\"@id\":\"https:\/\/www.chastia.com\/sk\/#\/schema\/logo\/image\/\",\"url\":\"https:\/\/www.chastia.com\/wp-content\/uploads\/2024\/05\/chastia_V_T_logo.png\",\"contentUrl\":\"https:\/\/www.chastia.com\/wp-content\/uploads\/2024\/05\/chastia_V_T_logo.png\",\"width\":1240,\"height\":827,\"caption\":\"CHASTIA s.r.o.\"},\"image\":{\"@id\":\"https:\/\/www.chastia.com\/sk\/#\/schema\/logo\/image\/\"},\"sameAs\":[\"https:\/\/www.facebook.com\/chastia.cz\"]}]}<\/script>\n<!-- \/ Yoast SEO plugin. -->","yoast_head_json":{"title":"Evidencia pl\u00f4ch a priestorov - CHASTIA s.r.o.","robots":{"index":"index","follow":"follow","max-snippet":"max-snippet:-1","max-image-preview":"max-image-preview:large","max-video-preview":"max-video-preview:-1"},"canonical":"https:\/\/www.chastia.com\/sk\/solutions\/fm-companies\/registry-areas\/","og_locale":"sk_SK","og_type":"article","og_title":"Evidencia pl\u00f4ch a priestorov - CHASTIA s.r.o.","og_description":"Evidencia pl\u00f4ch a priestorov Ve\u013emi d\u00f4le\u017eitou \u010dinnos\u0165ou pri spr\u00e1ve majetku je efekt\u00edvna evidencia pl\u00f4ch a priestorov. Rie\u0161enie pon\u00faka evidenciu v\u0161etk\u00fdch z\u00e1kladn\u00fdch \u00fadajov o v\u0161etk\u00fdch: stavebn\u00fdch priestoroch a ploch\u00e1ch, \u00fazemiach, pozemkoch, objektoch, podla\u017eiach, sekci\u00e1ch budov, miestnostiach a pod&#8230; Evidencia pl\u00f4ch a priestorov je zalo\u017een\u00e1 na kategoriz\u00e1ci\u00ed pl\u00f4ch pod\u013ea: typov a kateg\u00f3rie priestorov, vyu\u017eite\u013enosti pl\u00f4ch, prenaj\u00edmate\u013enosti pl\u00f4ch, [&hellip;]","og_url":"https:\/\/www.chastia.com\/sk\/solutions\/fm-companies\/registry-areas\/","og_site_name":"CHASTIA s.r.o.","article_publisher":"https:\/\/www.facebook.com\/chastia.cz","article_modified_time":"2020-05-14T12:09:10+00:00","og_image":[{"width":1240,"height":827,"url":"https:\/\/www.chastia.com\/wp-content\/uploads\/2024\/05\/chastia_V_T_logo.png","type":"image\/png"}],"twitter_card":"summary_large_image","schema":{"@context":"https:\/\/schema.org","@graph":[{"@type":"WebPage","@id":"https:\/\/www.chastia.com\/sk\/solutions\/fm-companies\/registry-areas\/","url":"https:\/\/www.chastia.com\/sk\/solutions\/fm-companies\/registry-areas\/","name":"Evidencia pl\u00f4ch a priestorov - CHASTIA s.r.o.","isPartOf":{"@id":"https:\/\/www.chastia.com\/sk\/#website"},"datePublished":"2016-10-06T10:51:59+00:00","dateModified":"2020-05-14T12:09:10+00:00","breadcrumb":{"@id":"https:\/\/www.chastia.com\/sk\/solutions\/fm-companies\/registry-areas\/#breadcrumb"},"inLanguage":"sk-SK","potentialAction":[{"@type":"ReadAction","target":["https:\/\/www.chastia.com\/sk\/solutions\/fm-companies\/registry-areas\/"]}]},{"@type":"BreadcrumbList","@id":"https:\/\/www.chastia.com\/sk\/solutions\/fm-companies\/registry-areas\/#breadcrumb","itemListElement":[{"@type":"ListItem","position":1,"name":"Home","item":"https:\/\/www.chastia.com\/sk\/"},{"@type":"ListItem","position":2,"name":"Rie\u0161enia","item":"https:\/\/www.chastia.com\/sk\/solutions\/"},{"@type":"ListItem","position":3,"name":"Facility Management spolo\u010dnosti","item":"https:\/\/www.chastia.com\/sk\/solutions\/company-facility-management\/"},{"@type":"ListItem","position":4,"name":"Evidencia pl\u00f4ch a priestorov"}]},{"@type":"WebSite","@id":"https:\/\/www.chastia.com\/sk\/#website","url":"https:\/\/www.chastia.com\/sk\/","name":"CHASTIA s.r.o.","description":"","publisher":{"@id":"https:\/\/www.chastia.com\/sk\/#organization"},"alternateName":"CHASTIA","potentialAction":[{"@type":"SearchAction","target":{"@type":"EntryPoint","urlTemplate":"https:\/\/www.chastia.com\/sk\/?s={search_term_string}"},"query-input":"required name=search_term_string"}],"inLanguage":"sk-SK"},{"@type":"Organization","@id":"https:\/\/www.chastia.com\/sk\/#organization","name":"CHASTIA s.r.o.","url":"https:\/\/www.chastia.com\/sk\/","logo":{"@type":"ImageObject","inLanguage":"sk-SK","@id":"https:\/\/www.chastia.com\/sk\/#\/schema\/logo\/image\/","url":"https:\/\/www.chastia.com\/wp-content\/uploads\/2024\/05\/chastia_V_T_logo.png","contentUrl":"https:\/\/www.chastia.com\/wp-content\/uploads\/2024\/05\/chastia_V_T_logo.png","width":1240,"height":827,"caption":"CHASTIA s.r.o."},"image":{"@id":"https:\/\/www.chastia.com\/sk\/#\/schema\/logo\/image\/"},"sameAs":["https:\/\/www.facebook.com\/chastia.cz"]}]}},"_links":{"self":[{"href":"https:\/\/www.chastia.com\/sk\/wp-json\/wp\/v2\/pages\/3064"}],"collection":[{"href":"https:\/\/www.chastia.com\/sk\/wp-json\/wp\/v2\/pages"}],"about":[{"href":"https:\/\/www.chastia.com\/sk\/wp-json\/wp\/v2\/types\/page"}],"author":[{"embeddable":true,"href":"https:\/\/www.chastia.com\/sk\/wp-json\/wp\/v2\/users\/1"}],"replies":[{"embeddable":true,"href":"https:\/\/www.chastia.com\/sk\/wp-json\/wp\/v2\/comments?post=3064"}],"version-history":[{"count":4,"href":"https:\/\/www.chastia.com\/sk\/wp-json\/wp\/v2\/pages\/3064\/revisions"}],"predecessor-version":[{"id":8207,"href":"https:\/\/www.chastia.com\/sk\/wp-json\/wp\/v2\/pages\/3064\/revisions\/8207"}],"up":[{"embeddable":true,"href":"https:\/\/www.chastia.com\/sk\/wp-json\/wp\/v2\/pages\/2922"}],"wp:attachment":[{"href":"https:\/\/www.chastia.com\/sk\/wp-json\/wp\/v2\/media?parent=3064"}],"curies":[{"name":"wp","href":"https:\/\/api.w.org\/{rel}","templated":true}]}}