{"id":3062,"date":"2016-10-06T12:51:38","date_gmt":"2016-10-06T10:51:38","guid":{"rendered":"http:\/\/chastia.pozorradar.sk\/?page_id=3062"},"modified":"2020-05-12T09:23:14","modified_gmt":"2020-05-12T07:23:14","slug":"passport-of-buildings-and-facilities","status":"publish","type":"page","link":"https:\/\/www.chastia.com\/sk\/solutions\/fm-companies\/passport-of-buildings-and-facilities\/","title":{"rendered":"Pasport objektov a zariaden\u00ed"},"content":{"rendered":"<div class=\"fl ml20 w645\">\n<h1>Pasport objektov a zariaden\u00ed<\/h1>\n<div class=\"textContent\">\n<p><strong>Chastia FM<\/strong> rie\u0161i detailn\u00fa pasportiz\u00e1ciu majetku spolo\u010dnosti. Po\u010det typov evidovan\u00fdch objektov, zariaden\u00ed nie je obmedzen\u00fd, je plne pod kontrolou pou\u017e\u00edvate\u013ea. Naj\u010dastej\u0161\u00edmi objektami podliehaj\u00facimi pasportiz\u00e1cii v spolo\u010dnostiach pre v\u00fdrobu a distrib\u00faciu tepla s\u00fa pozemky, budovy, kon\u0161truk\u010dn\u00e9 \u010dasti budov, technick\u00e9 zariadenia, \u010dasti l\u00edniov\u00fdch stavieb a podobne.<\/p>\n<p><strong>Chastia FM<\/strong> umo\u017e\u0148uje napr\u00edklad:<\/p>\n<ul>\n<li><strong>Vies\u0165 evidenciu v\u0161etk\u00fdch objektov a zariaden\u00ed <\/strong>v jednotnej centr\u00e1lnej datab\u00e1ze s &#8220;on-line&#8221; prepojen\u00edm na grafick\u00e9 prvky vo v\u00fdkresoch. Svojim rie\u0161en\u00edm okrem samotnej pasportiz\u00e1cie v plnej miere nahr\u00e1dza aj syst\u00e9my GIS (geografick\u00e9 informa\u010dn\u00e9 syst\u00e9my).<\/li>\n<li><strong>Grafick\u00fd a datab\u00e1zov\u00fd pasport <\/strong>v\u00fdrazne zjednodu\u0161uje tvorbu vyjadren\u00ed k podzemn\u00fdm in\u017einierskym sie\u0165am v r\u00e1mci investi\u010dnej v\u00fdstavby.<\/li>\n<li><strong>Evidenciu pozemkov <\/strong>&#8211; vlastn\u00fdch pozemkov,\u00a0cudz\u00edch pozemkov na ktor\u00fdch sa nach\u00e1dzaj\u00fa technick\u00e9 zariadenia (napr. katastr\u00e1lne \u00fadaje).<\/li>\n<li><strong>Evidenciu\u00a0stavebn\u00fdch objektov\u00a0<\/strong>&#8211; umo\u017e\u0148uje evidova\u0165 spravovan\u00e9 objekty (administrat\u00edvne objekty, bytov\u00e9 objekty, &#8230;), technologick\u00e9\u00a0objekty (napr. kotolne, OST, budovy \u010derpac\u00edch stan\u00edc, \u0161achty a kan\u00e1ly na l\u00edniov\u00fdch stavb\u00e1ch a podobne).<\/li>\n<li><strong>Evidenciu podla\u017e\u00ed, vchodov, miestnost\u00ed.<\/strong><\/li>\n<li><strong>Evidenciu zariaden\u00ed <\/strong>&#8211; technick\u00fdch zariaden\u00ed, vyhraden\u00fdch technick\u00fdch zariaden\u00ed, n\u00e1bytku, &#8230;<\/li>\n<li><strong>Evidenciu zamestnancov.<\/strong><\/li>\n<\/ul>\n<p>V\u00fdhodou rie\u0161enia je najm\u00e4:<\/p>\n<ul>\n<li><strong>Integr\u00e1cia grafick\u00fdch a datab\u00e1zov\u00fdch inform\u00e1ci\u00ed\u00a0<\/strong>je na rozdiel od mnoh\u00fdch in\u00fdch podobn\u00fdch syst\u00e9mov\u00a0v Chastii\u00a0FM bezo\u0161v\u00e1\u00a0(pri pohybe v datab\u00e1zovej tabu\u013eke sa s\u00fa\u010dasne zobrazuje aj grafick\u00e1 reprezent\u00e1cia dan\u00e9ho objektu v grafickom okne a naopak), pri\u010dom inform\u00e1cia je k dispoz\u00edcii okam\u017eite (v re\u00e1lnom \u010dase).<br \/>\nV mnoh\u00fdch pr\u00edpadoch nesta\u010d\u00ed len textov\u00e1 alebo \u010d\u00edseln\u00e1 inform\u00e1cia, ale je potrebn\u00e1 z\u00e1rove\u0148 aj grafick\u00e1 inform\u00e1cia. Tak\u00fdmto pr\u00edpadom m\u00f4\u017ee by\u0165 napr\u00edklad umiestnenie technick\u00e9ho zariadenia v budove alebo na ur\u010ditom \u00fazem\u00ed, umiestnenie zamestnanca v budove, v organiza\u010dnej \u0161trukt\u00fare spolo\u010dnosti, at\u010f..<\/li>\n<li><strong>Zjednotenie metodiky pre hierarchick\u00fa evidenciu majetku\u00a0<\/strong>&#8211; pozemkov, budov, zariaden\u00ed a podobne.<\/li>\n<li><strong>Preh\u013ead o rozsahu a skladbe majetku\u00a0<\/strong>v spolo\u010dnosti.<\/li>\n<li><strong>R\u00fdchla dostupnos\u0165 podrobn\u00fdch inform\u00e1ci\u00ed\u00a0<\/strong>o budov\u00e1ch a zariadeniach.<\/li>\n<li><strong>Podpora pre rozhodovanie\u00a0<\/strong>o optimaliz\u00e1cii technick\u00fdch zariaden\u00ed.<\/li>\n<li><strong>Spr\u00edstupnenie komplexn\u00fdch inform\u00e1ci\u00ed\u00a0<\/strong>pre v\u0161etk\u00fdch pracovn\u00edkov na jednom mieste.<\/li>\n<\/ul>\n<\/div>\n<\/div>\n","protected":false},"excerpt":{"rendered":"<p>Pasport objektov a zariaden\u00ed Chastia FM rie\u0161i detailn\u00fa pasportiz\u00e1ciu majetku spolo\u010dnosti. Po\u010det typov evidovan\u00fdch objektov, zariaden\u00ed nie je obmedzen\u00fd, je plne pod kontrolou pou\u017e\u00edvate\u013ea. Naj\u010dastej\u0161\u00edmi objektami podliehaj\u00facimi pasportiz\u00e1cii v spolo\u010dnostiach pre v\u00fdrobu a distrib\u00faciu tepla s\u00fa pozemky, budovy, kon\u0161truk\u010dn\u00e9 \u010dasti budov, technick\u00e9 zariadenia, \u010dasti l\u00edniov\u00fdch stavieb a podobne. Chastia FM umo\u017e\u0148uje napr\u00edklad: Vies\u0165 evidenciu v\u0161etk\u00fdch [&hellip;]<\/p>\n","protected":false},"author":1,"featured_media":0,"parent":2922,"menu_order":0,"comment_status":"closed","ping_status":"closed","template":"","meta":{"footnotes":""},"yoast_head":"<!-- This site is optimized with the Yoast SEO plugin v22.8 - https:\/\/yoast.com\/wordpress\/plugins\/seo\/ -->\n<title>Pasport objektov a zariaden\u00ed - CHASTIA s.r.o.<\/title>\n<meta name=\"robots\" content=\"index, follow, max-snippet:-1, max-image-preview:large, max-video-preview:-1\" \/>\n<link rel=\"canonical\" href=\"https:\/\/www.chastia.com\/sk\/solutions\/fm-companies\/passport-of-buildings-and-facilities\/\" \/>\n<meta property=\"og:locale\" content=\"sk_SK\" \/>\n<meta property=\"og:type\" content=\"article\" \/>\n<meta property=\"og:title\" content=\"Pasport objektov a zariaden\u00ed - CHASTIA s.r.o.\" \/>\n<meta property=\"og:description\" content=\"Pasport objektov a zariaden\u00ed Chastia FM rie\u0161i detailn\u00fa pasportiz\u00e1ciu majetku spolo\u010dnosti. Po\u010det typov evidovan\u00fdch objektov, zariaden\u00ed nie je obmedzen\u00fd, je plne pod kontrolou pou\u017e\u00edvate\u013ea. Naj\u010dastej\u0161\u00edmi objektami podliehaj\u00facimi pasportiz\u00e1cii v spolo\u010dnostiach pre v\u00fdrobu a distrib\u00faciu tepla s\u00fa pozemky, budovy, kon\u0161truk\u010dn\u00e9 \u010dasti budov, technick\u00e9 zariadenia, \u010dasti l\u00edniov\u00fdch stavieb a podobne. Chastia FM umo\u017e\u0148uje napr\u00edklad: Vies\u0165 evidenciu v\u0161etk\u00fdch [&hellip;]\" \/>\n<meta property=\"og:url\" content=\"https:\/\/www.chastia.com\/sk\/solutions\/fm-companies\/passport-of-buildings-and-facilities\/\" \/>\n<meta property=\"og:site_name\" content=\"CHASTIA s.r.o.\" \/>\n<meta property=\"article:publisher\" content=\"https:\/\/www.facebook.com\/chastia.cz\" \/>\n<meta property=\"article:modified_time\" content=\"2020-05-12T07:23:14+00:00\" \/>\n<meta property=\"og:image\" content=\"https:\/\/www.chastia.com\/wp-content\/uploads\/2024\/05\/chastia_V_T_logo.png\" \/>\n\t<meta property=\"og:image:width\" content=\"1240\" \/>\n\t<meta property=\"og:image:height\" content=\"827\" \/>\n\t<meta property=\"og:image:type\" content=\"image\/png\" \/>\n<meta name=\"twitter:card\" content=\"summary_large_image\" \/>\n<meta name=\"twitter:label1\" content=\"Predpokladan\u00fd \u010das \u010d\u00edtania\" \/>\n\t<meta name=\"twitter:data1\" content=\"2 min\u00faty\" \/>\n<script type=\"application\/ld+json\" class=\"yoast-schema-graph\">{\"@context\":\"https:\/\/schema.org\",\"@graph\":[{\"@type\":\"WebPage\",\"@id\":\"https:\/\/www.chastia.com\/sk\/solutions\/fm-companies\/passport-of-buildings-and-facilities\/\",\"url\":\"https:\/\/www.chastia.com\/sk\/solutions\/fm-companies\/passport-of-buildings-and-facilities\/\",\"name\":\"Pasport objektov a zariaden\u00ed - CHASTIA s.r.o.\",\"isPartOf\":{\"@id\":\"https:\/\/www.chastia.com\/sk\/#website\"},\"datePublished\":\"2016-10-06T10:51:38+00:00\",\"dateModified\":\"2020-05-12T07:23:14+00:00\",\"breadcrumb\":{\"@id\":\"https:\/\/www.chastia.com\/sk\/solutions\/fm-companies\/passport-of-buildings-and-facilities\/#breadcrumb\"},\"inLanguage\":\"sk-SK\",\"potentialAction\":[{\"@type\":\"ReadAction\",\"target\":[\"https:\/\/www.chastia.com\/sk\/solutions\/fm-companies\/passport-of-buildings-and-facilities\/\"]}]},{\"@type\":\"BreadcrumbList\",\"@id\":\"https:\/\/www.chastia.com\/sk\/solutions\/fm-companies\/passport-of-buildings-and-facilities\/#breadcrumb\",\"itemListElement\":[{\"@type\":\"ListItem\",\"position\":1,\"name\":\"Home\",\"item\":\"https:\/\/www.chastia.com\/sk\/\"},{\"@type\":\"ListItem\",\"position\":2,\"name\":\"Rie\u0161enia\",\"item\":\"https:\/\/www.chastia.com\/sk\/solutions\/\"},{\"@type\":\"ListItem\",\"position\":3,\"name\":\"Facility Management spolo\u010dnosti\",\"item\":\"https:\/\/www.chastia.com\/sk\/solutions\/company-facility-management\/\"},{\"@type\":\"ListItem\",\"position\":4,\"name\":\"Pasport objektov a zariaden\u00ed\"}]},{\"@type\":\"WebSite\",\"@id\":\"https:\/\/www.chastia.com\/sk\/#website\",\"url\":\"https:\/\/www.chastia.com\/sk\/\",\"name\":\"CHASTIA s.r.o.\",\"description\":\"\",\"publisher\":{\"@id\":\"https:\/\/www.chastia.com\/sk\/#organization\"},\"alternateName\":\"CHASTIA\",\"potentialAction\":[{\"@type\":\"SearchAction\",\"target\":{\"@type\":\"EntryPoint\",\"urlTemplate\":\"https:\/\/www.chastia.com\/sk\/?s={search_term_string}\"},\"query-input\":\"required name=search_term_string\"}],\"inLanguage\":\"sk-SK\"},{\"@type\":\"Organization\",\"@id\":\"https:\/\/www.chastia.com\/sk\/#organization\",\"name\":\"CHASTIA s.r.o.\",\"url\":\"https:\/\/www.chastia.com\/sk\/\",\"logo\":{\"@type\":\"ImageObject\",\"inLanguage\":\"sk-SK\",\"@id\":\"https:\/\/www.chastia.com\/sk\/#\/schema\/logo\/image\/\",\"url\":\"https:\/\/www.chastia.com\/wp-content\/uploads\/2024\/05\/chastia_V_T_logo.png\",\"contentUrl\":\"https:\/\/www.chastia.com\/wp-content\/uploads\/2024\/05\/chastia_V_T_logo.png\",\"width\":1240,\"height\":827,\"caption\":\"CHASTIA s.r.o.\"},\"image\":{\"@id\":\"https:\/\/www.chastia.com\/sk\/#\/schema\/logo\/image\/\"},\"sameAs\":[\"https:\/\/www.facebook.com\/chastia.cz\"]}]}<\/script>\n<!-- \/ Yoast SEO plugin. -->","yoast_head_json":{"title":"Pasport objektov a zariaden\u00ed - CHASTIA s.r.o.","robots":{"index":"index","follow":"follow","max-snippet":"max-snippet:-1","max-image-preview":"max-image-preview:large","max-video-preview":"max-video-preview:-1"},"canonical":"https:\/\/www.chastia.com\/sk\/solutions\/fm-companies\/passport-of-buildings-and-facilities\/","og_locale":"sk_SK","og_type":"article","og_title":"Pasport objektov a zariaden\u00ed - CHASTIA s.r.o.","og_description":"Pasport objektov a zariaden\u00ed Chastia FM rie\u0161i detailn\u00fa pasportiz\u00e1ciu majetku spolo\u010dnosti. Po\u010det typov evidovan\u00fdch objektov, zariaden\u00ed nie je obmedzen\u00fd, je plne pod kontrolou pou\u017e\u00edvate\u013ea. Naj\u010dastej\u0161\u00edmi objektami podliehaj\u00facimi pasportiz\u00e1cii v spolo\u010dnostiach pre v\u00fdrobu a distrib\u00faciu tepla s\u00fa pozemky, budovy, kon\u0161truk\u010dn\u00e9 \u010dasti budov, technick\u00e9 zariadenia, \u010dasti l\u00edniov\u00fdch stavieb a podobne. Chastia FM umo\u017e\u0148uje napr\u00edklad: Vies\u0165 evidenciu v\u0161etk\u00fdch [&hellip;]","og_url":"https:\/\/www.chastia.com\/sk\/solutions\/fm-companies\/passport-of-buildings-and-facilities\/","og_site_name":"CHASTIA s.r.o.","article_publisher":"https:\/\/www.facebook.com\/chastia.cz","article_modified_time":"2020-05-12T07:23:14+00:00","og_image":[{"width":1240,"height":827,"url":"https:\/\/www.chastia.com\/wp-content\/uploads\/2024\/05\/chastia_V_T_logo.png","type":"image\/png"}],"twitter_card":"summary_large_image","twitter_misc":{"Predpokladan\u00fd \u010das \u010d\u00edtania":"2 min\u00faty"},"schema":{"@context":"https:\/\/schema.org","@graph":[{"@type":"WebPage","@id":"https:\/\/www.chastia.com\/sk\/solutions\/fm-companies\/passport-of-buildings-and-facilities\/","url":"https:\/\/www.chastia.com\/sk\/solutions\/fm-companies\/passport-of-buildings-and-facilities\/","name":"Pasport objektov a zariaden\u00ed - CHASTIA s.r.o.","isPartOf":{"@id":"https:\/\/www.chastia.com\/sk\/#website"},"datePublished":"2016-10-06T10:51:38+00:00","dateModified":"2020-05-12T07:23:14+00:00","breadcrumb":{"@id":"https:\/\/www.chastia.com\/sk\/solutions\/fm-companies\/passport-of-buildings-and-facilities\/#breadcrumb"},"inLanguage":"sk-SK","potentialAction":[{"@type":"ReadAction","target":["https:\/\/www.chastia.com\/sk\/solutions\/fm-companies\/passport-of-buildings-and-facilities\/"]}]},{"@type":"BreadcrumbList","@id":"https:\/\/www.chastia.com\/sk\/solutions\/fm-companies\/passport-of-buildings-and-facilities\/#breadcrumb","itemListElement":[{"@type":"ListItem","position":1,"name":"Home","item":"https:\/\/www.chastia.com\/sk\/"},{"@type":"ListItem","position":2,"name":"Rie\u0161enia","item":"https:\/\/www.chastia.com\/sk\/solutions\/"},{"@type":"ListItem","position":3,"name":"Facility Management spolo\u010dnosti","item":"https:\/\/www.chastia.com\/sk\/solutions\/company-facility-management\/"},{"@type":"ListItem","position":4,"name":"Pasport objektov a zariaden\u00ed"}]},{"@type":"WebSite","@id":"https:\/\/www.chastia.com\/sk\/#website","url":"https:\/\/www.chastia.com\/sk\/","name":"CHASTIA s.r.o.","description":"","publisher":{"@id":"https:\/\/www.chastia.com\/sk\/#organization"},"alternateName":"CHASTIA","potentialAction":[{"@type":"SearchAction","target":{"@type":"EntryPoint","urlTemplate":"https:\/\/www.chastia.com\/sk\/?s={search_term_string}"},"query-input":"required name=search_term_string"}],"inLanguage":"sk-SK"},{"@type":"Organization","@id":"https:\/\/www.chastia.com\/sk\/#organization","name":"CHASTIA s.r.o.","url":"https:\/\/www.chastia.com\/sk\/","logo":{"@type":"ImageObject","inLanguage":"sk-SK","@id":"https:\/\/www.chastia.com\/sk\/#\/schema\/logo\/image\/","url":"https:\/\/www.chastia.com\/wp-content\/uploads\/2024\/05\/chastia_V_T_logo.png","contentUrl":"https:\/\/www.chastia.com\/wp-content\/uploads\/2024\/05\/chastia_V_T_logo.png","width":1240,"height":827,"caption":"CHASTIA s.r.o."},"image":{"@id":"https:\/\/www.chastia.com\/sk\/#\/schema\/logo\/image\/"},"sameAs":["https:\/\/www.facebook.com\/chastia.cz"]}]}},"_links":{"self":[{"href":"https:\/\/www.chastia.com\/sk\/wp-json\/wp\/v2\/pages\/3062"}],"collection":[{"href":"https:\/\/www.chastia.com\/sk\/wp-json\/wp\/v2\/pages"}],"about":[{"href":"https:\/\/www.chastia.com\/sk\/wp-json\/wp\/v2\/types\/page"}],"author":[{"embeddable":true,"href":"https:\/\/www.chastia.com\/sk\/wp-json\/wp\/v2\/users\/1"}],"replies":[{"embeddable":true,"href":"https:\/\/www.chastia.com\/sk\/wp-json\/wp\/v2\/comments?post=3062"}],"version-history":[{"count":4,"href":"https:\/\/www.chastia.com\/sk\/wp-json\/wp\/v2\/pages\/3062\/revisions"}],"predecessor-version":[{"id":8135,"href":"https:\/\/www.chastia.com\/sk\/wp-json\/wp\/v2\/pages\/3062\/revisions\/8135"}],"up":[{"embeddable":true,"href":"https:\/\/www.chastia.com\/sk\/wp-json\/wp\/v2\/pages\/2922"}],"wp:attachment":[{"href":"https:\/\/www.chastia.com\/sk\/wp-json\/wp\/v2\/media?parent=3062"}],"curies":[{"name":"wp","href":"https:\/\/api.w.org\/{rel}","templated":true}]}}