{"id":7276,"date":"2019-12-11T12:12:28","date_gmt":"2019-12-11T11:12:28","guid":{"rendered":"http:\/\/chastia.com\/fitcubator\/"},"modified":"2020-02-14T09:11:52","modified_gmt":"2020-02-14T08:11:52","slug":"fitcubator","status":"publish","type":"page","link":"https:\/\/www.chastia.com\/cs\/our-activities\/fitcubator\/","title":{"rendered":"Fitcubator"},"content":{"rendered":"<p>[vc_row full_width=&#8221;stretch_row&#8221; equal_height=&#8221;yes&#8221; css=&#8221;.vc_custom_1576067105584{background-color: #ef7b0b !important;}&#8221;][vc_column][vc_column_text css=&#8221;.vc_custom_1581425719143{background-color: #ef7b0b !important;}&#8221;]<\/p>\n<h1 class=\"headline\"><span style=\"color: #ffffff;\">Fitcubator<\/span><\/h1>\n<p><span style=\"color: #ffffff;\">(f)ITcubator je prvn\u00ed neziskov\u00e1 organizace pod Tatrami, jej\u00ed\u017e snahou je vytvo\u0159en\u00ed talentovan\u00e9 komunity z \u0159ad student\u016f, \u010di mlad\u00fdch lid\u00ed s propojen\u00edm na odborn\u00edky z IT oblasti. Chastia s.r.o. je jednou ze spole\u010dnost\u00ed zakl\u00e1daj\u00edc\u00edch (f)ITcubator.<\/span>[\/vc_column_text][\/vc_column][\/vc_row][vc_row][vc_column width=&#8221;1\/2&#8243;][vc_empty_space height=&#8221;50px&#8221;]<h1>(f)ITcubator<\/h1>[vc_column_text]Hlavn\u00edm posl\u00e1n\u00edm (f)ITcubatora je IT4TA3, p\u0159enesen\u011b \u2013 ud\u011blej <strong>\u201eI Ty \u201c n\u011bco pro \u201eTatry\u201c<\/strong><strong>.<\/strong><\/p>\n<p>P\u0159iv\u00edt\u00e1me ka\u017ed\u00e9ho s netradi\u010dn\u00edm n\u00e1padem anebo my\u0161lenkou, kter\u00fd si zaslou\u017e\u00ed podporu a t\u00edm pom\u016f\u017ee podtatransk\u00e9mu regionu. Popradsk\u00fd (f)ITcubator organizuje ud\u00e1losti, semin\u00e1\u0159, diskuse na t\u00e9ma vzd\u011bl\u00e1v\u00e1n\u00ed, informa\u010dn\u00edch technologi\u00ed, ale i z oblasti marketingu, \u010di jak z\u016fstat FIT po fyzick\u00e9 i du\u0161evn\u00ed str\u00e1nce.[\/vc_column_text][vc_btn title=&#8221;Zjisti v\u00edce na fitcubator.sk&#8221; shape=&#8221;square&#8221; color=&#8221;warning&#8221; align=&#8221;right&#8221; link=&#8221;url:https%3A%2F%2Ffitcubator.sk%2F||target:%20_blank|&#8221;][vc_empty_space height=&#8221;80px&#8221;][\/vc_column][vc_column width=&#8221;1\/2&#8243;][vc_empty_space height=&#8221;80px&#8221;][vc_single_image image=&#8221;7320&#8243; img_size=&#8221;large&#8221; alignment=&#8221;center&#8221;][vc_empty_space height=&#8221;80px&#8221;][\/vc_column][\/vc_row]<\/p>\n","protected":false},"excerpt":{"rendered":"<p>[vc_row full_width=&#8221;stretch_row&#8221; equal_height=&#8221;yes&#8221; css=&#8221;.vc_custom_1576067105584{background-color: #ef7b0b !important;}&#8221;][vc_column][vc_column_text css=&#8221;.vc_custom_1581425719143{background-color: #ef7b0b !important;}&#8221;] Fitcubator (f)ITcubator je prvn\u00ed neziskov\u00e1 organizace pod Tatrami, jej\u00ed\u017e snahou je vytvo\u0159en\u00ed talentovan\u00e9 komunity z \u0159ad student\u016f, \u010di mlad\u00fdch lid\u00ed s propojen\u00edm na odborn\u00edky z IT oblasti. Chastia s.r.o. je jednou ze spole\u010dnost\u00ed zakl\u00e1daj\u00edc\u00edch (f)ITcubator.[\/vc_column_text][\/vc_column][\/vc_row][vc_row][vc_column width=&#8221;1\/2&#8243;][vc_empty_space height=&#8221;50px&#8221;][vc_column_text]Hlavn\u00edm posl\u00e1n\u00edm (f)ITcubatora je IT4TA3, p\u0159enesen\u011b \u2013 ud\u011blej \u201eI Ty [&hellip;]<\/p>\n","protected":false},"author":1001011,"featured_media":0,"parent":7649,"menu_order":0,"comment_status":"closed","ping_status":"closed","template":"template-home.php","meta":{"footnotes":""},"yoast_head":"<!-- This site is optimized with the Yoast SEO plugin v22.8 - https:\/\/yoast.com\/wordpress\/plugins\/seo\/ -->\n<title>Fitcubator - CHASTIA s.r.o.<\/title>\n<meta name=\"robots\" content=\"index, follow, max-snippet:-1, max-image-preview:large, max-video-preview:-1\" \/>\n<link rel=\"canonical\" href=\"https:\/\/www.chastia.com\/cs\/our-activities\/fitcubator\/\" \/>\n<meta property=\"og:locale\" content=\"cs_CZ\" \/>\n<meta property=\"og:type\" content=\"article\" \/>\n<meta property=\"og:title\" content=\"Fitcubator - CHASTIA s.r.o.\" \/>\n<meta property=\"og:description\" content=\"[vc_row full_width=&#8221;stretch_row&#8221; equal_height=&#8221;yes&#8221; css=&#8221;.vc_custom_1576067105584{background-color: #ef7b0b !important;}&#8221;][vc_column][vc_column_text css=&#8221;.vc_custom_1581425719143{background-color: #ef7b0b !important;}&#8221;] Fitcubator (f)ITcubator je prvn\u00ed neziskov\u00e1 organizace pod Tatrami, jej\u00ed\u017e snahou je vytvo\u0159en\u00ed talentovan\u00e9 komunity z \u0159ad student\u016f, \u010di mlad\u00fdch lid\u00ed s propojen\u00edm na odborn\u00edky z IT oblasti. Chastia s.r.o. je jednou ze spole\u010dnost\u00ed zakl\u00e1daj\u00edc\u00edch (f)ITcubator.[\/vc_column_text][\/vc_column][\/vc_row][vc_row][vc_column width=&#8221;1\/2&#8243;][vc_empty_space height=&#8221;50px&#8221;][vc_column_text]Hlavn\u00edm posl\u00e1n\u00edm (f)ITcubatora je IT4TA3, p\u0159enesen\u011b \u2013 ud\u011blej \u201eI Ty [&hellip;]\" \/>\n<meta property=\"og:url\" content=\"https:\/\/www.chastia.com\/cs\/our-activities\/fitcubator\/\" \/>\n<meta property=\"og:site_name\" content=\"CHASTIA s.r.o.\" \/>\n<meta property=\"article:publisher\" content=\"https:\/\/www.facebook.com\/chastia.cz\" \/>\n<meta property=\"article:modified_time\" content=\"2020-02-14T08:11:52+00:00\" \/>\n<meta property=\"og:image\" content=\"https:\/\/www.chastia.com\/wp-content\/uploads\/2024\/05\/chastia_V_T_logo.png\" \/>\n\t<meta property=\"og:image:width\" content=\"1240\" \/>\n\t<meta property=\"og:image:height\" content=\"827\" \/>\n\t<meta property=\"og:image:type\" content=\"image\/png\" \/>\n<meta name=\"twitter:card\" content=\"summary_large_image\" \/>\n<meta name=\"twitter:label1\" content=\"Odhadovan\u00e1 doba \u010dten\u00ed\" \/>\n\t<meta name=\"twitter:data1\" content=\"1 minuta\" \/>\n<script type=\"application\/ld+json\" class=\"yoast-schema-graph\">{\"@context\":\"https:\/\/schema.org\",\"@graph\":[{\"@type\":\"WebPage\",\"@id\":\"https:\/\/www.chastia.com\/cs\/our-activities\/fitcubator\/\",\"url\":\"https:\/\/www.chastia.com\/cs\/our-activities\/fitcubator\/\",\"name\":\"Fitcubator - CHASTIA s.r.o.\",\"isPartOf\":{\"@id\":\"https:\/\/www.chastia.com\/cs\/#website\"},\"datePublished\":\"2019-12-11T11:12:28+00:00\",\"dateModified\":\"2020-02-14T08:11:52+00:00\",\"breadcrumb\":{\"@id\":\"https:\/\/www.chastia.com\/cs\/our-activities\/fitcubator\/#breadcrumb\"},\"inLanguage\":\"cs\",\"potentialAction\":[{\"@type\":\"ReadAction\",\"target\":[\"https:\/\/www.chastia.com\/cs\/our-activities\/fitcubator\/\"]}]},{\"@type\":\"BreadcrumbList\",\"@id\":\"https:\/\/www.chastia.com\/cs\/our-activities\/fitcubator\/#breadcrumb\",\"itemListElement\":[{\"@type\":\"ListItem\",\"position\":1,\"name\":\"Home\",\"item\":\"https:\/\/www.chastia.com\/cs\/\"},{\"@type\":\"ListItem\",\"position\":2,\"name\":\"Aktivity\",\"item\":\"https:\/\/www.chastia.com\/cs\/activities\/\"},{\"@type\":\"ListItem\",\"position\":3,\"name\":\"Fitcubator\"}]},{\"@type\":\"WebSite\",\"@id\":\"https:\/\/www.chastia.com\/cs\/#website\",\"url\":\"https:\/\/www.chastia.com\/cs\/\",\"name\":\"CHASTIA s.r.o.\",\"description\":\"\",\"publisher\":{\"@id\":\"https:\/\/www.chastia.com\/cs\/#organization\"},\"alternateName\":\"CHASTIA\",\"potentialAction\":[{\"@type\":\"SearchAction\",\"target\":{\"@type\":\"EntryPoint\",\"urlTemplate\":\"https:\/\/www.chastia.com\/cs\/?s={search_term_string}\"},\"query-input\":\"required name=search_term_string\"}],\"inLanguage\":\"cs\"},{\"@type\":\"Organization\",\"@id\":\"https:\/\/www.chastia.com\/cs\/#organization\",\"name\":\"CHASTIA s.r.o.\",\"url\":\"https:\/\/www.chastia.com\/cs\/\",\"logo\":{\"@type\":\"ImageObject\",\"inLanguage\":\"cs\",\"@id\":\"https:\/\/www.chastia.com\/cs\/#\/schema\/logo\/image\/\",\"url\":\"https:\/\/www.chastia.com\/wp-content\/uploads\/2024\/05\/chastia_V_T_logo.png\",\"contentUrl\":\"https:\/\/www.chastia.com\/wp-content\/uploads\/2024\/05\/chastia_V_T_logo.png\",\"width\":1240,\"height\":827,\"caption\":\"CHASTIA s.r.o.\"},\"image\":{\"@id\":\"https:\/\/www.chastia.com\/cs\/#\/schema\/logo\/image\/\"},\"sameAs\":[\"https:\/\/www.facebook.com\/chastia.cz\"]}]}<\/script>\n<!-- \/ Yoast SEO plugin. -->","yoast_head_json":{"title":"Fitcubator - CHASTIA s.r.o.","robots":{"index":"index","follow":"follow","max-snippet":"max-snippet:-1","max-image-preview":"max-image-preview:large","max-video-preview":"max-video-preview:-1"},"canonical":"https:\/\/www.chastia.com\/cs\/our-activities\/fitcubator\/","og_locale":"cs_CZ","og_type":"article","og_title":"Fitcubator - CHASTIA s.r.o.","og_description":"[vc_row full_width=&#8221;stretch_row&#8221; equal_height=&#8221;yes&#8221; css=&#8221;.vc_custom_1576067105584{background-color: #ef7b0b !important;}&#8221;][vc_column][vc_column_text css=&#8221;.vc_custom_1581425719143{background-color: #ef7b0b !important;}&#8221;] Fitcubator (f)ITcubator je prvn\u00ed neziskov\u00e1 organizace pod Tatrami, jej\u00ed\u017e snahou je vytvo\u0159en\u00ed talentovan\u00e9 komunity z \u0159ad student\u016f, \u010di mlad\u00fdch lid\u00ed s propojen\u00edm na odborn\u00edky z IT oblasti. Chastia s.r.o. je jednou ze spole\u010dnost\u00ed zakl\u00e1daj\u00edc\u00edch (f)ITcubator.[\/vc_column_text][\/vc_column][\/vc_row][vc_row][vc_column width=&#8221;1\/2&#8243;][vc_empty_space height=&#8221;50px&#8221;][vc_column_text]Hlavn\u00edm posl\u00e1n\u00edm (f)ITcubatora je IT4TA3, p\u0159enesen\u011b \u2013 ud\u011blej \u201eI Ty [&hellip;]","og_url":"https:\/\/www.chastia.com\/cs\/our-activities\/fitcubator\/","og_site_name":"CHASTIA s.r.o.","article_publisher":"https:\/\/www.facebook.com\/chastia.cz","article_modified_time":"2020-02-14T08:11:52+00:00","og_image":[{"width":1240,"height":827,"url":"https:\/\/www.chastia.com\/wp-content\/uploads\/2024\/05\/chastia_V_T_logo.png","type":"image\/png"}],"twitter_card":"summary_large_image","twitter_misc":{"Odhadovan\u00e1 doba \u010dten\u00ed":"1 minuta"},"schema":{"@context":"https:\/\/schema.org","@graph":[{"@type":"WebPage","@id":"https:\/\/www.chastia.com\/cs\/our-activities\/fitcubator\/","url":"https:\/\/www.chastia.com\/cs\/our-activities\/fitcubator\/","name":"Fitcubator - CHASTIA s.r.o.","isPartOf":{"@id":"https:\/\/www.chastia.com\/cs\/#website"},"datePublished":"2019-12-11T11:12:28+00:00","dateModified":"2020-02-14T08:11:52+00:00","breadcrumb":{"@id":"https:\/\/www.chastia.com\/cs\/our-activities\/fitcubator\/#breadcrumb"},"inLanguage":"cs","potentialAction":[{"@type":"ReadAction","target":["https:\/\/www.chastia.com\/cs\/our-activities\/fitcubator\/"]}]},{"@type":"BreadcrumbList","@id":"https:\/\/www.chastia.com\/cs\/our-activities\/fitcubator\/#breadcrumb","itemListElement":[{"@type":"ListItem","position":1,"name":"Home","item":"https:\/\/www.chastia.com\/cs\/"},{"@type":"ListItem","position":2,"name":"Aktivity","item":"https:\/\/www.chastia.com\/cs\/activities\/"},{"@type":"ListItem","position":3,"name":"Fitcubator"}]},{"@type":"WebSite","@id":"https:\/\/www.chastia.com\/cs\/#website","url":"https:\/\/www.chastia.com\/cs\/","name":"CHASTIA s.r.o.","description":"","publisher":{"@id":"https:\/\/www.chastia.com\/cs\/#organization"},"alternateName":"CHASTIA","potentialAction":[{"@type":"SearchAction","target":{"@type":"EntryPoint","urlTemplate":"https:\/\/www.chastia.com\/cs\/?s={search_term_string}"},"query-input":"required name=search_term_string"}],"inLanguage":"cs"},{"@type":"Organization","@id":"https:\/\/www.chastia.com\/cs\/#organization","name":"CHASTIA s.r.o.","url":"https:\/\/www.chastia.com\/cs\/","logo":{"@type":"ImageObject","inLanguage":"cs","@id":"https:\/\/www.chastia.com\/cs\/#\/schema\/logo\/image\/","url":"https:\/\/www.chastia.com\/wp-content\/uploads\/2024\/05\/chastia_V_T_logo.png","contentUrl":"https:\/\/www.chastia.com\/wp-content\/uploads\/2024\/05\/chastia_V_T_logo.png","width":1240,"height":827,"caption":"CHASTIA s.r.o."},"image":{"@id":"https:\/\/www.chastia.com\/cs\/#\/schema\/logo\/image\/"},"sameAs":["https:\/\/www.facebook.com\/chastia.cz"]}]}},"_links":{"self":[{"href":"https:\/\/www.chastia.com\/cs\/wp-json\/wp\/v2\/pages\/7276"}],"collection":[{"href":"https:\/\/www.chastia.com\/cs\/wp-json\/wp\/v2\/pages"}],"about":[{"href":"https:\/\/www.chastia.com\/cs\/wp-json\/wp\/v2\/types\/page"}],"author":[{"embeddable":true,"href":"https:\/\/www.chastia.com\/cs\/wp-json\/wp\/v2\/users\/1001011"}],"replies":[{"embeddable":true,"href":"https:\/\/www.chastia.com\/cs\/wp-json\/wp\/v2\/comments?post=7276"}],"version-history":[{"count":18,"href":"https:\/\/www.chastia.com\/cs\/wp-json\/wp\/v2\/pages\/7276\/revisions"}],"predecessor-version":[{"id":7723,"href":"https:\/\/www.chastia.com\/cs\/wp-json\/wp\/v2\/pages\/7276\/revisions\/7723"}],"up":[{"embeddable":true,"href":"https:\/\/www.chastia.com\/cs\/wp-json\/wp\/v2\/pages\/7649"}],"wp:attachment":[{"href":"https:\/\/www.chastia.com\/cs\/wp-json\/wp\/v2\/media?parent=7276"}],"curies":[{"name":"wp","href":"https:\/\/api.w.org\/{rel}","templated":true}]}}