{"id":3688,"date":"2016-10-05T14:26:41","date_gmt":"2016-10-05T12:26:41","guid":{"rendered":"http:\/\/chastia.pozorradar.sk\/kontakt\/?lang=cs"},"modified":"2024-02-16T08:13:12","modified_gmt":"2024-02-16T07:13:12","slug":"contact","status":"publish","type":"page","link":"https:\/\/www.chastia.com\/cs\/contact\/","title":{"rendered":"Kontakt"},"content":{"rendered":"<p>[vc_row full_width=&#8221;stretch_row_content_no_spaces&#8221;][vc_column][vc_column_text]<\/p>\n<div class=\"kontakt-mapa-en\"><\/div>\n<p>[\/vc_column_text][\/vc_column][\/vc_row][vc_row full_width=&#8221;stretch_row&#8221; el_id=&#8221;scroll&#8221;][vc_column][vc_empty_space height=&#8221;20px&#8221;][vc_column_text]<\/p>\n<h1>Kontaktujte n\u00e1s<\/h1>\n<p>[\/vc_column_text][\/vc_column][\/vc_row][vc_row gap=&#8221;35&#8243;][vc_column width=&#8221;5\/12&#8243; offset=&#8221;vc_col-lg-5 vc_col-md-5 vc_col-xs-12&#8243;][vc_empty_space height=&#8221;30px&#8221;]<H3 style=\"font-size: 16px;color: #443a44;line-height: 27px;text-align: Left;font-weight: bold\">JEDNODU\u0160E VYPL\u0147TE KONTAKTN\u00cd FORMUL\u00c1\u0158 ANEBO N\u00c1M NAPI\u0160TE EMAIL<\/H3>[vc_empty_space height=&#8221;15px&#8221;][vc_row_inner][vc_column_inner][vc_column_text]\n<div class=\"wpcf7 no-js\" id=\"wpcf7-f7826-o1\" lang=\"en-US\" dir=\"ltr\">\n<div class=\"screen-reader-response\"><p role=\"status\" aria-live=\"polite\" aria-atomic=\"true\"><\/p> <ul><\/ul><\/div>\n<form action=\"\/cs\/wp-json\/wp\/v2\/pages\/3688#wpcf7-f7826-o1\" method=\"post\" class=\"wpcf7-form init\" aria-label=\"Contact form\" novalidate=\"novalidate\" data-status=\"init\">\n<div style=\"display: none;\">\n<input type=\"hidden\" name=\"_wpcf7\" value=\"7826\" \/>\n<input type=\"hidden\" name=\"_wpcf7_version\" value=\"5.7.7\" \/>\n<input type=\"hidden\" name=\"_wpcf7_locale\" value=\"en_US\" \/>\n<input type=\"hidden\" name=\"_wpcf7_unit_tag\" value=\"wpcf7-f7826-o1\" \/>\n<input type=\"hidden\" name=\"_wpcf7_container_post\" value=\"0\" \/>\n<input type=\"hidden\" name=\"_wpcf7_posted_data_hash\" value=\"\" \/>\n<input type=\"hidden\" name=\"_wpcf7_recaptcha_response\" value=\"\" \/>\n<\/div>\n<p><span class=\"wpcf7-form-control-wrap\" data-name=\"your-name\"><input size=\"40\" class=\"wpcf7-form-control wpcf7-text wpcf7-validates-as-required form-control\" aria-required=\"true\" aria-invalid=\"false\" placeholder=\"Jm\u00e9no\" value=\"\" type=\"text\" name=\"your-name\" \/><\/span><br \/>\n<span class=\"wpcf7-form-control-wrap\" data-name=\"your-email\"><input size=\"40\" class=\"wpcf7-form-control wpcf7-text wpcf7-email wpcf7-validates-as-required wpcf7-validates-as-email form-control\" aria-required=\"true\" aria-invalid=\"false\" placeholder=\"Email\" value=\"\" type=\"email\" name=\"your-email\" \/><\/span><br \/>\n<span class=\"wpcf7-form-control-wrap\" data-name=\"your-phone-number\"><input size=\"40\" class=\"wpcf7-form-control wpcf7-text wpcf7-tel wpcf7-validates-as-tel form-control\" aria-invalid=\"false\" placeholder=\"Tel. \u010d.\" value=\"\" type=\"tel\" name=\"your-phone-number\" \/><\/span><br \/>\n<span class=\"wpcf7-form-control-wrap\" data-name=\"your-company-name\"><input size=\"40\" class=\"wpcf7-form-control wpcf7-text form-control\" aria-invalid=\"false\" placeholder=\"N\u00e1zev spole\u010dnosti\" value=\"\" type=\"text\" name=\"your-company-name\" \/><\/span><br \/>\n<span class=\"wpcf7-form-control-wrap\" data-name=\"your-message\"><textarea cols=\"40\" rows=\"10\" class=\"wpcf7-form-control wpcf7-textarea form-control\" aria-invalid=\"false\" placeholder=\"Zpr\u00e1va\" name=\"your-message\"><\/textarea><\/span><br \/>\n<input class=\"wpcf7-form-control has-spinner wpcf7-submit btn btn-primary\" type=\"submit\" value=\"Odeslat zpr\u00e1vu\" \/>\n<\/p><div class=\"wpcf7-response-output\" aria-hidden=\"true\"><\/div>\n<\/form>\n<\/div>\n<p>[\/vc_column_text][\/vc_column_inner][\/vc_row_inner][vc_empty_space height=&#8221;50px&#8221;][\/vc_column][vc_column width=&#8221;7\/12&#8243; offset=&#8221;vc_col-lg-7 vc_col-md-7 vc_col-xs-12&#8243;][vc_empty_space height=&#8221;30px&#8221;][vc_column_text]<\/p>\n<div class=\"main-company-info\">\n<h3>CHASTIA CZ s.r.o.<\/h3>\n<div class=\"company-info-lists\">\n<ul>\n<li style=\"text-align: left;\">U p\u016fj\u010dovny 952\/2<\/li>\n<li style=\"text-align: left;\">110 00 Praha 1<\/li>\n<li style=\"text-align: left;\">\u010cesk\u00e1 republika<\/li>\n<\/ul>\n<ul style=\"text-align: left;\">\n<li>I\u010cO: <em>11845902<\/em><\/li>\n<li>DI\u010c: <em>CZ11845902<\/em><\/li>\n<li>DS: <em>dttg52t<\/em><\/li>\n<\/ul>\n<\/div>\n<p>&nbsp;<\/p>\n<p style=\"text-align: left;\">Spole\u010dnost je zaps\u00e1na v obchodn\u00edm rejst\u0159\u00edku veden\u00e9m u M\u011bstsk\u00e9ho soudu v Praze, odd\u00edlu C, vlo\u017ece 355290.<\/p>\n<\/div>\n<p>[\/vc_column_text][vc_column_text]<\/p>\n<div class=\"main-company-info\">\n<h3>CHASTIA s.r.o.<\/h3>\n<div class=\"company-info-lists\">\n<ul>\n<li style=\"text-align: left;\">Ko\u0161ick\u00e1 3646\/68<\/li>\n<li style=\"text-align: left;\">058 01 Poprad<\/li>\n<li style=\"text-align: left;\">Slovensk\u00e1 republika<\/li>\n<\/ul>\n<ul style=\"text-align: left;\">\n<li>I\u010cO: <em>36490911<\/em><\/li>\n<li>I\u010c DPH: <em>SK2021788351<\/em><\/li>\n<\/ul>\n<\/div>\n<p>&nbsp;<\/p>\n<p style=\"text-align: left;\">Spole\u010dnost je zaps\u00e1na v obchodn\u00edm rejst\u0159\u00edku Okresn\u00edho soudu v Pre\u0161ov\u011b, odd\u00edlu Sro, vlo\u017ece 14661\/P.<\/p>\n<\/div>\n<p>[\/vc_column_text][\/vc_column][\/vc_row][vc_row full_width=&#8221;stretch_row&#8221; css=&#8221;.vc_custom_1659089968536{margin-bottom: 50px !important;}&#8221;][vc_column][vc_column_text]<\/p>\n<div class=\"contact-banner\">\n<p><!--\n\n\n<div class=\"contact-banner--col\"><\/div>\n\n\n--><\/p>\n<div class=\"contact-banner--col\"><span class=\"contact-banner--icon\"> <img decoding=\"async\" src=\"https:\/\/www.chastia.com\/wp-content\/uploads\/2021\/09\/phone.png\" alt=\"\" \/> <\/span> <span class=\"contact-banner--title\"> Obchodn\u00ed odd\u011blen\u00ed: <\/span> <span class=\"contact-banner--content\"> <a href=\"tel:+420703144608\">+420 703 144 608<\/a> <\/span><\/div>\n<div class=\"contact-banner--col\"><span class=\"contact-banner--icon\"><img decoding=\"async\" src=\"https:\/\/www.chastia.com\/wp-content\/uploads\/2021\/09\/email.png\" alt=\"\" \/> <\/span> <span class=\"contact-banner--title\"> Email: <\/span> <span class=\"contact-banner--content\"> <a href=\"mailto:info@cz.chastia.com\">info@cz.chastia.com<\/a><\/span><\/div>\n<\/div>\n<p>[\/vc_column_text][\/vc_column][\/vc_row][vc_row][vc_column width=&#8221;1\/2&#8243;][vc_column_text]<\/p>\n<div class=\"techpodpora\">\n<p><img loading=\"lazy\" decoding=\"async\" class=\"alignnone size-full wp-image-4259\" src=\"\/wp-content\/uploads\/2016\/10\/technicka_poproa_500.png\" alt=\"technicka_poproa_500\" width=\"472\" height=\"141\" srcset=\"https:\/\/www.chastia.com\/wp-content\/uploads\/2016\/10\/technicka_poproa_500.png 472w, https:\/\/www.chastia.com\/wp-content\/uploads\/2016\/10\/technicka_poproa_500-300x90.png 300w\" sizes=\"(max-width: 472px) 100vw, 472px\" \/><\/p>\n<\/div>\n<p>[\/vc_column_text][\/vc_column][vc_column width=&#8221;1\/2&#8243;][vc_empty_space height=&#8221;20px&#8221;][vc_column_text]<\/p>\n<h2>technick\u00e1 podpora<\/h2>\n<h4>Chastia Helpdesk<\/h4>\n<p>&nbsp;<\/p>\n<div id=\"login-form\">\n<form action=\"https:\/\/support.chastia.com\/Auth\/LogOn?ReturnUrl=%2F\" method=\"post\" novalidate=\"novalidate\" target=\"_blank\"><label for=\"UserName\">Jm\u00e9no<\/label><input id=\"UserName\" name=\"UserName\" type=\"email\" value=\"\" placeholder=\"Va\u0161e p\u0159ihla\u0161ovac\u00ed jm\u00e9no\" \/><br \/>\n<label for=\"Password\">Heslo<\/label><input id=\"Password\" name=\"Password\" type=\"password\" placeholder=\"Va\u0161e p\u0159ihla\u0161ovac\u00ed heslo\" \/><br \/>\n<button class=\"k-button btn btn-primary\" tabindex=\"0\" name=\"submit_normal\" type=\"submit\" data-role=\"button\">P\u0159ihl\u00e1sit se<\/button><\/form>\n<\/div>\n<p>[\/vc_column_text][vc_empty_space height=&#8221;50px&#8221;][\/vc_column][\/vc_row][vc_row][vc_column][vc_column_text][\/vc_column_text][\/vc_column][\/vc_row]<\/p>\n","protected":false},"excerpt":{"rendered":"<p>[vc_row full_width=&#8221;stretch_row_content_no_spaces&#8221;][vc_column][vc_column_text] [\/vc_column_text][\/vc_column][\/vc_row][vc_row full_width=&#8221;stretch_row&#8221; el_id=&#8221;scroll&#8221;][vc_column][vc_empty_space height=&#8221;20px&#8221;][vc_column_text] Kontaktujte n\u00e1s [\/vc_column_text][\/vc_column][\/vc_row][vc_row gap=&#8221;35&#8243;][vc_column width=&#8221;5\/12&#8243; offset=&#8221;vc_col-lg-5 vc_col-md-5 vc_col-xs-12&#8243;][vc_empty_space height=&#8221;30px&#8221;][vc_empty_space height=&#8221;15px&#8221;][vc_row_inner][vc_column_inner][vc_column_text] [\/vc_column_text][\/vc_column_inner][\/vc_row_inner][vc_empty_space height=&#8221;50px&#8221;][\/vc_column][vc_column width=&#8221;7\/12&#8243; offset=&#8221;vc_col-lg-7 vc_col-md-7 vc_col-xs-12&#8243;][vc_empty_space height=&#8221;30px&#8221;][vc_column_text] CHASTIA CZ s.r.o. U p\u016fj\u010dovny 952\/2 110 00 Praha 1 \u010cesk\u00e1 republika I\u010cO: 11845902 DI\u010c: CZ11845902 DS: dttg52t &nbsp; Spole\u010dnost je zaps\u00e1na v obchodn\u00edm rejst\u0159\u00edku veden\u00e9m u M\u011bstsk\u00e9ho soudu v Praze, odd\u00edlu [&hellip;]<\/p>\n","protected":false},"author":1,"featured_media":0,"parent":0,"menu_order":0,"comment_status":"closed","ping_status":"closed","template":"template-home.php","meta":{"footnotes":""},"yoast_head":"<!-- This site is optimized with the Yoast SEO plugin v22.8 - https:\/\/yoast.com\/wordpress\/plugins\/seo\/ -->\n<title>Kontakt - CHASTIA s.r.o.<\/title>\n<meta name=\"robots\" content=\"index, follow, max-snippet:-1, max-image-preview:large, max-video-preview:-1\" \/>\n<link rel=\"canonical\" href=\"https:\/\/www.chastia.com\/cs\/contact\/\" \/>\n<meta property=\"og:locale\" content=\"cs_CZ\" \/>\n<meta property=\"og:type\" content=\"article\" \/>\n<meta property=\"og:title\" content=\"Kontakt - CHASTIA s.r.o.\" \/>\n<meta property=\"og:description\" content=\"[vc_row full_width=&#8221;stretch_row_content_no_spaces&#8221;][vc_column][vc_column_text] [\/vc_column_text][\/vc_column][\/vc_row][vc_row full_width=&#8221;stretch_row&#8221; el_id=&#8221;scroll&#8221;][vc_column][vc_empty_space height=&#8221;20px&#8221;][vc_column_text] Kontaktujte n\u00e1s [\/vc_column_text][\/vc_column][\/vc_row][vc_row gap=&#8221;35&#8243;][vc_column width=&#8221;5\/12&#8243; offset=&#8221;vc_col-lg-5 vc_col-md-5 vc_col-xs-12&#8243;][vc_empty_space height=&#8221;30px&#8221;][vc_empty_space height=&#8221;15px&#8221;][vc_row_inner][vc_column_inner][vc_column_text] [\/vc_column_text][\/vc_column_inner][\/vc_row_inner][vc_empty_space height=&#8221;50px&#8221;][\/vc_column][vc_column width=&#8221;7\/12&#8243; offset=&#8221;vc_col-lg-7 vc_col-md-7 vc_col-xs-12&#8243;][vc_empty_space height=&#8221;30px&#8221;][vc_column_text] CHASTIA CZ s.r.o. U p\u016fj\u010dovny 952\/2 110 00 Praha 1 \u010cesk\u00e1 republika I\u010cO: 11845902 DI\u010c: CZ11845902 DS: dttg52t &nbsp; Spole\u010dnost je zaps\u00e1na v obchodn\u00edm rejst\u0159\u00edku veden\u00e9m u M\u011bstsk\u00e9ho soudu v Praze, odd\u00edlu [&hellip;]\" \/>\n<meta property=\"og:url\" content=\"https:\/\/www.chastia.com\/cs\/contact\/\" \/>\n<meta property=\"og:site_name\" content=\"CHASTIA s.r.o.\" \/>\n<meta property=\"article:publisher\" content=\"https:\/\/www.facebook.com\/chastia.cz\" \/>\n<meta property=\"article:modified_time\" content=\"2024-02-16T07:13:12+00:00\" \/>\n<meta property=\"og:image\" content=\"https:\/\/www.chastia.com\/wp-content\/uploads\/2021\/09\/phone.png\" \/>\n<meta name=\"twitter:card\" content=\"summary_large_image\" \/>\n<meta name=\"twitter:label1\" content=\"Odhadovan\u00e1 doba \u010dten\u00ed\" \/>\n\t<meta name=\"twitter:data1\" content=\"2 minuty\" \/>\n<script type=\"application\/ld+json\" class=\"yoast-schema-graph\">{\"@context\":\"https:\/\/schema.org\",\"@graph\":[{\"@type\":\"WebPage\",\"@id\":\"https:\/\/www.chastia.com\/cs\/contact\/\",\"url\":\"https:\/\/www.chastia.com\/cs\/contact\/\",\"name\":\"Kontakt - CHASTIA s.r.o.\",\"isPartOf\":{\"@id\":\"https:\/\/www.chastia.com\/cs\/#website\"},\"primaryImageOfPage\":{\"@id\":\"https:\/\/www.chastia.com\/cs\/contact\/#primaryimage\"},\"image\":{\"@id\":\"https:\/\/www.chastia.com\/cs\/contact\/#primaryimage\"},\"thumbnailUrl\":\"https:\/\/www.chastia.com\/wp-content\/uploads\/2021\/09\/phone.png\",\"datePublished\":\"2016-10-05T12:26:41+00:00\",\"dateModified\":\"2024-02-16T07:13:12+00:00\",\"breadcrumb\":{\"@id\":\"https:\/\/www.chastia.com\/cs\/contact\/#breadcrumb\"},\"inLanguage\":\"cs\",\"potentialAction\":[{\"@type\":\"ReadAction\",\"target\":[\"https:\/\/www.chastia.com\/cs\/contact\/\"]}]},{\"@type\":\"ImageObject\",\"inLanguage\":\"cs\",\"@id\":\"https:\/\/www.chastia.com\/cs\/contact\/#primaryimage\",\"url\":\"https:\/\/www.chastia.com\/wp-content\/uploads\/2021\/09\/phone.png\",\"contentUrl\":\"https:\/\/www.chastia.com\/wp-content\/uploads\/2021\/09\/phone.png\"},{\"@type\":\"BreadcrumbList\",\"@id\":\"https:\/\/www.chastia.com\/cs\/contact\/#breadcrumb\",\"itemListElement\":[{\"@type\":\"ListItem\",\"position\":1,\"name\":\"Home\",\"item\":\"https:\/\/www.chastia.com\/cs\/\"},{\"@type\":\"ListItem\",\"position\":2,\"name\":\"Kontakt\"}]},{\"@type\":\"WebSite\",\"@id\":\"https:\/\/www.chastia.com\/cs\/#website\",\"url\":\"https:\/\/www.chastia.com\/cs\/\",\"name\":\"CHASTIA s.r.o.\",\"description\":\"\",\"publisher\":{\"@id\":\"https:\/\/www.chastia.com\/cs\/#organization\"},\"alternateName\":\"CHASTIA\",\"potentialAction\":[{\"@type\":\"SearchAction\",\"target\":{\"@type\":\"EntryPoint\",\"urlTemplate\":\"https:\/\/www.chastia.com\/cs\/?s={search_term_string}\"},\"query-input\":\"required name=search_term_string\"}],\"inLanguage\":\"cs\"},{\"@type\":\"Organization\",\"@id\":\"https:\/\/www.chastia.com\/cs\/#organization\",\"name\":\"CHASTIA s.r.o.\",\"url\":\"https:\/\/www.chastia.com\/cs\/\",\"logo\":{\"@type\":\"ImageObject\",\"inLanguage\":\"cs\",\"@id\":\"https:\/\/www.chastia.com\/cs\/#\/schema\/logo\/image\/\",\"url\":\"https:\/\/www.chastia.com\/wp-content\/uploads\/2024\/05\/chastia_V_T_logo.png\",\"contentUrl\":\"https:\/\/www.chastia.com\/wp-content\/uploads\/2024\/05\/chastia_V_T_logo.png\",\"width\":1240,\"height\":827,\"caption\":\"CHASTIA s.r.o.\"},\"image\":{\"@id\":\"https:\/\/www.chastia.com\/cs\/#\/schema\/logo\/image\/\"},\"sameAs\":[\"https:\/\/www.facebook.com\/chastia.cz\"]}]}<\/script>\n<!-- \/ Yoast SEO plugin. -->","yoast_head_json":{"title":"Kontakt - CHASTIA s.r.o.","robots":{"index":"index","follow":"follow","max-snippet":"max-snippet:-1","max-image-preview":"max-image-preview:large","max-video-preview":"max-video-preview:-1"},"canonical":"https:\/\/www.chastia.com\/cs\/contact\/","og_locale":"cs_CZ","og_type":"article","og_title":"Kontakt - CHASTIA s.r.o.","og_description":"[vc_row full_width=&#8221;stretch_row_content_no_spaces&#8221;][vc_column][vc_column_text] [\/vc_column_text][\/vc_column][\/vc_row][vc_row full_width=&#8221;stretch_row&#8221; el_id=&#8221;scroll&#8221;][vc_column][vc_empty_space height=&#8221;20px&#8221;][vc_column_text] Kontaktujte n\u00e1s [\/vc_column_text][\/vc_column][\/vc_row][vc_row gap=&#8221;35&#8243;][vc_column width=&#8221;5\/12&#8243; offset=&#8221;vc_col-lg-5 vc_col-md-5 vc_col-xs-12&#8243;][vc_empty_space height=&#8221;30px&#8221;][vc_empty_space height=&#8221;15px&#8221;][vc_row_inner][vc_column_inner][vc_column_text] [\/vc_column_text][\/vc_column_inner][\/vc_row_inner][vc_empty_space height=&#8221;50px&#8221;][\/vc_column][vc_column width=&#8221;7\/12&#8243; offset=&#8221;vc_col-lg-7 vc_col-md-7 vc_col-xs-12&#8243;][vc_empty_space height=&#8221;30px&#8221;][vc_column_text] CHASTIA CZ s.r.o. U p\u016fj\u010dovny 952\/2 110 00 Praha 1 \u010cesk\u00e1 republika I\u010cO: 11845902 DI\u010c: CZ11845902 DS: dttg52t &nbsp; Spole\u010dnost je zaps\u00e1na v obchodn\u00edm rejst\u0159\u00edku veden\u00e9m u M\u011bstsk\u00e9ho soudu v Praze, odd\u00edlu [&hellip;]","og_url":"https:\/\/www.chastia.com\/cs\/contact\/","og_site_name":"CHASTIA s.r.o.","article_publisher":"https:\/\/www.facebook.com\/chastia.cz","article_modified_time":"2024-02-16T07:13:12+00:00","og_image":[{"url":"https:\/\/www.chastia.com\/wp-content\/uploads\/2021\/09\/phone.png"}],"twitter_card":"summary_large_image","twitter_misc":{"Odhadovan\u00e1 doba \u010dten\u00ed":"2 minuty"},"schema":{"@context":"https:\/\/schema.org","@graph":[{"@type":"WebPage","@id":"https:\/\/www.chastia.com\/cs\/contact\/","url":"https:\/\/www.chastia.com\/cs\/contact\/","name":"Kontakt - CHASTIA s.r.o.","isPartOf":{"@id":"https:\/\/www.chastia.com\/cs\/#website"},"primaryImageOfPage":{"@id":"https:\/\/www.chastia.com\/cs\/contact\/#primaryimage"},"image":{"@id":"https:\/\/www.chastia.com\/cs\/contact\/#primaryimage"},"thumbnailUrl":"https:\/\/www.chastia.com\/wp-content\/uploads\/2021\/09\/phone.png","datePublished":"2016-10-05T12:26:41+00:00","dateModified":"2024-02-16T07:13:12+00:00","breadcrumb":{"@id":"https:\/\/www.chastia.com\/cs\/contact\/#breadcrumb"},"inLanguage":"cs","potentialAction":[{"@type":"ReadAction","target":["https:\/\/www.chastia.com\/cs\/contact\/"]}]},{"@type":"ImageObject","inLanguage":"cs","@id":"https:\/\/www.chastia.com\/cs\/contact\/#primaryimage","url":"https:\/\/www.chastia.com\/wp-content\/uploads\/2021\/09\/phone.png","contentUrl":"https:\/\/www.chastia.com\/wp-content\/uploads\/2021\/09\/phone.png"},{"@type":"BreadcrumbList","@id":"https:\/\/www.chastia.com\/cs\/contact\/#breadcrumb","itemListElement":[{"@type":"ListItem","position":1,"name":"Home","item":"https:\/\/www.chastia.com\/cs\/"},{"@type":"ListItem","position":2,"name":"Kontakt"}]},{"@type":"WebSite","@id":"https:\/\/www.chastia.com\/cs\/#website","url":"https:\/\/www.chastia.com\/cs\/","name":"CHASTIA s.r.o.","description":"","publisher":{"@id":"https:\/\/www.chastia.com\/cs\/#organization"},"alternateName":"CHASTIA","potentialAction":[{"@type":"SearchAction","target":{"@type":"EntryPoint","urlTemplate":"https:\/\/www.chastia.com\/cs\/?s={search_term_string}"},"query-input":"required name=search_term_string"}],"inLanguage":"cs"},{"@type":"Organization","@id":"https:\/\/www.chastia.com\/cs\/#organization","name":"CHASTIA s.r.o.","url":"https:\/\/www.chastia.com\/cs\/","logo":{"@type":"ImageObject","inLanguage":"cs","@id":"https:\/\/www.chastia.com\/cs\/#\/schema\/logo\/image\/","url":"https:\/\/www.chastia.com\/wp-content\/uploads\/2024\/05\/chastia_V_T_logo.png","contentUrl":"https:\/\/www.chastia.com\/wp-content\/uploads\/2024\/05\/chastia_V_T_logo.png","width":1240,"height":827,"caption":"CHASTIA s.r.o."},"image":{"@id":"https:\/\/www.chastia.com\/cs\/#\/schema\/logo\/image\/"},"sameAs":["https:\/\/www.facebook.com\/chastia.cz"]}]}},"_links":{"self":[{"href":"https:\/\/www.chastia.com\/cs\/wp-json\/wp\/v2\/pages\/3688"}],"collection":[{"href":"https:\/\/www.chastia.com\/cs\/wp-json\/wp\/v2\/pages"}],"about":[{"href":"https:\/\/www.chastia.com\/cs\/wp-json\/wp\/v2\/types\/page"}],"author":[{"embeddable":true,"href":"https:\/\/www.chastia.com\/cs\/wp-json\/wp\/v2\/users\/1"}],"replies":[{"embeddable":true,"href":"https:\/\/www.chastia.com\/cs\/wp-json\/wp\/v2\/comments?post=3688"}],"version-history":[{"count":73,"href":"https:\/\/www.chastia.com\/cs\/wp-json\/wp\/v2\/pages\/3688\/revisions"}],"predecessor-version":[{"id":21701,"href":"https:\/\/www.chastia.com\/cs\/wp-json\/wp\/v2\/pages\/3688\/revisions\/21701"}],"wp:attachment":[{"href":"https:\/\/www.chastia.com\/cs\/wp-json\/wp\/v2\/media?parent=3688"}],"curies":[{"name":"wp","href":"https:\/\/api.w.org\/{rel}","templated":true}]}}