{"id":3639,"date":"2016-11-02T15:09:37","date_gmt":"2016-11-02T14:09:37","guid":{"rendered":"http:\/\/chastia.pozorradar.sk\/produkty\/chastia-fm\/zakladny-modul\/?lang=cs"},"modified":"2020-02-12T09:01:11","modified_gmt":"2020-02-12T08:01:11","slug":"basic-module","status":"publish","type":"page","link":"https:\/\/www.chastia.com\/cs\/products\/chastia-fm\/basic-module\/","title":{"rendered":"Z\u00c1KLADN\u00cd MODUL"},"content":{"rendered":"<p>[vc_row][vc_column]<H2>Z\u00c1KLADN\u00cd MODUL<\/H2>[\/vc_column][\/vc_row][vc_row][vc_column][vc_column_text]Z\u00e1kladn\u00ed modul tvo\u0159\u00ed hlavn\u00ed pil\u00ed\u0159 cel\u00e9ho syst\u00e9mu. Je to jedin\u00fd modul, kter\u00fd je povinn\u00fd pro vytvo\u0159en\u00ed libovoln\u00e9 podnikov\u00e9 aplikace.<\/p>\n<p>Modul obsahuje n\u011bkolik podsyst\u00e9m\u016f, kter\u00e9 zabezpe\u010duj\u00ed jeho \u010dinnost:<\/p>\n<ul>\n<li><strong>Evidence objekt\u016f informa\u010dn\u00edho syst\u00e9mu (objekt\u016f IS)<\/strong>\u00a0\u2013 ka\u017ed\u00fd objekt IS m\u016f\u017ee b\u00fdt definovan\u00fd sv\u00fdmi vlastnostmi, kter\u00e9 je mo\u017en\u00e9, pro ka\u017ed\u00fd typ objektu IS, libovoln\u011b definovat.<br \/>\nKrom\u011b definovan\u00fdch \u00fadaj\u016f (pasport) m\u016f\u017ee b\u00fdt k objektu p\u0159ipojen\u00fd obr\u00e1zek a pozn\u00e1mka.<br \/>\nSpole\u010dn\u00e9 vlastnosti objekt\u016f IS je mo\u017en\u00e9 katalogizovat. Katalogov\u00e1 polo\u017eka se p\u0159ipoj\u00ed k objektu IS.<br \/>\nObjektem informa\u010dn\u00edho syst\u00e9mu (Objekt IS) je ka\u017ed\u00fd objekt, stavebn\u00ed d\u00edl, za\u0159\u00edzen\u00ed, nehmotn\u00fd majetek a podobn\u011b, kter\u00fd je p\u0159edm\u011btem sledov\u00e1n\u00ed v informa\u010dn\u00edm syst\u00e9mu.<\/li>\n<li><strong>Struktury\u00a0<\/strong>\u2013 objekty IS mohou b\u00fdt logicky uspo\u0159\u00e1d\u00e1ny do hierarchick\u00fdch struktur. Po\u010det takov\u00fdch struktur je neomezen\u00fd. Typick\u00fdmi strukturami mohou b\u00fdt nap\u0159. prostorov\u00e1 struktura, organiza\u010dn\u00ed struktura, technologick\u00e1 struktura apod. Ka\u017ed\u00fd objekt IS m\u016f\u017ee b\u00fdt sou\u010dasn\u011b za\u0159azen\u00fd do v\u00edce struktur sou\u010dasn\u011b.<br \/>\nV\u0161echny tyto struktury slou\u017e\u00ed pro rychl\u00e9 vyhled\u00e1v\u00e1n\u00ed objekt\u016f IS, jejich lokalizaci v r\u00e1mci struktur, filtrov\u00e1n\u00ed, se\u0159azov\u00e1n\u00ed apod. Jednou z mo\u017enost\u00ed jejich vyu\u017eit\u00ed m\u016f\u017ee b\u00fdt nap\u0159. i krizov\u00fd management.<\/li>\n<li><strong>\u010c\u00edseln\u00edky\u00a0<\/strong>\u2013 sou\u010d\u00e1st\u00ed z\u00e1kladn\u00edho modulu je mno\u017estv\u00ed standardn\u00edch\u00a0a u\u017eivatelsky definovateln\u00fdch \u010d\u00edseln\u00edk\u016f, kter\u00e9 maj\u00ed vyu\u017eit\u00ed ve v\u011bt\u0161in\u011b ostatn\u00edch modul\u016f.<\/li>\n<\/ul>\n<p>[\/vc_column_text][\/vc_column][\/vc_row]<\/p>\n","protected":false},"excerpt":{"rendered":"<p>[vc_row][vc_column][\/vc_column][\/vc_row][vc_row][vc_column][vc_column_text]Z\u00e1kladn\u00ed modul tvo\u0159\u00ed hlavn\u00ed pil\u00ed\u0159 cel\u00e9ho syst\u00e9mu. Je to jedin\u00fd modul, kter\u00fd je povinn\u00fd pro vytvo\u0159en\u00ed libovoln\u00e9 podnikov\u00e9 aplikace. Modul obsahuje n\u011bkolik podsyst\u00e9m\u016f, kter\u00e9 zabezpe\u010duj\u00ed jeho \u010dinnost: Evidence objekt\u016f informa\u010dn\u00edho syst\u00e9mu (objekt\u016f IS)\u00a0\u2013 ka\u017ed\u00fd objekt IS m\u016f\u017ee b\u00fdt definovan\u00fd sv\u00fdmi vlastnostmi, kter\u00e9 je mo\u017en\u00e9, pro ka\u017ed\u00fd typ objektu IS, libovoln\u011b definovat. Krom\u011b definovan\u00fdch \u00fadaj\u016f (pasport) [&hellip;]<\/p>\n","protected":false},"author":1,"featured_media":0,"parent":3694,"menu_order":0,"comment_status":"closed","ping_status":"closed","template":"","meta":{"footnotes":""},"yoast_head":"<!-- This site is optimized with the Yoast SEO plugin v22.8 - https:\/\/yoast.com\/wordpress\/plugins\/seo\/ -->\n<title>Z\u00c1KLADN\u00cd MODUL - CHASTIA s.r.o.<\/title>\n<meta name=\"robots\" content=\"index, follow, max-snippet:-1, max-image-preview:large, max-video-preview:-1\" \/>\n<link rel=\"canonical\" href=\"https:\/\/www.chastia.com\/cs\/products\/chastia-fm\/basic-module\/\" \/>\n<meta property=\"og:locale\" content=\"cs_CZ\" \/>\n<meta property=\"og:type\" content=\"article\" \/>\n<meta property=\"og:title\" content=\"Z\u00c1KLADN\u00cd MODUL - CHASTIA s.r.o.\" \/>\n<meta property=\"og:description\" content=\"[vc_row][vc_column][\/vc_column][\/vc_row][vc_row][vc_column][vc_column_text]Z\u00e1kladn\u00ed modul tvo\u0159\u00ed hlavn\u00ed pil\u00ed\u0159 cel\u00e9ho syst\u00e9mu. Je to jedin\u00fd modul, kter\u00fd je povinn\u00fd pro vytvo\u0159en\u00ed libovoln\u00e9 podnikov\u00e9 aplikace. Modul obsahuje n\u011bkolik podsyst\u00e9m\u016f, kter\u00e9 zabezpe\u010duj\u00ed jeho \u010dinnost: Evidence objekt\u016f informa\u010dn\u00edho syst\u00e9mu (objekt\u016f IS)\u00a0\u2013 ka\u017ed\u00fd objekt IS m\u016f\u017ee b\u00fdt definovan\u00fd sv\u00fdmi vlastnostmi, kter\u00e9 je mo\u017en\u00e9, pro ka\u017ed\u00fd typ objektu IS, libovoln\u011b definovat. Krom\u011b definovan\u00fdch \u00fadaj\u016f (pasport) [&hellip;]\" \/>\n<meta property=\"og:url\" content=\"https:\/\/www.chastia.com\/cs\/products\/chastia-fm\/basic-module\/\" \/>\n<meta property=\"og:site_name\" content=\"CHASTIA s.r.o.\" \/>\n<meta property=\"article:publisher\" content=\"https:\/\/www.facebook.com\/chastia.cz\" \/>\n<meta property=\"article:modified_time\" content=\"2020-02-12T08:01:11+00:00\" \/>\n<meta property=\"og:image\" content=\"https:\/\/www.chastia.com\/wp-content\/uploads\/2024\/05\/chastia_V_T_logo.png\" \/>\n\t<meta property=\"og:image:width\" content=\"1240\" \/>\n\t<meta property=\"og:image:height\" content=\"827\" \/>\n\t<meta property=\"og:image:type\" content=\"image\/png\" \/>\n<meta name=\"twitter:card\" content=\"summary_large_image\" \/>\n<meta name=\"twitter:label1\" content=\"Odhadovan\u00e1 doba \u010dten\u00ed\" \/>\n\t<meta name=\"twitter:data1\" content=\"1 minuta\" \/>\n<script type=\"application\/ld+json\" class=\"yoast-schema-graph\">{\"@context\":\"https:\/\/schema.org\",\"@graph\":[{\"@type\":\"WebPage\",\"@id\":\"https:\/\/www.chastia.com\/cs\/products\/chastia-fm\/basic-module\/\",\"url\":\"https:\/\/www.chastia.com\/cs\/products\/chastia-fm\/basic-module\/\",\"name\":\"Z\u00c1KLADN\u00cd MODUL - CHASTIA s.r.o.\",\"isPartOf\":{\"@id\":\"https:\/\/www.chastia.com\/cs\/#website\"},\"datePublished\":\"2016-11-02T14:09:37+00:00\",\"dateModified\":\"2020-02-12T08:01:11+00:00\",\"breadcrumb\":{\"@id\":\"https:\/\/www.chastia.com\/cs\/products\/chastia-fm\/basic-module\/#breadcrumb\"},\"inLanguage\":\"cs\",\"potentialAction\":[{\"@type\":\"ReadAction\",\"target\":[\"https:\/\/www.chastia.com\/cs\/products\/chastia-fm\/basic-module\/\"]}]},{\"@type\":\"BreadcrumbList\",\"@id\":\"https:\/\/www.chastia.com\/cs\/products\/chastia-fm\/basic-module\/#breadcrumb\",\"itemListElement\":[{\"@type\":\"ListItem\",\"position\":1,\"name\":\"Home\",\"item\":\"https:\/\/www.chastia.com\/cs\/\"},{\"@type\":\"ListItem\",\"position\":2,\"name\":\"Produkty\",\"item\":\"https:\/\/www.chastia.com\/cs\/products\/\"},{\"@type\":\"ListItem\",\"position\":3,\"name\":\"Chastia FM\",\"item\":\"https:\/\/www.chastia.com\/cs\/products\/chastia-fm\/\"},{\"@type\":\"ListItem\",\"position\":4,\"name\":\"Z\u00c1KLADN\u00cd MODUL\"}]},{\"@type\":\"WebSite\",\"@id\":\"https:\/\/www.chastia.com\/cs\/#website\",\"url\":\"https:\/\/www.chastia.com\/cs\/\",\"name\":\"CHASTIA s.r.o.\",\"description\":\"\",\"publisher\":{\"@id\":\"https:\/\/www.chastia.com\/cs\/#organization\"},\"alternateName\":\"CHASTIA\",\"potentialAction\":[{\"@type\":\"SearchAction\",\"target\":{\"@type\":\"EntryPoint\",\"urlTemplate\":\"https:\/\/www.chastia.com\/cs\/?s={search_term_string}\"},\"query-input\":\"required name=search_term_string\"}],\"inLanguage\":\"cs\"},{\"@type\":\"Organization\",\"@id\":\"https:\/\/www.chastia.com\/cs\/#organization\",\"name\":\"CHASTIA s.r.o.\",\"url\":\"https:\/\/www.chastia.com\/cs\/\",\"logo\":{\"@type\":\"ImageObject\",\"inLanguage\":\"cs\",\"@id\":\"https:\/\/www.chastia.com\/cs\/#\/schema\/logo\/image\/\",\"url\":\"https:\/\/www.chastia.com\/wp-content\/uploads\/2024\/05\/chastia_V_T_logo.png\",\"contentUrl\":\"https:\/\/www.chastia.com\/wp-content\/uploads\/2024\/05\/chastia_V_T_logo.png\",\"width\":1240,\"height\":827,\"caption\":\"CHASTIA s.r.o.\"},\"image\":{\"@id\":\"https:\/\/www.chastia.com\/cs\/#\/schema\/logo\/image\/\"},\"sameAs\":[\"https:\/\/www.facebook.com\/chastia.cz\"]}]}<\/script>\n<!-- \/ Yoast SEO plugin. -->","yoast_head_json":{"title":"Z\u00c1KLADN\u00cd MODUL - CHASTIA s.r.o.","robots":{"index":"index","follow":"follow","max-snippet":"max-snippet:-1","max-image-preview":"max-image-preview:large","max-video-preview":"max-video-preview:-1"},"canonical":"https:\/\/www.chastia.com\/cs\/products\/chastia-fm\/basic-module\/","og_locale":"cs_CZ","og_type":"article","og_title":"Z\u00c1KLADN\u00cd MODUL - CHASTIA s.r.o.","og_description":"[vc_row][vc_column][\/vc_column][\/vc_row][vc_row][vc_column][vc_column_text]Z\u00e1kladn\u00ed modul tvo\u0159\u00ed hlavn\u00ed pil\u00ed\u0159 cel\u00e9ho syst\u00e9mu. Je to jedin\u00fd modul, kter\u00fd je povinn\u00fd pro vytvo\u0159en\u00ed libovoln\u00e9 podnikov\u00e9 aplikace. Modul obsahuje n\u011bkolik podsyst\u00e9m\u016f, kter\u00e9 zabezpe\u010duj\u00ed jeho \u010dinnost: Evidence objekt\u016f informa\u010dn\u00edho syst\u00e9mu (objekt\u016f IS)\u00a0\u2013 ka\u017ed\u00fd objekt IS m\u016f\u017ee b\u00fdt definovan\u00fd sv\u00fdmi vlastnostmi, kter\u00e9 je mo\u017en\u00e9, pro ka\u017ed\u00fd typ objektu IS, libovoln\u011b definovat. Krom\u011b definovan\u00fdch \u00fadaj\u016f (pasport) [&hellip;]","og_url":"https:\/\/www.chastia.com\/cs\/products\/chastia-fm\/basic-module\/","og_site_name":"CHASTIA s.r.o.","article_publisher":"https:\/\/www.facebook.com\/chastia.cz","article_modified_time":"2020-02-12T08:01:11+00:00","og_image":[{"width":1240,"height":827,"url":"https:\/\/www.chastia.com\/wp-content\/uploads\/2024\/05\/chastia_V_T_logo.png","type":"image\/png"}],"twitter_card":"summary_large_image","twitter_misc":{"Odhadovan\u00e1 doba \u010dten\u00ed":"1 minuta"},"schema":{"@context":"https:\/\/schema.org","@graph":[{"@type":"WebPage","@id":"https:\/\/www.chastia.com\/cs\/products\/chastia-fm\/basic-module\/","url":"https:\/\/www.chastia.com\/cs\/products\/chastia-fm\/basic-module\/","name":"Z\u00c1KLADN\u00cd MODUL - CHASTIA s.r.o.","isPartOf":{"@id":"https:\/\/www.chastia.com\/cs\/#website"},"datePublished":"2016-11-02T14:09:37+00:00","dateModified":"2020-02-12T08:01:11+00:00","breadcrumb":{"@id":"https:\/\/www.chastia.com\/cs\/products\/chastia-fm\/basic-module\/#breadcrumb"},"inLanguage":"cs","potentialAction":[{"@type":"ReadAction","target":["https:\/\/www.chastia.com\/cs\/products\/chastia-fm\/basic-module\/"]}]},{"@type":"BreadcrumbList","@id":"https:\/\/www.chastia.com\/cs\/products\/chastia-fm\/basic-module\/#breadcrumb","itemListElement":[{"@type":"ListItem","position":1,"name":"Home","item":"https:\/\/www.chastia.com\/cs\/"},{"@type":"ListItem","position":2,"name":"Produkty","item":"https:\/\/www.chastia.com\/cs\/products\/"},{"@type":"ListItem","position":3,"name":"Chastia FM","item":"https:\/\/www.chastia.com\/cs\/products\/chastia-fm\/"},{"@type":"ListItem","position":4,"name":"Z\u00c1KLADN\u00cd MODUL"}]},{"@type":"WebSite","@id":"https:\/\/www.chastia.com\/cs\/#website","url":"https:\/\/www.chastia.com\/cs\/","name":"CHASTIA s.r.o.","description":"","publisher":{"@id":"https:\/\/www.chastia.com\/cs\/#organization"},"alternateName":"CHASTIA","potentialAction":[{"@type":"SearchAction","target":{"@type":"EntryPoint","urlTemplate":"https:\/\/www.chastia.com\/cs\/?s={search_term_string}"},"query-input":"required name=search_term_string"}],"inLanguage":"cs"},{"@type":"Organization","@id":"https:\/\/www.chastia.com\/cs\/#organization","name":"CHASTIA s.r.o.","url":"https:\/\/www.chastia.com\/cs\/","logo":{"@type":"ImageObject","inLanguage":"cs","@id":"https:\/\/www.chastia.com\/cs\/#\/schema\/logo\/image\/","url":"https:\/\/www.chastia.com\/wp-content\/uploads\/2024\/05\/chastia_V_T_logo.png","contentUrl":"https:\/\/www.chastia.com\/wp-content\/uploads\/2024\/05\/chastia_V_T_logo.png","width":1240,"height":827,"caption":"CHASTIA s.r.o."},"image":{"@id":"https:\/\/www.chastia.com\/cs\/#\/schema\/logo\/image\/"},"sameAs":["https:\/\/www.facebook.com\/chastia.cz"]}]}},"_links":{"self":[{"href":"https:\/\/www.chastia.com\/cs\/wp-json\/wp\/v2\/pages\/3639"}],"collection":[{"href":"https:\/\/www.chastia.com\/cs\/wp-json\/wp\/v2\/pages"}],"about":[{"href":"https:\/\/www.chastia.com\/cs\/wp-json\/wp\/v2\/types\/page"}],"author":[{"embeddable":true,"href":"https:\/\/www.chastia.com\/cs\/wp-json\/wp\/v2\/users\/1"}],"replies":[{"embeddable":true,"href":"https:\/\/www.chastia.com\/cs\/wp-json\/wp\/v2\/comments?post=3639"}],"version-history":[{"count":4,"href":"https:\/\/www.chastia.com\/cs\/wp-json\/wp\/v2\/pages\/3639\/revisions"}],"predecessor-version":[{"id":7684,"href":"https:\/\/www.chastia.com\/cs\/wp-json\/wp\/v2\/pages\/3639\/revisions\/7684"}],"up":[{"embeddable":true,"href":"https:\/\/www.chastia.com\/cs\/wp-json\/wp\/v2\/pages\/3694"}],"wp:attachment":[{"href":"https:\/\/www.chastia.com\/cs\/wp-json\/wp\/v2\/media?parent=3639"}],"curies":[{"name":"wp","href":"https:\/\/api.w.org\/{rel}","templated":true}]}}