{"id":3626,"date":"2016-11-02T11:09:27","date_gmt":"2016-11-02T10:09:27","guid":{"rendered":"http:\/\/chastia.pozorradar.sk\/produkty\/chastia-fm\/modul-overovanie-zariadeni\/?lang=cs"},"modified":"2020-02-12T10:04:31","modified_gmt":"2020-02-12T09:04:31","slug":"module-verification-devices","status":"publish","type":"page","link":"https:\/\/www.chastia.com\/cs\/products\/chastia-fm\/module-verification-devices\/","title":{"rendered":"Modul Ov\u011b\u0159ov\u00e1n\u00ed za\u0159\u00edzen\u00ed"},"content":{"rendered":"<p>[vc_row][vc_column]<H2>OV\u011a\u0158OV\u00c1N\u00cd ZA\u0158\u00cdZEN\u00cd<\/H2>[\/vc_column][\/vc_row][vc_row][vc_column][vc_column_text]Modul \u0159e\u0161\u00ed ov\u011b\u0159ov\u00e1n\u00ed r\u016fzn\u00fdch druh\u016f za\u0159\u00edzen\u00ed. Typick\u00fdm p\u0159\u00edkladem m\u016f\u017ee b\u00fdt cejchov\u00e1n\u00ed m\u011b\u0159i\u010d\u016f energi\u00ed.<\/p>\n<p>Modul umo\u017e\u0148uje:<\/p>\n<ul>\n<li>Evidovat za\u0159\u00edzen\u00ed podl\u00e9haj\u00edc\u00ed ov\u011b\u0159ov\u00e1n\u00ed.<\/li>\n<li>Evidovat m\u00edsta, kde se za\u0159\u00edzen\u00ed mohou b\u011bhem cel\u00e9ho procesu nach\u00e1zet.<\/li>\n<li>P\u0159i\u0159azovat za\u0159\u00edzen\u00edm aktivity (nap\u0159. cejchov\u00e1n\u00ed, kalibrace) a napl\u00e1novat je.<\/li>\n<li>Definovat za\u0159\u00edzen\u00edm r\u016fzn\u00e9 postupy ov\u011b\u0159ov\u00e1n\u00ed.<\/li>\n<li>Evidovat pr\u016fb\u011bh ov\u011b\u0159ov\u00e1n\u00ed, v\u010detn\u011b evidence sledovan\u00fdch technick\u00fdch \u00fadaj\u016f za\u0159\u00edzen\u00ed.<\/li>\n<li>Evidovat historii um\u00edst\u011bn\u00ed za\u0159\u00edzen\u00ed na m\u00edstech (nap\u0159. ve skladech).<\/li>\n<li>Evidovat historii m\u00edst (nap\u0159. m\u011b\u0159\u00edc\u00edch m\u00edst) z pohledu v\u00fdskytu za\u0159\u00edzen\u00ed anebo jejich komponent na m\u00edst\u011b b\u011bhem cel\u00e9 historie.<\/li>\n<li>Generovat mont\u00e1\u017en\u00ed karty ov\u011b\u0159ovan\u00fdch za\u0159\u00edzen\u00ed.<\/li>\n<li>Generovat pl\u00e1ny ov\u011b\u0159ov\u00e1n\u00ed na zvolen\u00e9 obdob\u00ed.<\/li>\n<li>Analyzovat pr\u016fb\u011bh ov\u011b\u0159ov\u00e1n\u00ed v \u010dase.<\/li>\n<\/ul>\n<p>[\/vc_column_text][\/vc_column][\/vc_row]<\/p>\n","protected":false},"excerpt":{"rendered":"<p>[vc_row][vc_column][\/vc_column][\/vc_row][vc_row][vc_column][vc_column_text]Modul \u0159e\u0161\u00ed ov\u011b\u0159ov\u00e1n\u00ed r\u016fzn\u00fdch druh\u016f za\u0159\u00edzen\u00ed. Typick\u00fdm p\u0159\u00edkladem m\u016f\u017ee b\u00fdt cejchov\u00e1n\u00ed m\u011b\u0159i\u010d\u016f energi\u00ed. Modul umo\u017e\u0148uje: Evidovat za\u0159\u00edzen\u00ed podl\u00e9haj\u00edc\u00ed ov\u011b\u0159ov\u00e1n\u00ed. Evidovat m\u00edsta, kde se za\u0159\u00edzen\u00ed mohou b\u011bhem cel\u00e9ho procesu nach\u00e1zet. P\u0159i\u0159azovat za\u0159\u00edzen\u00edm aktivity (nap\u0159. cejchov\u00e1n\u00ed, kalibrace) a napl\u00e1novat je. Definovat za\u0159\u00edzen\u00edm r\u016fzn\u00e9 postupy ov\u011b\u0159ov\u00e1n\u00ed. Evidovat pr\u016fb\u011bh ov\u011b\u0159ov\u00e1n\u00ed, v\u010detn\u011b evidence sledovan\u00fdch technick\u00fdch \u00fadaj\u016f za\u0159\u00edzen\u00ed. Evidovat historii um\u00edst\u011bn\u00ed [&hellip;]<\/p>\n","protected":false},"author":1,"featured_media":0,"parent":3694,"menu_order":0,"comment_status":"closed","ping_status":"closed","template":"","meta":{"footnotes":""},"yoast_head":"<!-- This site is optimized with the Yoast SEO plugin v22.8 - https:\/\/yoast.com\/wordpress\/plugins\/seo\/ -->\n<title>Modul Ov\u011b\u0159ov\u00e1n\u00ed za\u0159\u00edzen\u00ed - CHASTIA s.r.o.<\/title>\n<meta name=\"robots\" content=\"index, follow, max-snippet:-1, max-image-preview:large, max-video-preview:-1\" \/>\n<link rel=\"canonical\" href=\"https:\/\/www.chastia.com\/cs\/products\/chastia-fm\/module-verification-devices\/\" \/>\n<meta property=\"og:locale\" content=\"cs_CZ\" \/>\n<meta property=\"og:type\" content=\"article\" \/>\n<meta property=\"og:title\" content=\"Modul Ov\u011b\u0159ov\u00e1n\u00ed za\u0159\u00edzen\u00ed - CHASTIA s.r.o.\" \/>\n<meta property=\"og:description\" content=\"[vc_row][vc_column][\/vc_column][\/vc_row][vc_row][vc_column][vc_column_text]Modul \u0159e\u0161\u00ed ov\u011b\u0159ov\u00e1n\u00ed r\u016fzn\u00fdch druh\u016f za\u0159\u00edzen\u00ed. Typick\u00fdm p\u0159\u00edkladem m\u016f\u017ee b\u00fdt cejchov\u00e1n\u00ed m\u011b\u0159i\u010d\u016f energi\u00ed. Modul umo\u017e\u0148uje: Evidovat za\u0159\u00edzen\u00ed podl\u00e9haj\u00edc\u00ed ov\u011b\u0159ov\u00e1n\u00ed. Evidovat m\u00edsta, kde se za\u0159\u00edzen\u00ed mohou b\u011bhem cel\u00e9ho procesu nach\u00e1zet. P\u0159i\u0159azovat za\u0159\u00edzen\u00edm aktivity (nap\u0159. cejchov\u00e1n\u00ed, kalibrace) a napl\u00e1novat je. Definovat za\u0159\u00edzen\u00edm r\u016fzn\u00e9 postupy ov\u011b\u0159ov\u00e1n\u00ed. Evidovat pr\u016fb\u011bh ov\u011b\u0159ov\u00e1n\u00ed, v\u010detn\u011b evidence sledovan\u00fdch technick\u00fdch \u00fadaj\u016f za\u0159\u00edzen\u00ed. Evidovat historii um\u00edst\u011bn\u00ed [&hellip;]\" \/>\n<meta property=\"og:url\" content=\"https:\/\/www.chastia.com\/cs\/products\/chastia-fm\/module-verification-devices\/\" \/>\n<meta property=\"og:site_name\" content=\"CHASTIA s.r.o.\" \/>\n<meta property=\"article:publisher\" content=\"https:\/\/www.facebook.com\/chastia.cz\" \/>\n<meta property=\"article:modified_time\" content=\"2020-02-12T09:04:31+00:00\" \/>\n<meta property=\"og:image\" content=\"https:\/\/www.chastia.com\/wp-content\/uploads\/2024\/05\/chastia_V_T_logo.png\" \/>\n\t<meta property=\"og:image:width\" content=\"1240\" \/>\n\t<meta property=\"og:image:height\" content=\"827\" \/>\n\t<meta property=\"og:image:type\" content=\"image\/png\" \/>\n<meta name=\"twitter:card\" content=\"summary_large_image\" \/>\n<meta name=\"twitter:label1\" content=\"Odhadovan\u00e1 doba \u010dten\u00ed\" \/>\n\t<meta name=\"twitter:data1\" content=\"1 minuta\" \/>\n<script type=\"application\/ld+json\" class=\"yoast-schema-graph\">{\"@context\":\"https:\/\/schema.org\",\"@graph\":[{\"@type\":\"WebPage\",\"@id\":\"https:\/\/www.chastia.com\/cs\/products\/chastia-fm\/module-verification-devices\/\",\"url\":\"https:\/\/www.chastia.com\/cs\/products\/chastia-fm\/module-verification-devices\/\",\"name\":\"Modul Ov\u011b\u0159ov\u00e1n\u00ed za\u0159\u00edzen\u00ed - CHASTIA s.r.o.\",\"isPartOf\":{\"@id\":\"https:\/\/www.chastia.com\/cs\/#website\"},\"datePublished\":\"2016-11-02T10:09:27+00:00\",\"dateModified\":\"2020-02-12T09:04:31+00:00\",\"breadcrumb\":{\"@id\":\"https:\/\/www.chastia.com\/cs\/products\/chastia-fm\/module-verification-devices\/#breadcrumb\"},\"inLanguage\":\"cs\",\"potentialAction\":[{\"@type\":\"ReadAction\",\"target\":[\"https:\/\/www.chastia.com\/cs\/products\/chastia-fm\/module-verification-devices\/\"]}]},{\"@type\":\"BreadcrumbList\",\"@id\":\"https:\/\/www.chastia.com\/cs\/products\/chastia-fm\/module-verification-devices\/#breadcrumb\",\"itemListElement\":[{\"@type\":\"ListItem\",\"position\":1,\"name\":\"Home\",\"item\":\"https:\/\/www.chastia.com\/cs\/\"},{\"@type\":\"ListItem\",\"position\":2,\"name\":\"Produkty\",\"item\":\"https:\/\/www.chastia.com\/cs\/products\/\"},{\"@type\":\"ListItem\",\"position\":3,\"name\":\"Chastia FM\",\"item\":\"https:\/\/www.chastia.com\/cs\/products\/chastia-fm\/\"},{\"@type\":\"ListItem\",\"position\":4,\"name\":\"Modul Ov\u011b\u0159ov\u00e1n\u00ed za\u0159\u00edzen\u00ed\"}]},{\"@type\":\"WebSite\",\"@id\":\"https:\/\/www.chastia.com\/cs\/#website\",\"url\":\"https:\/\/www.chastia.com\/cs\/\",\"name\":\"CHASTIA s.r.o.\",\"description\":\"\",\"publisher\":{\"@id\":\"https:\/\/www.chastia.com\/cs\/#organization\"},\"alternateName\":\"CHASTIA\",\"potentialAction\":[{\"@type\":\"SearchAction\",\"target\":{\"@type\":\"EntryPoint\",\"urlTemplate\":\"https:\/\/www.chastia.com\/cs\/?s={search_term_string}\"},\"query-input\":\"required name=search_term_string\"}],\"inLanguage\":\"cs\"},{\"@type\":\"Organization\",\"@id\":\"https:\/\/www.chastia.com\/cs\/#organization\",\"name\":\"CHASTIA s.r.o.\",\"url\":\"https:\/\/www.chastia.com\/cs\/\",\"logo\":{\"@type\":\"ImageObject\",\"inLanguage\":\"cs\",\"@id\":\"https:\/\/www.chastia.com\/cs\/#\/schema\/logo\/image\/\",\"url\":\"https:\/\/www.chastia.com\/wp-content\/uploads\/2024\/05\/chastia_V_T_logo.png\",\"contentUrl\":\"https:\/\/www.chastia.com\/wp-content\/uploads\/2024\/05\/chastia_V_T_logo.png\",\"width\":1240,\"height\":827,\"caption\":\"CHASTIA s.r.o.\"},\"image\":{\"@id\":\"https:\/\/www.chastia.com\/cs\/#\/schema\/logo\/image\/\"},\"sameAs\":[\"https:\/\/www.facebook.com\/chastia.cz\"]}]}<\/script>\n<!-- \/ Yoast SEO plugin. -->","yoast_head_json":{"title":"Modul Ov\u011b\u0159ov\u00e1n\u00ed za\u0159\u00edzen\u00ed - CHASTIA s.r.o.","robots":{"index":"index","follow":"follow","max-snippet":"max-snippet:-1","max-image-preview":"max-image-preview:large","max-video-preview":"max-video-preview:-1"},"canonical":"https:\/\/www.chastia.com\/cs\/products\/chastia-fm\/module-verification-devices\/","og_locale":"cs_CZ","og_type":"article","og_title":"Modul Ov\u011b\u0159ov\u00e1n\u00ed za\u0159\u00edzen\u00ed - CHASTIA s.r.o.","og_description":"[vc_row][vc_column][\/vc_column][\/vc_row][vc_row][vc_column][vc_column_text]Modul \u0159e\u0161\u00ed ov\u011b\u0159ov\u00e1n\u00ed r\u016fzn\u00fdch druh\u016f za\u0159\u00edzen\u00ed. Typick\u00fdm p\u0159\u00edkladem m\u016f\u017ee b\u00fdt cejchov\u00e1n\u00ed m\u011b\u0159i\u010d\u016f energi\u00ed. Modul umo\u017e\u0148uje: Evidovat za\u0159\u00edzen\u00ed podl\u00e9haj\u00edc\u00ed ov\u011b\u0159ov\u00e1n\u00ed. Evidovat m\u00edsta, kde se za\u0159\u00edzen\u00ed mohou b\u011bhem cel\u00e9ho procesu nach\u00e1zet. P\u0159i\u0159azovat za\u0159\u00edzen\u00edm aktivity (nap\u0159. cejchov\u00e1n\u00ed, kalibrace) a napl\u00e1novat je. Definovat za\u0159\u00edzen\u00edm r\u016fzn\u00e9 postupy ov\u011b\u0159ov\u00e1n\u00ed. Evidovat pr\u016fb\u011bh ov\u011b\u0159ov\u00e1n\u00ed, v\u010detn\u011b evidence sledovan\u00fdch technick\u00fdch \u00fadaj\u016f za\u0159\u00edzen\u00ed. Evidovat historii um\u00edst\u011bn\u00ed [&hellip;]","og_url":"https:\/\/www.chastia.com\/cs\/products\/chastia-fm\/module-verification-devices\/","og_site_name":"CHASTIA s.r.o.","article_publisher":"https:\/\/www.facebook.com\/chastia.cz","article_modified_time":"2020-02-12T09:04:31+00:00","og_image":[{"width":1240,"height":827,"url":"https:\/\/www.chastia.com\/wp-content\/uploads\/2024\/05\/chastia_V_T_logo.png","type":"image\/png"}],"twitter_card":"summary_large_image","twitter_misc":{"Odhadovan\u00e1 doba \u010dten\u00ed":"1 minuta"},"schema":{"@context":"https:\/\/schema.org","@graph":[{"@type":"WebPage","@id":"https:\/\/www.chastia.com\/cs\/products\/chastia-fm\/module-verification-devices\/","url":"https:\/\/www.chastia.com\/cs\/products\/chastia-fm\/module-verification-devices\/","name":"Modul Ov\u011b\u0159ov\u00e1n\u00ed za\u0159\u00edzen\u00ed - CHASTIA s.r.o.","isPartOf":{"@id":"https:\/\/www.chastia.com\/cs\/#website"},"datePublished":"2016-11-02T10:09:27+00:00","dateModified":"2020-02-12T09:04:31+00:00","breadcrumb":{"@id":"https:\/\/www.chastia.com\/cs\/products\/chastia-fm\/module-verification-devices\/#breadcrumb"},"inLanguage":"cs","potentialAction":[{"@type":"ReadAction","target":["https:\/\/www.chastia.com\/cs\/products\/chastia-fm\/module-verification-devices\/"]}]},{"@type":"BreadcrumbList","@id":"https:\/\/www.chastia.com\/cs\/products\/chastia-fm\/module-verification-devices\/#breadcrumb","itemListElement":[{"@type":"ListItem","position":1,"name":"Home","item":"https:\/\/www.chastia.com\/cs\/"},{"@type":"ListItem","position":2,"name":"Produkty","item":"https:\/\/www.chastia.com\/cs\/products\/"},{"@type":"ListItem","position":3,"name":"Chastia FM","item":"https:\/\/www.chastia.com\/cs\/products\/chastia-fm\/"},{"@type":"ListItem","position":4,"name":"Modul Ov\u011b\u0159ov\u00e1n\u00ed za\u0159\u00edzen\u00ed"}]},{"@type":"WebSite","@id":"https:\/\/www.chastia.com\/cs\/#website","url":"https:\/\/www.chastia.com\/cs\/","name":"CHASTIA s.r.o.","description":"","publisher":{"@id":"https:\/\/www.chastia.com\/cs\/#organization"},"alternateName":"CHASTIA","potentialAction":[{"@type":"SearchAction","target":{"@type":"EntryPoint","urlTemplate":"https:\/\/www.chastia.com\/cs\/?s={search_term_string}"},"query-input":"required name=search_term_string"}],"inLanguage":"cs"},{"@type":"Organization","@id":"https:\/\/www.chastia.com\/cs\/#organization","name":"CHASTIA s.r.o.","url":"https:\/\/www.chastia.com\/cs\/","logo":{"@type":"ImageObject","inLanguage":"cs","@id":"https:\/\/www.chastia.com\/cs\/#\/schema\/logo\/image\/","url":"https:\/\/www.chastia.com\/wp-content\/uploads\/2024\/05\/chastia_V_T_logo.png","contentUrl":"https:\/\/www.chastia.com\/wp-content\/uploads\/2024\/05\/chastia_V_T_logo.png","width":1240,"height":827,"caption":"CHASTIA s.r.o."},"image":{"@id":"https:\/\/www.chastia.com\/cs\/#\/schema\/logo\/image\/"},"sameAs":["https:\/\/www.facebook.com\/chastia.cz"]}]}},"_links":{"self":[{"href":"https:\/\/www.chastia.com\/cs\/wp-json\/wp\/v2\/pages\/3626"}],"collection":[{"href":"https:\/\/www.chastia.com\/cs\/wp-json\/wp\/v2\/pages"}],"about":[{"href":"https:\/\/www.chastia.com\/cs\/wp-json\/wp\/v2\/types\/page"}],"author":[{"embeddable":true,"href":"https:\/\/www.chastia.com\/cs\/wp-json\/wp\/v2\/users\/1"}],"replies":[{"embeddable":true,"href":"https:\/\/www.chastia.com\/cs\/wp-json\/wp\/v2\/comments?post=3626"}],"version-history":[{"count":4,"href":"https:\/\/www.chastia.com\/cs\/wp-json\/wp\/v2\/pages\/3626\/revisions"}],"predecessor-version":[{"id":7704,"href":"https:\/\/www.chastia.com\/cs\/wp-json\/wp\/v2\/pages\/3626\/revisions\/7704"}],"up":[{"embeddable":true,"href":"https:\/\/www.chastia.com\/cs\/wp-json\/wp\/v2\/pages\/3694"}],"wp:attachment":[{"href":"https:\/\/www.chastia.com\/cs\/wp-json\/wp\/v2\/media?parent=3626"}],"curies":[{"name":"wp","href":"https:\/\/api.w.org\/{rel}","templated":true}]}}