{"id":3623,"date":"2016-11-02T11:07:57","date_gmt":"2016-11-02T10:07:57","guid":{"rendered":"http:\/\/chastia.pozorradar.sk\/produkty\/chastia-fm\/modul-majetok\/?lang=cs"},"modified":"2020-05-15T13:16:03","modified_gmt":"2020-05-15T11:16:03","slug":"module-property","status":"publish","type":"page","link":"https:\/\/www.chastia.com\/cs\/products\/chastia-fm\/module-property\/","title":{"rendered":"Modul Majetek"},"content":{"rendered":"<p>[vc_row][vc_column]<H2>Majetek<\/H2>[\/vc_column][\/vc_row][vc_row][vc_column][vc_column_text]Modul\u00a0\u0159e\u0161\u00ed efektivn\u00ed sledov\u00e1n\u00ed cel\u00e9ho \u017eivotn\u00edho cyklu objektu IS od po\u0159\u00edzen\u00ed, za\u0159azen\u00ed do majetku a\u017e po vy\u0159azen\u00ed z evidence majetku. P\u0159edm\u011btem sledov\u00e1n\u00ed jsou listy vlastnictv\u00ed, charakteristika objektu IS, \u017eivotnost, vlastn\u00edk\/n\u00e1jemce, cena, dodavatel a z\u00e1ruky, dodavatel\u00e9 servisu, pl\u00e1n \u00fadr\u017eby (prohl\u00eddky a revize, preventivn\u00ed \u00fadr\u017eba, sledov\u00e1n\u00ed opot\u0159eben\u00ed, \u2026), historie \u00fadr\u017eby, zm\u011bnov\u00e9 \u0159\u00edzen\u00ed, da\u0148ov\u00e9 a \u00fa\u010detn\u00ed odpisy, atd.<\/p>\n<p>Modul umo\u017e\u0148uje:<\/p>\n<ul>\n<li><strong>Kompletn\u00ed evidenci list\u016f vlastnictv\u00ed ve struktu\u0159e katastr\u00e1ln\u00edch \u00fadaj\u016f<\/strong>. Samoz\u0159ejmost\u00ed je mo\u017enost p\u0159ipojen\u00ed k z\u00e1znamu i oskenovan\u00e9ho origin\u00e1lu listu vlastnictv\u00ed. Krom\u011b toho evidovan\u00e9 pozemky, objekty, bytov\u00e9 a nebytov\u00e9 prostory jsou pln\u011b synchronizovan\u00e9 s celou Chasti\u00ed FM, co\u017e znamen\u00e1 nap\u0159\u00edklad mo\u017enost jejich vizualizaci ve v\u00fdkresech.<\/li>\n<li><strong>Evidenci dodavatel\u016f servisu<\/strong>, v\u010detn\u011b standardn\u00edch dodac\u00edch podm\u00ednek, kontaktn\u00edch \u00fadaj\u016f a podobn\u011b.<\/li>\n<li><strong>Sledov\u00e1n\u00ed opot\u0159eben\u00ed (vybran\u00fdch provozn\u00edch \u00fadaj\u016f)\u00a0<\/strong>sledovan\u00e9ho objektu anebo za\u0159\u00edzen\u00ed, nap\u0159. po\u010det ujet\u00fdch kilometr\u016f, po\u010det odpracovan\u00fdch hodin za\u0159\u00edzen\u00ed, tlou\u0161\u0165ka st\u011bny tlakov\u00e9 n\u00e1doby apod. Na z\u00e1klad\u011b dos\u00e1hnut\u00ed ur\u010dit\u00e9ho opot\u0159eben\u00ed je mo\u017en\u00e9 automaticky pl\u00e1novat \u00fadr\u017ebu.<\/li>\n<li><strong>Pl\u00e1novat \u00fadr\u017ebu\u00a0<\/strong>\u2013 modul\u00a0umo\u017e\u0148uje pl\u00e1novat \u00fadr\u017ebu r\u016fzn\u00fdmi zp\u016fsoby \u2013 podle \u010dasov\u00e9 periodicity, sez\u00f3nn\u00edch term\u00edn\u016f, podle dos\u00e1hnut\u00e9ho opot\u0159eben\u00ed a jejich kombinacemi.<br \/>\nPolo\u017eky pl\u00e1nu je mo\u017en\u00e9 objektu IS p\u0159i\u0159adit z definovan\u00fdch p\u0159edpis\u016f \u00fadr\u017eby pro jednotliv\u00e9 typy objekt\u016f IS (nap\u0159. prohl\u00eddky a revize vyhrazen\u00fdch technick\u00fdch za\u0159\u00edzen\u00ed), anebo p\u0159\u00edm\u00fdm z\u00e1pisem polo\u017eky \u00fadr\u017eby do pl\u00e1nu \u2013 nap\u0159. na z\u00e1klad\u011b doporu\u010den\u00ed v\u00fdrobce.<\/li>\n<li><strong>Sledovat historii \u00fadr\u017eby\u00a0<\/strong>\u2013 u uskute\u010dn\u011bn\u00e9 \u00fadr\u017eby se sleduj\u00ed zji\u0161t\u011bn\u00e9 nedostatky z prohl\u00eddek anebo reviz\u00ed a pr\u016fb\u011bh jejich odstra\u0148ov\u00e1n\u00ed, d\u00e1le se sleduje i opot\u0159eben\u00ed, pokud bylo b\u011bhem dan\u00e9ho \u00fakonu \u00fadr\u017eby zji\u0161t\u011bn\u00e9. Sou\u010d\u00e1st\u00ed z\u00e1znamu o vykonan\u00e9 \u00fadr\u017eb\u011b je nap\u0159. dodavatel \u00fadr\u017eby, cena, z\u00e1ru\u010dn\u00ed doba atd.<br \/>\nNedostatky zji\u0161t\u011bn\u00e9 b\u011bhem revize se d\u016fsledn\u011b sleduj\u00ed \u2013 vyhodnocuj\u00ed se term\u00edny, zodpov\u011bdn\u00e9 osoby atd.<\/li>\n<li>Ke ka\u017ed\u00e9 polo\u017ece \u00fadr\u017eby (servisn\u00edmu \u00fakonu) je mo\u017en\u00e9 p\u0159i\u0159adit podrobn\u00fd\u00a0<strong>pracovn\u00ed postup<\/strong>\u00a0pro vykon\u00e1n\u00ed \u00fadr\u017eby.<\/li>\n<li>Ke ka\u017ed\u00e9 polo\u017ece \u00fadr\u017eby je mo\u017en\u00e9<strong>\u00a0p\u0159ipojit neomezen\u00fd po\u010det elektronick\u00fdch dokument\u016f<\/strong>. (nap\u0159. oskenovan\u00fd origin\u00e1l revizn\u00ed zpr\u00e1vy, fotodokumentaci a podobn\u011b).<\/li>\n<li><strong>Sledovat zm\u011bnov\u00e9 \u0159\u00edzen\u00ed \u2013\u00a0b\u011bhem<\/strong> servisn\u00edch \u010dinnost\u00ed \u010dasto doch\u00e1z\u00ed k po\u017eadavku \u00fapravy technick\u00e9 dokumentace (v\u00fdkres\u016f, revizn\u00edch knih apod.). Tyto po\u017eadavky je mo\u017en\u00e9 evidovat a sledovat jejich vykon\u00e1n\u00ed.<\/li>\n<li><strong>Sledovat odpisy a poplatky.<\/strong>\u00a0Pro sledovan\u00e9 objekty informa\u010dn\u00edho syst\u00e9mu je mo\u017en\u00e9 evidovat a spravovat v\u0161echny druhy administrativn\u00edch n\u00e1klad\u016f, nap\u0159\u00edklad da\u0148ov\u00e9 a \u00fa\u010detn\u00ed odpisy (s mo\u017enost\u00ed v\u00fdpo\u010dtu anebo importu z \u00fa\u010detn\u00edch program\u016f), evidenci dan\u00ed z nemovitosti, evidenci pojistn\u00fdch smluv v\u010detn\u011b poplatk\u016f a pojistn\u00fdch ud\u00e1lost\u00ed a podobn\u011b.<\/li>\n<li><strong>Evidovat a \u0159e\u0161it reklamace<\/strong>\u00a0\u2013 sledov\u00e1n\u00ed r\u016fzn\u00fdch druh\u016f reklamac\u00ed (nap\u0159. p\u0159i p\u0159ed\u00e1n\u00ed nov\u00fdch prostor do u\u017e\u00edv\u00e1n\u00ed) umo\u017e\u0148uje p\u0159esnou evidenci, sledov\u00e1n\u00ed po\u017eadovan\u00fdch a skute\u010dn\u00fdch term\u00edn\u016f odstran\u011bn\u00ed nedostatk\u016f apod.<\/li>\n<\/ul>\n<p>Samoz\u0159ejmost\u00ed je propojen\u00ed sledovan\u00fdch objekt\u016f IS (za\u0159\u00edzen\u00ed) na jejich grafickou prezentaci ve v\u00fdkresech.[\/vc_column_text][\/vc_column][\/vc_row]<\/p>\n","protected":false},"excerpt":{"rendered":"<p>[vc_row][vc_column][\/vc_column][\/vc_row][vc_row][vc_column][vc_column_text]Modul\u00a0\u0159e\u0161\u00ed efektivn\u00ed sledov\u00e1n\u00ed cel\u00e9ho \u017eivotn\u00edho cyklu objektu IS od po\u0159\u00edzen\u00ed, za\u0159azen\u00ed do majetku a\u017e po vy\u0159azen\u00ed z evidence majetku. P\u0159edm\u011btem sledov\u00e1n\u00ed jsou listy vlastnictv\u00ed, charakteristika objektu IS, \u017eivotnost, vlastn\u00edk\/n\u00e1jemce, cena, dodavatel a z\u00e1ruky, dodavatel\u00e9 servisu, pl\u00e1n \u00fadr\u017eby (prohl\u00eddky a revize, preventivn\u00ed \u00fadr\u017eba, sledov\u00e1n\u00ed opot\u0159eben\u00ed, \u2026), historie \u00fadr\u017eby, zm\u011bnov\u00e9 \u0159\u00edzen\u00ed, da\u0148ov\u00e9 a \u00fa\u010detn\u00ed odpisy, atd. Modul [&hellip;]<\/p>\n","protected":false},"author":1,"featured_media":0,"parent":3694,"menu_order":0,"comment_status":"closed","ping_status":"closed","template":"","meta":{"footnotes":""},"yoast_head":"<!-- This site is optimized with the Yoast SEO plugin v22.8 - https:\/\/yoast.com\/wordpress\/plugins\/seo\/ -->\n<title>Modul Majetek - CHASTIA s.r.o.<\/title>\n<meta name=\"robots\" content=\"index, follow, max-snippet:-1, max-image-preview:large, max-video-preview:-1\" \/>\n<link rel=\"canonical\" href=\"https:\/\/www.chastia.com\/cs\/products\/chastia-fm\/module-property\/\" \/>\n<meta property=\"og:locale\" content=\"cs_CZ\" \/>\n<meta property=\"og:type\" content=\"article\" \/>\n<meta property=\"og:title\" content=\"Modul Majetek - CHASTIA s.r.o.\" \/>\n<meta property=\"og:description\" content=\"[vc_row][vc_column][\/vc_column][\/vc_row][vc_row][vc_column][vc_column_text]Modul\u00a0\u0159e\u0161\u00ed efektivn\u00ed sledov\u00e1n\u00ed cel\u00e9ho \u017eivotn\u00edho cyklu objektu IS od po\u0159\u00edzen\u00ed, za\u0159azen\u00ed do majetku a\u017e po vy\u0159azen\u00ed z evidence majetku. P\u0159edm\u011btem sledov\u00e1n\u00ed jsou listy vlastnictv\u00ed, charakteristika objektu IS, \u017eivotnost, vlastn\u00edk\/n\u00e1jemce, cena, dodavatel a z\u00e1ruky, dodavatel\u00e9 servisu, pl\u00e1n \u00fadr\u017eby (prohl\u00eddky a revize, preventivn\u00ed \u00fadr\u017eba, sledov\u00e1n\u00ed opot\u0159eben\u00ed, \u2026), historie \u00fadr\u017eby, zm\u011bnov\u00e9 \u0159\u00edzen\u00ed, da\u0148ov\u00e9 a \u00fa\u010detn\u00ed odpisy, atd. Modul [&hellip;]\" \/>\n<meta property=\"og:url\" content=\"https:\/\/www.chastia.com\/cs\/products\/chastia-fm\/module-property\/\" \/>\n<meta property=\"og:site_name\" content=\"CHASTIA s.r.o.\" \/>\n<meta property=\"article:publisher\" content=\"https:\/\/www.facebook.com\/chastia.cz\" \/>\n<meta property=\"article:modified_time\" content=\"2020-05-15T11:16:03+00:00\" \/>\n<meta property=\"og:image\" content=\"https:\/\/www.chastia.com\/wp-content\/uploads\/2024\/05\/chastia_V_T_logo.png\" \/>\n\t<meta property=\"og:image:width\" content=\"1240\" \/>\n\t<meta property=\"og:image:height\" content=\"827\" \/>\n\t<meta property=\"og:image:type\" content=\"image\/png\" \/>\n<meta name=\"twitter:card\" content=\"summary_large_image\" \/>\n<meta name=\"twitter:label1\" content=\"Odhadovan\u00e1 doba \u010dten\u00ed\" \/>\n\t<meta name=\"twitter:data1\" content=\"3 minuty\" \/>\n<script type=\"application\/ld+json\" class=\"yoast-schema-graph\">{\"@context\":\"https:\/\/schema.org\",\"@graph\":[{\"@type\":\"WebPage\",\"@id\":\"https:\/\/www.chastia.com\/cs\/products\/chastia-fm\/module-property\/\",\"url\":\"https:\/\/www.chastia.com\/cs\/products\/chastia-fm\/module-property\/\",\"name\":\"Modul Majetek - CHASTIA s.r.o.\",\"isPartOf\":{\"@id\":\"https:\/\/www.chastia.com\/cs\/#website\"},\"datePublished\":\"2016-11-02T10:07:57+00:00\",\"dateModified\":\"2020-05-15T11:16:03+00:00\",\"breadcrumb\":{\"@id\":\"https:\/\/www.chastia.com\/cs\/products\/chastia-fm\/module-property\/#breadcrumb\"},\"inLanguage\":\"cs\",\"potentialAction\":[{\"@type\":\"ReadAction\",\"target\":[\"https:\/\/www.chastia.com\/cs\/products\/chastia-fm\/module-property\/\"]}]},{\"@type\":\"BreadcrumbList\",\"@id\":\"https:\/\/www.chastia.com\/cs\/products\/chastia-fm\/module-property\/#breadcrumb\",\"itemListElement\":[{\"@type\":\"ListItem\",\"position\":1,\"name\":\"Home\",\"item\":\"https:\/\/www.chastia.com\/cs\/\"},{\"@type\":\"ListItem\",\"position\":2,\"name\":\"Produkty\",\"item\":\"https:\/\/www.chastia.com\/cs\/products\/\"},{\"@type\":\"ListItem\",\"position\":3,\"name\":\"Chastia FM\",\"item\":\"https:\/\/www.chastia.com\/cs\/products\/chastia-fm\/\"},{\"@type\":\"ListItem\",\"position\":4,\"name\":\"Modul Majetek\"}]},{\"@type\":\"WebSite\",\"@id\":\"https:\/\/www.chastia.com\/cs\/#website\",\"url\":\"https:\/\/www.chastia.com\/cs\/\",\"name\":\"CHASTIA s.r.o.\",\"description\":\"\",\"publisher\":{\"@id\":\"https:\/\/www.chastia.com\/cs\/#organization\"},\"alternateName\":\"CHASTIA\",\"potentialAction\":[{\"@type\":\"SearchAction\",\"target\":{\"@type\":\"EntryPoint\",\"urlTemplate\":\"https:\/\/www.chastia.com\/cs\/?s={search_term_string}\"},\"query-input\":\"required name=search_term_string\"}],\"inLanguage\":\"cs\"},{\"@type\":\"Organization\",\"@id\":\"https:\/\/www.chastia.com\/cs\/#organization\",\"name\":\"CHASTIA s.r.o.\",\"url\":\"https:\/\/www.chastia.com\/cs\/\",\"logo\":{\"@type\":\"ImageObject\",\"inLanguage\":\"cs\",\"@id\":\"https:\/\/www.chastia.com\/cs\/#\/schema\/logo\/image\/\",\"url\":\"https:\/\/www.chastia.com\/wp-content\/uploads\/2024\/05\/chastia_V_T_logo.png\",\"contentUrl\":\"https:\/\/www.chastia.com\/wp-content\/uploads\/2024\/05\/chastia_V_T_logo.png\",\"width\":1240,\"height\":827,\"caption\":\"CHASTIA s.r.o.\"},\"image\":{\"@id\":\"https:\/\/www.chastia.com\/cs\/#\/schema\/logo\/image\/\"},\"sameAs\":[\"https:\/\/www.facebook.com\/chastia.cz\"]}]}<\/script>\n<!-- \/ Yoast SEO plugin. -->","yoast_head_json":{"title":"Modul Majetek - CHASTIA s.r.o.","robots":{"index":"index","follow":"follow","max-snippet":"max-snippet:-1","max-image-preview":"max-image-preview:large","max-video-preview":"max-video-preview:-1"},"canonical":"https:\/\/www.chastia.com\/cs\/products\/chastia-fm\/module-property\/","og_locale":"cs_CZ","og_type":"article","og_title":"Modul Majetek - CHASTIA s.r.o.","og_description":"[vc_row][vc_column][\/vc_column][\/vc_row][vc_row][vc_column][vc_column_text]Modul\u00a0\u0159e\u0161\u00ed efektivn\u00ed sledov\u00e1n\u00ed cel\u00e9ho \u017eivotn\u00edho cyklu objektu IS od po\u0159\u00edzen\u00ed, za\u0159azen\u00ed do majetku a\u017e po vy\u0159azen\u00ed z evidence majetku. P\u0159edm\u011btem sledov\u00e1n\u00ed jsou listy vlastnictv\u00ed, charakteristika objektu IS, \u017eivotnost, vlastn\u00edk\/n\u00e1jemce, cena, dodavatel a z\u00e1ruky, dodavatel\u00e9 servisu, pl\u00e1n \u00fadr\u017eby (prohl\u00eddky a revize, preventivn\u00ed \u00fadr\u017eba, sledov\u00e1n\u00ed opot\u0159eben\u00ed, \u2026), historie \u00fadr\u017eby, zm\u011bnov\u00e9 \u0159\u00edzen\u00ed, da\u0148ov\u00e9 a \u00fa\u010detn\u00ed odpisy, atd. Modul [&hellip;]","og_url":"https:\/\/www.chastia.com\/cs\/products\/chastia-fm\/module-property\/","og_site_name":"CHASTIA s.r.o.","article_publisher":"https:\/\/www.facebook.com\/chastia.cz","article_modified_time":"2020-05-15T11:16:03+00:00","og_image":[{"width":1240,"height":827,"url":"https:\/\/www.chastia.com\/wp-content\/uploads\/2024\/05\/chastia_V_T_logo.png","type":"image\/png"}],"twitter_card":"summary_large_image","twitter_misc":{"Odhadovan\u00e1 doba \u010dten\u00ed":"3 minuty"},"schema":{"@context":"https:\/\/schema.org","@graph":[{"@type":"WebPage","@id":"https:\/\/www.chastia.com\/cs\/products\/chastia-fm\/module-property\/","url":"https:\/\/www.chastia.com\/cs\/products\/chastia-fm\/module-property\/","name":"Modul Majetek - CHASTIA s.r.o.","isPartOf":{"@id":"https:\/\/www.chastia.com\/cs\/#website"},"datePublished":"2016-11-02T10:07:57+00:00","dateModified":"2020-05-15T11:16:03+00:00","breadcrumb":{"@id":"https:\/\/www.chastia.com\/cs\/products\/chastia-fm\/module-property\/#breadcrumb"},"inLanguage":"cs","potentialAction":[{"@type":"ReadAction","target":["https:\/\/www.chastia.com\/cs\/products\/chastia-fm\/module-property\/"]}]},{"@type":"BreadcrumbList","@id":"https:\/\/www.chastia.com\/cs\/products\/chastia-fm\/module-property\/#breadcrumb","itemListElement":[{"@type":"ListItem","position":1,"name":"Home","item":"https:\/\/www.chastia.com\/cs\/"},{"@type":"ListItem","position":2,"name":"Produkty","item":"https:\/\/www.chastia.com\/cs\/products\/"},{"@type":"ListItem","position":3,"name":"Chastia FM","item":"https:\/\/www.chastia.com\/cs\/products\/chastia-fm\/"},{"@type":"ListItem","position":4,"name":"Modul Majetek"}]},{"@type":"WebSite","@id":"https:\/\/www.chastia.com\/cs\/#website","url":"https:\/\/www.chastia.com\/cs\/","name":"CHASTIA s.r.o.","description":"","publisher":{"@id":"https:\/\/www.chastia.com\/cs\/#organization"},"alternateName":"CHASTIA","potentialAction":[{"@type":"SearchAction","target":{"@type":"EntryPoint","urlTemplate":"https:\/\/www.chastia.com\/cs\/?s={search_term_string}"},"query-input":"required name=search_term_string"}],"inLanguage":"cs"},{"@type":"Organization","@id":"https:\/\/www.chastia.com\/cs\/#organization","name":"CHASTIA s.r.o.","url":"https:\/\/www.chastia.com\/cs\/","logo":{"@type":"ImageObject","inLanguage":"cs","@id":"https:\/\/www.chastia.com\/cs\/#\/schema\/logo\/image\/","url":"https:\/\/www.chastia.com\/wp-content\/uploads\/2024\/05\/chastia_V_T_logo.png","contentUrl":"https:\/\/www.chastia.com\/wp-content\/uploads\/2024\/05\/chastia_V_T_logo.png","width":1240,"height":827,"caption":"CHASTIA s.r.o."},"image":{"@id":"https:\/\/www.chastia.com\/cs\/#\/schema\/logo\/image\/"},"sameAs":["https:\/\/www.facebook.com\/chastia.cz"]}]}},"_links":{"self":[{"href":"https:\/\/www.chastia.com\/cs\/wp-json\/wp\/v2\/pages\/3623"}],"collection":[{"href":"https:\/\/www.chastia.com\/cs\/wp-json\/wp\/v2\/pages"}],"about":[{"href":"https:\/\/www.chastia.com\/cs\/wp-json\/wp\/v2\/types\/page"}],"author":[{"embeddable":true,"href":"https:\/\/www.chastia.com\/cs\/wp-json\/wp\/v2\/users\/1"}],"replies":[{"embeddable":true,"href":"https:\/\/www.chastia.com\/cs\/wp-json\/wp\/v2\/comments?post=3623"}],"version-history":[{"count":5,"href":"https:\/\/www.chastia.com\/cs\/wp-json\/wp\/v2\/pages\/3623\/revisions"}],"predecessor-version":[{"id":8260,"href":"https:\/\/www.chastia.com\/cs\/wp-json\/wp\/v2\/pages\/3623\/revisions\/8260"}],"up":[{"embeddable":true,"href":"https:\/\/www.chastia.com\/cs\/wp-json\/wp\/v2\/pages\/3694"}],"wp:attachment":[{"href":"https:\/\/www.chastia.com\/cs\/wp-json\/wp\/v2\/media?parent=3623"}],"curies":[{"name":"wp","href":"https:\/\/api.w.org\/{rel}","templated":true}]}}