{"id":3620,"date":"2016-11-02T11:06:49","date_gmt":"2016-11-02T10:06:49","guid":{"rendered":"http:\/\/chastia.pozorradar.sk\/produkty\/chastia-fm\/modul-ludske-zdroje\/?lang=cs"},"modified":"2020-05-15T13:10:42","modified_gmt":"2020-05-15T11:10:42","slug":"module-directory","status":"publish","type":"page","link":"https:\/\/www.chastia.com\/cs\/products\/chastia-fm\/module-directory\/","title":{"rendered":"Modul Adres\u00e1\u0159"},"content":{"rendered":"<p>[vc_row][vc_column]<H2>ADRES\u00c1\u0158<\/H2>[\/vc_column][\/vc_row][vc_row][vc_column][vc_column_text]Modul \u0159e\u0161\u00ed kompletn\u00ed evidenci vlastn\u00edch i ciz\u00edch firem v\u010detn\u011b jejich zam\u011bstnanc\u016f na jednom m\u00edst\u011b. Firmy a jejich zam\u011bstnanci se p\u0159itom chovaj\u00ed jako kter\u00fdkoliv jin\u00fd objekt informa\u010dn\u00edho syst\u00e9mu, z \u010deho\u017e vypl\u00fdv\u00e1, \u017ee mohou b\u00fdt um\u00eds\u0165ov\u00e1ni do v\u00fdkres\u016f v podob\u011b zna\u010dek anebo fotografi\u00ed, mohou se k nim p\u0159ipojovat libovoln\u00e9 elektronick\u00e9 dokumenty apod.<\/p>\n<p>Zp\u016fsob \u0159e\u0161en\u00ed modulu reaguje na \u010dast\u00e9 zm\u011bny v jednotliv\u00fdch spole\u010dnostech a jejich majetkov\u00fdch vztah\u016f a z\u00e1rove\u0148 otev\u00edr\u00e1 cestu k jednoduch\u00e9mu \u0159e\u0161en\u00ed dal\u0161\u00edch p\u0159ipravovan\u00fdch modul\u016f v Chastii FM.<\/p>\n<p>Modul \u0159e\u0161\u00ed krom\u011b jin\u00e9ho i evidenci organiza\u010dn\u00ed struktury podniku a evidenci zam\u011bstnanc\u016f a jejich funkc\u00ed.<\/p>\n<p>Typick\u00fdmi v\u00fdstupy z modulu mohou b\u00fdt:<\/p>\n<ul>\n<li>adres\u00e1\u0159 firem,<\/li>\n<li>adres\u00e1\u0159 zam\u011bstnanc\u016f,<\/li>\n<li>karty zam\u011bstnanc\u016f,<\/li>\n<li>struktura za\u0159azen\u00ed zam\u011bstnanc\u016f,<\/li>\n<li>telefonn\u00ed seznamy,<\/li>\n<li>\u2026..<\/li>\n<\/ul>\n<p>Modul spolupracuje s moduly \u201eMajetek\u201c a \u201eSpr\u00e1va a N\u00e1jmy\u201c.[\/vc_column_text][\/vc_column][\/vc_row]<\/p>\n","protected":false},"excerpt":{"rendered":"<p>[vc_row][vc_column][\/vc_column][\/vc_row][vc_row][vc_column][vc_column_text]Modul \u0159e\u0161\u00ed kompletn\u00ed evidenci vlastn\u00edch i ciz\u00edch firem v\u010detn\u011b jejich zam\u011bstnanc\u016f na jednom m\u00edst\u011b. Firmy a jejich zam\u011bstnanci se p\u0159itom chovaj\u00ed jako kter\u00fdkoliv jin\u00fd objekt informa\u010dn\u00edho syst\u00e9mu, z \u010deho\u017e vypl\u00fdv\u00e1, \u017ee mohou b\u00fdt um\u00eds\u0165ov\u00e1ni do v\u00fdkres\u016f v podob\u011b zna\u010dek anebo fotografi\u00ed, mohou se k nim p\u0159ipojovat libovoln\u00e9 elektronick\u00e9 dokumenty apod. Zp\u016fsob \u0159e\u0161en\u00ed modulu reaguje na [&hellip;]<\/p>\n","protected":false},"author":1,"featured_media":0,"parent":3694,"menu_order":0,"comment_status":"closed","ping_status":"closed","template":"","meta":{"footnotes":""},"yoast_head":"<!-- This site is optimized with the Yoast SEO plugin v22.8 - https:\/\/yoast.com\/wordpress\/plugins\/seo\/ -->\n<title>Modul Adres\u00e1\u0159 - CHASTIA s.r.o.<\/title>\n<meta name=\"robots\" content=\"index, follow, max-snippet:-1, max-image-preview:large, max-video-preview:-1\" \/>\n<link rel=\"canonical\" href=\"https:\/\/www.chastia.com\/cs\/products\/chastia-fm\/module-directory\/\" \/>\n<meta property=\"og:locale\" content=\"cs_CZ\" \/>\n<meta property=\"og:type\" content=\"article\" \/>\n<meta property=\"og:title\" content=\"Modul Adres\u00e1\u0159 - CHASTIA s.r.o.\" \/>\n<meta property=\"og:description\" content=\"[vc_row][vc_column][\/vc_column][\/vc_row][vc_row][vc_column][vc_column_text]Modul \u0159e\u0161\u00ed kompletn\u00ed evidenci vlastn\u00edch i ciz\u00edch firem v\u010detn\u011b jejich zam\u011bstnanc\u016f na jednom m\u00edst\u011b. Firmy a jejich zam\u011bstnanci se p\u0159itom chovaj\u00ed jako kter\u00fdkoliv jin\u00fd objekt informa\u010dn\u00edho syst\u00e9mu, z \u010deho\u017e vypl\u00fdv\u00e1, \u017ee mohou b\u00fdt um\u00eds\u0165ov\u00e1ni do v\u00fdkres\u016f v podob\u011b zna\u010dek anebo fotografi\u00ed, mohou se k nim p\u0159ipojovat libovoln\u00e9 elektronick\u00e9 dokumenty apod. Zp\u016fsob \u0159e\u0161en\u00ed modulu reaguje na [&hellip;]\" \/>\n<meta property=\"og:url\" content=\"https:\/\/www.chastia.com\/cs\/products\/chastia-fm\/module-directory\/\" \/>\n<meta property=\"og:site_name\" content=\"CHASTIA s.r.o.\" \/>\n<meta property=\"article:publisher\" content=\"https:\/\/www.facebook.com\/chastia.cz\" \/>\n<meta property=\"article:modified_time\" content=\"2020-05-15T11:10:42+00:00\" \/>\n<meta property=\"og:image\" content=\"https:\/\/www.chastia.com\/wp-content\/uploads\/2024\/05\/chastia_V_T_logo.png\" \/>\n\t<meta property=\"og:image:width\" content=\"1240\" \/>\n\t<meta property=\"og:image:height\" content=\"827\" \/>\n\t<meta property=\"og:image:type\" content=\"image\/png\" \/>\n<meta name=\"twitter:card\" content=\"summary_large_image\" \/>\n<meta name=\"twitter:label1\" content=\"Odhadovan\u00e1 doba \u010dten\u00ed\" \/>\n\t<meta name=\"twitter:data1\" content=\"1 minuta\" \/>\n<script type=\"application\/ld+json\" class=\"yoast-schema-graph\">{\"@context\":\"https:\/\/schema.org\",\"@graph\":[{\"@type\":\"WebPage\",\"@id\":\"https:\/\/www.chastia.com\/cs\/products\/chastia-fm\/module-directory\/\",\"url\":\"https:\/\/www.chastia.com\/cs\/products\/chastia-fm\/module-directory\/\",\"name\":\"Modul Adres\u00e1\u0159 - CHASTIA s.r.o.\",\"isPartOf\":{\"@id\":\"https:\/\/www.chastia.com\/cs\/#website\"},\"datePublished\":\"2016-11-02T10:06:49+00:00\",\"dateModified\":\"2020-05-15T11:10:42+00:00\",\"breadcrumb\":{\"@id\":\"https:\/\/www.chastia.com\/cs\/products\/chastia-fm\/module-directory\/#breadcrumb\"},\"inLanguage\":\"cs\",\"potentialAction\":[{\"@type\":\"ReadAction\",\"target\":[\"https:\/\/www.chastia.com\/cs\/products\/chastia-fm\/module-directory\/\"]}]},{\"@type\":\"BreadcrumbList\",\"@id\":\"https:\/\/www.chastia.com\/cs\/products\/chastia-fm\/module-directory\/#breadcrumb\",\"itemListElement\":[{\"@type\":\"ListItem\",\"position\":1,\"name\":\"Home\",\"item\":\"https:\/\/www.chastia.com\/cs\/\"},{\"@type\":\"ListItem\",\"position\":2,\"name\":\"Produkty\",\"item\":\"https:\/\/www.chastia.com\/cs\/products\/\"},{\"@type\":\"ListItem\",\"position\":3,\"name\":\"Chastia FM\",\"item\":\"https:\/\/www.chastia.com\/cs\/products\/chastia-fm\/\"},{\"@type\":\"ListItem\",\"position\":4,\"name\":\"Modul Adres\u00e1\u0159\"}]},{\"@type\":\"WebSite\",\"@id\":\"https:\/\/www.chastia.com\/cs\/#website\",\"url\":\"https:\/\/www.chastia.com\/cs\/\",\"name\":\"CHASTIA s.r.o.\",\"description\":\"\",\"publisher\":{\"@id\":\"https:\/\/www.chastia.com\/cs\/#organization\"},\"alternateName\":\"CHASTIA\",\"potentialAction\":[{\"@type\":\"SearchAction\",\"target\":{\"@type\":\"EntryPoint\",\"urlTemplate\":\"https:\/\/www.chastia.com\/cs\/?s={search_term_string}\"},\"query-input\":\"required name=search_term_string\"}],\"inLanguage\":\"cs\"},{\"@type\":\"Organization\",\"@id\":\"https:\/\/www.chastia.com\/cs\/#organization\",\"name\":\"CHASTIA s.r.o.\",\"url\":\"https:\/\/www.chastia.com\/cs\/\",\"logo\":{\"@type\":\"ImageObject\",\"inLanguage\":\"cs\",\"@id\":\"https:\/\/www.chastia.com\/cs\/#\/schema\/logo\/image\/\",\"url\":\"https:\/\/www.chastia.com\/wp-content\/uploads\/2024\/05\/chastia_V_T_logo.png\",\"contentUrl\":\"https:\/\/www.chastia.com\/wp-content\/uploads\/2024\/05\/chastia_V_T_logo.png\",\"width\":1240,\"height\":827,\"caption\":\"CHASTIA s.r.o.\"},\"image\":{\"@id\":\"https:\/\/www.chastia.com\/cs\/#\/schema\/logo\/image\/\"},\"sameAs\":[\"https:\/\/www.facebook.com\/chastia.cz\"]}]}<\/script>\n<!-- \/ Yoast SEO plugin. -->","yoast_head_json":{"title":"Modul Adres\u00e1\u0159 - CHASTIA s.r.o.","robots":{"index":"index","follow":"follow","max-snippet":"max-snippet:-1","max-image-preview":"max-image-preview:large","max-video-preview":"max-video-preview:-1"},"canonical":"https:\/\/www.chastia.com\/cs\/products\/chastia-fm\/module-directory\/","og_locale":"cs_CZ","og_type":"article","og_title":"Modul Adres\u00e1\u0159 - CHASTIA s.r.o.","og_description":"[vc_row][vc_column][\/vc_column][\/vc_row][vc_row][vc_column][vc_column_text]Modul \u0159e\u0161\u00ed kompletn\u00ed evidenci vlastn\u00edch i ciz\u00edch firem v\u010detn\u011b jejich zam\u011bstnanc\u016f na jednom m\u00edst\u011b. Firmy a jejich zam\u011bstnanci se p\u0159itom chovaj\u00ed jako kter\u00fdkoliv jin\u00fd objekt informa\u010dn\u00edho syst\u00e9mu, z \u010deho\u017e vypl\u00fdv\u00e1, \u017ee mohou b\u00fdt um\u00eds\u0165ov\u00e1ni do v\u00fdkres\u016f v podob\u011b zna\u010dek anebo fotografi\u00ed, mohou se k nim p\u0159ipojovat libovoln\u00e9 elektronick\u00e9 dokumenty apod. Zp\u016fsob \u0159e\u0161en\u00ed modulu reaguje na [&hellip;]","og_url":"https:\/\/www.chastia.com\/cs\/products\/chastia-fm\/module-directory\/","og_site_name":"CHASTIA s.r.o.","article_publisher":"https:\/\/www.facebook.com\/chastia.cz","article_modified_time":"2020-05-15T11:10:42+00:00","og_image":[{"width":1240,"height":827,"url":"https:\/\/www.chastia.com\/wp-content\/uploads\/2024\/05\/chastia_V_T_logo.png","type":"image\/png"}],"twitter_card":"summary_large_image","twitter_misc":{"Odhadovan\u00e1 doba \u010dten\u00ed":"1 minuta"},"schema":{"@context":"https:\/\/schema.org","@graph":[{"@type":"WebPage","@id":"https:\/\/www.chastia.com\/cs\/products\/chastia-fm\/module-directory\/","url":"https:\/\/www.chastia.com\/cs\/products\/chastia-fm\/module-directory\/","name":"Modul Adres\u00e1\u0159 - CHASTIA s.r.o.","isPartOf":{"@id":"https:\/\/www.chastia.com\/cs\/#website"},"datePublished":"2016-11-02T10:06:49+00:00","dateModified":"2020-05-15T11:10:42+00:00","breadcrumb":{"@id":"https:\/\/www.chastia.com\/cs\/products\/chastia-fm\/module-directory\/#breadcrumb"},"inLanguage":"cs","potentialAction":[{"@type":"ReadAction","target":["https:\/\/www.chastia.com\/cs\/products\/chastia-fm\/module-directory\/"]}]},{"@type":"BreadcrumbList","@id":"https:\/\/www.chastia.com\/cs\/products\/chastia-fm\/module-directory\/#breadcrumb","itemListElement":[{"@type":"ListItem","position":1,"name":"Home","item":"https:\/\/www.chastia.com\/cs\/"},{"@type":"ListItem","position":2,"name":"Produkty","item":"https:\/\/www.chastia.com\/cs\/products\/"},{"@type":"ListItem","position":3,"name":"Chastia FM","item":"https:\/\/www.chastia.com\/cs\/products\/chastia-fm\/"},{"@type":"ListItem","position":4,"name":"Modul Adres\u00e1\u0159"}]},{"@type":"WebSite","@id":"https:\/\/www.chastia.com\/cs\/#website","url":"https:\/\/www.chastia.com\/cs\/","name":"CHASTIA s.r.o.","description":"","publisher":{"@id":"https:\/\/www.chastia.com\/cs\/#organization"},"alternateName":"CHASTIA","potentialAction":[{"@type":"SearchAction","target":{"@type":"EntryPoint","urlTemplate":"https:\/\/www.chastia.com\/cs\/?s={search_term_string}"},"query-input":"required name=search_term_string"}],"inLanguage":"cs"},{"@type":"Organization","@id":"https:\/\/www.chastia.com\/cs\/#organization","name":"CHASTIA s.r.o.","url":"https:\/\/www.chastia.com\/cs\/","logo":{"@type":"ImageObject","inLanguage":"cs","@id":"https:\/\/www.chastia.com\/cs\/#\/schema\/logo\/image\/","url":"https:\/\/www.chastia.com\/wp-content\/uploads\/2024\/05\/chastia_V_T_logo.png","contentUrl":"https:\/\/www.chastia.com\/wp-content\/uploads\/2024\/05\/chastia_V_T_logo.png","width":1240,"height":827,"caption":"CHASTIA s.r.o."},"image":{"@id":"https:\/\/www.chastia.com\/cs\/#\/schema\/logo\/image\/"},"sameAs":["https:\/\/www.facebook.com\/chastia.cz"]}]}},"_links":{"self":[{"href":"https:\/\/www.chastia.com\/cs\/wp-json\/wp\/v2\/pages\/3620"}],"collection":[{"href":"https:\/\/www.chastia.com\/cs\/wp-json\/wp\/v2\/pages"}],"about":[{"href":"https:\/\/www.chastia.com\/cs\/wp-json\/wp\/v2\/types\/page"}],"author":[{"embeddable":true,"href":"https:\/\/www.chastia.com\/cs\/wp-json\/wp\/v2\/users\/1"}],"replies":[{"embeddable":true,"href":"https:\/\/www.chastia.com\/cs\/wp-json\/wp\/v2\/comments?post=3620"}],"version-history":[{"count":6,"href":"https:\/\/www.chastia.com\/cs\/wp-json\/wp\/v2\/pages\/3620\/revisions"}],"predecessor-version":[{"id":8256,"href":"https:\/\/www.chastia.com\/cs\/wp-json\/wp\/v2\/pages\/3620\/revisions\/8256"}],"up":[{"embeddable":true,"href":"https:\/\/www.chastia.com\/cs\/wp-json\/wp\/v2\/pages\/3694"}],"wp:attachment":[{"href":"https:\/\/www.chastia.com\/cs\/wp-json\/wp\/v2\/media?parent=3620"}],"curies":[{"name":"wp","href":"https:\/\/api.w.org\/{rel}","templated":true}]}}