{"id":3617,"date":"2016-11-02T11:04:03","date_gmt":"2016-11-02T10:04:03","guid":{"rendered":"http:\/\/chastia.pozorradar.sk\/produkty\/chastia-fm\/modul-ekonomika\/?lang=cs"},"modified":"2020-02-12T09:42:56","modified_gmt":"2020-02-12T08:42:56","slug":"module-economic","status":"publish","type":"page","link":"https:\/\/www.chastia.com\/cs\/products\/chastia-fm\/module-economic\/","title":{"rendered":"Modul Ekonomika"},"content":{"rendered":"<p>[vc_row][vc_column]<H2>Ekonomika<\/H2>[\/vc_column][\/vc_row][vc_row][vc_column][vc_column_text]P\u0159edm\u011btem \u0159e\u0161en\u00ed modulu je evidence do\u0161l\u00fdch \u00fahrad za vystaven\u00e9 faktury z Chastie FM, jejich p\u00e1rov\u00e1n\u00ed na vystaven\u00e9 doklady a sledov\u00e1n\u00ed pohled\u00e1vek a\u017e po jejich \u00fapln\u00e9 vy\u0159e\u0161en\u00ed,<\/p>\n<p>Modul umo\u017e\u0148uje zejm\u00e9na:<\/p>\n<ul>\n<li><strong>Evidovat do\u0161l\u00e9 \u00fahrady\u00a0<\/strong>\u2013 ru\u010dn\u00edm zad\u00e1n\u00edm, importem z \u00fa\u010detnictv\u00ed anebo importem elektronick\u00fdch bankovn\u00edch v\u00fdpis\u016f.<\/li>\n<li><strong>P\u00e1rov\u00e1n\u00ed \u00fahrad\u00a0<\/strong>na vystaven\u00e9 doklady anebo partnera (automaticky, poloautomaticky, ru\u010dn\u011b).<\/li>\n<li><strong>Sledov\u00e1n\u00ed pohled\u00e1vek\u00a0<\/strong>\u2013 podle u\u017eivatelsky definovateln\u00e9ho \u201eworkflow\u201c sleduje placen\u00ed \u00fahrad za vystaven\u00e9 doklady, vypo\u010d\u00edt\u00e1v\u00e1 dobu prodlen\u00ed, pen\u00e1le a \u0159e\u0161\u00ed generov\u00e1n\u00ed upom\u00ednek.<\/li>\n<li><strong>Anal\u00fdzu pohled\u00e1vek\u00a0<\/strong>prost\u0159ednictv\u00edm r\u016fzn\u00fdch pohled\u016f.<\/li>\n<\/ul>\n<p>[\/vc_column_text][\/vc_column][\/vc_row]<\/p>\n","protected":false},"excerpt":{"rendered":"<p>[vc_row][vc_column][\/vc_column][\/vc_row][vc_row][vc_column][vc_column_text]P\u0159edm\u011btem \u0159e\u0161en\u00ed modulu je evidence do\u0161l\u00fdch \u00fahrad za vystaven\u00e9 faktury z Chastie FM, jejich p\u00e1rov\u00e1n\u00ed na vystaven\u00e9 doklady a sledov\u00e1n\u00ed pohled\u00e1vek a\u017e po jejich \u00fapln\u00e9 vy\u0159e\u0161en\u00ed, Modul umo\u017e\u0148uje zejm\u00e9na: Evidovat do\u0161l\u00e9 \u00fahrady\u00a0\u2013 ru\u010dn\u00edm zad\u00e1n\u00edm, importem z \u00fa\u010detnictv\u00ed anebo importem elektronick\u00fdch bankovn\u00edch v\u00fdpis\u016f. P\u00e1rov\u00e1n\u00ed \u00fahrad\u00a0na vystaven\u00e9 doklady anebo partnera (automaticky, poloautomaticky, ru\u010dn\u011b). Sledov\u00e1n\u00ed pohled\u00e1vek\u00a0\u2013 podle u\u017eivatelsky [&hellip;]<\/p>\n","protected":false},"author":1,"featured_media":0,"parent":3694,"menu_order":0,"comment_status":"closed","ping_status":"closed","template":"","meta":{"footnotes":""},"yoast_head":"<!-- This site is optimized with the Yoast SEO plugin v22.8 - https:\/\/yoast.com\/wordpress\/plugins\/seo\/ -->\n<title>Modul Ekonomika - CHASTIA s.r.o.<\/title>\n<meta name=\"robots\" content=\"index, follow, max-snippet:-1, max-image-preview:large, max-video-preview:-1\" \/>\n<link rel=\"canonical\" href=\"https:\/\/www.chastia.com\/cs\/products\/chastia-fm\/module-economic\/\" \/>\n<meta property=\"og:locale\" content=\"cs_CZ\" \/>\n<meta property=\"og:type\" content=\"article\" \/>\n<meta property=\"og:title\" content=\"Modul Ekonomika - CHASTIA s.r.o.\" \/>\n<meta property=\"og:description\" content=\"[vc_row][vc_column][\/vc_column][\/vc_row][vc_row][vc_column][vc_column_text]P\u0159edm\u011btem \u0159e\u0161en\u00ed modulu je evidence do\u0161l\u00fdch \u00fahrad za vystaven\u00e9 faktury z Chastie FM, jejich p\u00e1rov\u00e1n\u00ed na vystaven\u00e9 doklady a sledov\u00e1n\u00ed pohled\u00e1vek a\u017e po jejich \u00fapln\u00e9 vy\u0159e\u0161en\u00ed, Modul umo\u017e\u0148uje zejm\u00e9na: Evidovat do\u0161l\u00e9 \u00fahrady\u00a0\u2013 ru\u010dn\u00edm zad\u00e1n\u00edm, importem z \u00fa\u010detnictv\u00ed anebo importem elektronick\u00fdch bankovn\u00edch v\u00fdpis\u016f. P\u00e1rov\u00e1n\u00ed \u00fahrad\u00a0na vystaven\u00e9 doklady anebo partnera (automaticky, poloautomaticky, ru\u010dn\u011b). Sledov\u00e1n\u00ed pohled\u00e1vek\u00a0\u2013 podle u\u017eivatelsky [&hellip;]\" \/>\n<meta property=\"og:url\" content=\"https:\/\/www.chastia.com\/cs\/products\/chastia-fm\/module-economic\/\" \/>\n<meta property=\"og:site_name\" content=\"CHASTIA s.r.o.\" \/>\n<meta property=\"article:publisher\" content=\"https:\/\/www.facebook.com\/chastia.cz\" \/>\n<meta property=\"article:modified_time\" content=\"2020-02-12T08:42:56+00:00\" \/>\n<meta property=\"og:image\" content=\"https:\/\/www.chastia.com\/wp-content\/uploads\/2024\/05\/chastia_V_T_logo.png\" \/>\n\t<meta property=\"og:image:width\" content=\"1240\" \/>\n\t<meta property=\"og:image:height\" content=\"827\" \/>\n\t<meta property=\"og:image:type\" content=\"image\/png\" \/>\n<meta name=\"twitter:card\" content=\"summary_large_image\" \/>\n<meta name=\"twitter:label1\" content=\"Odhadovan\u00e1 doba \u010dten\u00ed\" \/>\n\t<meta name=\"twitter:data1\" content=\"1 minuta\" \/>\n<script type=\"application\/ld+json\" class=\"yoast-schema-graph\">{\"@context\":\"https:\/\/schema.org\",\"@graph\":[{\"@type\":\"WebPage\",\"@id\":\"https:\/\/www.chastia.com\/cs\/products\/chastia-fm\/module-economic\/\",\"url\":\"https:\/\/www.chastia.com\/cs\/products\/chastia-fm\/module-economic\/\",\"name\":\"Modul Ekonomika - CHASTIA s.r.o.\",\"isPartOf\":{\"@id\":\"https:\/\/www.chastia.com\/cs\/#website\"},\"datePublished\":\"2016-11-02T10:04:03+00:00\",\"dateModified\":\"2020-02-12T08:42:56+00:00\",\"breadcrumb\":{\"@id\":\"https:\/\/www.chastia.com\/cs\/products\/chastia-fm\/module-economic\/#breadcrumb\"},\"inLanguage\":\"cs\",\"potentialAction\":[{\"@type\":\"ReadAction\",\"target\":[\"https:\/\/www.chastia.com\/cs\/products\/chastia-fm\/module-economic\/\"]}]},{\"@type\":\"BreadcrumbList\",\"@id\":\"https:\/\/www.chastia.com\/cs\/products\/chastia-fm\/module-economic\/#breadcrumb\",\"itemListElement\":[{\"@type\":\"ListItem\",\"position\":1,\"name\":\"Home\",\"item\":\"https:\/\/www.chastia.com\/cs\/\"},{\"@type\":\"ListItem\",\"position\":2,\"name\":\"Produkty\",\"item\":\"https:\/\/www.chastia.com\/cs\/products\/\"},{\"@type\":\"ListItem\",\"position\":3,\"name\":\"Chastia FM\",\"item\":\"https:\/\/www.chastia.com\/cs\/products\/chastia-fm\/\"},{\"@type\":\"ListItem\",\"position\":4,\"name\":\"Modul Ekonomika\"}]},{\"@type\":\"WebSite\",\"@id\":\"https:\/\/www.chastia.com\/cs\/#website\",\"url\":\"https:\/\/www.chastia.com\/cs\/\",\"name\":\"CHASTIA s.r.o.\",\"description\":\"\",\"publisher\":{\"@id\":\"https:\/\/www.chastia.com\/cs\/#organization\"},\"alternateName\":\"CHASTIA\",\"potentialAction\":[{\"@type\":\"SearchAction\",\"target\":{\"@type\":\"EntryPoint\",\"urlTemplate\":\"https:\/\/www.chastia.com\/cs\/?s={search_term_string}\"},\"query-input\":\"required name=search_term_string\"}],\"inLanguage\":\"cs\"},{\"@type\":\"Organization\",\"@id\":\"https:\/\/www.chastia.com\/cs\/#organization\",\"name\":\"CHASTIA s.r.o.\",\"url\":\"https:\/\/www.chastia.com\/cs\/\",\"logo\":{\"@type\":\"ImageObject\",\"inLanguage\":\"cs\",\"@id\":\"https:\/\/www.chastia.com\/cs\/#\/schema\/logo\/image\/\",\"url\":\"https:\/\/www.chastia.com\/wp-content\/uploads\/2024\/05\/chastia_V_T_logo.png\",\"contentUrl\":\"https:\/\/www.chastia.com\/wp-content\/uploads\/2024\/05\/chastia_V_T_logo.png\",\"width\":1240,\"height\":827,\"caption\":\"CHASTIA s.r.o.\"},\"image\":{\"@id\":\"https:\/\/www.chastia.com\/cs\/#\/schema\/logo\/image\/\"},\"sameAs\":[\"https:\/\/www.facebook.com\/chastia.cz\"]}]}<\/script>\n<!-- \/ Yoast SEO plugin. -->","yoast_head_json":{"title":"Modul Ekonomika - CHASTIA s.r.o.","robots":{"index":"index","follow":"follow","max-snippet":"max-snippet:-1","max-image-preview":"max-image-preview:large","max-video-preview":"max-video-preview:-1"},"canonical":"https:\/\/www.chastia.com\/cs\/products\/chastia-fm\/module-economic\/","og_locale":"cs_CZ","og_type":"article","og_title":"Modul Ekonomika - CHASTIA s.r.o.","og_description":"[vc_row][vc_column][\/vc_column][\/vc_row][vc_row][vc_column][vc_column_text]P\u0159edm\u011btem \u0159e\u0161en\u00ed modulu je evidence do\u0161l\u00fdch \u00fahrad za vystaven\u00e9 faktury z Chastie FM, jejich p\u00e1rov\u00e1n\u00ed na vystaven\u00e9 doklady a sledov\u00e1n\u00ed pohled\u00e1vek a\u017e po jejich \u00fapln\u00e9 vy\u0159e\u0161en\u00ed, Modul umo\u017e\u0148uje zejm\u00e9na: Evidovat do\u0161l\u00e9 \u00fahrady\u00a0\u2013 ru\u010dn\u00edm zad\u00e1n\u00edm, importem z \u00fa\u010detnictv\u00ed anebo importem elektronick\u00fdch bankovn\u00edch v\u00fdpis\u016f. P\u00e1rov\u00e1n\u00ed \u00fahrad\u00a0na vystaven\u00e9 doklady anebo partnera (automaticky, poloautomaticky, ru\u010dn\u011b). Sledov\u00e1n\u00ed pohled\u00e1vek\u00a0\u2013 podle u\u017eivatelsky [&hellip;]","og_url":"https:\/\/www.chastia.com\/cs\/products\/chastia-fm\/module-economic\/","og_site_name":"CHASTIA s.r.o.","article_publisher":"https:\/\/www.facebook.com\/chastia.cz","article_modified_time":"2020-02-12T08:42:56+00:00","og_image":[{"width":1240,"height":827,"url":"https:\/\/www.chastia.com\/wp-content\/uploads\/2024\/05\/chastia_V_T_logo.png","type":"image\/png"}],"twitter_card":"summary_large_image","twitter_misc":{"Odhadovan\u00e1 doba \u010dten\u00ed":"1 minuta"},"schema":{"@context":"https:\/\/schema.org","@graph":[{"@type":"WebPage","@id":"https:\/\/www.chastia.com\/cs\/products\/chastia-fm\/module-economic\/","url":"https:\/\/www.chastia.com\/cs\/products\/chastia-fm\/module-economic\/","name":"Modul Ekonomika - CHASTIA s.r.o.","isPartOf":{"@id":"https:\/\/www.chastia.com\/cs\/#website"},"datePublished":"2016-11-02T10:04:03+00:00","dateModified":"2020-02-12T08:42:56+00:00","breadcrumb":{"@id":"https:\/\/www.chastia.com\/cs\/products\/chastia-fm\/module-economic\/#breadcrumb"},"inLanguage":"cs","potentialAction":[{"@type":"ReadAction","target":["https:\/\/www.chastia.com\/cs\/products\/chastia-fm\/module-economic\/"]}]},{"@type":"BreadcrumbList","@id":"https:\/\/www.chastia.com\/cs\/products\/chastia-fm\/module-economic\/#breadcrumb","itemListElement":[{"@type":"ListItem","position":1,"name":"Home","item":"https:\/\/www.chastia.com\/cs\/"},{"@type":"ListItem","position":2,"name":"Produkty","item":"https:\/\/www.chastia.com\/cs\/products\/"},{"@type":"ListItem","position":3,"name":"Chastia FM","item":"https:\/\/www.chastia.com\/cs\/products\/chastia-fm\/"},{"@type":"ListItem","position":4,"name":"Modul Ekonomika"}]},{"@type":"WebSite","@id":"https:\/\/www.chastia.com\/cs\/#website","url":"https:\/\/www.chastia.com\/cs\/","name":"CHASTIA s.r.o.","description":"","publisher":{"@id":"https:\/\/www.chastia.com\/cs\/#organization"},"alternateName":"CHASTIA","potentialAction":[{"@type":"SearchAction","target":{"@type":"EntryPoint","urlTemplate":"https:\/\/www.chastia.com\/cs\/?s={search_term_string}"},"query-input":"required name=search_term_string"}],"inLanguage":"cs"},{"@type":"Organization","@id":"https:\/\/www.chastia.com\/cs\/#organization","name":"CHASTIA s.r.o.","url":"https:\/\/www.chastia.com\/cs\/","logo":{"@type":"ImageObject","inLanguage":"cs","@id":"https:\/\/www.chastia.com\/cs\/#\/schema\/logo\/image\/","url":"https:\/\/www.chastia.com\/wp-content\/uploads\/2024\/05\/chastia_V_T_logo.png","contentUrl":"https:\/\/www.chastia.com\/wp-content\/uploads\/2024\/05\/chastia_V_T_logo.png","width":1240,"height":827,"caption":"CHASTIA s.r.o."},"image":{"@id":"https:\/\/www.chastia.com\/cs\/#\/schema\/logo\/image\/"},"sameAs":["https:\/\/www.facebook.com\/chastia.cz"]}]}},"_links":{"self":[{"href":"https:\/\/www.chastia.com\/cs\/wp-json\/wp\/v2\/pages\/3617"}],"collection":[{"href":"https:\/\/www.chastia.com\/cs\/wp-json\/wp\/v2\/pages"}],"about":[{"href":"https:\/\/www.chastia.com\/cs\/wp-json\/wp\/v2\/types\/page"}],"author":[{"embeddable":true,"href":"https:\/\/www.chastia.com\/cs\/wp-json\/wp\/v2\/users\/1"}],"replies":[{"embeddable":true,"href":"https:\/\/www.chastia.com\/cs\/wp-json\/wp\/v2\/comments?post=3617"}],"version-history":[{"count":3,"href":"https:\/\/www.chastia.com\/cs\/wp-json\/wp\/v2\/pages\/3617\/revisions"}],"predecessor-version":[{"id":7697,"href":"https:\/\/www.chastia.com\/cs\/wp-json\/wp\/v2\/pages\/3617\/revisions\/7697"}],"up":[{"embeddable":true,"href":"https:\/\/www.chastia.com\/cs\/wp-json\/wp\/v2\/pages\/3694"}],"wp:attachment":[{"href":"https:\/\/www.chastia.com\/cs\/wp-json\/wp\/v2\/media?parent=3617"}],"curies":[{"name":"wp","href":"https:\/\/api.w.org\/{rel}","templated":true}]}}