{"id":3614,"date":"2016-11-02T11:01:23","date_gmt":"2016-11-02T10:01:23","guid":{"rendered":"http:\/\/chastia.pozorradar.sk\/produkty\/chastia-fm\/modul-sprava-a-najmy\/?lang=cs"},"modified":"2020-05-15T13:13:44","modified_gmt":"2020-05-15T11:13:44","slug":"module-management-and-rentals","status":"publish","type":"page","link":"https:\/\/www.chastia.com\/cs\/products\/chastia-fm\/module-management-and-rentals\/","title":{"rendered":"Modul Spr\u00e1va a n\u00e1jmy"},"content":{"rendered":"<p>[vc_row][vc_column]<H2>Spr\u00e1va a n\u00e1jmy <\/H2>[\/vc_column][\/vc_row][vc_row][vc_column][vc_column_text]Modul umo\u017e\u0148uje majitel\u016fm a spr\u00e1vc\u016fm nemovitost\u00ed sledovat v\u0161echny informace v\u00e1zan\u00e9 na spravovan\u00fd anebo pronaj\u00edman\u00fd majetek. Umo\u017e\u0148uje v\u00e9st evidenci o spr\u00e1v\u011b anebo n\u00e1jmech ploch a za\u0159\u00edzen\u00ed, o poskytovan\u00fdch slu\u017eb\u00e1ch, o smlouv\u00e1ch, vyu\u017e\u00edvan\u00ed ploch, o tr\u017eb\u00e1ch za spr\u00e1vu anebo n\u00e1jmy a podobn\u011b. \u00dadaje v datab\u00e1ze maj\u00ed p\u0159\u00edm\u00e9 propojen\u00ed na zobrazen\u00ed prostor\u016f a za\u0159\u00edzen\u00ed ve v\u00fdkresech v re\u00e1ln\u00e9m \u010dase.<\/p>\n<p>Modul rozli\u0161uje \u010dty\u0159i z\u00e1kladn\u00ed druhy spr\u00e1vcovsk\u00fdch \u010dinnost\u00ed:<\/p>\n<ol>\n<li>spr\u00e1va majetku,<\/li>\n<li>p\u0159id\u011blov\u00e1n\u00ed vlastn\u00edm odd\u011blen\u00edm,<\/li>\n<li>n\u00e1jmy ciz\u00edm firm\u00e1m,<\/li>\n<li>dod\u00e1vka energi\u00ed a slu\u017eeb.<\/li>\n<\/ol>\n<p>Dal\u0161\u00ed druhy \u010dinnost\u00ed jsou voln\u011b definovateln\u00e9 u\u017eivatelem.<\/p>\n<p>Modul umo\u017e\u0148uje \u0159e\u0161it zejm\u00e9na:<\/p>\n<ul>\n<li><strong>Smluvn\u00ed vztahy<\/strong> (o v\u00fdkonu spr\u00e1vy, o n\u00e1jmu, o dod\u00e1vce energi\u00ed a slu\u017eeb apod., sledov\u00e1n\u00ed p\u0159edm\u011btu smlouvy po dobu platnosti smluvn\u00edho vztahu, fakturaci, vy\u00fa\u010dtov\u00e1n\u00ed apod.<br \/>\nPlochy, odb\u011brn\u00e1 m\u00edsta a za\u0159\u00edzen\u00ed je mo\u017en\u00e9 zad\u00e1vat do smluvn\u00edho vztahu pomoc\u00ed\u00a0v\u00fdb\u011bru\u00a0voln\u00fdch ploch anebo nep\u0159i\u0159azen\u00fdch odb\u011brn\u00fdch m\u00edst a za\u0159\u00edzen\u00ed\u00a0ve v\u00fdkresech anebo v datab\u00e1zi. Voln\u00e9 plochy je mo\u017en\u00e9 ve v\u00fdkresech odli\u0161it barevn\u011b pro rychlej\u0161\u00ed orientaci ve v\u00fdkresu.<\/li>\n<li><strong>Automatick\u00e9 generov\u00e1n\u00ed dokument\u016f\u00a0<\/strong>\u2013\u00a0smluv, dodatk\u016f ke smlouv\u00e1m, p\u0159edpis\u016f n\u00e1jemn\u00e9ho a v\u00fdpov\u011bd\u00ed pomoc\u00ed u\u017eivatelsky p\u0159eddefinovan\u00fdch \u0161ablon a faktur (spl\u00e1tkov\u00fdch kalend\u00e1\u0159\u016f, z\u00e1lohov\u00fdch p\u0159edpis\u016f, z\u00e1lohov\u00fdch a \u0159\u00e1dn\u00fdch faktur, vy\u00fa\u010dtov\u00e1n\u00ed).<\/li>\n<li>V\u0161echny generovan\u00e9 podepsan\u00e9<strong>\u00a0dokumenty se ukl\u00e1daj\u00ed do centr\u00e1ln\u00edho \u00falo\u017ei\u0161t\u011b dokument\u016f\u00a0<\/strong>Chastie FM (pohled do modulu Dokumenty) ve form\u00e1tu PDF \u2013 jsou dostupn\u00e9 k nahl\u00e9dnut\u00ed i mimo tento modul jednoduch\u00fdm kliknut\u00edm my\u0161\u00ed na libovoln\u00fd objekt IS (kter\u00fd se nach\u00e1z\u00ed v dan\u00e9m smluvn\u00edm vztahu) ve v\u00fdkresu anebo v datab\u00e1zi.<\/li>\n<li><strong>V\u00fdstupn\u00ed sestavy<\/strong>, kter\u00e9 jsou mo\u017en\u00e9 v tabulkov\u00e9 a textov\u00e9 form\u011b, anebo pomoc\u00ed barevn\u00e9 klasifikace ve v\u00fdkresech.<\/li>\n<\/ul>\n<p>P\u0159\u00edklady textov\u00fdch a tabulkov\u00fdch v\u00fdstupn\u00edch sestav:<\/p>\n<ul>\n<li>p\u0159ehled smluvn\u00edch vztah\u016f,<\/li>\n<li>extern\u00ed m\u011bs\u00ed\u010dn\u00ed n\u00e1jemn\u00e9,<\/li>\n<li>kniha faktur,<\/li>\n<li>pl\u00e1n tr\u017eeb,<\/li>\n<li>p\u0159ehled m\u011bs\u00ed\u010dn\u00edho n\u00e1jemn\u00e9ho,<\/li>\n<li>procentu\u00e1ln\u00ed obsazenost ploch,<\/li>\n<li>obsazenost parkovac\u00edch m\u00edst.<\/li>\n<li>\u2026<\/li>\n<\/ul>\n<p>P\u0159\u00edklady barevn\u00fdch klasifikac\u00ed ve v\u00fdkresech:<\/p>\n<ul>\n<li>podle pronaj\u00edmatelnosti ploch,<\/li>\n<li>vypr\u0161en\u00ed v\u00fdpov\u011bdn\u00ed lh\u016fty,<\/li>\n<li>podle v\u00fd\u0161e rozpo\u010d\u00edtan\u00fdch n\u00e1klad\u016f,<\/li>\n<li>podle metody rozpo\u010d\u00edt\u00e1v\u00e1n\u00ed,<\/li>\n<li>podle n\u00e1jemc\u016f,<\/li>\n<li>rezervace,<\/li>\n<li>\u2026<\/li>\n<\/ul>\n<p>[\/vc_column_text][\/vc_column][\/vc_row]<\/p>\n","protected":false},"excerpt":{"rendered":"<p>[vc_row][vc_column][\/vc_column][\/vc_row][vc_row][vc_column][vc_column_text]Modul umo\u017e\u0148uje majitel\u016fm a spr\u00e1vc\u016fm nemovitost\u00ed sledovat v\u0161echny informace v\u00e1zan\u00e9 na spravovan\u00fd anebo pronaj\u00edman\u00fd majetek. Umo\u017e\u0148uje v\u00e9st evidenci o spr\u00e1v\u011b anebo n\u00e1jmech ploch a za\u0159\u00edzen\u00ed, o poskytovan\u00fdch slu\u017eb\u00e1ch, o smlouv\u00e1ch, vyu\u017e\u00edvan\u00ed ploch, o tr\u017eb\u00e1ch za spr\u00e1vu anebo n\u00e1jmy a podobn\u011b. \u00dadaje v datab\u00e1ze maj\u00ed p\u0159\u00edm\u00e9 propojen\u00ed na zobrazen\u00ed prostor\u016f a za\u0159\u00edzen\u00ed ve v\u00fdkresech v re\u00e1ln\u00e9m [&hellip;]<\/p>\n","protected":false},"author":1,"featured_media":0,"parent":3694,"menu_order":0,"comment_status":"closed","ping_status":"closed","template":"","meta":{"footnotes":""},"yoast_head":"<!-- This site is optimized with the Yoast SEO plugin v22.8 - https:\/\/yoast.com\/wordpress\/plugins\/seo\/ -->\n<title>Modul Spr\u00e1va a n\u00e1jmy - CHASTIA s.r.o.<\/title>\n<meta name=\"robots\" content=\"index, follow, max-snippet:-1, max-image-preview:large, max-video-preview:-1\" \/>\n<link rel=\"canonical\" href=\"https:\/\/www.chastia.com\/cs\/products\/chastia-fm\/module-management-and-rentals\/\" \/>\n<meta property=\"og:locale\" content=\"cs_CZ\" \/>\n<meta property=\"og:type\" content=\"article\" \/>\n<meta property=\"og:title\" content=\"Modul Spr\u00e1va a n\u00e1jmy - CHASTIA s.r.o.\" \/>\n<meta property=\"og:description\" content=\"[vc_row][vc_column][\/vc_column][\/vc_row][vc_row][vc_column][vc_column_text]Modul umo\u017e\u0148uje majitel\u016fm a spr\u00e1vc\u016fm nemovitost\u00ed sledovat v\u0161echny informace v\u00e1zan\u00e9 na spravovan\u00fd anebo pronaj\u00edman\u00fd majetek. Umo\u017e\u0148uje v\u00e9st evidenci o spr\u00e1v\u011b anebo n\u00e1jmech ploch a za\u0159\u00edzen\u00ed, o poskytovan\u00fdch slu\u017eb\u00e1ch, o smlouv\u00e1ch, vyu\u017e\u00edvan\u00ed ploch, o tr\u017eb\u00e1ch za spr\u00e1vu anebo n\u00e1jmy a podobn\u011b. \u00dadaje v datab\u00e1ze maj\u00ed p\u0159\u00edm\u00e9 propojen\u00ed na zobrazen\u00ed prostor\u016f a za\u0159\u00edzen\u00ed ve v\u00fdkresech v re\u00e1ln\u00e9m [&hellip;]\" \/>\n<meta property=\"og:url\" content=\"https:\/\/www.chastia.com\/cs\/products\/chastia-fm\/module-management-and-rentals\/\" \/>\n<meta property=\"og:site_name\" content=\"CHASTIA s.r.o.\" \/>\n<meta property=\"article:publisher\" content=\"https:\/\/www.facebook.com\/chastia.cz\" \/>\n<meta property=\"article:modified_time\" content=\"2020-05-15T11:13:44+00:00\" \/>\n<meta property=\"og:image\" content=\"https:\/\/www.chastia.com\/wp-content\/uploads\/2024\/05\/chastia_V_T_logo.png\" \/>\n\t<meta property=\"og:image:width\" content=\"1240\" \/>\n\t<meta property=\"og:image:height\" content=\"827\" \/>\n\t<meta property=\"og:image:type\" content=\"image\/png\" \/>\n<meta name=\"twitter:card\" content=\"summary_large_image\" \/>\n<meta name=\"twitter:label1\" content=\"Odhadovan\u00e1 doba \u010dten\u00ed\" \/>\n\t<meta name=\"twitter:data1\" content=\"2 minuty\" \/>\n<script type=\"application\/ld+json\" class=\"yoast-schema-graph\">{\"@context\":\"https:\/\/schema.org\",\"@graph\":[{\"@type\":\"WebPage\",\"@id\":\"https:\/\/www.chastia.com\/cs\/products\/chastia-fm\/module-management-and-rentals\/\",\"url\":\"https:\/\/www.chastia.com\/cs\/products\/chastia-fm\/module-management-and-rentals\/\",\"name\":\"Modul Spr\u00e1va a n\u00e1jmy - CHASTIA s.r.o.\",\"isPartOf\":{\"@id\":\"https:\/\/www.chastia.com\/cs\/#website\"},\"datePublished\":\"2016-11-02T10:01:23+00:00\",\"dateModified\":\"2020-05-15T11:13:44+00:00\",\"breadcrumb\":{\"@id\":\"https:\/\/www.chastia.com\/cs\/products\/chastia-fm\/module-management-and-rentals\/#breadcrumb\"},\"inLanguage\":\"cs\",\"potentialAction\":[{\"@type\":\"ReadAction\",\"target\":[\"https:\/\/www.chastia.com\/cs\/products\/chastia-fm\/module-management-and-rentals\/\"]}]},{\"@type\":\"BreadcrumbList\",\"@id\":\"https:\/\/www.chastia.com\/cs\/products\/chastia-fm\/module-management-and-rentals\/#breadcrumb\",\"itemListElement\":[{\"@type\":\"ListItem\",\"position\":1,\"name\":\"Home\",\"item\":\"https:\/\/www.chastia.com\/cs\/\"},{\"@type\":\"ListItem\",\"position\":2,\"name\":\"Produkty\",\"item\":\"https:\/\/www.chastia.com\/cs\/products\/\"},{\"@type\":\"ListItem\",\"position\":3,\"name\":\"Chastia FM\",\"item\":\"https:\/\/www.chastia.com\/cs\/products\/chastia-fm\/\"},{\"@type\":\"ListItem\",\"position\":4,\"name\":\"Modul Spr\u00e1va a n\u00e1jmy\"}]},{\"@type\":\"WebSite\",\"@id\":\"https:\/\/www.chastia.com\/cs\/#website\",\"url\":\"https:\/\/www.chastia.com\/cs\/\",\"name\":\"CHASTIA s.r.o.\",\"description\":\"\",\"publisher\":{\"@id\":\"https:\/\/www.chastia.com\/cs\/#organization\"},\"alternateName\":\"CHASTIA\",\"potentialAction\":[{\"@type\":\"SearchAction\",\"target\":{\"@type\":\"EntryPoint\",\"urlTemplate\":\"https:\/\/www.chastia.com\/cs\/?s={search_term_string}\"},\"query-input\":\"required name=search_term_string\"}],\"inLanguage\":\"cs\"},{\"@type\":\"Organization\",\"@id\":\"https:\/\/www.chastia.com\/cs\/#organization\",\"name\":\"CHASTIA s.r.o.\",\"url\":\"https:\/\/www.chastia.com\/cs\/\",\"logo\":{\"@type\":\"ImageObject\",\"inLanguage\":\"cs\",\"@id\":\"https:\/\/www.chastia.com\/cs\/#\/schema\/logo\/image\/\",\"url\":\"https:\/\/www.chastia.com\/wp-content\/uploads\/2024\/05\/chastia_V_T_logo.png\",\"contentUrl\":\"https:\/\/www.chastia.com\/wp-content\/uploads\/2024\/05\/chastia_V_T_logo.png\",\"width\":1240,\"height\":827,\"caption\":\"CHASTIA s.r.o.\"},\"image\":{\"@id\":\"https:\/\/www.chastia.com\/cs\/#\/schema\/logo\/image\/\"},\"sameAs\":[\"https:\/\/www.facebook.com\/chastia.cz\"]}]}<\/script>\n<!-- \/ Yoast SEO plugin. -->","yoast_head_json":{"title":"Modul Spr\u00e1va a n\u00e1jmy - CHASTIA s.r.o.","robots":{"index":"index","follow":"follow","max-snippet":"max-snippet:-1","max-image-preview":"max-image-preview:large","max-video-preview":"max-video-preview:-1"},"canonical":"https:\/\/www.chastia.com\/cs\/products\/chastia-fm\/module-management-and-rentals\/","og_locale":"cs_CZ","og_type":"article","og_title":"Modul Spr\u00e1va a n\u00e1jmy - CHASTIA s.r.o.","og_description":"[vc_row][vc_column][\/vc_column][\/vc_row][vc_row][vc_column][vc_column_text]Modul umo\u017e\u0148uje majitel\u016fm a spr\u00e1vc\u016fm nemovitost\u00ed sledovat v\u0161echny informace v\u00e1zan\u00e9 na spravovan\u00fd anebo pronaj\u00edman\u00fd majetek. Umo\u017e\u0148uje v\u00e9st evidenci o spr\u00e1v\u011b anebo n\u00e1jmech ploch a za\u0159\u00edzen\u00ed, o poskytovan\u00fdch slu\u017eb\u00e1ch, o smlouv\u00e1ch, vyu\u017e\u00edvan\u00ed ploch, o tr\u017eb\u00e1ch za spr\u00e1vu anebo n\u00e1jmy a podobn\u011b. \u00dadaje v datab\u00e1ze maj\u00ed p\u0159\u00edm\u00e9 propojen\u00ed na zobrazen\u00ed prostor\u016f a za\u0159\u00edzen\u00ed ve v\u00fdkresech v re\u00e1ln\u00e9m [&hellip;]","og_url":"https:\/\/www.chastia.com\/cs\/products\/chastia-fm\/module-management-and-rentals\/","og_site_name":"CHASTIA s.r.o.","article_publisher":"https:\/\/www.facebook.com\/chastia.cz","article_modified_time":"2020-05-15T11:13:44+00:00","og_image":[{"width":1240,"height":827,"url":"https:\/\/www.chastia.com\/wp-content\/uploads\/2024\/05\/chastia_V_T_logo.png","type":"image\/png"}],"twitter_card":"summary_large_image","twitter_misc":{"Odhadovan\u00e1 doba \u010dten\u00ed":"2 minuty"},"schema":{"@context":"https:\/\/schema.org","@graph":[{"@type":"WebPage","@id":"https:\/\/www.chastia.com\/cs\/products\/chastia-fm\/module-management-and-rentals\/","url":"https:\/\/www.chastia.com\/cs\/products\/chastia-fm\/module-management-and-rentals\/","name":"Modul Spr\u00e1va a n\u00e1jmy - CHASTIA s.r.o.","isPartOf":{"@id":"https:\/\/www.chastia.com\/cs\/#website"},"datePublished":"2016-11-02T10:01:23+00:00","dateModified":"2020-05-15T11:13:44+00:00","breadcrumb":{"@id":"https:\/\/www.chastia.com\/cs\/products\/chastia-fm\/module-management-and-rentals\/#breadcrumb"},"inLanguage":"cs","potentialAction":[{"@type":"ReadAction","target":["https:\/\/www.chastia.com\/cs\/products\/chastia-fm\/module-management-and-rentals\/"]}]},{"@type":"BreadcrumbList","@id":"https:\/\/www.chastia.com\/cs\/products\/chastia-fm\/module-management-and-rentals\/#breadcrumb","itemListElement":[{"@type":"ListItem","position":1,"name":"Home","item":"https:\/\/www.chastia.com\/cs\/"},{"@type":"ListItem","position":2,"name":"Produkty","item":"https:\/\/www.chastia.com\/cs\/products\/"},{"@type":"ListItem","position":3,"name":"Chastia FM","item":"https:\/\/www.chastia.com\/cs\/products\/chastia-fm\/"},{"@type":"ListItem","position":4,"name":"Modul Spr\u00e1va a n\u00e1jmy"}]},{"@type":"WebSite","@id":"https:\/\/www.chastia.com\/cs\/#website","url":"https:\/\/www.chastia.com\/cs\/","name":"CHASTIA s.r.o.","description":"","publisher":{"@id":"https:\/\/www.chastia.com\/cs\/#organization"},"alternateName":"CHASTIA","potentialAction":[{"@type":"SearchAction","target":{"@type":"EntryPoint","urlTemplate":"https:\/\/www.chastia.com\/cs\/?s={search_term_string}"},"query-input":"required name=search_term_string"}],"inLanguage":"cs"},{"@type":"Organization","@id":"https:\/\/www.chastia.com\/cs\/#organization","name":"CHASTIA s.r.o.","url":"https:\/\/www.chastia.com\/cs\/","logo":{"@type":"ImageObject","inLanguage":"cs","@id":"https:\/\/www.chastia.com\/cs\/#\/schema\/logo\/image\/","url":"https:\/\/www.chastia.com\/wp-content\/uploads\/2024\/05\/chastia_V_T_logo.png","contentUrl":"https:\/\/www.chastia.com\/wp-content\/uploads\/2024\/05\/chastia_V_T_logo.png","width":1240,"height":827,"caption":"CHASTIA s.r.o."},"image":{"@id":"https:\/\/www.chastia.com\/cs\/#\/schema\/logo\/image\/"},"sameAs":["https:\/\/www.facebook.com\/chastia.cz"]}]}},"_links":{"self":[{"href":"https:\/\/www.chastia.com\/cs\/wp-json\/wp\/v2\/pages\/3614"}],"collection":[{"href":"https:\/\/www.chastia.com\/cs\/wp-json\/wp\/v2\/pages"}],"about":[{"href":"https:\/\/www.chastia.com\/cs\/wp-json\/wp\/v2\/types\/page"}],"author":[{"embeddable":true,"href":"https:\/\/www.chastia.com\/cs\/wp-json\/wp\/v2\/users\/1"}],"replies":[{"embeddable":true,"href":"https:\/\/www.chastia.com\/cs\/wp-json\/wp\/v2\/comments?post=3614"}],"version-history":[{"count":4,"href":"https:\/\/www.chastia.com\/cs\/wp-json\/wp\/v2\/pages\/3614\/revisions"}],"predecessor-version":[{"id":8258,"href":"https:\/\/www.chastia.com\/cs\/wp-json\/wp\/v2\/pages\/3614\/revisions\/8258"}],"up":[{"embeddable":true,"href":"https:\/\/www.chastia.com\/cs\/wp-json\/wp\/v2\/pages\/3694"}],"wp:attachment":[{"href":"https:\/\/www.chastia.com\/cs\/wp-json\/wp\/v2\/media?parent=3614"}],"curies":[{"name":"wp","href":"https:\/\/api.w.org\/{rel}","templated":true}]}}