{"id":3611,"date":"2016-11-02T10:56:27","date_gmt":"2016-11-02T09:56:27","guid":{"rendered":"http:\/\/chastia.pozorradar.sk\/produkty\/chastia-fm\/modul-energie-a-sluzby\/?lang=cs"},"modified":"2020-05-15T13:15:09","modified_gmt":"2020-05-15T11:15:09","slug":"module-energy-and-service","status":"publish","type":"page","link":"https:\/\/www.chastia.com\/cs\/products\/chastia-fm\/module-energy-and-service\/","title":{"rendered":"Modul Energie a slu\u017eby"},"content":{"rendered":"<p>[vc_row][vc_column]<H2>Energie a slu\u017eby<\/H2>[\/vc_column][\/vc_row][vc_row][vc_column][vc_column_text]Modul \u0159e\u0161\u00ed podporu pro\u00a0t\u0159i hlavn\u00ed oblasti spr\u00e1vcovsk\u00fdch \u010dinnost\u00ed \u2013 Evidenci spot\u0159eb energi\u00ed, Rozpo\u010d\u00edt\u00e1v\u00e1n\u00ed energi\u00ed a slu\u017eeb (v technick\u00fdch a cenov\u00fdch jednotk\u00e1ch) a Energetick\u00fd management.<\/p>\n<p>Modul umo\u017e\u0148uje zejm\u00e9na:<\/p>\n<ul>\n<li>\u0158e\u0161it\u00a0<strong>evidenci, rozpo\u010d\u00edt\u00e1v\u00e1n\u00ed energi\u00ed a slu\u017eeb<\/strong>.<br \/>\nTento modul sleduje odpo\u010dty spot\u0159eb v\u0161ech druh\u016f energi\u00ed a slu\u017eeb i n\u00e1klady z p\u0159ijat\u00fdch faktur v pravideln\u00fdch i nepravideln\u00fdch \u010dasov\u00fdch intervalech a roz\u00fa\u010dtov\u00e1n\u00ed t\u011bchto spot\u0159eb jednotliv\u00fdm odb\u011bratel\u016fm, n\u00e1jemn\u00edk\u016fm, a podobn\u011b.<br \/>\nV\u00fdsledky rozpo\u010d\u00edt\u00e1v\u00e1n\u00ed slou\u017e\u00ed jako podklad pro fakturaci za energie a slu\u017eby v modulu \u201eSpr\u00e1va a n\u00e1jmy\u201c.<br \/>\nModul umo\u017e\u0148uje pracovat s takov\u00fdmi pojmy jako je odb\u011brn\u00e9 m\u00edsto, m\u011b\u0159\u00edc\u00ed m\u00edsto, typ m\u011b\u0159en\u00ed, odb\u011brov\u00fd diagram, topn\u00e1 k\u0159ivka, atd.<br \/>\nUniverz\u00e1lnost a maxim\u00e1ln\u00ed p\u0159izp\u016fsobivost modulu podporuje tak\u00e9 vlastnosti jako jsou \u2013 neomezen\u00e9 mno\u017estv\u00ed pravideln\u011b se opakuj\u00edc\u00edch i nepravideln\u00fdch z\u00fa\u010dtovac\u00edch obdob\u00ed, u\u017eivatelsky definovateln\u00e9 v\u00fdpo\u010dtov\u011b stromov\u00e9 struktury metodou drag and drop, u\u017eivatelsky definovateln\u00fdch metod rozpo\u010d\u00edt\u00e1v\u00e1n\u00ed, mo\u017enost definov\u00e1n\u00ed vlastn\u00edch vzorc\u016f (tak jednodu\u0161e jako v tabulkov\u00e9m procesoru) apod.<\/li>\n<li><strong>Vyhodnocov\u00e1n\u00ed spot\u0159eb energi\u00ed a n\u00e1klad\u016f na energie a slu\u017eby<\/strong>.<br \/>\nTato \u010d\u00e1st modulu \u0159e\u0161\u00ed sledov\u00e1n\u00ed klimatick\u00fdch podm\u00ednek, v\u00fdh\u0159evnost\u00ed paliv a provozn\u00edch spot\u0159eb energi\u00ed za \u00fa\u010delem jejich podrobn\u00e9 anal\u00fdzy \u2013 nap\u0159. pro \u00fa\u010dely zji\u0161\u0165ov\u00e1n\u00ed hospod\u00e1rnosti nakl\u00e1d\u00e1n\u00ed s energiemi v budov\u011b, anal\u00fdzu \u00fa\u010dinnosti v\u00fdroby tepla apod., a to v pravideln\u00fdch \u010dasov\u00fdch intervalech. Pro tyto anal\u00fdzy je mo\u017en\u00e9 vyu\u017e\u00edt i data z\u00edskan\u00e9 v \u010dasti roz\u00fa\u010dtov\u00e1n\u00ed energi\u00ed.<br \/>\nVyhodnocov\u00e1n\u00ed se uskute\u010d\u0148uje podle mnoh\u00fdch krit\u00e9ri\u00ed \u2013 pr\u016fb\u011bh spot\u0159eby na m\u011b\u0159\u00edc\u00edm m\u00edst\u011b v \u010dase, d\u00e1le spot\u0159eba energie vzta\u017een\u00e1 k m\u011brn\u00e9 plo\u0161e, vyt\u00e1p\u011bn\u00e9 plo\u0161e, po\u010dtu osob, po\u010dtu klimatick\u00fdch denostup\u0148\u016f atd.<br \/>\nVelmi d\u016fle\u017eitou vlastnost\u00ed je mo\u017enost barevn\u00e9ho vyhodnocov\u00e1n\u00ed spot\u0159eb energi\u00ed ve v\u00fdkresech a vyhodnocov\u00e1n\u00ed spot\u0159eb energi\u00ed pomoc\u00ed parametrick\u00fdch graf\u016f.<\/li>\n<li>Vyu\u017e\u00edvat metody <strong>Monitoring &amp; Targeting,\u00a0<\/strong>kter\u00e1<strong>\u00a0<\/strong>umo\u017e\u0148uje sledovat spot\u0159eby energi\u00ed systematicky ve\u00a0vztahu k vybran\u00fdm parametr\u016fm (po\u010dtu v\u00fdrobk\u016f, klimatick\u00fdm podm\u00ednk\u00e1m apod.).<br \/>\nNa z\u00e1klade sb\u011bru dat o spot\u0159eb\u00e1ch a jejich anal\u00fdzy (monitoringu) poskytuje dostate\u010dn\u00e9 podklady pro rozhodov\u00e1n\u00ed o realizaci \u00fasporn\u00fdch opat\u0159en\u00ed (stanoven\u00ed c\u00edle z hlediska dos\u00e1hnut\u00ed \u00faspor) a n\u00e1sledn\u011b i pro vyhodnocen\u00ed \u00fa\u010dinnosti p\u0159ijat\u00fdch opat\u0159en\u00ed objektivn\u011b vyj\u00e1d\u0159en\u00fdch v kumulativn\u00ed \u00faspo\u0159e energie v technick\u00fdch i cenov\u00fdch jednotk\u00e1ch.<br \/>\nPo prvotn\u00edm nastaven\u00ed je mo\u017en\u00e9 t\u00edmto n\u00e1strojem v Chastii FM kdykoliv z\u00edskat komplexn\u00ed anal\u00fdzu dan\u00e9 energie pro v\u0161echny sledovan\u00e1 odb\u011brn\u00e1 m\u00edsta spu\u0161t\u011bn\u00edm jednoho p\u0159\u00edkazu.<\/li>\n<li><strong>Importovat spot\u0159eby energi\u00ed.<\/strong>\u00a0Zdrojov\u00e1 data pro roz\u00fa\u010dtov\u00e1n\u00ed energi\u00ed je mo\u017en\u00e9 zadat v modulu jednak ru\u010dn\u011b anebo importem z libovoln\u00e9ho zdroje \u00fadaj\u016f. Nej\u010dast\u011bj\u0161\u00edm zdrojem b\u00fdvaj\u00ed \u00fadaje o spot\u0159eb\u00e1ch z d\u00e1lkov\u00fdch odpo\u010dt\u016f m\u011b\u0159i\u010d\u016f energi\u00ed anebo z centr\u00e1ln\u00edho dispe\u010dinku \u0159\u00edzen\u00ed energetick\u00e9ho odd\u011blen\u00ed v podniku.<br \/>\nPro tento \u00fa\u010del byl v Chastii FM vyvinut komfortn\u00ed parametrick\u00fd n\u00e1stroj na importov\u00e1n\u00ed spot\u0159eb energi\u00ed. Pomoc\u00ed tohoto n\u00e1stroje je mo\u017en\u00e9 naimportovat spot\u0159eby v libovoln\u00e9m \u010dase za jak\u00e9koliv obdob\u00ed na jedno kliknut\u00ed my\u0161i. Mo\u017en\u00fd je i automatick\u00fd import dat ve zvolen\u00e9m \u010dasov\u00e9m intervalu.<\/li>\n<\/ul>\n<p>[\/vc_column_text][\/vc_column][\/vc_row]<\/p>\n","protected":false},"excerpt":{"rendered":"<p>[vc_row][vc_column][\/vc_column][\/vc_row][vc_row][vc_column][vc_column_text]Modul \u0159e\u0161\u00ed podporu pro\u00a0t\u0159i hlavn\u00ed oblasti spr\u00e1vcovsk\u00fdch \u010dinnost\u00ed \u2013 Evidenci spot\u0159eb energi\u00ed, Rozpo\u010d\u00edt\u00e1v\u00e1n\u00ed energi\u00ed a slu\u017eeb (v technick\u00fdch a cenov\u00fdch jednotk\u00e1ch) a Energetick\u00fd management. Modul umo\u017e\u0148uje zejm\u00e9na: \u0158e\u0161it\u00a0evidenci, rozpo\u010d\u00edt\u00e1v\u00e1n\u00ed energi\u00ed a slu\u017eeb. Tento modul sleduje odpo\u010dty spot\u0159eb v\u0161ech druh\u016f energi\u00ed a slu\u017eeb i n\u00e1klady z p\u0159ijat\u00fdch faktur v pravideln\u00fdch i nepravideln\u00fdch \u010dasov\u00fdch intervalech a roz\u00fa\u010dtov\u00e1n\u00ed [&hellip;]<\/p>\n","protected":false},"author":1,"featured_media":0,"parent":3694,"menu_order":0,"comment_status":"closed","ping_status":"closed","template":"","meta":{"footnotes":""},"yoast_head":"<!-- This site is optimized with the Yoast SEO plugin v22.8 - https:\/\/yoast.com\/wordpress\/plugins\/seo\/ -->\n<title>Modul Energie a slu\u017eby - CHASTIA s.r.o.<\/title>\n<meta name=\"robots\" content=\"index, follow, max-snippet:-1, max-image-preview:large, max-video-preview:-1\" \/>\n<link rel=\"canonical\" href=\"https:\/\/www.chastia.com\/cs\/products\/chastia-fm\/module-energy-and-service\/\" \/>\n<meta property=\"og:locale\" content=\"cs_CZ\" \/>\n<meta property=\"og:type\" content=\"article\" \/>\n<meta property=\"og:title\" content=\"Modul Energie a slu\u017eby - CHASTIA s.r.o.\" \/>\n<meta property=\"og:description\" content=\"[vc_row][vc_column][\/vc_column][\/vc_row][vc_row][vc_column][vc_column_text]Modul \u0159e\u0161\u00ed podporu pro\u00a0t\u0159i hlavn\u00ed oblasti spr\u00e1vcovsk\u00fdch \u010dinnost\u00ed \u2013 Evidenci spot\u0159eb energi\u00ed, Rozpo\u010d\u00edt\u00e1v\u00e1n\u00ed energi\u00ed a slu\u017eeb (v technick\u00fdch a cenov\u00fdch jednotk\u00e1ch) a Energetick\u00fd management. Modul umo\u017e\u0148uje zejm\u00e9na: \u0158e\u0161it\u00a0evidenci, rozpo\u010d\u00edt\u00e1v\u00e1n\u00ed energi\u00ed a slu\u017eeb. Tento modul sleduje odpo\u010dty spot\u0159eb v\u0161ech druh\u016f energi\u00ed a slu\u017eeb i n\u00e1klady z p\u0159ijat\u00fdch faktur v pravideln\u00fdch i nepravideln\u00fdch \u010dasov\u00fdch intervalech a roz\u00fa\u010dtov\u00e1n\u00ed [&hellip;]\" \/>\n<meta property=\"og:url\" content=\"https:\/\/www.chastia.com\/cs\/products\/chastia-fm\/module-energy-and-service\/\" \/>\n<meta property=\"og:site_name\" content=\"CHASTIA s.r.o.\" \/>\n<meta property=\"article:publisher\" content=\"https:\/\/www.facebook.com\/chastia.cz\" \/>\n<meta property=\"article:modified_time\" content=\"2020-05-15T11:15:09+00:00\" \/>\n<meta property=\"og:image\" content=\"https:\/\/www.chastia.com\/wp-content\/uploads\/2024\/05\/chastia_V_T_logo.png\" \/>\n\t<meta property=\"og:image:width\" content=\"1240\" \/>\n\t<meta property=\"og:image:height\" content=\"827\" \/>\n\t<meta property=\"og:image:type\" content=\"image\/png\" \/>\n<meta name=\"twitter:card\" content=\"summary_large_image\" \/>\n<meta name=\"twitter:label1\" content=\"Odhadovan\u00e1 doba \u010dten\u00ed\" \/>\n\t<meta name=\"twitter:data1\" content=\"3 minuty\" \/>\n<script type=\"application\/ld+json\" class=\"yoast-schema-graph\">{\"@context\":\"https:\/\/schema.org\",\"@graph\":[{\"@type\":\"WebPage\",\"@id\":\"https:\/\/www.chastia.com\/cs\/products\/chastia-fm\/module-energy-and-service\/\",\"url\":\"https:\/\/www.chastia.com\/cs\/products\/chastia-fm\/module-energy-and-service\/\",\"name\":\"Modul Energie a slu\u017eby - CHASTIA s.r.o.\",\"isPartOf\":{\"@id\":\"https:\/\/www.chastia.com\/cs\/#website\"},\"datePublished\":\"2016-11-02T09:56:27+00:00\",\"dateModified\":\"2020-05-15T11:15:09+00:00\",\"breadcrumb\":{\"@id\":\"https:\/\/www.chastia.com\/cs\/products\/chastia-fm\/module-energy-and-service\/#breadcrumb\"},\"inLanguage\":\"cs\",\"potentialAction\":[{\"@type\":\"ReadAction\",\"target\":[\"https:\/\/www.chastia.com\/cs\/products\/chastia-fm\/module-energy-and-service\/\"]}]},{\"@type\":\"BreadcrumbList\",\"@id\":\"https:\/\/www.chastia.com\/cs\/products\/chastia-fm\/module-energy-and-service\/#breadcrumb\",\"itemListElement\":[{\"@type\":\"ListItem\",\"position\":1,\"name\":\"Home\",\"item\":\"https:\/\/www.chastia.com\/cs\/\"},{\"@type\":\"ListItem\",\"position\":2,\"name\":\"Produkty\",\"item\":\"https:\/\/www.chastia.com\/cs\/products\/\"},{\"@type\":\"ListItem\",\"position\":3,\"name\":\"Chastia FM\",\"item\":\"https:\/\/www.chastia.com\/cs\/products\/chastia-fm\/\"},{\"@type\":\"ListItem\",\"position\":4,\"name\":\"Modul Energie a slu\u017eby\"}]},{\"@type\":\"WebSite\",\"@id\":\"https:\/\/www.chastia.com\/cs\/#website\",\"url\":\"https:\/\/www.chastia.com\/cs\/\",\"name\":\"CHASTIA s.r.o.\",\"description\":\"\",\"publisher\":{\"@id\":\"https:\/\/www.chastia.com\/cs\/#organization\"},\"alternateName\":\"CHASTIA\",\"potentialAction\":[{\"@type\":\"SearchAction\",\"target\":{\"@type\":\"EntryPoint\",\"urlTemplate\":\"https:\/\/www.chastia.com\/cs\/?s={search_term_string}\"},\"query-input\":\"required name=search_term_string\"}],\"inLanguage\":\"cs\"},{\"@type\":\"Organization\",\"@id\":\"https:\/\/www.chastia.com\/cs\/#organization\",\"name\":\"CHASTIA s.r.o.\",\"url\":\"https:\/\/www.chastia.com\/cs\/\",\"logo\":{\"@type\":\"ImageObject\",\"inLanguage\":\"cs\",\"@id\":\"https:\/\/www.chastia.com\/cs\/#\/schema\/logo\/image\/\",\"url\":\"https:\/\/www.chastia.com\/wp-content\/uploads\/2024\/05\/chastia_V_T_logo.png\",\"contentUrl\":\"https:\/\/www.chastia.com\/wp-content\/uploads\/2024\/05\/chastia_V_T_logo.png\",\"width\":1240,\"height\":827,\"caption\":\"CHASTIA s.r.o.\"},\"image\":{\"@id\":\"https:\/\/www.chastia.com\/cs\/#\/schema\/logo\/image\/\"},\"sameAs\":[\"https:\/\/www.facebook.com\/chastia.cz\"]}]}<\/script>\n<!-- \/ Yoast SEO plugin. -->","yoast_head_json":{"title":"Modul Energie a slu\u017eby - CHASTIA s.r.o.","robots":{"index":"index","follow":"follow","max-snippet":"max-snippet:-1","max-image-preview":"max-image-preview:large","max-video-preview":"max-video-preview:-1"},"canonical":"https:\/\/www.chastia.com\/cs\/products\/chastia-fm\/module-energy-and-service\/","og_locale":"cs_CZ","og_type":"article","og_title":"Modul Energie a slu\u017eby - CHASTIA s.r.o.","og_description":"[vc_row][vc_column][\/vc_column][\/vc_row][vc_row][vc_column][vc_column_text]Modul \u0159e\u0161\u00ed podporu pro\u00a0t\u0159i hlavn\u00ed oblasti spr\u00e1vcovsk\u00fdch \u010dinnost\u00ed \u2013 Evidenci spot\u0159eb energi\u00ed, Rozpo\u010d\u00edt\u00e1v\u00e1n\u00ed energi\u00ed a slu\u017eeb (v technick\u00fdch a cenov\u00fdch jednotk\u00e1ch) a Energetick\u00fd management. Modul umo\u017e\u0148uje zejm\u00e9na: \u0158e\u0161it\u00a0evidenci, rozpo\u010d\u00edt\u00e1v\u00e1n\u00ed energi\u00ed a slu\u017eeb. Tento modul sleduje odpo\u010dty spot\u0159eb v\u0161ech druh\u016f energi\u00ed a slu\u017eeb i n\u00e1klady z p\u0159ijat\u00fdch faktur v pravideln\u00fdch i nepravideln\u00fdch \u010dasov\u00fdch intervalech a roz\u00fa\u010dtov\u00e1n\u00ed [&hellip;]","og_url":"https:\/\/www.chastia.com\/cs\/products\/chastia-fm\/module-energy-and-service\/","og_site_name":"CHASTIA s.r.o.","article_publisher":"https:\/\/www.facebook.com\/chastia.cz","article_modified_time":"2020-05-15T11:15:09+00:00","og_image":[{"width":1240,"height":827,"url":"https:\/\/www.chastia.com\/wp-content\/uploads\/2024\/05\/chastia_V_T_logo.png","type":"image\/png"}],"twitter_card":"summary_large_image","twitter_misc":{"Odhadovan\u00e1 doba \u010dten\u00ed":"3 minuty"},"schema":{"@context":"https:\/\/schema.org","@graph":[{"@type":"WebPage","@id":"https:\/\/www.chastia.com\/cs\/products\/chastia-fm\/module-energy-and-service\/","url":"https:\/\/www.chastia.com\/cs\/products\/chastia-fm\/module-energy-and-service\/","name":"Modul Energie a slu\u017eby - CHASTIA s.r.o.","isPartOf":{"@id":"https:\/\/www.chastia.com\/cs\/#website"},"datePublished":"2016-11-02T09:56:27+00:00","dateModified":"2020-05-15T11:15:09+00:00","breadcrumb":{"@id":"https:\/\/www.chastia.com\/cs\/products\/chastia-fm\/module-energy-and-service\/#breadcrumb"},"inLanguage":"cs","potentialAction":[{"@type":"ReadAction","target":["https:\/\/www.chastia.com\/cs\/products\/chastia-fm\/module-energy-and-service\/"]}]},{"@type":"BreadcrumbList","@id":"https:\/\/www.chastia.com\/cs\/products\/chastia-fm\/module-energy-and-service\/#breadcrumb","itemListElement":[{"@type":"ListItem","position":1,"name":"Home","item":"https:\/\/www.chastia.com\/cs\/"},{"@type":"ListItem","position":2,"name":"Produkty","item":"https:\/\/www.chastia.com\/cs\/products\/"},{"@type":"ListItem","position":3,"name":"Chastia FM","item":"https:\/\/www.chastia.com\/cs\/products\/chastia-fm\/"},{"@type":"ListItem","position":4,"name":"Modul Energie a slu\u017eby"}]},{"@type":"WebSite","@id":"https:\/\/www.chastia.com\/cs\/#website","url":"https:\/\/www.chastia.com\/cs\/","name":"CHASTIA s.r.o.","description":"","publisher":{"@id":"https:\/\/www.chastia.com\/cs\/#organization"},"alternateName":"CHASTIA","potentialAction":[{"@type":"SearchAction","target":{"@type":"EntryPoint","urlTemplate":"https:\/\/www.chastia.com\/cs\/?s={search_term_string}"},"query-input":"required name=search_term_string"}],"inLanguage":"cs"},{"@type":"Organization","@id":"https:\/\/www.chastia.com\/cs\/#organization","name":"CHASTIA s.r.o.","url":"https:\/\/www.chastia.com\/cs\/","logo":{"@type":"ImageObject","inLanguage":"cs","@id":"https:\/\/www.chastia.com\/cs\/#\/schema\/logo\/image\/","url":"https:\/\/www.chastia.com\/wp-content\/uploads\/2024\/05\/chastia_V_T_logo.png","contentUrl":"https:\/\/www.chastia.com\/wp-content\/uploads\/2024\/05\/chastia_V_T_logo.png","width":1240,"height":827,"caption":"CHASTIA s.r.o."},"image":{"@id":"https:\/\/www.chastia.com\/cs\/#\/schema\/logo\/image\/"},"sameAs":["https:\/\/www.facebook.com\/chastia.cz"]}]}},"_links":{"self":[{"href":"https:\/\/www.chastia.com\/cs\/wp-json\/wp\/v2\/pages\/3611"}],"collection":[{"href":"https:\/\/www.chastia.com\/cs\/wp-json\/wp\/v2\/pages"}],"about":[{"href":"https:\/\/www.chastia.com\/cs\/wp-json\/wp\/v2\/types\/page"}],"author":[{"embeddable":true,"href":"https:\/\/www.chastia.com\/cs\/wp-json\/wp\/v2\/users\/1"}],"replies":[{"embeddable":true,"href":"https:\/\/www.chastia.com\/cs\/wp-json\/wp\/v2\/comments?post=3611"}],"version-history":[{"count":4,"href":"https:\/\/www.chastia.com\/cs\/wp-json\/wp\/v2\/pages\/3611\/revisions"}],"predecessor-version":[{"id":8259,"href":"https:\/\/www.chastia.com\/cs\/wp-json\/wp\/v2\/pages\/3611\/revisions\/8259"}],"up":[{"embeddable":true,"href":"https:\/\/www.chastia.com\/cs\/wp-json\/wp\/v2\/pages\/3694"}],"wp:attachment":[{"href":"https:\/\/www.chastia.com\/cs\/wp-json\/wp\/v2\/media?parent=3611"}],"curies":[{"name":"wp","href":"https:\/\/api.w.org\/{rel}","templated":true}]}}