{"id":3608,"date":"2016-11-02T10:55:21","date_gmt":"2016-11-02T09:55:21","guid":{"rendered":"http:\/\/chastia.pozorradar.sk\/produkty\/chastia-fm\/modul-plochy-a-priestory\/?lang=cs"},"modified":"2020-05-15T13:11:32","modified_gmt":"2020-05-15T11:11:32","slug":"module-areas-and-spaces","status":"publish","type":"page","link":"https:\/\/www.chastia.com\/cs\/products\/chastia-fm\/module-areas-and-spaces\/","title":{"rendered":"Modul Plochy a prostory"},"content":{"rendered":"<p>[vc_row][vc_column]<H2>PLOCHY A PROSTORY<\/H2>[\/vc_column][\/vc_row][vc_row][vc_column][vc_column_text]Modul slou\u017e\u00ed k evidenci z\u00e1kladn\u00edch \u00fadaj\u016f o v\u0161ech stavebn\u00edch prostorech a ploch\u00e1ch, \u00fazem\u00edch, parcel\u00e1ch, objektech, podla\u017e\u00edch, sekc\u00edch budov, m\u00edstnostech apod.<\/p>\n<p>Modul umo\u017e\u0148uje:<\/p>\n<ul>\n<li>Sledovat a analyzovat plochy a prostory podle r\u016fzn\u00fdch krit\u00e9ri\u00ed \u2013 typ\u016f a kategori\u00ed prostor, vyu\u017eitelnosti ploch, pronaj\u00edmatelnosti ploch, zp\u016fsobu roz\u00fa\u010dtov\u00e1n\u00ed n\u00e1klad\u016f, cenov\u00fdch kategori\u00edch, plochy v m<sup>2<\/sup>\u00a0apod.<\/li>\n<li>Vyu\u017eit\u00ed pro pot\u0159eby dal\u0161\u00edch modul\u016f, jako je nap\u0159. modul \u201eSpr\u00e1va a N\u00e1jmy\u201c, v modulu Energie a slu\u017eby je mo\u017en\u00e9 vyu\u017e\u00edt plochy na roz\u00fa\u010dtov\u00e1n\u00ed n\u00e1klad\u016f atd.<\/li>\n<li>Anal\u00fdzy a vyhodnocen\u00ed\u00a0ve form\u011b report\u016f a barevn\u00fdch klasifikac\u00edch ve v\u00fdkresech.<\/li>\n<\/ul>\n<p>Modul Plochy a prostory m\u016f\u017ee pracovat s pomoc\u00ed dvou metod \u2013 metodou skupin prostor\u016f anebo metodou individu\u00e1ln\u00edch prostor\u016f:<\/p>\n<ul>\n<li><strong>Metoda skupin ploch (prostor\u016f)<\/strong>\u00a0umo\u017e\u0148uje evidovat cel\u00e9 skupiny ploch (prostor\u016f) seskupen\u00fdch podle n\u011bjak\u00e9ho krit\u00e9ria (nap\u0159.\u00a0n\u00e1jemc\u016f anebo odd\u011blen\u00ed podniku) bez toho, aby bylo nutn\u00e9 se detailn\u011b zab\u00fdvat individu\u00e1ln\u00edmi plochami (nap\u0159.\u00a0m\u00edstnostmi).<\/li>\n<li><strong>Metoda individu\u00e1ln\u00edch ploch (prostor\u016f)<\/strong>\u00a0je zalo\u017een\u00e1 na evidenci individu\u00e1ln\u00edch ploch (nap\u0159.\u00a0m\u00edstnost\u00ed,\u00a0parkovac\u00edch m\u00edst,\u00a0v\u00fdrobn\u00edch ploch). N\u00e1sledn\u011b se potom jednotliv\u00e9 m\u00edstnosti seskupuj\u00ed podle pot\u0159eby v jednotliv\u00fdch modulech, kter\u00e9 vyu\u017e\u00edvaj\u00ed informaci o ploch\u00e1ch.<\/li>\n<\/ul>\n<p>[\/vc_column_text][\/vc_column][\/vc_row]<\/p>\n","protected":false},"excerpt":{"rendered":"<p>[vc_row][vc_column][\/vc_column][\/vc_row][vc_row][vc_column][vc_column_text]Modul slou\u017e\u00ed k evidenci z\u00e1kladn\u00edch \u00fadaj\u016f o v\u0161ech stavebn\u00edch prostorech a ploch\u00e1ch, \u00fazem\u00edch, parcel\u00e1ch, objektech, podla\u017e\u00edch, sekc\u00edch budov, m\u00edstnostech apod. Modul umo\u017e\u0148uje: Sledovat a analyzovat plochy a prostory podle r\u016fzn\u00fdch krit\u00e9ri\u00ed \u2013 typ\u016f a kategori\u00ed prostor, vyu\u017eitelnosti ploch, pronaj\u00edmatelnosti ploch, zp\u016fsobu roz\u00fa\u010dtov\u00e1n\u00ed n\u00e1klad\u016f, cenov\u00fdch kategori\u00edch, plochy v m2\u00a0apod. Vyu\u017eit\u00ed pro pot\u0159eby dal\u0161\u00edch modul\u016f, jako je [&hellip;]<\/p>\n","protected":false},"author":1,"featured_media":0,"parent":3694,"menu_order":0,"comment_status":"closed","ping_status":"closed","template":"","meta":{"footnotes":""},"yoast_head":"<!-- This site is optimized with the Yoast SEO plugin v22.8 - https:\/\/yoast.com\/wordpress\/plugins\/seo\/ -->\n<title>Modul Plochy a prostory - CHASTIA s.r.o.<\/title>\n<meta name=\"robots\" content=\"index, follow, max-snippet:-1, max-image-preview:large, max-video-preview:-1\" \/>\n<link rel=\"canonical\" href=\"https:\/\/www.chastia.com\/cs\/products\/chastia-fm\/module-areas-and-spaces\/\" \/>\n<meta property=\"og:locale\" content=\"cs_CZ\" \/>\n<meta property=\"og:type\" content=\"article\" \/>\n<meta property=\"og:title\" content=\"Modul Plochy a prostory - CHASTIA s.r.o.\" \/>\n<meta property=\"og:description\" content=\"[vc_row][vc_column][\/vc_column][\/vc_row][vc_row][vc_column][vc_column_text]Modul slou\u017e\u00ed k evidenci z\u00e1kladn\u00edch \u00fadaj\u016f o v\u0161ech stavebn\u00edch prostorech a ploch\u00e1ch, \u00fazem\u00edch, parcel\u00e1ch, objektech, podla\u017e\u00edch, sekc\u00edch budov, m\u00edstnostech apod. Modul umo\u017e\u0148uje: Sledovat a analyzovat plochy a prostory podle r\u016fzn\u00fdch krit\u00e9ri\u00ed \u2013 typ\u016f a kategori\u00ed prostor, vyu\u017eitelnosti ploch, pronaj\u00edmatelnosti ploch, zp\u016fsobu roz\u00fa\u010dtov\u00e1n\u00ed n\u00e1klad\u016f, cenov\u00fdch kategori\u00edch, plochy v m2\u00a0apod. Vyu\u017eit\u00ed pro pot\u0159eby dal\u0161\u00edch modul\u016f, jako je [&hellip;]\" \/>\n<meta property=\"og:url\" content=\"https:\/\/www.chastia.com\/cs\/products\/chastia-fm\/module-areas-and-spaces\/\" \/>\n<meta property=\"og:site_name\" content=\"CHASTIA s.r.o.\" \/>\n<meta property=\"article:publisher\" content=\"https:\/\/www.facebook.com\/chastia.cz\" \/>\n<meta property=\"article:modified_time\" content=\"2020-05-15T11:11:32+00:00\" \/>\n<meta property=\"og:image\" content=\"https:\/\/www.chastia.com\/wp-content\/uploads\/2024\/05\/chastia_V_T_logo.png\" \/>\n\t<meta property=\"og:image:width\" content=\"1240\" \/>\n\t<meta property=\"og:image:height\" content=\"827\" \/>\n\t<meta property=\"og:image:type\" content=\"image\/png\" \/>\n<meta name=\"twitter:card\" content=\"summary_large_image\" \/>\n<meta name=\"twitter:label1\" content=\"Odhadovan\u00e1 doba \u010dten\u00ed\" \/>\n\t<meta name=\"twitter:data1\" content=\"1 minuta\" \/>\n<script type=\"application\/ld+json\" class=\"yoast-schema-graph\">{\"@context\":\"https:\/\/schema.org\",\"@graph\":[{\"@type\":\"WebPage\",\"@id\":\"https:\/\/www.chastia.com\/cs\/products\/chastia-fm\/module-areas-and-spaces\/\",\"url\":\"https:\/\/www.chastia.com\/cs\/products\/chastia-fm\/module-areas-and-spaces\/\",\"name\":\"Modul Plochy a prostory - CHASTIA s.r.o.\",\"isPartOf\":{\"@id\":\"https:\/\/www.chastia.com\/cs\/#website\"},\"datePublished\":\"2016-11-02T09:55:21+00:00\",\"dateModified\":\"2020-05-15T11:11:32+00:00\",\"breadcrumb\":{\"@id\":\"https:\/\/www.chastia.com\/cs\/products\/chastia-fm\/module-areas-and-spaces\/#breadcrumb\"},\"inLanguage\":\"cs\",\"potentialAction\":[{\"@type\":\"ReadAction\",\"target\":[\"https:\/\/www.chastia.com\/cs\/products\/chastia-fm\/module-areas-and-spaces\/\"]}]},{\"@type\":\"BreadcrumbList\",\"@id\":\"https:\/\/www.chastia.com\/cs\/products\/chastia-fm\/module-areas-and-spaces\/#breadcrumb\",\"itemListElement\":[{\"@type\":\"ListItem\",\"position\":1,\"name\":\"Home\",\"item\":\"https:\/\/www.chastia.com\/cs\/\"},{\"@type\":\"ListItem\",\"position\":2,\"name\":\"Produkty\",\"item\":\"https:\/\/www.chastia.com\/cs\/products\/\"},{\"@type\":\"ListItem\",\"position\":3,\"name\":\"Chastia FM\",\"item\":\"https:\/\/www.chastia.com\/cs\/products\/chastia-fm\/\"},{\"@type\":\"ListItem\",\"position\":4,\"name\":\"Modul Plochy a prostory\"}]},{\"@type\":\"WebSite\",\"@id\":\"https:\/\/www.chastia.com\/cs\/#website\",\"url\":\"https:\/\/www.chastia.com\/cs\/\",\"name\":\"CHASTIA s.r.o.\",\"description\":\"\",\"publisher\":{\"@id\":\"https:\/\/www.chastia.com\/cs\/#organization\"},\"alternateName\":\"CHASTIA\",\"potentialAction\":[{\"@type\":\"SearchAction\",\"target\":{\"@type\":\"EntryPoint\",\"urlTemplate\":\"https:\/\/www.chastia.com\/cs\/?s={search_term_string}\"},\"query-input\":\"required name=search_term_string\"}],\"inLanguage\":\"cs\"},{\"@type\":\"Organization\",\"@id\":\"https:\/\/www.chastia.com\/cs\/#organization\",\"name\":\"CHASTIA s.r.o.\",\"url\":\"https:\/\/www.chastia.com\/cs\/\",\"logo\":{\"@type\":\"ImageObject\",\"inLanguage\":\"cs\",\"@id\":\"https:\/\/www.chastia.com\/cs\/#\/schema\/logo\/image\/\",\"url\":\"https:\/\/www.chastia.com\/wp-content\/uploads\/2024\/05\/chastia_V_T_logo.png\",\"contentUrl\":\"https:\/\/www.chastia.com\/wp-content\/uploads\/2024\/05\/chastia_V_T_logo.png\",\"width\":1240,\"height\":827,\"caption\":\"CHASTIA s.r.o.\"},\"image\":{\"@id\":\"https:\/\/www.chastia.com\/cs\/#\/schema\/logo\/image\/\"},\"sameAs\":[\"https:\/\/www.facebook.com\/chastia.cz\"]}]}<\/script>\n<!-- \/ Yoast SEO plugin. -->","yoast_head_json":{"title":"Modul Plochy a prostory - CHASTIA s.r.o.","robots":{"index":"index","follow":"follow","max-snippet":"max-snippet:-1","max-image-preview":"max-image-preview:large","max-video-preview":"max-video-preview:-1"},"canonical":"https:\/\/www.chastia.com\/cs\/products\/chastia-fm\/module-areas-and-spaces\/","og_locale":"cs_CZ","og_type":"article","og_title":"Modul Plochy a prostory - CHASTIA s.r.o.","og_description":"[vc_row][vc_column][\/vc_column][\/vc_row][vc_row][vc_column][vc_column_text]Modul slou\u017e\u00ed k evidenci z\u00e1kladn\u00edch \u00fadaj\u016f o v\u0161ech stavebn\u00edch prostorech a ploch\u00e1ch, \u00fazem\u00edch, parcel\u00e1ch, objektech, podla\u017e\u00edch, sekc\u00edch budov, m\u00edstnostech apod. Modul umo\u017e\u0148uje: Sledovat a analyzovat plochy a prostory podle r\u016fzn\u00fdch krit\u00e9ri\u00ed \u2013 typ\u016f a kategori\u00ed prostor, vyu\u017eitelnosti ploch, pronaj\u00edmatelnosti ploch, zp\u016fsobu roz\u00fa\u010dtov\u00e1n\u00ed n\u00e1klad\u016f, cenov\u00fdch kategori\u00edch, plochy v m2\u00a0apod. Vyu\u017eit\u00ed pro pot\u0159eby dal\u0161\u00edch modul\u016f, jako je [&hellip;]","og_url":"https:\/\/www.chastia.com\/cs\/products\/chastia-fm\/module-areas-and-spaces\/","og_site_name":"CHASTIA s.r.o.","article_publisher":"https:\/\/www.facebook.com\/chastia.cz","article_modified_time":"2020-05-15T11:11:32+00:00","og_image":[{"width":1240,"height":827,"url":"https:\/\/www.chastia.com\/wp-content\/uploads\/2024\/05\/chastia_V_T_logo.png","type":"image\/png"}],"twitter_card":"summary_large_image","twitter_misc":{"Odhadovan\u00e1 doba \u010dten\u00ed":"1 minuta"},"schema":{"@context":"https:\/\/schema.org","@graph":[{"@type":"WebPage","@id":"https:\/\/www.chastia.com\/cs\/products\/chastia-fm\/module-areas-and-spaces\/","url":"https:\/\/www.chastia.com\/cs\/products\/chastia-fm\/module-areas-and-spaces\/","name":"Modul Plochy a prostory - CHASTIA s.r.o.","isPartOf":{"@id":"https:\/\/www.chastia.com\/cs\/#website"},"datePublished":"2016-11-02T09:55:21+00:00","dateModified":"2020-05-15T11:11:32+00:00","breadcrumb":{"@id":"https:\/\/www.chastia.com\/cs\/products\/chastia-fm\/module-areas-and-spaces\/#breadcrumb"},"inLanguage":"cs","potentialAction":[{"@type":"ReadAction","target":["https:\/\/www.chastia.com\/cs\/products\/chastia-fm\/module-areas-and-spaces\/"]}]},{"@type":"BreadcrumbList","@id":"https:\/\/www.chastia.com\/cs\/products\/chastia-fm\/module-areas-and-spaces\/#breadcrumb","itemListElement":[{"@type":"ListItem","position":1,"name":"Home","item":"https:\/\/www.chastia.com\/cs\/"},{"@type":"ListItem","position":2,"name":"Produkty","item":"https:\/\/www.chastia.com\/cs\/products\/"},{"@type":"ListItem","position":3,"name":"Chastia FM","item":"https:\/\/www.chastia.com\/cs\/products\/chastia-fm\/"},{"@type":"ListItem","position":4,"name":"Modul Plochy a prostory"}]},{"@type":"WebSite","@id":"https:\/\/www.chastia.com\/cs\/#website","url":"https:\/\/www.chastia.com\/cs\/","name":"CHASTIA s.r.o.","description":"","publisher":{"@id":"https:\/\/www.chastia.com\/cs\/#organization"},"alternateName":"CHASTIA","potentialAction":[{"@type":"SearchAction","target":{"@type":"EntryPoint","urlTemplate":"https:\/\/www.chastia.com\/cs\/?s={search_term_string}"},"query-input":"required name=search_term_string"}],"inLanguage":"cs"},{"@type":"Organization","@id":"https:\/\/www.chastia.com\/cs\/#organization","name":"CHASTIA s.r.o.","url":"https:\/\/www.chastia.com\/cs\/","logo":{"@type":"ImageObject","inLanguage":"cs","@id":"https:\/\/www.chastia.com\/cs\/#\/schema\/logo\/image\/","url":"https:\/\/www.chastia.com\/wp-content\/uploads\/2024\/05\/chastia_V_T_logo.png","contentUrl":"https:\/\/www.chastia.com\/wp-content\/uploads\/2024\/05\/chastia_V_T_logo.png","width":1240,"height":827,"caption":"CHASTIA s.r.o."},"image":{"@id":"https:\/\/www.chastia.com\/cs\/#\/schema\/logo\/image\/"},"sameAs":["https:\/\/www.facebook.com\/chastia.cz"]}]}},"_links":{"self":[{"href":"https:\/\/www.chastia.com\/cs\/wp-json\/wp\/v2\/pages\/3608"}],"collection":[{"href":"https:\/\/www.chastia.com\/cs\/wp-json\/wp\/v2\/pages"}],"about":[{"href":"https:\/\/www.chastia.com\/cs\/wp-json\/wp\/v2\/types\/page"}],"author":[{"embeddable":true,"href":"https:\/\/www.chastia.com\/cs\/wp-json\/wp\/v2\/users\/1"}],"replies":[{"embeddable":true,"href":"https:\/\/www.chastia.com\/cs\/wp-json\/wp\/v2\/comments?post=3608"}],"version-history":[{"count":4,"href":"https:\/\/www.chastia.com\/cs\/wp-json\/wp\/v2\/pages\/3608\/revisions"}],"predecessor-version":[{"id":8257,"href":"https:\/\/www.chastia.com\/cs\/wp-json\/wp\/v2\/pages\/3608\/revisions\/8257"}],"up":[{"embeddable":true,"href":"https:\/\/www.chastia.com\/cs\/wp-json\/wp\/v2\/pages\/3694"}],"wp:attachment":[{"href":"https:\/\/www.chastia.com\/cs\/wp-json\/wp\/v2\/media?parent=3608"}],"curies":[{"name":"wp","href":"https:\/\/api.w.org\/{rel}","templated":true}]}}