{"id":3603,"date":"2016-11-02T10:52:37","date_gmt":"2016-11-02T09:52:37","guid":{"rendered":"http:\/\/chastia.pozorradar.sk\/modul-dokumenty\/?lang=cs"},"modified":"2020-05-15T13:09:21","modified_gmt":"2020-05-15T11:09:21","slug":"module-documents","status":"publish","type":"page","link":"https:\/\/www.chastia.com\/cs\/products\/chastia-fm\/module-documents\/","title":{"rendered":"Modul Dokumenty"},"content":{"rendered":"<p>[vc_row][vc_column]<H2>Dokumenty<\/H2>[\/vc_column][\/vc_row][vc_row][vc_column][vc_column_text]Ke ka\u017ed\u00e9mu objektu IS je mo\u017en\u00e9 p\u0159ipojit libovoln\u00fd po\u010det elektronick\u00fdch dokument\u016f. Tento modul umo\u017e\u0148uje vytv\u00e1\u0159et elektronick\u00fd archiv v\u0161ech dokument\u016f vztahuj\u00edc\u00edch se ke konkr\u00e9tn\u00edm objekt\u016fm IS definovan\u00fdm v syst\u00e9mu\u00a0<strong>Chastia FM<\/strong>.\u00a0Multimedi\u00e1ln\u00ed schopnosti tohoto archivu dokument\u016f jsou prakticky neomezen\u00e9.<\/p>\n<p>Modul dokumenty umo\u017e\u0148uje:<\/p>\n<ul>\n<li>Integraci dokument\u016f do hierarchie majetku (are\u00e1ly, budovy, \u2026, za\u0159\u00edzen\u00ed) jejich p\u0159i\u0159azen\u00edm ke konkr\u00e9tn\u00edmu objektu IS.<\/li>\n<li>Extr\u00e9mn\u011b rychl\u00e9 vyhled\u00e1v\u00e1n\u00ed dokument\u016f a okam\u017eit\u00fd p\u0159\u00edstup k jejich prohl\u00ed\u017een\u00ed a editaci vyhled\u00e1van\u00ed p\u0159es objekty IS.<\/li>\n<li>Vytvo\u0159en\u00ed centr\u00e1ln\u00edho archivu dokument\u016f nez\u00e1visl\u00fdch na objektech IS. Dokumenty jsou v syst\u00e9mu t\u0159\u00edd\u011bn\u00e9 do skupin (adres\u00e1\u0159\u016f) ve stromov\u00e9 struktu\u0159e.<\/li>\n<li>P\u0159ipojit i dokumenty, kter\u00e9 nejsou p\u0159ipojen\u00e9 k \u017e\u00e1dn\u00e9mu objektu IS \u2013 tj. na \u00farovni cel\u00e9 firmy. Tyto dokumenty jsou p\u0159\u00edstupn\u00e9 z ka\u017ed\u00e9ho m\u00edsta projektu\u00a0<strong>Chastie FM<\/strong>.<\/li>\n<li>Vyu\u017eit\u00ed modulu jako \u00falo\u017ei\u0161t\u011b pro automaticky generovan\u00e9 dokumenty z ostatn\u00edch modul\u016f syst\u00e9mu\u00a0<strong>Chastia FM\u00a0<\/strong>\u2013 nap\u0159\u00edklad smlouvy, dodatky ke smlouv\u00e1m, faktury, vy\u00fa\u010dtov\u00e1n\u00ed apod.<\/li>\n<li>Do archivu dokument\u016f je mo\u017en\u00e9 p\u0159ipojit libovoln\u00fd dokument z Va\u0161eho lok\u00e1ln\u00edho disku ve form\u011b souboru. Tyto dokumenty je mo\u017en\u00e9 t\u0159\u00eddit a uspo\u0159\u00e1d\u00e1vat do slo\u017eek podobn\u011b jako je to v syst\u00e9mu Microsoft Windows.<\/li>\n<\/ul>\n<p>P\u0159\u00edklady evidovan\u00fdch dokument\u016f:<\/p>\n<ul>\n<li>v\u00fdkresy ve form\u00e1tech CAD,<\/li>\n<li>textov\u00e9 a tabulkov\u00e9 dokumenty,<\/li>\n<li>internetov\u00e9 str\u00e1nky,<\/li>\n<li>rastrov\u00e9 obr\u00e1zky,<\/li>\n<li>fotografie,<\/li>\n<li>zvukov\u00e9 nahr\u00e1vky,<\/li>\n<li>videoz\u00e1znamy,<\/li>\n<li>a v\u0161echny ostatn\u00ed elektronick\u00e9 dokumenty.<\/li>\n<\/ul>\n<p>[\/vc_column_text][\/vc_column][\/vc_row]<\/p>\n","protected":false},"excerpt":{"rendered":"<p>[vc_row][vc_column][\/vc_column][\/vc_row][vc_row][vc_column][vc_column_text]Ke ka\u017ed\u00e9mu objektu IS je mo\u017en\u00e9 p\u0159ipojit libovoln\u00fd po\u010det elektronick\u00fdch dokument\u016f. Tento modul umo\u017e\u0148uje vytv\u00e1\u0159et elektronick\u00fd archiv v\u0161ech dokument\u016f vztahuj\u00edc\u00edch se ke konkr\u00e9tn\u00edm objekt\u016fm IS definovan\u00fdm v syst\u00e9mu\u00a0Chastia FM.\u00a0Multimedi\u00e1ln\u00ed schopnosti tohoto archivu dokument\u016f jsou prakticky neomezen\u00e9. Modul dokumenty umo\u017e\u0148uje: Integraci dokument\u016f do hierarchie majetku (are\u00e1ly, budovy, \u2026, za\u0159\u00edzen\u00ed) jejich p\u0159i\u0159azen\u00edm ke konkr\u00e9tn\u00edmu objektu IS. Extr\u00e9mn\u011b [&hellip;]<\/p>\n","protected":false},"author":1,"featured_media":0,"parent":3694,"menu_order":0,"comment_status":"closed","ping_status":"closed","template":"","meta":{"footnotes":""},"yoast_head":"<!-- This site is optimized with the Yoast SEO plugin v22.8 - https:\/\/yoast.com\/wordpress\/plugins\/seo\/ -->\n<title>Modul Dokumenty - CHASTIA s.r.o.<\/title>\n<meta name=\"robots\" content=\"index, follow, max-snippet:-1, max-image-preview:large, max-video-preview:-1\" \/>\n<link rel=\"canonical\" href=\"https:\/\/www.chastia.com\/cs\/products\/chastia-fm\/module-documents\/\" \/>\n<meta property=\"og:locale\" content=\"cs_CZ\" \/>\n<meta property=\"og:type\" content=\"article\" \/>\n<meta property=\"og:title\" content=\"Modul Dokumenty - CHASTIA s.r.o.\" \/>\n<meta property=\"og:description\" content=\"[vc_row][vc_column][\/vc_column][\/vc_row][vc_row][vc_column][vc_column_text]Ke ka\u017ed\u00e9mu objektu IS je mo\u017en\u00e9 p\u0159ipojit libovoln\u00fd po\u010det elektronick\u00fdch dokument\u016f. Tento modul umo\u017e\u0148uje vytv\u00e1\u0159et elektronick\u00fd archiv v\u0161ech dokument\u016f vztahuj\u00edc\u00edch se ke konkr\u00e9tn\u00edm objekt\u016fm IS definovan\u00fdm v syst\u00e9mu\u00a0Chastia FM.\u00a0Multimedi\u00e1ln\u00ed schopnosti tohoto archivu dokument\u016f jsou prakticky neomezen\u00e9. Modul dokumenty umo\u017e\u0148uje: Integraci dokument\u016f do hierarchie majetku (are\u00e1ly, budovy, \u2026, za\u0159\u00edzen\u00ed) jejich p\u0159i\u0159azen\u00edm ke konkr\u00e9tn\u00edmu objektu IS. Extr\u00e9mn\u011b [&hellip;]\" \/>\n<meta property=\"og:url\" content=\"https:\/\/www.chastia.com\/cs\/products\/chastia-fm\/module-documents\/\" \/>\n<meta property=\"og:site_name\" content=\"CHASTIA s.r.o.\" \/>\n<meta property=\"article:publisher\" content=\"https:\/\/www.facebook.com\/chastia.cz\" \/>\n<meta property=\"article:modified_time\" content=\"2020-05-15T11:09:21+00:00\" \/>\n<meta property=\"og:image\" content=\"https:\/\/www.chastia.com\/wp-content\/uploads\/2024\/05\/chastia_V_T_logo.png\" \/>\n\t<meta property=\"og:image:width\" content=\"1240\" \/>\n\t<meta property=\"og:image:height\" content=\"827\" \/>\n\t<meta property=\"og:image:type\" content=\"image\/png\" \/>\n<meta name=\"twitter:card\" content=\"summary_large_image\" \/>\n<meta name=\"twitter:label1\" content=\"Odhadovan\u00e1 doba \u010dten\u00ed\" \/>\n\t<meta name=\"twitter:data1\" content=\"2 minuty\" \/>\n<script type=\"application\/ld+json\" class=\"yoast-schema-graph\">{\"@context\":\"https:\/\/schema.org\",\"@graph\":[{\"@type\":\"WebPage\",\"@id\":\"https:\/\/www.chastia.com\/cs\/products\/chastia-fm\/module-documents\/\",\"url\":\"https:\/\/www.chastia.com\/cs\/products\/chastia-fm\/module-documents\/\",\"name\":\"Modul Dokumenty - CHASTIA s.r.o.\",\"isPartOf\":{\"@id\":\"https:\/\/www.chastia.com\/cs\/#website\"},\"datePublished\":\"2016-11-02T09:52:37+00:00\",\"dateModified\":\"2020-05-15T11:09:21+00:00\",\"breadcrumb\":{\"@id\":\"https:\/\/www.chastia.com\/cs\/products\/chastia-fm\/module-documents\/#breadcrumb\"},\"inLanguage\":\"cs\",\"potentialAction\":[{\"@type\":\"ReadAction\",\"target\":[\"https:\/\/www.chastia.com\/cs\/products\/chastia-fm\/module-documents\/\"]}]},{\"@type\":\"BreadcrumbList\",\"@id\":\"https:\/\/www.chastia.com\/cs\/products\/chastia-fm\/module-documents\/#breadcrumb\",\"itemListElement\":[{\"@type\":\"ListItem\",\"position\":1,\"name\":\"Home\",\"item\":\"https:\/\/www.chastia.com\/cs\/\"},{\"@type\":\"ListItem\",\"position\":2,\"name\":\"Produkty\",\"item\":\"https:\/\/www.chastia.com\/cs\/products\/\"},{\"@type\":\"ListItem\",\"position\":3,\"name\":\"Chastia FM\",\"item\":\"https:\/\/www.chastia.com\/cs\/products\/chastia-fm\/\"},{\"@type\":\"ListItem\",\"position\":4,\"name\":\"Modul Dokumenty\"}]},{\"@type\":\"WebSite\",\"@id\":\"https:\/\/www.chastia.com\/cs\/#website\",\"url\":\"https:\/\/www.chastia.com\/cs\/\",\"name\":\"CHASTIA s.r.o.\",\"description\":\"\",\"publisher\":{\"@id\":\"https:\/\/www.chastia.com\/cs\/#organization\"},\"alternateName\":\"CHASTIA\",\"potentialAction\":[{\"@type\":\"SearchAction\",\"target\":{\"@type\":\"EntryPoint\",\"urlTemplate\":\"https:\/\/www.chastia.com\/cs\/?s={search_term_string}\"},\"query-input\":\"required name=search_term_string\"}],\"inLanguage\":\"cs\"},{\"@type\":\"Organization\",\"@id\":\"https:\/\/www.chastia.com\/cs\/#organization\",\"name\":\"CHASTIA s.r.o.\",\"url\":\"https:\/\/www.chastia.com\/cs\/\",\"logo\":{\"@type\":\"ImageObject\",\"inLanguage\":\"cs\",\"@id\":\"https:\/\/www.chastia.com\/cs\/#\/schema\/logo\/image\/\",\"url\":\"https:\/\/www.chastia.com\/wp-content\/uploads\/2024\/05\/chastia_V_T_logo.png\",\"contentUrl\":\"https:\/\/www.chastia.com\/wp-content\/uploads\/2024\/05\/chastia_V_T_logo.png\",\"width\":1240,\"height\":827,\"caption\":\"CHASTIA s.r.o.\"},\"image\":{\"@id\":\"https:\/\/www.chastia.com\/cs\/#\/schema\/logo\/image\/\"},\"sameAs\":[\"https:\/\/www.facebook.com\/chastia.cz\"]}]}<\/script>\n<!-- \/ Yoast SEO plugin. -->","yoast_head_json":{"title":"Modul Dokumenty - CHASTIA s.r.o.","robots":{"index":"index","follow":"follow","max-snippet":"max-snippet:-1","max-image-preview":"max-image-preview:large","max-video-preview":"max-video-preview:-1"},"canonical":"https:\/\/www.chastia.com\/cs\/products\/chastia-fm\/module-documents\/","og_locale":"cs_CZ","og_type":"article","og_title":"Modul Dokumenty - CHASTIA s.r.o.","og_description":"[vc_row][vc_column][\/vc_column][\/vc_row][vc_row][vc_column][vc_column_text]Ke ka\u017ed\u00e9mu objektu IS je mo\u017en\u00e9 p\u0159ipojit libovoln\u00fd po\u010det elektronick\u00fdch dokument\u016f. Tento modul umo\u017e\u0148uje vytv\u00e1\u0159et elektronick\u00fd archiv v\u0161ech dokument\u016f vztahuj\u00edc\u00edch se ke konkr\u00e9tn\u00edm objekt\u016fm IS definovan\u00fdm v syst\u00e9mu\u00a0Chastia FM.\u00a0Multimedi\u00e1ln\u00ed schopnosti tohoto archivu dokument\u016f jsou prakticky neomezen\u00e9. Modul dokumenty umo\u017e\u0148uje: Integraci dokument\u016f do hierarchie majetku (are\u00e1ly, budovy, \u2026, za\u0159\u00edzen\u00ed) jejich p\u0159i\u0159azen\u00edm ke konkr\u00e9tn\u00edmu objektu IS. Extr\u00e9mn\u011b [&hellip;]","og_url":"https:\/\/www.chastia.com\/cs\/products\/chastia-fm\/module-documents\/","og_site_name":"CHASTIA s.r.o.","article_publisher":"https:\/\/www.facebook.com\/chastia.cz","article_modified_time":"2020-05-15T11:09:21+00:00","og_image":[{"width":1240,"height":827,"url":"https:\/\/www.chastia.com\/wp-content\/uploads\/2024\/05\/chastia_V_T_logo.png","type":"image\/png"}],"twitter_card":"summary_large_image","twitter_misc":{"Odhadovan\u00e1 doba \u010dten\u00ed":"2 minuty"},"schema":{"@context":"https:\/\/schema.org","@graph":[{"@type":"WebPage","@id":"https:\/\/www.chastia.com\/cs\/products\/chastia-fm\/module-documents\/","url":"https:\/\/www.chastia.com\/cs\/products\/chastia-fm\/module-documents\/","name":"Modul Dokumenty - CHASTIA s.r.o.","isPartOf":{"@id":"https:\/\/www.chastia.com\/cs\/#website"},"datePublished":"2016-11-02T09:52:37+00:00","dateModified":"2020-05-15T11:09:21+00:00","breadcrumb":{"@id":"https:\/\/www.chastia.com\/cs\/products\/chastia-fm\/module-documents\/#breadcrumb"},"inLanguage":"cs","potentialAction":[{"@type":"ReadAction","target":["https:\/\/www.chastia.com\/cs\/products\/chastia-fm\/module-documents\/"]}]},{"@type":"BreadcrumbList","@id":"https:\/\/www.chastia.com\/cs\/products\/chastia-fm\/module-documents\/#breadcrumb","itemListElement":[{"@type":"ListItem","position":1,"name":"Home","item":"https:\/\/www.chastia.com\/cs\/"},{"@type":"ListItem","position":2,"name":"Produkty","item":"https:\/\/www.chastia.com\/cs\/products\/"},{"@type":"ListItem","position":3,"name":"Chastia FM","item":"https:\/\/www.chastia.com\/cs\/products\/chastia-fm\/"},{"@type":"ListItem","position":4,"name":"Modul Dokumenty"}]},{"@type":"WebSite","@id":"https:\/\/www.chastia.com\/cs\/#website","url":"https:\/\/www.chastia.com\/cs\/","name":"CHASTIA s.r.o.","description":"","publisher":{"@id":"https:\/\/www.chastia.com\/cs\/#organization"},"alternateName":"CHASTIA","potentialAction":[{"@type":"SearchAction","target":{"@type":"EntryPoint","urlTemplate":"https:\/\/www.chastia.com\/cs\/?s={search_term_string}"},"query-input":"required name=search_term_string"}],"inLanguage":"cs"},{"@type":"Organization","@id":"https:\/\/www.chastia.com\/cs\/#organization","name":"CHASTIA s.r.o.","url":"https:\/\/www.chastia.com\/cs\/","logo":{"@type":"ImageObject","inLanguage":"cs","@id":"https:\/\/www.chastia.com\/cs\/#\/schema\/logo\/image\/","url":"https:\/\/www.chastia.com\/wp-content\/uploads\/2024\/05\/chastia_V_T_logo.png","contentUrl":"https:\/\/www.chastia.com\/wp-content\/uploads\/2024\/05\/chastia_V_T_logo.png","width":1240,"height":827,"caption":"CHASTIA s.r.o."},"image":{"@id":"https:\/\/www.chastia.com\/cs\/#\/schema\/logo\/image\/"},"sameAs":["https:\/\/www.facebook.com\/chastia.cz"]}]}},"_links":{"self":[{"href":"https:\/\/www.chastia.com\/cs\/wp-json\/wp\/v2\/pages\/3603"}],"collection":[{"href":"https:\/\/www.chastia.com\/cs\/wp-json\/wp\/v2\/pages"}],"about":[{"href":"https:\/\/www.chastia.com\/cs\/wp-json\/wp\/v2\/types\/page"}],"author":[{"embeddable":true,"href":"https:\/\/www.chastia.com\/cs\/wp-json\/wp\/v2\/users\/1"}],"replies":[{"embeddable":true,"href":"https:\/\/www.chastia.com\/cs\/wp-json\/wp\/v2\/comments?post=3603"}],"version-history":[{"count":4,"href":"https:\/\/www.chastia.com\/cs\/wp-json\/wp\/v2\/pages\/3603\/revisions"}],"predecessor-version":[{"id":8255,"href":"https:\/\/www.chastia.com\/cs\/wp-json\/wp\/v2\/pages\/3603\/revisions\/8255"}],"up":[{"embeddable":true,"href":"https:\/\/www.chastia.com\/cs\/wp-json\/wp\/v2\/pages\/3694"}],"wp:attachment":[{"href":"https:\/\/www.chastia.com\/cs\/wp-json\/wp\/v2\/media?parent=3603"}],"curies":[{"name":"wp","href":"https:\/\/api.w.org\/{rel}","templated":true}]}}