{"id":3592,"date":"2016-11-02T10:48:37","date_gmt":"2016-11-02T09:48:37","guid":{"rendered":"http:\/\/chastia.pozorradar.sk\/produkty\/chastia-fm\/modul-grafika\/?lang=cs"},"modified":"2020-02-12T09:08:04","modified_gmt":"2020-02-12T08:08:04","slug":"module-graphic","status":"publish","type":"page","link":"https:\/\/www.chastia.com\/cs\/products\/chastia-fm\/module-graphic\/","title":{"rendered":"Modul Grafika"},"content":{"rendered":"<p>[vc_row][vc_column]<H2>Grafika<\/H2>[\/vc_column][\/vc_row][vc_row][vc_column][vc_column_text]<\/p>\n<div class=\"textContent\">\n<p>Grafick\u00fd modul je tvo\u0159en\u00fd t\u0159emi z\u00e1kladn\u00edmi objekty \u2013 grafick\u00fdm editorem, grafick\u00fdm prohl\u00ed\u017ee\u010dem, editorem v\u00fdkresov\u00fdch tiskov\u00fdch sestav a cel\u00fdm apar\u00e1tem n\u00e1stroj\u016f a p\u0159\u00edkaz\u016f pro pr\u00e1ci s\u00a0v\u00fdkresy pro tvorbu a editaci projektu.<\/p>\n<p>Modul umo\u017e\u0148uje:<\/p>\n<ul>\n<li>umo\u017e\u0148uje vytv\u00e1\u0159et vektorov\u00e9 v\u00fdkresy a pracovat s nimi,<\/li>\n<li>importovat v\u00fdkresy z CAD a GIS syst\u00e9m\u016f,<\/li>\n<li>propojovat jednotliv\u00e9 grafick\u00e9 prvky navz\u00e1jem mezi sebou a s \u00fadaji\u00a0v datab\u00e1zi,<\/li>\n<li>vytv\u00e1\u0159et tematick\u00e9 mapy a v\u00fdkresy podle po\u017eadavk\u016f ostatn\u00edch modul\u016f Chastie FM,<\/li>\n<li>modul v\u00a0kombinaci s \u00fadaji v datab\u00e1zi velmi \u00fa\u010dinn\u011b nahrazuje ve spr\u00e1vcovsk\u00fdch spole\u010dnostech geografick\u00e9 informa\u010dn\u00ed syst\u00e9my.<\/li>\n<\/ul>\n<p>Grafick\u00fd modul obsahuje zejm\u00e9na:<\/p>\n<ul>\n<li><strong>Vektorov\u00fd grafick\u00fd editor \u2013\u00a0<\/strong>slou\u017e\u00ed pro p\u0159\u00edpravu a editaci v\u00fdkres\u016f \u0159e\u0161en\u00e9ho projektu. Pomoc\u00ed n\u011bho jsou tak\u00e9 mo\u017en\u00e9 rychl\u00e9 editace v\u00fdkres\u016f (zm\u011bny v pr\u016fb\u011bhu \u017eivotnosti objekt\u016f \u2013 posunut\u00ed p\u0159\u00ed\u010dky, dve\u0159\u00ed, p\u0159esun n\u00e1bytku apod.). Samoz\u0159ejmost\u00ed je jednoduch\u00e9 kreslen\u00ed v\u00fdkres\u016f a p\u0159\u00edprava v\u00fdkres\u016f pro projekt Chastie pomoc\u00ed \u0161ablon v\u00fdkres\u016f. Prost\u0159ed\u00ed programu je velmi intuitivn\u00ed a podob\u00e1 se na standardn\u00ed CAD aplikace.<br \/>\nProgram umo\u017e\u0148uje import v\u00fdkres\u016f z CAD aplikac\u00ed, kreslen\u00ed ve vlastn\u00edm grafick\u00e9m prost\u0159ed\u00ed, definov\u00e1n\u00ed \u0161ablon v\u00fdkres\u016f apod. Editor t\u00e9\u017e umo\u017e\u0148uje vkl\u00e1dat do v\u00fdkres\u016f rastrov\u00e9 obr\u00e1zky \u2013 nap\u0159. skenovan\u00e9 v\u00fdkresy, fotografie a podobn\u011b.<\/li>\n<li><strong>Grafick\u00fd prohl\u00ed\u017ee\u010d \u2013<\/strong>\u00a0slou\u017e\u00ed prim\u00e1rn\u011b pro zobrazov\u00e1n\u00ed grafick\u00fdch informac\u00ed (zpravidla v\u00fdkres\u016f), s propojen\u00edm jejich prvk\u016f (entit) na datab\u00e1zov\u00e9 z\u00e1znamy.<\/li>\n<li><strong>Editor v\u00fdkresov\u00fdch tiskov\u00fdch sestav \u2013<\/strong>\u00a0je ur\u010den\u00fd\u00a0pro definici prohl\u00ed\u017een\u00ed a tisk v\u00fdkresov\u00fdch sestav. Hlavn\u00ed komponentou tiskov\u00fdch sestav jsou v\u00fdkresy\u00a0<strong>Chastie FM<\/strong>\u00a0\u2013 ty v\u0161ak nutn\u011b nemus\u00ed b\u00fdt povinn\u00e9. Krom\u011b v\u00fdkres\u016f\u00a0<strong>Chastie FM\u00a0<\/strong>je mo\u017en\u00e9 do v\u00fdkresov\u00fdch sestav vkl\u00e1dat obr\u00e1zky, textov\u00e9 r\u00e1me\u010dky apod. Editor je \u0159e\u0161en\u00fd objektov\u011b, kde ka\u017ed\u00fd prvek sestavy se chov\u00e1 \u00fapln\u011b samostatn\u011b \u2013 m\u016f\u017ee m\u00edt svou vlastn\u00ed velikost, m\u011b\u0159\u00edtko, tvar, a jin\u00e9 vlastnosti.<br \/>\nTiskov\u00e1 sestava se d\u00e1 ulo\u017eit na disk pro dal\u0161\u00ed pou\u017eit\u00ed ve v\u00edcero form\u00e1tech.<br \/>\nEditor umo\u017e\u0148uje tisk na velk\u00e9 form\u00e1ty pap\u00edru, p\u0159\u00edpadn\u011b je mo\u017en\u00e9 rozd\u011blit velk\u00fd v\u00fdkres na n\u011bkolik men\u0161\u00edch stran (nap\u0159\u00edklad v\u00fdkres A0 vytisknout na tisk\u00e1rn\u011b A4).<\/li>\n<li><strong>N\u00e1stroje pro pr\u00e1ci s v\u00fdkresy.\u00a0Chastia FM<\/strong>\u00a0obsahuje mno\u017estv\u00ed podp\u016frn\u00fdch n\u00e1stroj\u016f na pr\u00e1ci s v\u00fdkresy \u2013 nap\u0159. n\u00e1stroj na propojov\u00e1n\u00ed v\u00fdkres\u016f mezi sebou, n\u00e1stroj na generov\u00e1n\u00ed z\u00e1znam\u016f do datab\u00e1ze z objekt\u016f ve v\u00fdkresu, n\u00e1stroj pro generov\u00e1n\u00ed d\u00e9lek, obvod\u016f a ploch z v\u00fdkres\u016f apod. Takov\u00e9 n\u00e1stroje umo\u017en\u00ed velmi komfortn\u00ed pr\u00e1ci s\u00a0<strong>Chasti\u00ed FM<\/strong>. Velmi uleh\u010d\u00ed pr\u00e1ci p\u0159i p\u0159\u00edprav\u011b projektu a v\u00fdrazn\u011b tyto \u010dinnosti zefektiv\u0148uj\u00ed.<\/li>\n<\/ul>\n<\/div>\n<p>[\/vc_column_text][\/vc_column][\/vc_row]<\/p>\n","protected":false},"excerpt":{"rendered":"<p>[vc_row][vc_column][\/vc_column][\/vc_row][vc_row][vc_column][vc_column_text] Grafick\u00fd modul je tvo\u0159en\u00fd t\u0159emi z\u00e1kladn\u00edmi objekty \u2013 grafick\u00fdm editorem, grafick\u00fdm prohl\u00ed\u017ee\u010dem, editorem v\u00fdkresov\u00fdch tiskov\u00fdch sestav a cel\u00fdm apar\u00e1tem n\u00e1stroj\u016f a p\u0159\u00edkaz\u016f pro pr\u00e1ci s\u00a0v\u00fdkresy pro tvorbu a editaci projektu. Modul umo\u017e\u0148uje: umo\u017e\u0148uje vytv\u00e1\u0159et vektorov\u00e9 v\u00fdkresy a pracovat s nimi, importovat v\u00fdkresy z CAD a GIS syst\u00e9m\u016f, propojovat jednotliv\u00e9 grafick\u00e9 prvky navz\u00e1jem mezi sebou [&hellip;]<\/p>\n","protected":false},"author":1,"featured_media":0,"parent":3694,"menu_order":0,"comment_status":"closed","ping_status":"closed","template":"","meta":{"footnotes":""},"yoast_head":"<!-- This site is optimized with the Yoast SEO plugin v22.8 - https:\/\/yoast.com\/wordpress\/plugins\/seo\/ -->\n<title>Modul Grafika - CHASTIA s.r.o.<\/title>\n<meta name=\"robots\" content=\"index, follow, max-snippet:-1, max-image-preview:large, max-video-preview:-1\" \/>\n<link rel=\"canonical\" href=\"https:\/\/www.chastia.com\/cs\/products\/chastia-fm\/module-graphic\/\" \/>\n<meta property=\"og:locale\" content=\"cs_CZ\" \/>\n<meta property=\"og:type\" content=\"article\" \/>\n<meta property=\"og:title\" content=\"Modul Grafika - CHASTIA s.r.o.\" \/>\n<meta property=\"og:description\" content=\"[vc_row][vc_column][\/vc_column][\/vc_row][vc_row][vc_column][vc_column_text] Grafick\u00fd modul je tvo\u0159en\u00fd t\u0159emi z\u00e1kladn\u00edmi objekty \u2013 grafick\u00fdm editorem, grafick\u00fdm prohl\u00ed\u017ee\u010dem, editorem v\u00fdkresov\u00fdch tiskov\u00fdch sestav a cel\u00fdm apar\u00e1tem n\u00e1stroj\u016f a p\u0159\u00edkaz\u016f pro pr\u00e1ci s\u00a0v\u00fdkresy pro tvorbu a editaci projektu. Modul umo\u017e\u0148uje: umo\u017e\u0148uje vytv\u00e1\u0159et vektorov\u00e9 v\u00fdkresy a pracovat s nimi, importovat v\u00fdkresy z CAD a GIS syst\u00e9m\u016f, propojovat jednotliv\u00e9 grafick\u00e9 prvky navz\u00e1jem mezi sebou [&hellip;]\" \/>\n<meta property=\"og:url\" content=\"https:\/\/www.chastia.com\/cs\/products\/chastia-fm\/module-graphic\/\" \/>\n<meta property=\"og:site_name\" content=\"CHASTIA s.r.o.\" \/>\n<meta property=\"article:publisher\" content=\"https:\/\/www.facebook.com\/chastia.cz\" \/>\n<meta property=\"article:modified_time\" content=\"2020-02-12T08:08:04+00:00\" \/>\n<meta property=\"og:image\" content=\"https:\/\/www.chastia.com\/wp-content\/uploads\/2024\/05\/chastia_V_T_logo.png\" \/>\n\t<meta property=\"og:image:width\" content=\"1240\" \/>\n\t<meta property=\"og:image:height\" content=\"827\" \/>\n\t<meta property=\"og:image:type\" content=\"image\/png\" \/>\n<meta name=\"twitter:card\" content=\"summary_large_image\" \/>\n<meta name=\"twitter:label1\" content=\"Odhadovan\u00e1 doba \u010dten\u00ed\" \/>\n\t<meta name=\"twitter:data1\" content=\"3 minuty\" \/>\n<script type=\"application\/ld+json\" class=\"yoast-schema-graph\">{\"@context\":\"https:\/\/schema.org\",\"@graph\":[{\"@type\":\"WebPage\",\"@id\":\"https:\/\/www.chastia.com\/cs\/products\/chastia-fm\/module-graphic\/\",\"url\":\"https:\/\/www.chastia.com\/cs\/products\/chastia-fm\/module-graphic\/\",\"name\":\"Modul Grafika - CHASTIA s.r.o.\",\"isPartOf\":{\"@id\":\"https:\/\/www.chastia.com\/cs\/#website\"},\"datePublished\":\"2016-11-02T09:48:37+00:00\",\"dateModified\":\"2020-02-12T08:08:04+00:00\",\"breadcrumb\":{\"@id\":\"https:\/\/www.chastia.com\/cs\/products\/chastia-fm\/module-graphic\/#breadcrumb\"},\"inLanguage\":\"cs\",\"potentialAction\":[{\"@type\":\"ReadAction\",\"target\":[\"https:\/\/www.chastia.com\/cs\/products\/chastia-fm\/module-graphic\/\"]}]},{\"@type\":\"BreadcrumbList\",\"@id\":\"https:\/\/www.chastia.com\/cs\/products\/chastia-fm\/module-graphic\/#breadcrumb\",\"itemListElement\":[{\"@type\":\"ListItem\",\"position\":1,\"name\":\"Home\",\"item\":\"https:\/\/www.chastia.com\/cs\/\"},{\"@type\":\"ListItem\",\"position\":2,\"name\":\"Produkty\",\"item\":\"https:\/\/www.chastia.com\/cs\/products\/\"},{\"@type\":\"ListItem\",\"position\":3,\"name\":\"Chastia FM\",\"item\":\"https:\/\/www.chastia.com\/cs\/products\/chastia-fm\/\"},{\"@type\":\"ListItem\",\"position\":4,\"name\":\"Modul Grafika\"}]},{\"@type\":\"WebSite\",\"@id\":\"https:\/\/www.chastia.com\/cs\/#website\",\"url\":\"https:\/\/www.chastia.com\/cs\/\",\"name\":\"CHASTIA s.r.o.\",\"description\":\"\",\"publisher\":{\"@id\":\"https:\/\/www.chastia.com\/cs\/#organization\"},\"alternateName\":\"CHASTIA\",\"potentialAction\":[{\"@type\":\"SearchAction\",\"target\":{\"@type\":\"EntryPoint\",\"urlTemplate\":\"https:\/\/www.chastia.com\/cs\/?s={search_term_string}\"},\"query-input\":\"required name=search_term_string\"}],\"inLanguage\":\"cs\"},{\"@type\":\"Organization\",\"@id\":\"https:\/\/www.chastia.com\/cs\/#organization\",\"name\":\"CHASTIA s.r.o.\",\"url\":\"https:\/\/www.chastia.com\/cs\/\",\"logo\":{\"@type\":\"ImageObject\",\"inLanguage\":\"cs\",\"@id\":\"https:\/\/www.chastia.com\/cs\/#\/schema\/logo\/image\/\",\"url\":\"https:\/\/www.chastia.com\/wp-content\/uploads\/2024\/05\/chastia_V_T_logo.png\",\"contentUrl\":\"https:\/\/www.chastia.com\/wp-content\/uploads\/2024\/05\/chastia_V_T_logo.png\",\"width\":1240,\"height\":827,\"caption\":\"CHASTIA s.r.o.\"},\"image\":{\"@id\":\"https:\/\/www.chastia.com\/cs\/#\/schema\/logo\/image\/\"},\"sameAs\":[\"https:\/\/www.facebook.com\/chastia.cz\"]}]}<\/script>\n<!-- \/ Yoast SEO plugin. -->","yoast_head_json":{"title":"Modul Grafika - CHASTIA s.r.o.","robots":{"index":"index","follow":"follow","max-snippet":"max-snippet:-1","max-image-preview":"max-image-preview:large","max-video-preview":"max-video-preview:-1"},"canonical":"https:\/\/www.chastia.com\/cs\/products\/chastia-fm\/module-graphic\/","og_locale":"cs_CZ","og_type":"article","og_title":"Modul Grafika - CHASTIA s.r.o.","og_description":"[vc_row][vc_column][\/vc_column][\/vc_row][vc_row][vc_column][vc_column_text] Grafick\u00fd modul je tvo\u0159en\u00fd t\u0159emi z\u00e1kladn\u00edmi objekty \u2013 grafick\u00fdm editorem, grafick\u00fdm prohl\u00ed\u017ee\u010dem, editorem v\u00fdkresov\u00fdch tiskov\u00fdch sestav a cel\u00fdm apar\u00e1tem n\u00e1stroj\u016f a p\u0159\u00edkaz\u016f pro pr\u00e1ci s\u00a0v\u00fdkresy pro tvorbu a editaci projektu. Modul umo\u017e\u0148uje: umo\u017e\u0148uje vytv\u00e1\u0159et vektorov\u00e9 v\u00fdkresy a pracovat s nimi, importovat v\u00fdkresy z CAD a GIS syst\u00e9m\u016f, propojovat jednotliv\u00e9 grafick\u00e9 prvky navz\u00e1jem mezi sebou [&hellip;]","og_url":"https:\/\/www.chastia.com\/cs\/products\/chastia-fm\/module-graphic\/","og_site_name":"CHASTIA s.r.o.","article_publisher":"https:\/\/www.facebook.com\/chastia.cz","article_modified_time":"2020-02-12T08:08:04+00:00","og_image":[{"width":1240,"height":827,"url":"https:\/\/www.chastia.com\/wp-content\/uploads\/2024\/05\/chastia_V_T_logo.png","type":"image\/png"}],"twitter_card":"summary_large_image","twitter_misc":{"Odhadovan\u00e1 doba \u010dten\u00ed":"3 minuty"},"schema":{"@context":"https:\/\/schema.org","@graph":[{"@type":"WebPage","@id":"https:\/\/www.chastia.com\/cs\/products\/chastia-fm\/module-graphic\/","url":"https:\/\/www.chastia.com\/cs\/products\/chastia-fm\/module-graphic\/","name":"Modul Grafika - CHASTIA s.r.o.","isPartOf":{"@id":"https:\/\/www.chastia.com\/cs\/#website"},"datePublished":"2016-11-02T09:48:37+00:00","dateModified":"2020-02-12T08:08:04+00:00","breadcrumb":{"@id":"https:\/\/www.chastia.com\/cs\/products\/chastia-fm\/module-graphic\/#breadcrumb"},"inLanguage":"cs","potentialAction":[{"@type":"ReadAction","target":["https:\/\/www.chastia.com\/cs\/products\/chastia-fm\/module-graphic\/"]}]},{"@type":"BreadcrumbList","@id":"https:\/\/www.chastia.com\/cs\/products\/chastia-fm\/module-graphic\/#breadcrumb","itemListElement":[{"@type":"ListItem","position":1,"name":"Home","item":"https:\/\/www.chastia.com\/cs\/"},{"@type":"ListItem","position":2,"name":"Produkty","item":"https:\/\/www.chastia.com\/cs\/products\/"},{"@type":"ListItem","position":3,"name":"Chastia FM","item":"https:\/\/www.chastia.com\/cs\/products\/chastia-fm\/"},{"@type":"ListItem","position":4,"name":"Modul Grafika"}]},{"@type":"WebSite","@id":"https:\/\/www.chastia.com\/cs\/#website","url":"https:\/\/www.chastia.com\/cs\/","name":"CHASTIA s.r.o.","description":"","publisher":{"@id":"https:\/\/www.chastia.com\/cs\/#organization"},"alternateName":"CHASTIA","potentialAction":[{"@type":"SearchAction","target":{"@type":"EntryPoint","urlTemplate":"https:\/\/www.chastia.com\/cs\/?s={search_term_string}"},"query-input":"required name=search_term_string"}],"inLanguage":"cs"},{"@type":"Organization","@id":"https:\/\/www.chastia.com\/cs\/#organization","name":"CHASTIA s.r.o.","url":"https:\/\/www.chastia.com\/cs\/","logo":{"@type":"ImageObject","inLanguage":"cs","@id":"https:\/\/www.chastia.com\/cs\/#\/schema\/logo\/image\/","url":"https:\/\/www.chastia.com\/wp-content\/uploads\/2024\/05\/chastia_V_T_logo.png","contentUrl":"https:\/\/www.chastia.com\/wp-content\/uploads\/2024\/05\/chastia_V_T_logo.png","width":1240,"height":827,"caption":"CHASTIA s.r.o."},"image":{"@id":"https:\/\/www.chastia.com\/cs\/#\/schema\/logo\/image\/"},"sameAs":["https:\/\/www.facebook.com\/chastia.cz"]}]}},"_links":{"self":[{"href":"https:\/\/www.chastia.com\/cs\/wp-json\/wp\/v2\/pages\/3592"}],"collection":[{"href":"https:\/\/www.chastia.com\/cs\/wp-json\/wp\/v2\/pages"}],"about":[{"href":"https:\/\/www.chastia.com\/cs\/wp-json\/wp\/v2\/types\/page"}],"author":[{"embeddable":true,"href":"https:\/\/www.chastia.com\/cs\/wp-json\/wp\/v2\/users\/1"}],"replies":[{"embeddable":true,"href":"https:\/\/www.chastia.com\/cs\/wp-json\/wp\/v2\/comments?post=3592"}],"version-history":[{"count":3,"href":"https:\/\/www.chastia.com\/cs\/wp-json\/wp\/v2\/pages\/3592\/revisions"}],"predecessor-version":[{"id":7686,"href":"https:\/\/www.chastia.com\/cs\/wp-json\/wp\/v2\/pages\/3592\/revisions\/7686"}],"up":[{"embeddable":true,"href":"https:\/\/www.chastia.com\/cs\/wp-json\/wp\/v2\/pages\/3694"}],"wp:attachment":[{"href":"https:\/\/www.chastia.com\/cs\/wp-json\/wp\/v2\/media?parent=3592"}],"curies":[{"name":"wp","href":"https:\/\/api.w.org\/{rel}","templated":true}]}}