{"id":3551,"date":"2016-10-06T12:51:38","date_gmt":"2016-10-06T10:51:38","guid":{"rendered":"http:\/\/chastia.pozorradar.sk\/riesenia\/spravcovske-spolocnosti\/pasport-objektov-a-zariadeni\/?lang=cs"},"modified":"2020-02-13T10:20:36","modified_gmt":"2020-02-13T09:20:36","slug":"passport-of-buildings-and-facilities","status":"publish","type":"page","link":"https:\/\/www.chastia.com\/cs\/solutions\/fm-companies\/passport-of-buildings-and-facilities\/","title":{"rendered":"PASPORT OBJEKT\u016e A ZA\u0158\u00cdZEN\u00cd"},"content":{"rendered":"<div class=\"fl ml20 w645\">\n<h1>PASPORT OBJEKT\u016e A ZA\u0158\u00cdZEN\u00cd<\/h1>\n<div class=\"textContent\">\n<p><strong>Chastia FM<\/strong> \u0159e\u0161\u00ed detailn\u00ed pasportizaci majetku spole\u010dnosti. Po\u010det typ\u016f evidovan\u00fdch objekt\u016f, za\u0159\u00edzen\u00ed nen\u00ed omezen\u00fd, je pln\u011b konfigurovateln\u00fd.<br \/>\nNej\u010dast\u011bj\u0161\u00edmi objekty podl\u00e9haj\u00edc\u00edm pasportizaci ve spole\u010dnostech pro v\u00fdrobu a distribuci tepla jsou pozemky, budovy, konstruk\u010dn\u00ed \u010dasti budov, technick\u00e9 za\u0159\u00edzen\u00ed, \u010dasti liniov\u00fdch staveb a podobn\u011b.<\/p>\n<p><strong>Chastia FM<\/strong>\u00a0umo\u017e\u0148uje nap\u0159\u00edklad:<\/p>\n<ul>\n<li><strong>Evidovat evidenci v\u0161ech objekt\u016f a za\u0159\u00edzen\u00ed <\/strong>v jednotn\u00e9 centr\u00e1ln\u00ed datab\u00e1zi s \u201eon-line\u201c propojen\u00edm na grafick\u00e9 prvky ve v\u00fdkresech. Sv\u00fdm \u0159e\u0161en\u00edm, krom\u011b samotn\u00e9 pasportizace, v pln\u00e9 m\u00ed\u0159e nahrazuje i syst\u00e9my GIS (geografick\u00e9 informa\u010dn\u00ed syst\u00e9my).<\/li>\n<li><strong>Grafick\u00fd a datab\u00e1zov\u00fd pasport\u00a0<\/strong>v\u00fdrazn\u011b zjednodu\u0161uje tvorbu vyj\u00e1d\u0159en\u00ed k podzemn\u00edm in\u017een\u00fdrsk\u00fdm s\u00edt\u00edm v r\u00e1mci investi\u010dn\u00ed v\u00fdstavby.<\/li>\n<li><strong>Evidenci pozemk\u016f\u00a0<\/strong>\u2013 vlastn\u00edch pozemk\u016f,\u00a0ciz\u00edch pozemk\u016f, na kter\u00fdch se nach\u00e1zej\u00ed technick\u00e9 za\u0159\u00edzen\u00ed (nap\u0159. katastr\u00e1ln\u00ed \u00fadaje).<\/li>\n<li><strong>Evidenci\u00a0stavebn\u00edch objekt\u016f\u00a0<\/strong>\u2013 umo\u017e\u0148uje evidovat spravovan\u00e9 objekty (administrativn\u00ed objekty, bytov\u00e9 objekty, \u2026), technologick\u00e9\u00a0objekty (nap\u0159. kotelny, OST, budovy \u010derpac\u00edch stanic, \u0161achty a kan\u00e1ly na liniov\u00fdch stavb\u00e1ch a podobn\u011b).<\/li>\n<li><strong>Evidenci podla\u017e\u00ed, vchod\u016f, m\u00edstnost\u00ed.<\/strong><\/li>\n<li><strong>Evidenci za\u0159\u00edzen\u00ed\u00a0<\/strong>\u2013 technick\u00fdch za\u0159\u00edzen\u00ed, vyhrazen\u00fdch technick\u00fdch za\u0159\u00edzen\u00ed, n\u00e1bytku, \u2026<\/li>\n<li><strong>Evidenci zam\u011bstnanc\u016f.<\/strong><\/li>\n<\/ul>\n<p>V\u00fdhodou \u0159e\u0161en\u00ed je zejm\u00e9na:<\/p>\n<ul>\n<li><strong>Integrace grafick\u00fdch a datab\u00e1zov\u00fdch informac\u00ed\u00a0<\/strong>je na rozd\u00edl od mnoh\u00fdch jin\u00fdch podobn\u00fdch syst\u00e9m\u016f\u00a0v Chastii\u00a0FM beze\u0161v\u00e1\u00a0(p\u0159i pohybu v datab\u00e1zov\u00e9 tabulce se sou\u010dasn\u011b zobrazuje i grafick\u00e1 prezentace dan\u00e9ho objektu v grafick\u00e9m okn\u011b a naopak), p\u0159i\u010dem\u017e informace je k dispozici okam\u017eit\u011b (v re\u00e1ln\u00e9m \u010dase).<br \/>\nV mnoh\u00fdch p\u0159\u00edpadech nesta\u010d\u00ed jen textov\u00e1 anebo \u010d\u00edseln\u00e1 informace, ale je pot\u0159ebn\u00e1 z\u00e1rove\u0148 i grafick\u00e1 informace. Takov\u00fdm p\u0159\u00edpadem m\u016f\u017ee b\u00fdt nap\u0159\u00edklad um\u00edst\u011bn\u00ed technick\u00e9ho za\u0159\u00edzen\u00ed v budov\u011b anebo na ur\u010dit\u00e9m \u00fazem\u00ed, um\u00edst\u011bn\u00ed zam\u011bstnance v budov\u011b, v organiza\u010dn\u00ed struktu\u0159e spole\u010dnosti, atd.<\/li>\n<li><strong>Sjednocen\u00ed metodiky pro hierarchickou evidenci majetku\u00a0<\/strong>\u2013 pozemk\u016f, budov, za\u0159\u00edzen\u00ed a podobn\u011b.<\/li>\n<li><strong>P\u0159ehled o rozsahu a skladb\u011b majetku\u00a0<\/strong>ve spole\u010dnosti.<\/li>\n<li><strong>Rychl\u00e1 dostupnost podrobn\u00fdch informac\u00ed\u00a0<\/strong>o budov\u00e1ch a za\u0159\u00edzen\u00edch.<\/li>\n<li><strong>Podpora pro rozhodov\u00e1n\u00ed\u00a0<\/strong>o optimalizaci technick\u00fdch za\u0159\u00edzen\u00ed.<\/li>\n<li><strong>Zp\u0159\u00edstupn\u011bn\u00ed komplexn\u00edch informac\u00ed\u00a0<\/strong>pro v\u0161echny pracovn\u00edky na jednom m\u00edst\u011b.<\/li>\n<\/ul>\n<\/div>\n<\/div>\n","protected":false},"excerpt":{"rendered":"<p>PASPORT OBJEKT\u016e A ZA\u0158\u00cdZEN\u00cd Chastia FM \u0159e\u0161\u00ed detailn\u00ed pasportizaci majetku spole\u010dnosti. Po\u010det typ\u016f evidovan\u00fdch objekt\u016f, za\u0159\u00edzen\u00ed nen\u00ed omezen\u00fd, je pln\u011b konfigurovateln\u00fd. Nej\u010dast\u011bj\u0161\u00edmi objekty podl\u00e9haj\u00edc\u00edm pasportizaci ve spole\u010dnostech pro v\u00fdrobu a distribuci tepla jsou pozemky, budovy, konstruk\u010dn\u00ed \u010dasti budov, technick\u00e9 za\u0159\u00edzen\u00ed, \u010dasti liniov\u00fdch staveb a podobn\u011b. Chastia FM\u00a0umo\u017e\u0148uje nap\u0159\u00edklad: Evidovat evidenci v\u0161ech objekt\u016f a za\u0159\u00edzen\u00ed v [&hellip;]<\/p>\n","protected":false},"author":1,"featured_media":0,"parent":3288,"menu_order":0,"comment_status":"closed","ping_status":"closed","template":"","meta":{"footnotes":""},"yoast_head":"<!-- This site is optimized with the Yoast SEO plugin v22.8 - https:\/\/yoast.com\/wordpress\/plugins\/seo\/ -->\n<title>PASPORT OBJEKT\u016e A ZA\u0158\u00cdZEN\u00cd - CHASTIA s.r.o.<\/title>\n<meta name=\"robots\" content=\"index, follow, max-snippet:-1, max-image-preview:large, max-video-preview:-1\" \/>\n<link rel=\"canonical\" href=\"https:\/\/www.chastia.com\/cs\/solutions\/fm-companies\/passport-of-buildings-and-facilities\/\" \/>\n<meta property=\"og:locale\" content=\"cs_CZ\" \/>\n<meta property=\"og:type\" content=\"article\" \/>\n<meta property=\"og:title\" content=\"PASPORT OBJEKT\u016e A ZA\u0158\u00cdZEN\u00cd - CHASTIA s.r.o.\" \/>\n<meta property=\"og:description\" content=\"PASPORT OBJEKT\u016e A ZA\u0158\u00cdZEN\u00cd Chastia FM \u0159e\u0161\u00ed detailn\u00ed pasportizaci majetku spole\u010dnosti. Po\u010det typ\u016f evidovan\u00fdch objekt\u016f, za\u0159\u00edzen\u00ed nen\u00ed omezen\u00fd, je pln\u011b konfigurovateln\u00fd. Nej\u010dast\u011bj\u0161\u00edmi objekty podl\u00e9haj\u00edc\u00edm pasportizaci ve spole\u010dnostech pro v\u00fdrobu a distribuci tepla jsou pozemky, budovy, konstruk\u010dn\u00ed \u010dasti budov, technick\u00e9 za\u0159\u00edzen\u00ed, \u010dasti liniov\u00fdch staveb a podobn\u011b. Chastia FM\u00a0umo\u017e\u0148uje nap\u0159\u00edklad: Evidovat evidenci v\u0161ech objekt\u016f a za\u0159\u00edzen\u00ed v [&hellip;]\" \/>\n<meta property=\"og:url\" content=\"https:\/\/www.chastia.com\/cs\/solutions\/fm-companies\/passport-of-buildings-and-facilities\/\" \/>\n<meta property=\"og:site_name\" content=\"CHASTIA s.r.o.\" \/>\n<meta property=\"article:publisher\" content=\"https:\/\/www.facebook.com\/chastia.cz\" \/>\n<meta property=\"article:modified_time\" content=\"2020-02-13T09:20:36+00:00\" \/>\n<meta property=\"og:image\" content=\"https:\/\/www.chastia.com\/wp-content\/uploads\/2024\/05\/chastia_V_T_logo.png\" \/>\n\t<meta property=\"og:image:width\" content=\"1240\" \/>\n\t<meta property=\"og:image:height\" content=\"827\" \/>\n\t<meta property=\"og:image:type\" content=\"image\/png\" \/>\n<meta name=\"twitter:card\" content=\"summary_large_image\" \/>\n<meta name=\"twitter:label1\" content=\"Odhadovan\u00e1 doba \u010dten\u00ed\" \/>\n\t<meta name=\"twitter:data1\" content=\"2 minuty\" \/>\n<script type=\"application\/ld+json\" class=\"yoast-schema-graph\">{\"@context\":\"https:\/\/schema.org\",\"@graph\":[{\"@type\":\"WebPage\",\"@id\":\"https:\/\/www.chastia.com\/cs\/solutions\/fm-companies\/passport-of-buildings-and-facilities\/\",\"url\":\"https:\/\/www.chastia.com\/cs\/solutions\/fm-companies\/passport-of-buildings-and-facilities\/\",\"name\":\"PASPORT OBJEKT\u016e A ZA\u0158\u00cdZEN\u00cd - CHASTIA s.r.o.\",\"isPartOf\":{\"@id\":\"https:\/\/www.chastia.com\/cs\/#website\"},\"datePublished\":\"2016-10-06T10:51:38+00:00\",\"dateModified\":\"2020-02-13T09:20:36+00:00\",\"breadcrumb\":{\"@id\":\"https:\/\/www.chastia.com\/cs\/solutions\/fm-companies\/passport-of-buildings-and-facilities\/#breadcrumb\"},\"inLanguage\":\"cs\",\"potentialAction\":[{\"@type\":\"ReadAction\",\"target\":[\"https:\/\/www.chastia.com\/cs\/solutions\/fm-companies\/passport-of-buildings-and-facilities\/\"]}]},{\"@type\":\"BreadcrumbList\",\"@id\":\"https:\/\/www.chastia.com\/cs\/solutions\/fm-companies\/passport-of-buildings-and-facilities\/#breadcrumb\",\"itemListElement\":[{\"@type\":\"ListItem\",\"position\":1,\"name\":\"Home\",\"item\":\"https:\/\/www.chastia.com\/cs\/\"},{\"@type\":\"ListItem\",\"position\":2,\"name\":\"\u0158e\u0161en\u00ed\",\"item\":\"https:\/\/www.chastia.com\/cs\/solutions\/\"},{\"@type\":\"ListItem\",\"position\":3,\"name\":\"Facility Management spole\u010dnosti\",\"item\":\"https:\/\/www.chastia.com\/cs\/solutions\/company-facility-management\/\"},{\"@type\":\"ListItem\",\"position\":4,\"name\":\"PASPORT OBJEKT\u016e A ZA\u0158\u00cdZEN\u00cd\"}]},{\"@type\":\"WebSite\",\"@id\":\"https:\/\/www.chastia.com\/cs\/#website\",\"url\":\"https:\/\/www.chastia.com\/cs\/\",\"name\":\"CHASTIA s.r.o.\",\"description\":\"\",\"publisher\":{\"@id\":\"https:\/\/www.chastia.com\/cs\/#organization\"},\"alternateName\":\"CHASTIA\",\"potentialAction\":[{\"@type\":\"SearchAction\",\"target\":{\"@type\":\"EntryPoint\",\"urlTemplate\":\"https:\/\/www.chastia.com\/cs\/?s={search_term_string}\"},\"query-input\":\"required name=search_term_string\"}],\"inLanguage\":\"cs\"},{\"@type\":\"Organization\",\"@id\":\"https:\/\/www.chastia.com\/cs\/#organization\",\"name\":\"CHASTIA s.r.o.\",\"url\":\"https:\/\/www.chastia.com\/cs\/\",\"logo\":{\"@type\":\"ImageObject\",\"inLanguage\":\"cs\",\"@id\":\"https:\/\/www.chastia.com\/cs\/#\/schema\/logo\/image\/\",\"url\":\"https:\/\/www.chastia.com\/wp-content\/uploads\/2024\/05\/chastia_V_T_logo.png\",\"contentUrl\":\"https:\/\/www.chastia.com\/wp-content\/uploads\/2024\/05\/chastia_V_T_logo.png\",\"width\":1240,\"height\":827,\"caption\":\"CHASTIA s.r.o.\"},\"image\":{\"@id\":\"https:\/\/www.chastia.com\/cs\/#\/schema\/logo\/image\/\"},\"sameAs\":[\"https:\/\/www.facebook.com\/chastia.cz\"]}]}<\/script>\n<!-- \/ Yoast SEO plugin. -->","yoast_head_json":{"title":"PASPORT OBJEKT\u016e A ZA\u0158\u00cdZEN\u00cd - CHASTIA s.r.o.","robots":{"index":"index","follow":"follow","max-snippet":"max-snippet:-1","max-image-preview":"max-image-preview:large","max-video-preview":"max-video-preview:-1"},"canonical":"https:\/\/www.chastia.com\/cs\/solutions\/fm-companies\/passport-of-buildings-and-facilities\/","og_locale":"cs_CZ","og_type":"article","og_title":"PASPORT OBJEKT\u016e A ZA\u0158\u00cdZEN\u00cd - CHASTIA s.r.o.","og_description":"PASPORT OBJEKT\u016e A ZA\u0158\u00cdZEN\u00cd Chastia FM \u0159e\u0161\u00ed detailn\u00ed pasportizaci majetku spole\u010dnosti. Po\u010det typ\u016f evidovan\u00fdch objekt\u016f, za\u0159\u00edzen\u00ed nen\u00ed omezen\u00fd, je pln\u011b konfigurovateln\u00fd. Nej\u010dast\u011bj\u0161\u00edmi objekty podl\u00e9haj\u00edc\u00edm pasportizaci ve spole\u010dnostech pro v\u00fdrobu a distribuci tepla jsou pozemky, budovy, konstruk\u010dn\u00ed \u010dasti budov, technick\u00e9 za\u0159\u00edzen\u00ed, \u010dasti liniov\u00fdch staveb a podobn\u011b. Chastia FM\u00a0umo\u017e\u0148uje nap\u0159\u00edklad: Evidovat evidenci v\u0161ech objekt\u016f a za\u0159\u00edzen\u00ed v [&hellip;]","og_url":"https:\/\/www.chastia.com\/cs\/solutions\/fm-companies\/passport-of-buildings-and-facilities\/","og_site_name":"CHASTIA s.r.o.","article_publisher":"https:\/\/www.facebook.com\/chastia.cz","article_modified_time":"2020-02-13T09:20:36+00:00","og_image":[{"width":1240,"height":827,"url":"https:\/\/www.chastia.com\/wp-content\/uploads\/2024\/05\/chastia_V_T_logo.png","type":"image\/png"}],"twitter_card":"summary_large_image","twitter_misc":{"Odhadovan\u00e1 doba \u010dten\u00ed":"2 minuty"},"schema":{"@context":"https:\/\/schema.org","@graph":[{"@type":"WebPage","@id":"https:\/\/www.chastia.com\/cs\/solutions\/fm-companies\/passport-of-buildings-and-facilities\/","url":"https:\/\/www.chastia.com\/cs\/solutions\/fm-companies\/passport-of-buildings-and-facilities\/","name":"PASPORT OBJEKT\u016e A ZA\u0158\u00cdZEN\u00cd - CHASTIA s.r.o.","isPartOf":{"@id":"https:\/\/www.chastia.com\/cs\/#website"},"datePublished":"2016-10-06T10:51:38+00:00","dateModified":"2020-02-13T09:20:36+00:00","breadcrumb":{"@id":"https:\/\/www.chastia.com\/cs\/solutions\/fm-companies\/passport-of-buildings-and-facilities\/#breadcrumb"},"inLanguage":"cs","potentialAction":[{"@type":"ReadAction","target":["https:\/\/www.chastia.com\/cs\/solutions\/fm-companies\/passport-of-buildings-and-facilities\/"]}]},{"@type":"BreadcrumbList","@id":"https:\/\/www.chastia.com\/cs\/solutions\/fm-companies\/passport-of-buildings-and-facilities\/#breadcrumb","itemListElement":[{"@type":"ListItem","position":1,"name":"Home","item":"https:\/\/www.chastia.com\/cs\/"},{"@type":"ListItem","position":2,"name":"\u0158e\u0161en\u00ed","item":"https:\/\/www.chastia.com\/cs\/solutions\/"},{"@type":"ListItem","position":3,"name":"Facility Management spole\u010dnosti","item":"https:\/\/www.chastia.com\/cs\/solutions\/company-facility-management\/"},{"@type":"ListItem","position":4,"name":"PASPORT OBJEKT\u016e A ZA\u0158\u00cdZEN\u00cd"}]},{"@type":"WebSite","@id":"https:\/\/www.chastia.com\/cs\/#website","url":"https:\/\/www.chastia.com\/cs\/","name":"CHASTIA s.r.o.","description":"","publisher":{"@id":"https:\/\/www.chastia.com\/cs\/#organization"},"alternateName":"CHASTIA","potentialAction":[{"@type":"SearchAction","target":{"@type":"EntryPoint","urlTemplate":"https:\/\/www.chastia.com\/cs\/?s={search_term_string}"},"query-input":"required name=search_term_string"}],"inLanguage":"cs"},{"@type":"Organization","@id":"https:\/\/www.chastia.com\/cs\/#organization","name":"CHASTIA s.r.o.","url":"https:\/\/www.chastia.com\/cs\/","logo":{"@type":"ImageObject","inLanguage":"cs","@id":"https:\/\/www.chastia.com\/cs\/#\/schema\/logo\/image\/","url":"https:\/\/www.chastia.com\/wp-content\/uploads\/2024\/05\/chastia_V_T_logo.png","contentUrl":"https:\/\/www.chastia.com\/wp-content\/uploads\/2024\/05\/chastia_V_T_logo.png","width":1240,"height":827,"caption":"CHASTIA s.r.o."},"image":{"@id":"https:\/\/www.chastia.com\/cs\/#\/schema\/logo\/image\/"},"sameAs":["https:\/\/www.facebook.com\/chastia.cz"]}]}},"_links":{"self":[{"href":"https:\/\/www.chastia.com\/cs\/wp-json\/wp\/v2\/pages\/3551"}],"collection":[{"href":"https:\/\/www.chastia.com\/cs\/wp-json\/wp\/v2\/pages"}],"about":[{"href":"https:\/\/www.chastia.com\/cs\/wp-json\/wp\/v2\/types\/page"}],"author":[{"embeddable":true,"href":"https:\/\/www.chastia.com\/cs\/wp-json\/wp\/v2\/users\/1"}],"replies":[{"embeddable":true,"href":"https:\/\/www.chastia.com\/cs\/wp-json\/wp\/v2\/comments?post=3551"}],"version-history":[{"count":4,"href":"https:\/\/www.chastia.com\/cs\/wp-json\/wp\/v2\/pages\/3551\/revisions"}],"predecessor-version":[{"id":7714,"href":"https:\/\/www.chastia.com\/cs\/wp-json\/wp\/v2\/pages\/3551\/revisions\/7714"}],"up":[{"embeddable":true,"href":"https:\/\/www.chastia.com\/cs\/wp-json\/wp\/v2\/pages\/3288"}],"wp:attachment":[{"href":"https:\/\/www.chastia.com\/cs\/wp-json\/wp\/v2\/media?parent=3551"}],"curies":[{"name":"wp","href":"https:\/\/api.w.org\/{rel}","templated":true}]}}