{"id":3547,"date":"2016-10-06T12:51:59","date_gmt":"2016-10-06T10:51:59","guid":{"rendered":"http:\/\/chastia.pozorradar.sk\/riesenia\/spravcovske-spolocnosti\/evidencia-ploch-a-priestorov\/?lang=cs"},"modified":"2020-02-07T12:12:39","modified_gmt":"2020-02-07T11:12:39","slug":"evidence-areas","status":"publish","type":"page","link":"https:\/\/www.chastia.com\/cs\/solutions\/fm-companies\/evidence-areas\/","title":{"rendered":"Evidencia pl\u00f4ch a priestorov"},"content":{"rendered":"<div class=\"fl ml20 w645\">\n<h1><strong>EVIDENCE PLOCH A PROSTOR<\/strong><\/h1>\n<div class=\"textContent\">\n<p>Velmi d\u016fle\u017eitou \u010dinnost\u00ed p\u0159i spr\u00e1v\u011b majetku je efektivn\u00ed evidence ploch a prostor.<\/p>\n<p>\u0158e\u0161en\u00ed nab\u00edz\u00ed evidenci v\u0161ech z\u00e1kladn\u00edch \u00fadaj\u016f o v\u0161ech:<\/p>\n<ul>\n<li>stavebn\u00edch prostorech a ploch\u00e1ch,<\/li>\n<li>\u00fazem\u00edch,<\/li>\n<li>pozemc\u00edch,<\/li>\n<li>objektech,<\/li>\n<li>podla\u017e\u00edch,<\/li>\n<li>sekc\u00edch budov,<\/li>\n<li>m\u00edstnostech<\/li>\n<li>apod\u2026<\/li>\n<\/ul>\n<p>Evidence ploch a prostor\u016f je zalo\u017een\u00e1 na kategorizac\u00edch ploch podle:<\/p>\n<ul>\n<li>typ\u016f a kategorie prostor\u016f<\/li>\n<li>vyu\u017eitelnosti ploch<\/li>\n<li>pronaj\u00edmatelnosti ploch<\/li>\n<li>zp\u016fsobu rozpo\u010d\u00edt\u00e1v\u00e1n\u00ed n\u00e1klad\u016f<\/li>\n<li>cenov\u00fdch kategori\u00edch<\/li>\n<\/ul>\n<\/div>\n<\/div>\n","protected":false},"excerpt":{"rendered":"<p>EVIDENCE PLOCH A PROSTOR Velmi d\u016fle\u017eitou \u010dinnost\u00ed p\u0159i spr\u00e1v\u011b majetku je efektivn\u00ed evidence ploch a prostor. \u0158e\u0161en\u00ed nab\u00edz\u00ed evidenci v\u0161ech z\u00e1kladn\u00edch \u00fadaj\u016f o v\u0161ech: stavebn\u00edch prostorech a ploch\u00e1ch, \u00fazem\u00edch, pozemc\u00edch, objektech, podla\u017e\u00edch, sekc\u00edch budov, m\u00edstnostech apod\u2026 Evidence ploch a prostor\u016f je zalo\u017een\u00e1 na kategorizac\u00edch ploch podle: typ\u016f a kategorie prostor\u016f vyu\u017eitelnosti ploch pronaj\u00edmatelnosti ploch zp\u016fsobu [&hellip;]<\/p>\n","protected":false},"author":1,"featured_media":0,"parent":3288,"menu_order":0,"comment_status":"closed","ping_status":"closed","template":"","meta":{"footnotes":""},"yoast_head":"<!-- This site is optimized with the Yoast SEO plugin v22.8 - https:\/\/yoast.com\/wordpress\/plugins\/seo\/ -->\n<title>Evidencia pl\u00f4ch a priestorov - CHASTIA s.r.o.<\/title>\n<meta name=\"robots\" content=\"index, follow, max-snippet:-1, max-image-preview:large, max-video-preview:-1\" \/>\n<link rel=\"canonical\" href=\"https:\/\/www.chastia.com\/cs\/solutions\/fm-companies\/evidence-areas\/\" \/>\n<meta property=\"og:locale\" content=\"cs_CZ\" \/>\n<meta property=\"og:type\" content=\"article\" \/>\n<meta property=\"og:title\" content=\"Evidencia pl\u00f4ch a priestorov - CHASTIA s.r.o.\" \/>\n<meta property=\"og:description\" content=\"EVIDENCE PLOCH A PROSTOR Velmi d\u016fle\u017eitou \u010dinnost\u00ed p\u0159i spr\u00e1v\u011b majetku je efektivn\u00ed evidence ploch a prostor. \u0158e\u0161en\u00ed nab\u00edz\u00ed evidenci v\u0161ech z\u00e1kladn\u00edch \u00fadaj\u016f o v\u0161ech: stavebn\u00edch prostorech a ploch\u00e1ch, \u00fazem\u00edch, pozemc\u00edch, objektech, podla\u017e\u00edch, sekc\u00edch budov, m\u00edstnostech apod\u2026 Evidence ploch a prostor\u016f je zalo\u017een\u00e1 na kategorizac\u00edch ploch podle: typ\u016f a kategorie prostor\u016f vyu\u017eitelnosti ploch pronaj\u00edmatelnosti ploch zp\u016fsobu [&hellip;]\" \/>\n<meta property=\"og:url\" content=\"https:\/\/www.chastia.com\/cs\/solutions\/fm-companies\/evidence-areas\/\" \/>\n<meta property=\"og:site_name\" content=\"CHASTIA s.r.o.\" \/>\n<meta property=\"article:publisher\" content=\"https:\/\/www.facebook.com\/chastia.cz\" \/>\n<meta property=\"article:modified_time\" content=\"2020-02-07T11:12:39+00:00\" \/>\n<meta property=\"og:image\" content=\"https:\/\/www.chastia.com\/wp-content\/uploads\/2024\/05\/chastia_V_T_logo.png\" \/>\n\t<meta property=\"og:image:width\" content=\"1240\" \/>\n\t<meta property=\"og:image:height\" content=\"827\" \/>\n\t<meta property=\"og:image:type\" content=\"image\/png\" \/>\n<meta name=\"twitter:card\" content=\"summary_large_image\" \/>\n<script type=\"application\/ld+json\" class=\"yoast-schema-graph\">{\"@context\":\"https:\/\/schema.org\",\"@graph\":[{\"@type\":\"WebPage\",\"@id\":\"https:\/\/www.chastia.com\/cs\/solutions\/fm-companies\/evidence-areas\/\",\"url\":\"https:\/\/www.chastia.com\/cs\/solutions\/fm-companies\/evidence-areas\/\",\"name\":\"Evidencia pl\u00f4ch a priestorov - CHASTIA s.r.o.\",\"isPartOf\":{\"@id\":\"https:\/\/www.chastia.com\/cs\/#website\"},\"datePublished\":\"2016-10-06T10:51:59+00:00\",\"dateModified\":\"2020-02-07T11:12:39+00:00\",\"breadcrumb\":{\"@id\":\"https:\/\/www.chastia.com\/cs\/solutions\/fm-companies\/evidence-areas\/#breadcrumb\"},\"inLanguage\":\"cs\",\"potentialAction\":[{\"@type\":\"ReadAction\",\"target\":[\"https:\/\/www.chastia.com\/cs\/solutions\/fm-companies\/evidence-areas\/\"]}]},{\"@type\":\"BreadcrumbList\",\"@id\":\"https:\/\/www.chastia.com\/cs\/solutions\/fm-companies\/evidence-areas\/#breadcrumb\",\"itemListElement\":[{\"@type\":\"ListItem\",\"position\":1,\"name\":\"Home\",\"item\":\"https:\/\/www.chastia.com\/cs\/\"},{\"@type\":\"ListItem\",\"position\":2,\"name\":\"\u0158e\u0161en\u00ed\",\"item\":\"https:\/\/www.chastia.com\/cs\/solutions\/\"},{\"@type\":\"ListItem\",\"position\":3,\"name\":\"Facility Management spole\u010dnosti\",\"item\":\"https:\/\/www.chastia.com\/cs\/solutions\/company-facility-management\/\"},{\"@type\":\"ListItem\",\"position\":4,\"name\":\"Evidencia pl\u00f4ch a priestorov\"}]},{\"@type\":\"WebSite\",\"@id\":\"https:\/\/www.chastia.com\/cs\/#website\",\"url\":\"https:\/\/www.chastia.com\/cs\/\",\"name\":\"CHASTIA s.r.o.\",\"description\":\"\",\"publisher\":{\"@id\":\"https:\/\/www.chastia.com\/cs\/#organization\"},\"alternateName\":\"CHASTIA\",\"potentialAction\":[{\"@type\":\"SearchAction\",\"target\":{\"@type\":\"EntryPoint\",\"urlTemplate\":\"https:\/\/www.chastia.com\/cs\/?s={search_term_string}\"},\"query-input\":\"required name=search_term_string\"}],\"inLanguage\":\"cs\"},{\"@type\":\"Organization\",\"@id\":\"https:\/\/www.chastia.com\/cs\/#organization\",\"name\":\"CHASTIA s.r.o.\",\"url\":\"https:\/\/www.chastia.com\/cs\/\",\"logo\":{\"@type\":\"ImageObject\",\"inLanguage\":\"cs\",\"@id\":\"https:\/\/www.chastia.com\/cs\/#\/schema\/logo\/image\/\",\"url\":\"https:\/\/www.chastia.com\/wp-content\/uploads\/2024\/05\/chastia_V_T_logo.png\",\"contentUrl\":\"https:\/\/www.chastia.com\/wp-content\/uploads\/2024\/05\/chastia_V_T_logo.png\",\"width\":1240,\"height\":827,\"caption\":\"CHASTIA s.r.o.\"},\"image\":{\"@id\":\"https:\/\/www.chastia.com\/cs\/#\/schema\/logo\/image\/\"},\"sameAs\":[\"https:\/\/www.facebook.com\/chastia.cz\"]}]}<\/script>\n<!-- \/ Yoast SEO plugin. -->","yoast_head_json":{"title":"Evidencia pl\u00f4ch a priestorov - CHASTIA s.r.o.","robots":{"index":"index","follow":"follow","max-snippet":"max-snippet:-1","max-image-preview":"max-image-preview:large","max-video-preview":"max-video-preview:-1"},"canonical":"https:\/\/www.chastia.com\/cs\/solutions\/fm-companies\/evidence-areas\/","og_locale":"cs_CZ","og_type":"article","og_title":"Evidencia pl\u00f4ch a priestorov - CHASTIA s.r.o.","og_description":"EVIDENCE PLOCH A PROSTOR Velmi d\u016fle\u017eitou \u010dinnost\u00ed p\u0159i spr\u00e1v\u011b majetku je efektivn\u00ed evidence ploch a prostor. \u0158e\u0161en\u00ed nab\u00edz\u00ed evidenci v\u0161ech z\u00e1kladn\u00edch \u00fadaj\u016f o v\u0161ech: stavebn\u00edch prostorech a ploch\u00e1ch, \u00fazem\u00edch, pozemc\u00edch, objektech, podla\u017e\u00edch, sekc\u00edch budov, m\u00edstnostech apod\u2026 Evidence ploch a prostor\u016f je zalo\u017een\u00e1 na kategorizac\u00edch ploch podle: typ\u016f a kategorie prostor\u016f vyu\u017eitelnosti ploch pronaj\u00edmatelnosti ploch zp\u016fsobu [&hellip;]","og_url":"https:\/\/www.chastia.com\/cs\/solutions\/fm-companies\/evidence-areas\/","og_site_name":"CHASTIA s.r.o.","article_publisher":"https:\/\/www.facebook.com\/chastia.cz","article_modified_time":"2020-02-07T11:12:39+00:00","og_image":[{"width":1240,"height":827,"url":"https:\/\/www.chastia.com\/wp-content\/uploads\/2024\/05\/chastia_V_T_logo.png","type":"image\/png"}],"twitter_card":"summary_large_image","schema":{"@context":"https:\/\/schema.org","@graph":[{"@type":"WebPage","@id":"https:\/\/www.chastia.com\/cs\/solutions\/fm-companies\/evidence-areas\/","url":"https:\/\/www.chastia.com\/cs\/solutions\/fm-companies\/evidence-areas\/","name":"Evidencia pl\u00f4ch a priestorov - CHASTIA s.r.o.","isPartOf":{"@id":"https:\/\/www.chastia.com\/cs\/#website"},"datePublished":"2016-10-06T10:51:59+00:00","dateModified":"2020-02-07T11:12:39+00:00","breadcrumb":{"@id":"https:\/\/www.chastia.com\/cs\/solutions\/fm-companies\/evidence-areas\/#breadcrumb"},"inLanguage":"cs","potentialAction":[{"@type":"ReadAction","target":["https:\/\/www.chastia.com\/cs\/solutions\/fm-companies\/evidence-areas\/"]}]},{"@type":"BreadcrumbList","@id":"https:\/\/www.chastia.com\/cs\/solutions\/fm-companies\/evidence-areas\/#breadcrumb","itemListElement":[{"@type":"ListItem","position":1,"name":"Home","item":"https:\/\/www.chastia.com\/cs\/"},{"@type":"ListItem","position":2,"name":"\u0158e\u0161en\u00ed","item":"https:\/\/www.chastia.com\/cs\/solutions\/"},{"@type":"ListItem","position":3,"name":"Facility Management spole\u010dnosti","item":"https:\/\/www.chastia.com\/cs\/solutions\/company-facility-management\/"},{"@type":"ListItem","position":4,"name":"Evidencia pl\u00f4ch a priestorov"}]},{"@type":"WebSite","@id":"https:\/\/www.chastia.com\/cs\/#website","url":"https:\/\/www.chastia.com\/cs\/","name":"CHASTIA s.r.o.","description":"","publisher":{"@id":"https:\/\/www.chastia.com\/cs\/#organization"},"alternateName":"CHASTIA","potentialAction":[{"@type":"SearchAction","target":{"@type":"EntryPoint","urlTemplate":"https:\/\/www.chastia.com\/cs\/?s={search_term_string}"},"query-input":"required name=search_term_string"}],"inLanguage":"cs"},{"@type":"Organization","@id":"https:\/\/www.chastia.com\/cs\/#organization","name":"CHASTIA s.r.o.","url":"https:\/\/www.chastia.com\/cs\/","logo":{"@type":"ImageObject","inLanguage":"cs","@id":"https:\/\/www.chastia.com\/cs\/#\/schema\/logo\/image\/","url":"https:\/\/www.chastia.com\/wp-content\/uploads\/2024\/05\/chastia_V_T_logo.png","contentUrl":"https:\/\/www.chastia.com\/wp-content\/uploads\/2024\/05\/chastia_V_T_logo.png","width":1240,"height":827,"caption":"CHASTIA s.r.o."},"image":{"@id":"https:\/\/www.chastia.com\/cs\/#\/schema\/logo\/image\/"},"sameAs":["https:\/\/www.facebook.com\/chastia.cz"]}]}},"_links":{"self":[{"href":"https:\/\/www.chastia.com\/cs\/wp-json\/wp\/v2\/pages\/3547"}],"collection":[{"href":"https:\/\/www.chastia.com\/cs\/wp-json\/wp\/v2\/pages"}],"about":[{"href":"https:\/\/www.chastia.com\/cs\/wp-json\/wp\/v2\/types\/page"}],"author":[{"embeddable":true,"href":"https:\/\/www.chastia.com\/cs\/wp-json\/wp\/v2\/users\/1"}],"replies":[{"embeddable":true,"href":"https:\/\/www.chastia.com\/cs\/wp-json\/wp\/v2\/comments?post=3547"}],"version-history":[{"count":2,"href":"https:\/\/www.chastia.com\/cs\/wp-json\/wp\/v2\/pages\/3547\/revisions"}],"predecessor-version":[{"id":7599,"href":"https:\/\/www.chastia.com\/cs\/wp-json\/wp\/v2\/pages\/3547\/revisions\/7599"}],"up":[{"embeddable":true,"href":"https:\/\/www.chastia.com\/cs\/wp-json\/wp\/v2\/pages\/3288"}],"wp:attachment":[{"href":"https:\/\/www.chastia.com\/cs\/wp-json\/wp\/v2\/media?parent=3547"}],"curies":[{"name":"wp","href":"https:\/\/api.w.org\/{rel}","templated":true}]}}