{"id":3545,"date":"2016-10-06T12:53:26","date_gmt":"2016-10-06T10:53:26","guid":{"rendered":"http:\/\/chastia.pozorradar.sk\/riesenia\/spravcovske-spolocnosti\/energeticky-manazment\/?lang=cs"},"modified":"2020-02-14T08:44:15","modified_gmt":"2020-02-14T07:44:15","slug":"energy-management","status":"publish","type":"page","link":"https:\/\/www.chastia.com\/cs\/solutions\/fm-companies\/energy-management\/","title":{"rendered":"Energetick\u00fd mana\u017ement"},"content":{"rendered":"<div class=\"fl ml20 w645\">\n<h1>Energetick\u00fd mana\u017ement<\/h1>\n<div class=\"textContent\">\n<p>Pro spr\u00e1vce budov je velmi d\u016fle\u017eit\u00e9 sledov\u00e1n\u00ed efektivnosti spot\u0159eb energi\u00ed v budov\u00e1ch. Z tohoto d\u016fvodu Chastia FM disponuje siln\u00fdm n\u00e1strojem pro podporu vyhodnocov\u00e1n\u00ed a anal\u00fdz v oblasti v\u00fdroby, distribuce a spot\u0159eb energi\u00ed za jednotliv\u00e9 budovy i za jednotliv\u00e9 koncov\u00e9 z\u00e1kazn\u00edky.<\/p>\n<p><strong>Chastia FM<\/strong>\u00a0v t\u00e9to oblasti umo\u017e\u0148uje zejm\u00e9na:<\/p>\n<ul>\n<li><strong>Evidovat klimatick\u00e9 podm\u00ednky\u00a0<\/strong>(venkovn\u00ed teploty a denostupn\u011b).<\/li>\n<li><strong>Automaticky generovat r\u016fzn\u00e9 bilan\u010dn\u00ed v\u00fdstupy\u00a0<\/strong>\u2013 od n\u00e1kupu paliv a dal\u0161\u00edch pomocn\u00fdch m\u00e9di\u00ed, p\u0159es v\u00fdrobu tepla a tepl\u00e9 vody a\u00a0distribuci ke koncov\u00fdm z\u00e1kazn\u00edk\u016fm a\u017e na odb\u011brn\u00e1 m\u00edsta.<\/li>\n<li><strong>Automatickou anal\u00fdzu v\u00edce palivov\u00fdch zdroj\u016f tepla\u00a0<\/strong>(plyn-uhl\u00ed-biomasa-tepeln\u00e9 \u010derpadlo-kogenera\u010dn\u00ed jednotka-OST a podobn\u011b) \u2013 takov\u00e9 anal\u00fdzy b\u00fdvaj\u00ed v\u011bt\u0161inou p\u0159i klasick\u00e9m vyhodnocovan\u00ed velmi zdlouhav\u00e9. P\u0159ednastaven\u00e9 algoritmy umo\u017e\u0148uj\u00ed v Chastii FM zvl\u00e1dnout anal\u00fdzy pln\u011b automaticky.<\/li>\n<li><strong>Automatick\u00e9 vyhodnocen\u00ed normativ\u016f<\/strong>.<\/li>\n<li><strong>Automatick\u00fd v\u00fdpo\u010det skute\u010dn\u00e9 \u00fa\u010dinnosti\u00a0<\/strong>tepeln\u00fdch za\u0159\u00edzen\u00ed.<\/li>\n<li><strong>Automatick\u00fd v\u00fdpo\u010det normativn\u00ed \u00fa\u010dinnosti\u00a0<\/strong>tepeln\u00fdch za\u0159\u00edzen\u00ed a porovn\u00e1n\u00ed se skute\u010dnou \u00fa\u010dinnost\u00ed.<\/li>\n<li><strong>Automatick\u00fd v\u00fdpo\u010det dodatkov\u00e9ho zisku<\/strong>.<\/li>\n<li><strong>Automatick\u00fd v\u00fdpo\u010det skute\u010dn\u00e9 variabiln\u00ed slo\u017eky ceny tepla<\/strong>.<\/li>\n<li><strong>Generovat podklady pro v\u00fdpo\u010det ceny tepla<\/strong>.<\/li>\n<li><strong>Vyhodnocovat energetickou efektivnost provozu, investice a podobn\u011b metodou Monitoring\u00a0&amp; Targeting<\/strong>.<\/li>\n<li><strong>Analyzovat hospoda\u0159en\u00ed s energiemi\u00a0<\/strong>prost\u0159ednictv\u00edm parametrick\u00fdch report\u016f a graf\u016f.<\/li>\n<li><strong>Definovat\u00a0vlastn\u00ed analytick\u00e9 v\u00fdstupy<\/strong>.<\/li>\n<\/ul>\n<\/div>\n<\/div>\n","protected":false},"excerpt":{"rendered":"<p>Energetick\u00fd mana\u017ement Pro spr\u00e1vce budov je velmi d\u016fle\u017eit\u00e9 sledov\u00e1n\u00ed efektivnosti spot\u0159eb energi\u00ed v budov\u00e1ch. Z tohoto d\u016fvodu Chastia FM disponuje siln\u00fdm n\u00e1strojem pro podporu vyhodnocov\u00e1n\u00ed a anal\u00fdz v oblasti v\u00fdroby, distribuce a spot\u0159eb energi\u00ed za jednotliv\u00e9 budovy i za jednotliv\u00e9 koncov\u00e9 z\u00e1kazn\u00edky. Chastia FM\u00a0v t\u00e9to oblasti umo\u017e\u0148uje zejm\u00e9na: Evidovat klimatick\u00e9 podm\u00ednky\u00a0(venkovn\u00ed teploty a denostupn\u011b). Automaticky [&hellip;]<\/p>\n","protected":false},"author":1,"featured_media":0,"parent":3288,"menu_order":0,"comment_status":"closed","ping_status":"closed","template":"","meta":{"footnotes":""},"yoast_head":"<!-- This site is optimized with the Yoast SEO plugin v22.8 - https:\/\/yoast.com\/wordpress\/plugins\/seo\/ -->\n<title>Energetick\u00fd mana\u017ement - CHASTIA s.r.o.<\/title>\n<meta name=\"robots\" content=\"index, follow, max-snippet:-1, max-image-preview:large, max-video-preview:-1\" \/>\n<link rel=\"canonical\" href=\"https:\/\/www.chastia.com\/cs\/solutions\/fm-companies\/energy-management\/\" \/>\n<meta property=\"og:locale\" content=\"cs_CZ\" \/>\n<meta property=\"og:type\" content=\"article\" \/>\n<meta property=\"og:title\" content=\"Energetick\u00fd mana\u017ement - CHASTIA s.r.o.\" \/>\n<meta property=\"og:description\" content=\"Energetick\u00fd mana\u017ement Pro spr\u00e1vce budov je velmi d\u016fle\u017eit\u00e9 sledov\u00e1n\u00ed efektivnosti spot\u0159eb energi\u00ed v budov\u00e1ch. Z tohoto d\u016fvodu Chastia FM disponuje siln\u00fdm n\u00e1strojem pro podporu vyhodnocov\u00e1n\u00ed a anal\u00fdz v oblasti v\u00fdroby, distribuce a spot\u0159eb energi\u00ed za jednotliv\u00e9 budovy i za jednotliv\u00e9 koncov\u00e9 z\u00e1kazn\u00edky. Chastia FM\u00a0v t\u00e9to oblasti umo\u017e\u0148uje zejm\u00e9na: Evidovat klimatick\u00e9 podm\u00ednky\u00a0(venkovn\u00ed teploty a denostupn\u011b). Automaticky [&hellip;]\" \/>\n<meta property=\"og:url\" content=\"https:\/\/www.chastia.com\/cs\/solutions\/fm-companies\/energy-management\/\" \/>\n<meta property=\"og:site_name\" content=\"CHASTIA s.r.o.\" \/>\n<meta property=\"article:publisher\" content=\"https:\/\/www.facebook.com\/chastia.cz\" \/>\n<meta property=\"article:modified_time\" content=\"2020-02-14T07:44:15+00:00\" \/>\n<meta property=\"og:image\" content=\"https:\/\/www.chastia.com\/wp-content\/uploads\/2024\/05\/chastia_V_T_logo.png\" \/>\n\t<meta property=\"og:image:width\" content=\"1240\" \/>\n\t<meta property=\"og:image:height\" content=\"827\" \/>\n\t<meta property=\"og:image:type\" content=\"image\/png\" \/>\n<meta name=\"twitter:card\" content=\"summary_large_image\" \/>\n<meta name=\"twitter:label1\" content=\"Odhadovan\u00e1 doba \u010dten\u00ed\" \/>\n\t<meta name=\"twitter:data1\" content=\"1 minuta\" \/>\n<script type=\"application\/ld+json\" class=\"yoast-schema-graph\">{\"@context\":\"https:\/\/schema.org\",\"@graph\":[{\"@type\":\"WebPage\",\"@id\":\"https:\/\/www.chastia.com\/cs\/solutions\/fm-companies\/energy-management\/\",\"url\":\"https:\/\/www.chastia.com\/cs\/solutions\/fm-companies\/energy-management\/\",\"name\":\"Energetick\u00fd mana\u017ement - CHASTIA s.r.o.\",\"isPartOf\":{\"@id\":\"https:\/\/www.chastia.com\/cs\/#website\"},\"datePublished\":\"2016-10-06T10:53:26+00:00\",\"dateModified\":\"2020-02-14T07:44:15+00:00\",\"breadcrumb\":{\"@id\":\"https:\/\/www.chastia.com\/cs\/solutions\/fm-companies\/energy-management\/#breadcrumb\"},\"inLanguage\":\"cs\",\"potentialAction\":[{\"@type\":\"ReadAction\",\"target\":[\"https:\/\/www.chastia.com\/cs\/solutions\/fm-companies\/energy-management\/\"]}]},{\"@type\":\"BreadcrumbList\",\"@id\":\"https:\/\/www.chastia.com\/cs\/solutions\/fm-companies\/energy-management\/#breadcrumb\",\"itemListElement\":[{\"@type\":\"ListItem\",\"position\":1,\"name\":\"Home\",\"item\":\"https:\/\/www.chastia.com\/cs\/\"},{\"@type\":\"ListItem\",\"position\":2,\"name\":\"\u0158e\u0161en\u00ed\",\"item\":\"https:\/\/www.chastia.com\/cs\/solutions\/\"},{\"@type\":\"ListItem\",\"position\":3,\"name\":\"Facility Management spole\u010dnosti\",\"item\":\"https:\/\/www.chastia.com\/cs\/solutions\/company-facility-management\/\"},{\"@type\":\"ListItem\",\"position\":4,\"name\":\"Energetick\u00fd mana\u017ement\"}]},{\"@type\":\"WebSite\",\"@id\":\"https:\/\/www.chastia.com\/cs\/#website\",\"url\":\"https:\/\/www.chastia.com\/cs\/\",\"name\":\"CHASTIA s.r.o.\",\"description\":\"\",\"publisher\":{\"@id\":\"https:\/\/www.chastia.com\/cs\/#organization\"},\"alternateName\":\"CHASTIA\",\"potentialAction\":[{\"@type\":\"SearchAction\",\"target\":{\"@type\":\"EntryPoint\",\"urlTemplate\":\"https:\/\/www.chastia.com\/cs\/?s={search_term_string}\"},\"query-input\":\"required name=search_term_string\"}],\"inLanguage\":\"cs\"},{\"@type\":\"Organization\",\"@id\":\"https:\/\/www.chastia.com\/cs\/#organization\",\"name\":\"CHASTIA s.r.o.\",\"url\":\"https:\/\/www.chastia.com\/cs\/\",\"logo\":{\"@type\":\"ImageObject\",\"inLanguage\":\"cs\",\"@id\":\"https:\/\/www.chastia.com\/cs\/#\/schema\/logo\/image\/\",\"url\":\"https:\/\/www.chastia.com\/wp-content\/uploads\/2024\/05\/chastia_V_T_logo.png\",\"contentUrl\":\"https:\/\/www.chastia.com\/wp-content\/uploads\/2024\/05\/chastia_V_T_logo.png\",\"width\":1240,\"height\":827,\"caption\":\"CHASTIA s.r.o.\"},\"image\":{\"@id\":\"https:\/\/www.chastia.com\/cs\/#\/schema\/logo\/image\/\"},\"sameAs\":[\"https:\/\/www.facebook.com\/chastia.cz\"]}]}<\/script>\n<!-- \/ Yoast SEO plugin. -->","yoast_head_json":{"title":"Energetick\u00fd mana\u017ement - CHASTIA s.r.o.","robots":{"index":"index","follow":"follow","max-snippet":"max-snippet:-1","max-image-preview":"max-image-preview:large","max-video-preview":"max-video-preview:-1"},"canonical":"https:\/\/www.chastia.com\/cs\/solutions\/fm-companies\/energy-management\/","og_locale":"cs_CZ","og_type":"article","og_title":"Energetick\u00fd mana\u017ement - CHASTIA s.r.o.","og_description":"Energetick\u00fd mana\u017ement Pro spr\u00e1vce budov je velmi d\u016fle\u017eit\u00e9 sledov\u00e1n\u00ed efektivnosti spot\u0159eb energi\u00ed v budov\u00e1ch. Z tohoto d\u016fvodu Chastia FM disponuje siln\u00fdm n\u00e1strojem pro podporu vyhodnocov\u00e1n\u00ed a anal\u00fdz v oblasti v\u00fdroby, distribuce a spot\u0159eb energi\u00ed za jednotliv\u00e9 budovy i za jednotliv\u00e9 koncov\u00e9 z\u00e1kazn\u00edky. Chastia FM\u00a0v t\u00e9to oblasti umo\u017e\u0148uje zejm\u00e9na: Evidovat klimatick\u00e9 podm\u00ednky\u00a0(venkovn\u00ed teploty a denostupn\u011b). Automaticky [&hellip;]","og_url":"https:\/\/www.chastia.com\/cs\/solutions\/fm-companies\/energy-management\/","og_site_name":"CHASTIA s.r.o.","article_publisher":"https:\/\/www.facebook.com\/chastia.cz","article_modified_time":"2020-02-14T07:44:15+00:00","og_image":[{"width":1240,"height":827,"url":"https:\/\/www.chastia.com\/wp-content\/uploads\/2024\/05\/chastia_V_T_logo.png","type":"image\/png"}],"twitter_card":"summary_large_image","twitter_misc":{"Odhadovan\u00e1 doba \u010dten\u00ed":"1 minuta"},"schema":{"@context":"https:\/\/schema.org","@graph":[{"@type":"WebPage","@id":"https:\/\/www.chastia.com\/cs\/solutions\/fm-companies\/energy-management\/","url":"https:\/\/www.chastia.com\/cs\/solutions\/fm-companies\/energy-management\/","name":"Energetick\u00fd mana\u017ement - CHASTIA s.r.o.","isPartOf":{"@id":"https:\/\/www.chastia.com\/cs\/#website"},"datePublished":"2016-10-06T10:53:26+00:00","dateModified":"2020-02-14T07:44:15+00:00","breadcrumb":{"@id":"https:\/\/www.chastia.com\/cs\/solutions\/fm-companies\/energy-management\/#breadcrumb"},"inLanguage":"cs","potentialAction":[{"@type":"ReadAction","target":["https:\/\/www.chastia.com\/cs\/solutions\/fm-companies\/energy-management\/"]}]},{"@type":"BreadcrumbList","@id":"https:\/\/www.chastia.com\/cs\/solutions\/fm-companies\/energy-management\/#breadcrumb","itemListElement":[{"@type":"ListItem","position":1,"name":"Home","item":"https:\/\/www.chastia.com\/cs\/"},{"@type":"ListItem","position":2,"name":"\u0158e\u0161en\u00ed","item":"https:\/\/www.chastia.com\/cs\/solutions\/"},{"@type":"ListItem","position":3,"name":"Facility Management spole\u010dnosti","item":"https:\/\/www.chastia.com\/cs\/solutions\/company-facility-management\/"},{"@type":"ListItem","position":4,"name":"Energetick\u00fd mana\u017ement"}]},{"@type":"WebSite","@id":"https:\/\/www.chastia.com\/cs\/#website","url":"https:\/\/www.chastia.com\/cs\/","name":"CHASTIA s.r.o.","description":"","publisher":{"@id":"https:\/\/www.chastia.com\/cs\/#organization"},"alternateName":"CHASTIA","potentialAction":[{"@type":"SearchAction","target":{"@type":"EntryPoint","urlTemplate":"https:\/\/www.chastia.com\/cs\/?s={search_term_string}"},"query-input":"required name=search_term_string"}],"inLanguage":"cs"},{"@type":"Organization","@id":"https:\/\/www.chastia.com\/cs\/#organization","name":"CHASTIA s.r.o.","url":"https:\/\/www.chastia.com\/cs\/","logo":{"@type":"ImageObject","inLanguage":"cs","@id":"https:\/\/www.chastia.com\/cs\/#\/schema\/logo\/image\/","url":"https:\/\/www.chastia.com\/wp-content\/uploads\/2024\/05\/chastia_V_T_logo.png","contentUrl":"https:\/\/www.chastia.com\/wp-content\/uploads\/2024\/05\/chastia_V_T_logo.png","width":1240,"height":827,"caption":"CHASTIA s.r.o."},"image":{"@id":"https:\/\/www.chastia.com\/cs\/#\/schema\/logo\/image\/"},"sameAs":["https:\/\/www.facebook.com\/chastia.cz"]}]}},"_links":{"self":[{"href":"https:\/\/www.chastia.com\/cs\/wp-json\/wp\/v2\/pages\/3545"}],"collection":[{"href":"https:\/\/www.chastia.com\/cs\/wp-json\/wp\/v2\/pages"}],"about":[{"href":"https:\/\/www.chastia.com\/cs\/wp-json\/wp\/v2\/types\/page"}],"author":[{"embeddable":true,"href":"https:\/\/www.chastia.com\/cs\/wp-json\/wp\/v2\/users\/1"}],"replies":[{"embeddable":true,"href":"https:\/\/www.chastia.com\/cs\/wp-json\/wp\/v2\/comments?post=3545"}],"version-history":[{"count":3,"href":"https:\/\/www.chastia.com\/cs\/wp-json\/wp\/v2\/pages\/3545\/revisions"}],"predecessor-version":[{"id":7718,"href":"https:\/\/www.chastia.com\/cs\/wp-json\/wp\/v2\/pages\/3545\/revisions\/7718"}],"up":[{"embeddable":true,"href":"https:\/\/www.chastia.com\/cs\/wp-json\/wp\/v2\/pages\/3288"}],"wp:attachment":[{"href":"https:\/\/www.chastia.com\/cs\/wp-json\/wp\/v2\/media?parent=3545"}],"curies":[{"name":"wp","href":"https:\/\/api.w.org\/{rel}","templated":true}]}}