{"id":3543,"date":"2016-10-06T12:54:02","date_gmt":"2016-10-06T10:54:02","guid":{"rendered":"http:\/\/chastia.pozorradar.sk\/riesenia\/spravcovske-spolocnosti\/dosle-platby-a-pohladavky\/?lang=cs"},"modified":"2020-02-07T14:30:59","modified_gmt":"2020-02-07T13:30:59","slug":"receivec-payments-and-receivables","status":"publish","type":"page","link":"https:\/\/www.chastia.com\/cs\/solutions\/fm-companies\/receivec-payments-and-receivables\/","title":{"rendered":"DO\u0160L\u00c9 PLATBY A POHLED\u00c1VKY"},"content":{"rendered":"<div class=\"fl ml20 w645\">\n<h1><strong>DO\u0160L\u00c9 PLATBY A POHLED\u00c1VKY<\/strong><\/h1>\n<div class=\"textContent\">\n<p>V n\u00e1vaznosti na fakturaci Chastia FM umo\u017e\u0148uje evidovat do\u0161l\u00e9 platby a na jejich z\u00e1klad\u011b porovn\u00e1n\u00edm s vystaven\u00fdmi fakturami detailn\u011b sledovat pohled\u00e1vky.<\/p>\n<p>Evidence do\u0161l\u00fdch plateb umo\u017e\u0148uje:<\/p>\n<ul>\n<li><strong>Import do\u0161l\u00fdch \u00fahrad\u00a0<\/strong>z elektronick\u00fdch bankovn\u00edch v\u00fdpis\u016f anebo z \u00fa\u010detn\u00edho syst\u00e9mu.<\/li>\n<li><strong>Manu\u00e1ln\u00ed\u00a0<\/strong>zad\u00e1v\u00e1n\u00ed \u00fahrad.<\/li>\n<li><strong>P\u00e1rovan\u00ed \u00fahrad\u00a0<\/strong>automatick\u00e9, poloautomatick\u00e9 a manu\u00e1ln\u00ed.<\/li>\n<li><strong>Odp\u00e1rov\u00e1n\u00ed \u00fahrad<\/strong>.<\/li>\n<li>P\u00e1rovan\u00ed \u00fahrad\u00a0<strong>na doklad anebo na partnera<\/strong>.<\/li>\n<li><strong>Sledov\u00e1n\u00ed salda<\/strong>.<\/li>\n<\/ul>\n<p>Sledovan\u00ed pohled\u00e1vek umo\u017e\u0148uje:<\/p>\n<ul>\n<li>Volnou\u00a0<strong>definici stav\u016f\u00a0\u0159e\u0161en\u00ed<\/strong> pohled\u00e1vek.<\/li>\n<li>Voln\u011b definovateln\u00e9 \u201e<strong>workflow<\/strong>\u201c pro \u0159e\u0161en\u00ed pohled\u00e1vek.<\/li>\n<li><strong>Automatick\u00fd v\u00fdpo\u010det \u010dasu\u00a0<\/strong>po splatnosti faktur.<\/li>\n<li><strong>Automatick\u00fd v\u00fdpo\u010det pen\u00e1le\u00a0<\/strong>k dan\u00e9mu dni.<\/li>\n<li>Rychl\u00e9 odhalen\u00ed \u201e<strong>neplat\u00edc\u00edch klient\u016f<\/strong>.<\/li>\n<li>Pro vybran\u00e9 pohled\u00e1vky\u00a0<strong>automatick\u00e9 generovan\u00ed upom\u00ednek\u00a0<\/strong>(anebo jin\u00e9 korespondence).<\/li>\n<\/ul>\n<\/div>\n<\/div>\n","protected":false},"excerpt":{"rendered":"<p>DO\u0160L\u00c9 PLATBY A POHLED\u00c1VKY V n\u00e1vaznosti na fakturaci Chastia FM umo\u017e\u0148uje evidovat do\u0161l\u00e9 platby a na jejich z\u00e1klad\u011b porovn\u00e1n\u00edm s vystaven\u00fdmi fakturami detailn\u011b sledovat pohled\u00e1vky. Evidence do\u0161l\u00fdch plateb umo\u017e\u0148uje: Import do\u0161l\u00fdch \u00fahrad\u00a0z elektronick\u00fdch bankovn\u00edch v\u00fdpis\u016f anebo z \u00fa\u010detn\u00edho syst\u00e9mu. Manu\u00e1ln\u00ed\u00a0zad\u00e1v\u00e1n\u00ed \u00fahrad. P\u00e1rovan\u00ed \u00fahrad\u00a0automatick\u00e9, poloautomatick\u00e9 a manu\u00e1ln\u00ed. Odp\u00e1rov\u00e1n\u00ed \u00fahrad. P\u00e1rovan\u00ed \u00fahrad\u00a0na doklad anebo na partnera. Sledov\u00e1n\u00ed [&hellip;]<\/p>\n","protected":false},"author":1,"featured_media":0,"parent":3288,"menu_order":0,"comment_status":"closed","ping_status":"closed","template":"","meta":{"footnotes":""},"yoast_head":"<!-- This site is optimized with the Yoast SEO plugin v22.8 - https:\/\/yoast.com\/wordpress\/plugins\/seo\/ -->\n<title>DO\u0160L\u00c9 PLATBY A POHLED\u00c1VKY - CHASTIA s.r.o.<\/title>\n<meta name=\"robots\" content=\"index, follow, max-snippet:-1, max-image-preview:large, max-video-preview:-1\" \/>\n<link rel=\"canonical\" href=\"https:\/\/www.chastia.com\/cs\/solutions\/fm-companies\/receivec-payments-and-receivables\/\" \/>\n<meta property=\"og:locale\" content=\"cs_CZ\" \/>\n<meta property=\"og:type\" content=\"article\" \/>\n<meta property=\"og:title\" content=\"DO\u0160L\u00c9 PLATBY A POHLED\u00c1VKY - CHASTIA s.r.o.\" \/>\n<meta property=\"og:description\" content=\"DO\u0160L\u00c9 PLATBY A POHLED\u00c1VKY V n\u00e1vaznosti na fakturaci Chastia FM umo\u017e\u0148uje evidovat do\u0161l\u00e9 platby a na jejich z\u00e1klad\u011b porovn\u00e1n\u00edm s vystaven\u00fdmi fakturami detailn\u011b sledovat pohled\u00e1vky. Evidence do\u0161l\u00fdch plateb umo\u017e\u0148uje: Import do\u0161l\u00fdch \u00fahrad\u00a0z elektronick\u00fdch bankovn\u00edch v\u00fdpis\u016f anebo z \u00fa\u010detn\u00edho syst\u00e9mu. Manu\u00e1ln\u00ed\u00a0zad\u00e1v\u00e1n\u00ed \u00fahrad. P\u00e1rovan\u00ed \u00fahrad\u00a0automatick\u00e9, poloautomatick\u00e9 a manu\u00e1ln\u00ed. Odp\u00e1rov\u00e1n\u00ed \u00fahrad. P\u00e1rovan\u00ed \u00fahrad\u00a0na doklad anebo na partnera. Sledov\u00e1n\u00ed [&hellip;]\" \/>\n<meta property=\"og:url\" content=\"https:\/\/www.chastia.com\/cs\/solutions\/fm-companies\/receivec-payments-and-receivables\/\" \/>\n<meta property=\"og:site_name\" content=\"CHASTIA s.r.o.\" \/>\n<meta property=\"article:publisher\" content=\"https:\/\/www.facebook.com\/chastia.cz\" \/>\n<meta property=\"article:modified_time\" content=\"2020-02-07T13:30:59+00:00\" \/>\n<meta property=\"og:image\" content=\"https:\/\/www.chastia.com\/wp-content\/uploads\/2024\/05\/chastia_V_T_logo.png\" \/>\n\t<meta property=\"og:image:width\" content=\"1240\" \/>\n\t<meta property=\"og:image:height\" content=\"827\" \/>\n\t<meta property=\"og:image:type\" content=\"image\/png\" \/>\n<meta name=\"twitter:card\" content=\"summary_large_image\" \/>\n<meta name=\"twitter:label1\" content=\"Odhadovan\u00e1 doba \u010dten\u00ed\" \/>\n\t<meta name=\"twitter:data1\" content=\"1 minuta\" \/>\n<script type=\"application\/ld+json\" class=\"yoast-schema-graph\">{\"@context\":\"https:\/\/schema.org\",\"@graph\":[{\"@type\":\"WebPage\",\"@id\":\"https:\/\/www.chastia.com\/cs\/solutions\/fm-companies\/receivec-payments-and-receivables\/\",\"url\":\"https:\/\/www.chastia.com\/cs\/solutions\/fm-companies\/receivec-payments-and-receivables\/\",\"name\":\"DO\u0160L\u00c9 PLATBY A POHLED\u00c1VKY - CHASTIA s.r.o.\",\"isPartOf\":{\"@id\":\"https:\/\/www.chastia.com\/cs\/#website\"},\"datePublished\":\"2016-10-06T10:54:02+00:00\",\"dateModified\":\"2020-02-07T13:30:59+00:00\",\"breadcrumb\":{\"@id\":\"https:\/\/www.chastia.com\/cs\/solutions\/fm-companies\/receivec-payments-and-receivables\/#breadcrumb\"},\"inLanguage\":\"cs\",\"potentialAction\":[{\"@type\":\"ReadAction\",\"target\":[\"https:\/\/www.chastia.com\/cs\/solutions\/fm-companies\/receivec-payments-and-receivables\/\"]}]},{\"@type\":\"BreadcrumbList\",\"@id\":\"https:\/\/www.chastia.com\/cs\/solutions\/fm-companies\/receivec-payments-and-receivables\/#breadcrumb\",\"itemListElement\":[{\"@type\":\"ListItem\",\"position\":1,\"name\":\"Home\",\"item\":\"https:\/\/www.chastia.com\/cs\/\"},{\"@type\":\"ListItem\",\"position\":2,\"name\":\"\u0158e\u0161en\u00ed\",\"item\":\"https:\/\/www.chastia.com\/cs\/solutions\/\"},{\"@type\":\"ListItem\",\"position\":3,\"name\":\"Facility Management spole\u010dnosti\",\"item\":\"https:\/\/www.chastia.com\/cs\/solutions\/company-facility-management\/\"},{\"@type\":\"ListItem\",\"position\":4,\"name\":\"DO\u0160L\u00c9 PLATBY A POHLED\u00c1VKY\"}]},{\"@type\":\"WebSite\",\"@id\":\"https:\/\/www.chastia.com\/cs\/#website\",\"url\":\"https:\/\/www.chastia.com\/cs\/\",\"name\":\"CHASTIA s.r.o.\",\"description\":\"\",\"publisher\":{\"@id\":\"https:\/\/www.chastia.com\/cs\/#organization\"},\"alternateName\":\"CHASTIA\",\"potentialAction\":[{\"@type\":\"SearchAction\",\"target\":{\"@type\":\"EntryPoint\",\"urlTemplate\":\"https:\/\/www.chastia.com\/cs\/?s={search_term_string}\"},\"query-input\":\"required name=search_term_string\"}],\"inLanguage\":\"cs\"},{\"@type\":\"Organization\",\"@id\":\"https:\/\/www.chastia.com\/cs\/#organization\",\"name\":\"CHASTIA s.r.o.\",\"url\":\"https:\/\/www.chastia.com\/cs\/\",\"logo\":{\"@type\":\"ImageObject\",\"inLanguage\":\"cs\",\"@id\":\"https:\/\/www.chastia.com\/cs\/#\/schema\/logo\/image\/\",\"url\":\"https:\/\/www.chastia.com\/wp-content\/uploads\/2024\/05\/chastia_V_T_logo.png\",\"contentUrl\":\"https:\/\/www.chastia.com\/wp-content\/uploads\/2024\/05\/chastia_V_T_logo.png\",\"width\":1240,\"height\":827,\"caption\":\"CHASTIA s.r.o.\"},\"image\":{\"@id\":\"https:\/\/www.chastia.com\/cs\/#\/schema\/logo\/image\/\"},\"sameAs\":[\"https:\/\/www.facebook.com\/chastia.cz\"]}]}<\/script>\n<!-- \/ Yoast SEO plugin. -->","yoast_head_json":{"title":"DO\u0160L\u00c9 PLATBY A POHLED\u00c1VKY - CHASTIA s.r.o.","robots":{"index":"index","follow":"follow","max-snippet":"max-snippet:-1","max-image-preview":"max-image-preview:large","max-video-preview":"max-video-preview:-1"},"canonical":"https:\/\/www.chastia.com\/cs\/solutions\/fm-companies\/receivec-payments-and-receivables\/","og_locale":"cs_CZ","og_type":"article","og_title":"DO\u0160L\u00c9 PLATBY A POHLED\u00c1VKY - CHASTIA s.r.o.","og_description":"DO\u0160L\u00c9 PLATBY A POHLED\u00c1VKY V n\u00e1vaznosti na fakturaci Chastia FM umo\u017e\u0148uje evidovat do\u0161l\u00e9 platby a na jejich z\u00e1klad\u011b porovn\u00e1n\u00edm s vystaven\u00fdmi fakturami detailn\u011b sledovat pohled\u00e1vky. Evidence do\u0161l\u00fdch plateb umo\u017e\u0148uje: Import do\u0161l\u00fdch \u00fahrad\u00a0z elektronick\u00fdch bankovn\u00edch v\u00fdpis\u016f anebo z \u00fa\u010detn\u00edho syst\u00e9mu. Manu\u00e1ln\u00ed\u00a0zad\u00e1v\u00e1n\u00ed \u00fahrad. P\u00e1rovan\u00ed \u00fahrad\u00a0automatick\u00e9, poloautomatick\u00e9 a manu\u00e1ln\u00ed. Odp\u00e1rov\u00e1n\u00ed \u00fahrad. P\u00e1rovan\u00ed \u00fahrad\u00a0na doklad anebo na partnera. Sledov\u00e1n\u00ed [&hellip;]","og_url":"https:\/\/www.chastia.com\/cs\/solutions\/fm-companies\/receivec-payments-and-receivables\/","og_site_name":"CHASTIA s.r.o.","article_publisher":"https:\/\/www.facebook.com\/chastia.cz","article_modified_time":"2020-02-07T13:30:59+00:00","og_image":[{"width":1240,"height":827,"url":"https:\/\/www.chastia.com\/wp-content\/uploads\/2024\/05\/chastia_V_T_logo.png","type":"image\/png"}],"twitter_card":"summary_large_image","twitter_misc":{"Odhadovan\u00e1 doba \u010dten\u00ed":"1 minuta"},"schema":{"@context":"https:\/\/schema.org","@graph":[{"@type":"WebPage","@id":"https:\/\/www.chastia.com\/cs\/solutions\/fm-companies\/receivec-payments-and-receivables\/","url":"https:\/\/www.chastia.com\/cs\/solutions\/fm-companies\/receivec-payments-and-receivables\/","name":"DO\u0160L\u00c9 PLATBY A POHLED\u00c1VKY - CHASTIA s.r.o.","isPartOf":{"@id":"https:\/\/www.chastia.com\/cs\/#website"},"datePublished":"2016-10-06T10:54:02+00:00","dateModified":"2020-02-07T13:30:59+00:00","breadcrumb":{"@id":"https:\/\/www.chastia.com\/cs\/solutions\/fm-companies\/receivec-payments-and-receivables\/#breadcrumb"},"inLanguage":"cs","potentialAction":[{"@type":"ReadAction","target":["https:\/\/www.chastia.com\/cs\/solutions\/fm-companies\/receivec-payments-and-receivables\/"]}]},{"@type":"BreadcrumbList","@id":"https:\/\/www.chastia.com\/cs\/solutions\/fm-companies\/receivec-payments-and-receivables\/#breadcrumb","itemListElement":[{"@type":"ListItem","position":1,"name":"Home","item":"https:\/\/www.chastia.com\/cs\/"},{"@type":"ListItem","position":2,"name":"\u0158e\u0161en\u00ed","item":"https:\/\/www.chastia.com\/cs\/solutions\/"},{"@type":"ListItem","position":3,"name":"Facility Management spole\u010dnosti","item":"https:\/\/www.chastia.com\/cs\/solutions\/company-facility-management\/"},{"@type":"ListItem","position":4,"name":"DO\u0160L\u00c9 PLATBY A POHLED\u00c1VKY"}]},{"@type":"WebSite","@id":"https:\/\/www.chastia.com\/cs\/#website","url":"https:\/\/www.chastia.com\/cs\/","name":"CHASTIA s.r.o.","description":"","publisher":{"@id":"https:\/\/www.chastia.com\/cs\/#organization"},"alternateName":"CHASTIA","potentialAction":[{"@type":"SearchAction","target":{"@type":"EntryPoint","urlTemplate":"https:\/\/www.chastia.com\/cs\/?s={search_term_string}"},"query-input":"required name=search_term_string"}],"inLanguage":"cs"},{"@type":"Organization","@id":"https:\/\/www.chastia.com\/cs\/#organization","name":"CHASTIA s.r.o.","url":"https:\/\/www.chastia.com\/cs\/","logo":{"@type":"ImageObject","inLanguage":"cs","@id":"https:\/\/www.chastia.com\/cs\/#\/schema\/logo\/image\/","url":"https:\/\/www.chastia.com\/wp-content\/uploads\/2024\/05\/chastia_V_T_logo.png","contentUrl":"https:\/\/www.chastia.com\/wp-content\/uploads\/2024\/05\/chastia_V_T_logo.png","width":1240,"height":827,"caption":"CHASTIA s.r.o."},"image":{"@id":"https:\/\/www.chastia.com\/cs\/#\/schema\/logo\/image\/"},"sameAs":["https:\/\/www.facebook.com\/chastia.cz"]}]}},"_links":{"self":[{"href":"https:\/\/www.chastia.com\/cs\/wp-json\/wp\/v2\/pages\/3543"}],"collection":[{"href":"https:\/\/www.chastia.com\/cs\/wp-json\/wp\/v2\/pages"}],"about":[{"href":"https:\/\/www.chastia.com\/cs\/wp-json\/wp\/v2\/types\/page"}],"author":[{"embeddable":true,"href":"https:\/\/www.chastia.com\/cs\/wp-json\/wp\/v2\/users\/1"}],"replies":[{"embeddable":true,"href":"https:\/\/www.chastia.com\/cs\/wp-json\/wp\/v2\/comments?post=3543"}],"version-history":[{"count":3,"href":"https:\/\/www.chastia.com\/cs\/wp-json\/wp\/v2\/pages\/3543\/revisions"}],"predecessor-version":[{"id":7610,"href":"https:\/\/www.chastia.com\/cs\/wp-json\/wp\/v2\/pages\/3543\/revisions\/7610"}],"up":[{"embeddable":true,"href":"https:\/\/www.chastia.com\/cs\/wp-json\/wp\/v2\/pages\/3288"}],"wp:attachment":[{"href":"https:\/\/www.chastia.com\/cs\/wp-json\/wp\/v2\/media?parent=3543"}],"curies":[{"name":"wp","href":"https:\/\/api.w.org\/{rel}","templated":true}]}}