{"id":3541,"date":"2016-10-06T12:53:07","date_gmt":"2016-10-06T10:53:07","guid":{"rendered":"http:\/\/chastia.pozorradar.sk\/riesenia\/spravcovske-spolocnosti\/dodavka-energii-a-sluzieb\/?lang=cs"},"modified":"2020-05-15T13:00:01","modified_gmt":"2020-05-15T11:00:01","slug":"energy-supply-and-services","status":"publish","type":"page","link":"https:\/\/www.chastia.com\/cs\/solutions\/fm-companies\/energy-supply-and-services\/","title":{"rendered":"DOD\u00c1VKA ENERGI\u00cd A SLU\u017dEB"},"content":{"rendered":"<p>[vc_row][vc_column][vc_column_text]<\/p>\n<div class=\"fl ml20 w645\">\n<h1><strong>DOD\u00c1VKA ENERGI\u00cd A SLU\u017dEB<\/strong><\/h1>\n<div class=\"textContent\">\n<p>Evidence a rozpo\u010d\u00edt\u00e1v\u00e1n\u00ed spot\u0159eb energi\u00ed p\u0159edstavuje jednu z nejd\u016fle\u017eit\u011bj\u0161\u00edch \u010dinnost\u00ed pro v\u0161echny spr\u00e1vce budov. \u0158e\u0161en\u00ed t\u00e9to problematiky v Chastii FM je velmi komplexn\u00ed a u\u017eivatelsky p\u0159\u00edjemn\u00e9.<\/p>\n<p>\u0158e\u0161en\u00ed umo\u017e\u0148uje jednak evidenci a sledov\u00e1n\u00ed v\u0161ech energi\u00ed a slu\u017eeb na vstupu, tj. od dodavatele a jednak rozpo\u010d\u00edtan\u00ed n\u00e1klad\u016f na energie a slu\u017eby v r\u00e1mci budov na v\u00fdstupu \u2013 tj. na jednotliv\u00e9 odd\u011blen\u00ed vlastn\u00ed spole\u010dnosti anebo\u00a0n\u00e1jemc\u016f. Umo\u017e\u0148uje tak\u00e9 p\u0159\u00edpravu energi\u00ed v technick\u00fdch jednotk\u00e1ch i cen\u00e1ch jako podklad pro samotn\u00fd prodej energi\u00ed pro sv\u00e9 klienty.<\/p>\n<p>\u0158e\u0161en\u00ed umo\u017e\u0148uje zejm\u00e9na:<\/p>\n<ul>\n<li><strong>Evidenci odb\u011brn\u00fdch m\u00edst\u00a0<\/strong>\u2013 dodavatelsk\u00fdch, odb\u011bratelsk\u00fdch, vlastn\u00edch.<\/li>\n<li><strong>Evidenci parametr\u016f\u00a0<\/strong>odb\u011brn\u00fdch m\u00edst \u2013 nap\u0159.\u00a0plochy, objemy, po\u010det osob,\u00a0osobo m\u011bs\u00edce, regula\u010dn\u00ed p\u0159\u00edkon atd.<\/li>\n<li><strong>Evidenci m\u011b\u0159\u00edc\u00edch m\u00edst:<\/strong>\n<ul>\n<li>evidenci spot\u0159eb,<\/li>\n<li>import spot\u0159eb,<\/li>\n<li>ru\u010dn\u00ed zad\u00e1v\u00e1n\u00ed spot\u0159eb,<\/li>\n<li>v\u00fdpo\u010det spot\u0159eb v p\u0159\u00edpad\u011b rozpo\u010d\u00edt\u00e1v\u00e1n\u00ed,<\/li>\n<li>automatick\u00e1 validace spot\u0159eb,<\/li>\n<li>automatick\u00fd v\u00fdpo\u010det zpochybn\u011bn\u00fdch spot\u0159eb n\u00e1hradn\u00edmi metodami,<\/li>\n<li>v\u00fdpo\u010det cen energi\u00ed pomoc\u00ed nastaven\u00e9ho cen\u00edku, anebo individu\u00e1ln\u011b.<\/li>\n<\/ul>\n<\/li>\n<li><strong>Evidenci paliv\u00a0<\/strong>\u2013 v\u00fdh\u0159evnost, spalovac\u00ed teplo, mno\u017estv\u00ed, \u2026 .<\/li>\n<li><strong>Evidenci odb\u011brov\u00fdch diagram\u016f\u00a0<\/strong>a jejich vyu\u017eit\u00ed p\u0159i rozpo\u010d\u00edt\u00e1v\u00e1n\u00ed spot\u0159eb.<\/li>\n<li><strong>Evidenci topn\u00fdch k\u0159ivek.<\/strong><\/li>\n<li>V\u00e9st a udr\u017eovat<strong> cen\u00edky energi\u00ed.<\/strong><\/li>\n<li><strong>V\u00fdpo\u010det (rozpo\u010d\u00edtan\u00ed) spot\u0159eb energi\u00ed jako podklad pro fakturaci.<\/strong><\/li>\n<li><strong>Evidovat komponenty m\u011b\u0159\u00edc\u00edch m\u00edst\u00a0<\/strong>(m\u011b\u0159i\u010de energi\u00ed).<\/li>\n<li><strong>Pl\u00e1novat cejchov\u00e1n\u00ed\u00a0<\/strong>a opravy m\u011b\u0159i\u010d\u016f.<\/li>\n<li><strong>Evidovat celou historii komponent\u016f m\u011b\u0159\u00edc\u00edch m\u00edst\u00a0<\/strong>z pohledu cejchov\u00e1n\u00ed a oprav.<\/li>\n<li><strong>Evidovat celou historii m\u011b\u0159\u00edc\u00edch m\u00edst\u00a0<\/strong>z pohledu p\u0159\u00edtomnosti jednotliv\u00fdch komponent\u016f m\u011b\u0159i\u010d\u016f na m\u011b\u0159\u00edc\u00edm m\u00edst\u011b.<\/li>\n<\/ul>\n<p>\u0158e\u0161en\u00ed Chastia FM v oblasti evidence a rozpo\u010d\u00edt\u00e1n\u00ed spot\u0159eb energi\u00ed p\u0159edstavuje solidn\u00ed z\u00e1klad jednak pro energetick\u00fd management a jednak pro fakturaci za energie a slu\u017eby sv\u00fdm odb\u011bratel\u016fm.<\/p>\n<\/div>\n<\/div>\n<p>[\/vc_column_text][\/vc_column][\/vc_row]<\/p>\n","protected":false},"excerpt":{"rendered":"<p>[vc_row][vc_column][vc_column_text] DOD\u00c1VKA ENERGI\u00cd A SLU\u017dEB Evidence a rozpo\u010d\u00edt\u00e1v\u00e1n\u00ed spot\u0159eb energi\u00ed p\u0159edstavuje jednu z nejd\u016fle\u017eit\u011bj\u0161\u00edch \u010dinnost\u00ed pro v\u0161echny spr\u00e1vce budov. \u0158e\u0161en\u00ed t\u00e9to problematiky v Chastii FM je velmi komplexn\u00ed a u\u017eivatelsky p\u0159\u00edjemn\u00e9. \u0158e\u0161en\u00ed umo\u017e\u0148uje jednak evidenci a sledov\u00e1n\u00ed v\u0161ech energi\u00ed a slu\u017eeb na vstupu, tj. od dodavatele a jednak rozpo\u010d\u00edtan\u00ed n\u00e1klad\u016f na energie a slu\u017eby v [&hellip;]<\/p>\n","protected":false},"author":1,"featured_media":0,"parent":3288,"menu_order":0,"comment_status":"closed","ping_status":"closed","template":"","meta":{"footnotes":""},"yoast_head":"<!-- This site is optimized with the Yoast SEO plugin v22.8 - https:\/\/yoast.com\/wordpress\/plugins\/seo\/ -->\n<title>DOD\u00c1VKA ENERGI\u00cd A SLU\u017dEB - CHASTIA s.r.o.<\/title>\n<meta name=\"robots\" content=\"index, follow, max-snippet:-1, max-image-preview:large, max-video-preview:-1\" \/>\n<link rel=\"canonical\" href=\"https:\/\/www.chastia.com\/cs\/solutions\/fm-companies\/energy-supply-and-services\/\" \/>\n<meta property=\"og:locale\" content=\"cs_CZ\" \/>\n<meta property=\"og:type\" content=\"article\" \/>\n<meta property=\"og:title\" content=\"DOD\u00c1VKA ENERGI\u00cd A SLU\u017dEB - CHASTIA s.r.o.\" \/>\n<meta property=\"og:description\" content=\"[vc_row][vc_column][vc_column_text] DOD\u00c1VKA ENERGI\u00cd A SLU\u017dEB Evidence a rozpo\u010d\u00edt\u00e1v\u00e1n\u00ed spot\u0159eb energi\u00ed p\u0159edstavuje jednu z nejd\u016fle\u017eit\u011bj\u0161\u00edch \u010dinnost\u00ed pro v\u0161echny spr\u00e1vce budov. \u0158e\u0161en\u00ed t\u00e9to problematiky v Chastii FM je velmi komplexn\u00ed a u\u017eivatelsky p\u0159\u00edjemn\u00e9. \u0158e\u0161en\u00ed umo\u017e\u0148uje jednak evidenci a sledov\u00e1n\u00ed v\u0161ech energi\u00ed a slu\u017eeb na vstupu, tj. od dodavatele a jednak rozpo\u010d\u00edtan\u00ed n\u00e1klad\u016f na energie a slu\u017eby v [&hellip;]\" \/>\n<meta property=\"og:url\" content=\"https:\/\/www.chastia.com\/cs\/solutions\/fm-companies\/energy-supply-and-services\/\" \/>\n<meta property=\"og:site_name\" content=\"CHASTIA s.r.o.\" \/>\n<meta property=\"article:publisher\" content=\"https:\/\/www.facebook.com\/chastia.cz\" \/>\n<meta property=\"article:modified_time\" content=\"2020-05-15T11:00:01+00:00\" \/>\n<meta property=\"og:image\" content=\"https:\/\/www.chastia.com\/wp-content\/uploads\/2024\/05\/chastia_V_T_logo.png\" \/>\n\t<meta property=\"og:image:width\" content=\"1240\" \/>\n\t<meta property=\"og:image:height\" content=\"827\" \/>\n\t<meta property=\"og:image:type\" content=\"image\/png\" \/>\n<meta name=\"twitter:card\" content=\"summary_large_image\" \/>\n<meta name=\"twitter:label1\" content=\"Odhadovan\u00e1 doba \u010dten\u00ed\" \/>\n\t<meta name=\"twitter:data1\" content=\"2 minuty\" \/>\n<script type=\"application\/ld+json\" class=\"yoast-schema-graph\">{\"@context\":\"https:\/\/schema.org\",\"@graph\":[{\"@type\":\"WebPage\",\"@id\":\"https:\/\/www.chastia.com\/cs\/solutions\/fm-companies\/energy-supply-and-services\/\",\"url\":\"https:\/\/www.chastia.com\/cs\/solutions\/fm-companies\/energy-supply-and-services\/\",\"name\":\"DOD\u00c1VKA ENERGI\u00cd A SLU\u017dEB - CHASTIA s.r.o.\",\"isPartOf\":{\"@id\":\"https:\/\/www.chastia.com\/cs\/#website\"},\"datePublished\":\"2016-10-06T10:53:07+00:00\",\"dateModified\":\"2020-05-15T11:00:01+00:00\",\"breadcrumb\":{\"@id\":\"https:\/\/www.chastia.com\/cs\/solutions\/fm-companies\/energy-supply-and-services\/#breadcrumb\"},\"inLanguage\":\"cs\",\"potentialAction\":[{\"@type\":\"ReadAction\",\"target\":[\"https:\/\/www.chastia.com\/cs\/solutions\/fm-companies\/energy-supply-and-services\/\"]}]},{\"@type\":\"BreadcrumbList\",\"@id\":\"https:\/\/www.chastia.com\/cs\/solutions\/fm-companies\/energy-supply-and-services\/#breadcrumb\",\"itemListElement\":[{\"@type\":\"ListItem\",\"position\":1,\"name\":\"Home\",\"item\":\"https:\/\/www.chastia.com\/cs\/\"},{\"@type\":\"ListItem\",\"position\":2,\"name\":\"\u0158e\u0161en\u00ed\",\"item\":\"https:\/\/www.chastia.com\/cs\/solutions\/\"},{\"@type\":\"ListItem\",\"position\":3,\"name\":\"Facility Management spole\u010dnosti\",\"item\":\"https:\/\/www.chastia.com\/cs\/solutions\/company-facility-management\/\"},{\"@type\":\"ListItem\",\"position\":4,\"name\":\"DOD\u00c1VKA ENERGI\u00cd A SLU\u017dEB\"}]},{\"@type\":\"WebSite\",\"@id\":\"https:\/\/www.chastia.com\/cs\/#website\",\"url\":\"https:\/\/www.chastia.com\/cs\/\",\"name\":\"CHASTIA s.r.o.\",\"description\":\"\",\"publisher\":{\"@id\":\"https:\/\/www.chastia.com\/cs\/#organization\"},\"alternateName\":\"CHASTIA\",\"potentialAction\":[{\"@type\":\"SearchAction\",\"target\":{\"@type\":\"EntryPoint\",\"urlTemplate\":\"https:\/\/www.chastia.com\/cs\/?s={search_term_string}\"},\"query-input\":\"required name=search_term_string\"}],\"inLanguage\":\"cs\"},{\"@type\":\"Organization\",\"@id\":\"https:\/\/www.chastia.com\/cs\/#organization\",\"name\":\"CHASTIA s.r.o.\",\"url\":\"https:\/\/www.chastia.com\/cs\/\",\"logo\":{\"@type\":\"ImageObject\",\"inLanguage\":\"cs\",\"@id\":\"https:\/\/www.chastia.com\/cs\/#\/schema\/logo\/image\/\",\"url\":\"https:\/\/www.chastia.com\/wp-content\/uploads\/2024\/05\/chastia_V_T_logo.png\",\"contentUrl\":\"https:\/\/www.chastia.com\/wp-content\/uploads\/2024\/05\/chastia_V_T_logo.png\",\"width\":1240,\"height\":827,\"caption\":\"CHASTIA s.r.o.\"},\"image\":{\"@id\":\"https:\/\/www.chastia.com\/cs\/#\/schema\/logo\/image\/\"},\"sameAs\":[\"https:\/\/www.facebook.com\/chastia.cz\"]}]}<\/script>\n<!-- \/ Yoast SEO plugin. -->","yoast_head_json":{"title":"DOD\u00c1VKA ENERGI\u00cd A SLU\u017dEB - CHASTIA s.r.o.","robots":{"index":"index","follow":"follow","max-snippet":"max-snippet:-1","max-image-preview":"max-image-preview:large","max-video-preview":"max-video-preview:-1"},"canonical":"https:\/\/www.chastia.com\/cs\/solutions\/fm-companies\/energy-supply-and-services\/","og_locale":"cs_CZ","og_type":"article","og_title":"DOD\u00c1VKA ENERGI\u00cd A SLU\u017dEB - CHASTIA s.r.o.","og_description":"[vc_row][vc_column][vc_column_text] DOD\u00c1VKA ENERGI\u00cd A SLU\u017dEB Evidence a rozpo\u010d\u00edt\u00e1v\u00e1n\u00ed spot\u0159eb energi\u00ed p\u0159edstavuje jednu z nejd\u016fle\u017eit\u011bj\u0161\u00edch \u010dinnost\u00ed pro v\u0161echny spr\u00e1vce budov. \u0158e\u0161en\u00ed t\u00e9to problematiky v Chastii FM je velmi komplexn\u00ed a u\u017eivatelsky p\u0159\u00edjemn\u00e9. \u0158e\u0161en\u00ed umo\u017e\u0148uje jednak evidenci a sledov\u00e1n\u00ed v\u0161ech energi\u00ed a slu\u017eeb na vstupu, tj. od dodavatele a jednak rozpo\u010d\u00edtan\u00ed n\u00e1klad\u016f na energie a slu\u017eby v [&hellip;]","og_url":"https:\/\/www.chastia.com\/cs\/solutions\/fm-companies\/energy-supply-and-services\/","og_site_name":"CHASTIA s.r.o.","article_publisher":"https:\/\/www.facebook.com\/chastia.cz","article_modified_time":"2020-05-15T11:00:01+00:00","og_image":[{"width":1240,"height":827,"url":"https:\/\/www.chastia.com\/wp-content\/uploads\/2024\/05\/chastia_V_T_logo.png","type":"image\/png"}],"twitter_card":"summary_large_image","twitter_misc":{"Odhadovan\u00e1 doba \u010dten\u00ed":"2 minuty"},"schema":{"@context":"https:\/\/schema.org","@graph":[{"@type":"WebPage","@id":"https:\/\/www.chastia.com\/cs\/solutions\/fm-companies\/energy-supply-and-services\/","url":"https:\/\/www.chastia.com\/cs\/solutions\/fm-companies\/energy-supply-and-services\/","name":"DOD\u00c1VKA ENERGI\u00cd A SLU\u017dEB - CHASTIA s.r.o.","isPartOf":{"@id":"https:\/\/www.chastia.com\/cs\/#website"},"datePublished":"2016-10-06T10:53:07+00:00","dateModified":"2020-05-15T11:00:01+00:00","breadcrumb":{"@id":"https:\/\/www.chastia.com\/cs\/solutions\/fm-companies\/energy-supply-and-services\/#breadcrumb"},"inLanguage":"cs","potentialAction":[{"@type":"ReadAction","target":["https:\/\/www.chastia.com\/cs\/solutions\/fm-companies\/energy-supply-and-services\/"]}]},{"@type":"BreadcrumbList","@id":"https:\/\/www.chastia.com\/cs\/solutions\/fm-companies\/energy-supply-and-services\/#breadcrumb","itemListElement":[{"@type":"ListItem","position":1,"name":"Home","item":"https:\/\/www.chastia.com\/cs\/"},{"@type":"ListItem","position":2,"name":"\u0158e\u0161en\u00ed","item":"https:\/\/www.chastia.com\/cs\/solutions\/"},{"@type":"ListItem","position":3,"name":"Facility Management spole\u010dnosti","item":"https:\/\/www.chastia.com\/cs\/solutions\/company-facility-management\/"},{"@type":"ListItem","position":4,"name":"DOD\u00c1VKA ENERGI\u00cd A SLU\u017dEB"}]},{"@type":"WebSite","@id":"https:\/\/www.chastia.com\/cs\/#website","url":"https:\/\/www.chastia.com\/cs\/","name":"CHASTIA s.r.o.","description":"","publisher":{"@id":"https:\/\/www.chastia.com\/cs\/#organization"},"alternateName":"CHASTIA","potentialAction":[{"@type":"SearchAction","target":{"@type":"EntryPoint","urlTemplate":"https:\/\/www.chastia.com\/cs\/?s={search_term_string}"},"query-input":"required name=search_term_string"}],"inLanguage":"cs"},{"@type":"Organization","@id":"https:\/\/www.chastia.com\/cs\/#organization","name":"CHASTIA s.r.o.","url":"https:\/\/www.chastia.com\/cs\/","logo":{"@type":"ImageObject","inLanguage":"cs","@id":"https:\/\/www.chastia.com\/cs\/#\/schema\/logo\/image\/","url":"https:\/\/www.chastia.com\/wp-content\/uploads\/2024\/05\/chastia_V_T_logo.png","contentUrl":"https:\/\/www.chastia.com\/wp-content\/uploads\/2024\/05\/chastia_V_T_logo.png","width":1240,"height":827,"caption":"CHASTIA s.r.o."},"image":{"@id":"https:\/\/www.chastia.com\/cs\/#\/schema\/logo\/image\/"},"sameAs":["https:\/\/www.facebook.com\/chastia.cz"]}]}},"_links":{"self":[{"href":"https:\/\/www.chastia.com\/cs\/wp-json\/wp\/v2\/pages\/3541"}],"collection":[{"href":"https:\/\/www.chastia.com\/cs\/wp-json\/wp\/v2\/pages"}],"about":[{"href":"https:\/\/www.chastia.com\/cs\/wp-json\/wp\/v2\/types\/page"}],"author":[{"embeddable":true,"href":"https:\/\/www.chastia.com\/cs\/wp-json\/wp\/v2\/users\/1"}],"replies":[{"embeddable":true,"href":"https:\/\/www.chastia.com\/cs\/wp-json\/wp\/v2\/comments?post=3541"}],"version-history":[{"count":6,"href":"https:\/\/www.chastia.com\/cs\/wp-json\/wp\/v2\/pages\/3541\/revisions"}],"predecessor-version":[{"id":8251,"href":"https:\/\/www.chastia.com\/cs\/wp-json\/wp\/v2\/pages\/3541\/revisions\/8251"}],"up":[{"embeddable":true,"href":"https:\/\/www.chastia.com\/cs\/wp-json\/wp\/v2\/pages\/3288"}],"wp:attachment":[{"href":"https:\/\/www.chastia.com\/cs\/wp-json\/wp\/v2\/media?parent=3541"}],"curies":[{"name":"wp","href":"https:\/\/api.w.org\/{rel}","templated":true}]}}